{"id":227,"date":"2023-07-18T13:53:04","date_gmt":"2023-07-18T11:53:04","guid":{"rendered":"https:\/\/limodor-ch.dev-web.at\/loesungen-2\/wohnraeume\/"},"modified":"2023-10-23T10:46:52","modified_gmt":"2023-10-23T08:46:52","slug":"wohnraeume","status":"publish","type":"page","link":"https:\/\/limodor.dev-web.at\/ch\/lueftungen\/wohnraeume\/","title":{"rendered":"Wohnr\u00e4ume"},"content":{"rendered":"\n\t<section class=\"section section-bottom-space\" id=\"section_2079098517\">\n\t\t<div class=\"bg section-bg fill bg-fill  bg-loaded\" >\n\n\t\t\t\n\t\t\t\n\t\t\t\n\n\t\t<\/div>\n\n\t\t\n\n\t\t<div class=\"section-content relative\">\n\t\t\t\n\n<div class=\"row row-collapse row-full-width align-center\"  id=\"row-177871486\">\n\n\n\t<div id=\"col-882365880\" class=\"col medium-6 small-12 large-4\"  >\n\t\t\t\t<div class=\"col-inner\"  >\n\t\t\t\n\t\t\t\n\n<div class=\"row row-collapse align-center\"  id=\"row-877825944\">\n\n\n\t<div id=\"col-429215967\" class=\"col small-12 large-12\"  >\n\t\t\t\t<div class=\"col-inner\"  >\n\t\t\t\n\t\t\t\n\n\t<div class=\"img has-hover rounded-edges x md-x lg-x y md-y lg-y\" id=\"image_1414768508\">\n\t\t\t\t\t\t\t\t<div class=\"img-inner image-cover dark\" style=\"padding-top:56.25%;\">\n\t\t\t<img loading=\"lazy\" decoding=\"async\" width=\"1920\" height=\"1280\" src=\"https:\/\/limodor.dev-web.at\/ch\/wp-content\/uploads\/sites\/3\/2023\/09\/Limodor_Badezimmer.jpg\" class=\"attachment-original size-original\" alt=\"\" srcset=\"https:\/\/limodor.dev-web.at\/ch\/wp-content\/uploads\/sites\/3\/2023\/09\/Limodor_Badezimmer.jpg 1920w, https:\/\/limodor.dev-web.at\/ch\/wp-content\/uploads\/sites\/3\/2023\/09\/Limodor_Badezimmer-300x200.jpg 300w, https:\/\/limodor.dev-web.at\/ch\/wp-content\/uploads\/sites\/3\/2023\/09\/Limodor_Badezimmer-1024x683.jpg 1024w, https:\/\/limodor.dev-web.at\/ch\/wp-content\/uploads\/sites\/3\/2023\/09\/Limodor_Badezimmer-768x512.jpg 768w, https:\/\/limodor.dev-web.at\/ch\/wp-content\/uploads\/sites\/3\/2023\/09\/Limodor_Badezimmer-1536x1024.jpg 1536w, https:\/\/limodor.dev-web.at\/ch\/wp-content\/uploads\/sites\/3\/2023\/09\/Limodor_Badezimmer-510x340.jpg 510w\" sizes=\"auto, (max-width: 1920px) 100vw, 1920px\" \/>\t\t\t\t\t\t\n\t\t\t\t\t<\/div>\n\t\t\t\t\t\t\t\t\n<style>\n#image_1414768508 {\n  width: 100%;\n}\n<\/style>\n\t<\/div>\n\t\n\n\n\t\t<\/div>\n\t\t\t\t\t<\/div>\n\n\t\n\n\t<div id=\"col-1642424163\" class=\"col medium-10 small-11 large-10\"  >\n\t\t\t\t<div class=\"col-inner\" style=\"background-color:rgb(255,255,255);\" >\n\t\t\t\n\t\t\t\n\n<p class=\"loesungen-headline\">Bade\u00adzimmer<\/p>\n<p>Duschen und Baden \u2013 und trotzdem alles trocken. Mit einer Badl\u00fcftung bleibt der Spiegel klar.<\/p>\n<a href=\"\/ch\/badezimmer\/\" target=\"_self\" class=\"button primary is-outline\"  style=\"border-radius:10px;\">\n    <span>mehr lesen<\/span>\n  <\/a>\n\n\n\n\t\t<\/div>\n\t\t\t\t\n<style>\n#col-1642424163 > .col-inner {\n  padding: 10px 15px 20px 15px;\n  margin: -59px 0px 0px 0px;\n  border-radius: 10px;\n}\n@media (min-width:550px) {\n  #col-1642424163 > .col-inner {\n    padding: 20px 15px 20px 15px;\n    margin: -55px 0px 0px 0px;\n  }\n}\n@media (min-width:850px) {\n  #col-1642424163 > .col-inner {\n    padding: 20px 20px 20px 20px;\n  }\n}\n<\/style>\n\t<\/div>\n\n\t\n\n<\/div>\n\n\t\t<\/div>\n\t\t\t\t\n<style>\n#col-882365880 > .col-inner {\n  margin: 0px 0px 30px 0px;\n}\n@media (min-width:550px) {\n  #col-882365880 > .col-inner {\n    margin: 0px 0px 50px 0px;\n  }\n}\n<\/style>\n\t<\/div>\n\n\t\n\n\t<div id=\"col-1377146868\" class=\"col medium-6 small-12 large-4\"  >\n\t\t\t\t<div class=\"col-inner\"  >\n\t\t\t\n\t\t\t\n\n<div class=\"row row-collapse align-center\"  id=\"row-728977631\">\n\n\n\t<div id=\"col-183793136\" class=\"col small-12 large-12\"  >\n\t\t\t\t<div class=\"col-inner\"  >\n\t\t\t\n\t\t\t\n\n\t<div class=\"img has-hover rounded-edges x md-x lg-x y md-y lg-y\" id=\"image_2032649317\">\n\t\t\t\t\t\t\t\t<div class=\"img-inner image-cover dark\" style=\"padding-top:56.25%;\">\n\t\t\t<img loading=\"lazy\" decoding=\"async\" width=\"1920\" height=\"1280\" src=\"https:\/\/limodor.dev-web.at\/ch\/wp-content\/uploads\/sites\/3\/2023\/09\/Limodor_Wohnzimmer.jpg\" class=\"attachment-original size-original\" alt=\"\" srcset=\"https:\/\/limodor.dev-web.at\/ch\/wp-content\/uploads\/sites\/3\/2023\/09\/Limodor_Wohnzimmer.jpg 1920w, https:\/\/limodor.dev-web.at\/ch\/wp-content\/uploads\/sites\/3\/2023\/09\/Limodor_Wohnzimmer-300x200.jpg 300w, https:\/\/limodor.dev-web.at\/ch\/wp-content\/uploads\/sites\/3\/2023\/09\/Limodor_Wohnzimmer-1024x683.jpg 1024w, https:\/\/limodor.dev-web.at\/ch\/wp-content\/uploads\/sites\/3\/2023\/09\/Limodor_Wohnzimmer-768x512.jpg 768w, https:\/\/limodor.dev-web.at\/ch\/wp-content\/uploads\/sites\/3\/2023\/09\/Limodor_Wohnzimmer-1536x1024.jpg 1536w, https:\/\/limodor.dev-web.at\/ch\/wp-content\/uploads\/sites\/3\/2023\/09\/Limodor_Wohnzimmer-510x340.jpg 510w\" sizes=\"auto, (max-width: 1920px) 100vw, 1920px\" \/>\t\t\t\t\t\t\n\t\t\t\t\t<\/div>\n\t\t\t\t\t\t\t\t\n<style>\n#image_2032649317 {\n  width: 100%;\n}\n<\/style>\n\t<\/div>\n\t\n\n\n\t\t<\/div>\n\t\t\t\t\t<\/div>\n\n\t\n\n\t<div id=\"col-1966236725\" class=\"col medium-10 small-11 large-10\"  >\n\t\t\t\t<div class=\"col-inner\" style=\"background-color:rgb(255,255,255);\" >\n\t\t\t\n\t\t\t\n\n<p class=\"loesungen-headline\">Wohn\u00adzimmer<\/p>\n<p>Regeneration im Herz der eigenen vier W\u00e4nde. Optimales Wohnklima, ohne jegliches Zutun.<\/p>\n<a href=\"\/ch\/wohnzimmer\/\" target=\"_self\" class=\"button primary is-outline\"  style=\"border-radius:10px;\">\n    <span>Mehr lesen<\/span>\n  <\/a>\n\n\n\n\t\t<\/div>\n\t\t\t\t\n<style>\n#col-1966236725 > .col-inner {\n  padding: 10px 15px 20px 15px;\n  margin: -59px 0px 0px 0px;\n  border-radius: 10px;\n}\n@media (min-width:550px) {\n  #col-1966236725 > .col-inner {\n    padding: 20px 15px 20px 15px;\n    margin: -55px 0px 0px 0px;\n  }\n}\n@media (min-width:850px) {\n  #col-1966236725 > .col-inner {\n    padding: 20px 20px 20px 20px;\n  }\n}\n<\/style>\n\t<\/div>\n\n\t\n\n<\/div>\n\n\t\t<\/div>\n\t\t\t\t\n<style>\n#col-1377146868 > .col-inner {\n  margin: 0px 0px 30px 0px;\n}\n@media (min-width:550px) {\n  #col-1377146868 > .col-inner {\n    margin: 0px 0px 50px 0px;\n  }\n}\n<\/style>\n\t<\/div>\n\n\t\n\n\t<div id=\"col-1482010693\" class=\"col medium-6 small-12 large-4\"  >\n\t\t\t\t<div class=\"col-inner\"  >\n\t\t\t\n\t\t\t\n\n<div class=\"row row-collapse align-center\"  id=\"row-1839947990\">\n\n\n\t<div id=\"col-1038720014\" class=\"col small-12 large-12\"  >\n\t\t\t\t<div class=\"col-inner\"  >\n\t\t\t\n\t\t\t\n\n\t<div class=\"img has-hover rounded-edges x md-x lg-x y md-y lg-y\" id=\"image_1282056745\">\n\t\t\t\t\t\t\t\t<div class=\"img-inner image-cover dark\" style=\"padding-top:56.25%;\">\n\t\t\t<img loading=\"lazy\" decoding=\"async\" width=\"1920\" height=\"1280\" src=\"https:\/\/limodor.dev-web.at\/ch\/wp-content\/uploads\/sites\/3\/2023\/09\/Limodor_Schlafzimmer.jpg\" class=\"attachment-original size-original\" alt=\"\" srcset=\"https:\/\/limodor.dev-web.at\/ch\/wp-content\/uploads\/sites\/3\/2023\/09\/Limodor_Schlafzimmer.jpg 1920w, https:\/\/limodor.dev-web.at\/ch\/wp-content\/uploads\/sites\/3\/2023\/09\/Limodor_Schlafzimmer-300x200.jpg 300w, https:\/\/limodor.dev-web.at\/ch\/wp-content\/uploads\/sites\/3\/2023\/09\/Limodor_Schlafzimmer-1024x683.jpg 1024w, https:\/\/limodor.dev-web.at\/ch\/wp-content\/uploads\/sites\/3\/2023\/09\/Limodor_Schlafzimmer-768x512.jpg 768w, https:\/\/limodor.dev-web.at\/ch\/wp-content\/uploads\/sites\/3\/2023\/09\/Limodor_Schlafzimmer-1536x1024.jpg 1536w, https:\/\/limodor.dev-web.at\/ch\/wp-content\/uploads\/sites\/3\/2023\/09\/Limodor_Schlafzimmer-510x340.jpg 510w\" sizes=\"auto, (max-width: 1920px) 100vw, 1920px\" \/>\t\t\t\t\t\t\n\t\t\t\t\t<\/div>\n\t\t\t\t\t\t\t\t\n<style>\n#image_1282056745 {\n  width: 100%;\n}\n<\/style>\n\t<\/div>\n\t\n\n\n\t\t<\/div>\n\t\t\t\t\t<\/div>\n\n\t\n\n\t<div id=\"col-1014159197\" class=\"col medium-10 small-11 large-10\"  >\n\t\t\t\t<div class=\"col-inner\" style=\"background-color:rgb(255,255,255);\" >\n\t\t\t\n\t\t\t\n\n<p class=\"loesungen-headline\">Schlaf\u00adzimmer<\/p>\n<p>Erholsamer Schlaf in gefilterter Luft. Sicher und geborgen, ohne L\u00e4rm oder l\u00e4stige Stechm\u00fccken.<\/p>\n<a href=\"\/ch\/schlafzimmer\/\" target=\"_self\" class=\"button primary is-outline\"  style=\"border-radius:10px;\">\n    <span>MEHr lesen<\/span>\n  <\/a>\n\n\n\n\t\t<\/div>\n\t\t\t\t\n<style>\n#col-1014159197 > .col-inner {\n  padding: 10px 15px 20px 15px;\n  margin: -59px 0px 0px 0px;\n  border-radius: 10px;\n}\n@media (min-width:550px) {\n  #col-1014159197 > .col-inner {\n    padding: 20px 15px 20px 15px;\n    margin: -55px 0px 0px 0px;\n  }\n}\n@media (min-width:850px) {\n  #col-1014159197 > .col-inner {\n    padding: 20px 20px 20px 20px;\n  }\n}\n<\/style>\n\t<\/div>\n\n\t\n\n<\/div>\n\n\t\t<\/div>\n\t\t\t\t\n<style>\n#col-1482010693 > .col-inner {\n  margin: 0px 0px 30px 0px;\n}\n@media (min-width:550px) {\n  #col-1482010693 > .col-inner {\n    margin: 0px 0px 50px 0px;\n  }\n}\n<\/style>\n\t<\/div>\n\n\t\n\n\t<div id=\"col-576165029\" class=\"col medium-6 small-12 large-4\"  >\n\t\t\t\t<div class=\"col-inner\"  >\n\t\t\t\n\t\t\t\n\n<div class=\"row row-collapse align-center\"  id=\"row-1340573193\">\n\n\n\t<div id=\"col-947948200\" class=\"col small-12 large-12\"  >\n\t\t\t\t<div class=\"col-inner\"  >\n\t\t\t\n\t\t\t\n\n\t<div class=\"img has-hover rounded-edges x md-x lg-x y md-y lg-y\" id=\"image_1279224046\">\n\t\t\t\t\t\t\t\t<div class=\"img-inner image-cover dark\" style=\"padding-top:56.25%;\">\n\t\t\t<img loading=\"lazy\" decoding=\"async\" width=\"2560\" height=\"1707\" src=\"https:\/\/limodor.dev-web.at\/ch\/wp-content\/uploads\/sites\/3\/2023\/10\/WC_LIMODOR.jpg\" class=\"attachment-original size-original\" alt=\"\" srcset=\"https:\/\/limodor.dev-web.at\/ch\/wp-content\/uploads\/sites\/3\/2023\/10\/WC_LIMODOR.jpg 2560w, https:\/\/limodor.dev-web.at\/ch\/wp-content\/uploads\/sites\/3\/2023\/10\/WC_LIMODOR-300x200.jpg 300w, https:\/\/limodor.dev-web.at\/ch\/wp-content\/uploads\/sites\/3\/2023\/10\/WC_LIMODOR-1024x683.jpg 1024w, https:\/\/limodor.dev-web.at\/ch\/wp-content\/uploads\/sites\/3\/2023\/10\/WC_LIMODOR-768x512.jpg 768w, https:\/\/limodor.dev-web.at\/ch\/wp-content\/uploads\/sites\/3\/2023\/10\/WC_LIMODOR-1536x1024.jpg 1536w, https:\/\/limodor.dev-web.at\/ch\/wp-content\/uploads\/sites\/3\/2023\/10\/WC_LIMODOR-2048x1366.jpg 2048w, https:\/\/limodor.dev-web.at\/ch\/wp-content\/uploads\/sites\/3\/2023\/10\/WC_LIMODOR-510x340.jpg 510w\" sizes=\"auto, (max-width: 2560px) 100vw, 2560px\" \/>\t\t\t\t\t\t\n\t\t\t\t\t<\/div>\n\t\t\t\t\t\t\t\t\n<style>\n#image_1279224046 {\n  width: 100%;\n}\n<\/style>\n\t<\/div>\n\t\n\n\n\t\t<\/div>\n\t\t\t\t\t<\/div>\n\n\t\n\n\t<div id=\"col-2070543748\" class=\"col medium-10 small-11 large-10\"  >\n\t\t\t\t<div class=\"col-inner\" style=\"background-color:rgb(255,255,255);\" >\n\t\t\t\n\t\t\t\n\n<p class=\"loesungen-headline\">WC<\/p>\n<p>Entspannt durchatmen \u2013 gerade auf der Toilette eine Frage des Komforts.<\/p>\n<a href=\"\/ch\/wc\/\" target=\"_self\" class=\"button primary is-outline\"  style=\"border-radius:10px;\">\n    <span>mehr lesen<\/span>\n  <\/a>\n\n\n\n\t\t<\/div>\n\t\t\t\t\n<style>\n#col-2070543748 > .col-inner {\n  padding: 10px 15px 20px 15px;\n  margin: -59px 0px 0px 0px;\n  border-radius: 10px;\n}\n@media (min-width:550px) {\n  #col-2070543748 > .col-inner {\n    padding: 20px 15px 20px 15px;\n    margin: -55px 0px 0px 0px;\n  }\n}\n@media (min-width:850px) {\n  #col-2070543748 > .col-inner {\n    padding: 20px 20px 20px 20px;\n  }\n}\n<\/style>\n\t<\/div>\n\n\t\n\n<\/div>\n\n\t\t<\/div>\n\t\t\t\t\n<style>\n#col-576165029 > .col-inner {\n  margin: 0px 0px 30px 0px;\n}\n@media (min-width:550px) {\n  #col-576165029 > .col-inner {\n    margin: 0px 0px 50px 0px;\n  }\n}\n<\/style>\n\t<\/div>\n\n\t\n\n\t<div id=\"col-581136617\" class=\"col medium-6 small-12 large-4\"  >\n\t\t\t\t<div class=\"col-inner\"  >\n\t\t\t\n\t\t\t\n\n<div class=\"row row-collapse align-center\"  id=\"row-1661896832\">\n\n\n\t<div id=\"col-2054245713\" class=\"col small-12 large-12\"  >\n\t\t\t\t<div class=\"col-inner\"  >\n\t\t\t\n\t\t\t\n\n\t<div class=\"img has-hover rounded-edges x md-x lg-x y md-y lg-y\" id=\"image_1700382882\">\n\t\t\t\t\t\t\t\t<div class=\"img-inner image-cover dark\" style=\"padding-top:56.25%;\">\n\t\t\t<img loading=\"lazy\" decoding=\"async\" width=\"2560\" height=\"1707\" src=\"https:\/\/limodor.dev-web.at\/ch\/wp-content\/uploads\/sites\/3\/2023\/10\/Buero_LIMODOR.jpg\" class=\"attachment-original size-original\" alt=\"\" srcset=\"https:\/\/limodor.dev-web.at\/ch\/wp-content\/uploads\/sites\/3\/2023\/10\/Buero_LIMODOR.jpg 2560w, https:\/\/limodor.dev-web.at\/ch\/wp-content\/uploads\/sites\/3\/2023\/10\/Buero_LIMODOR-300x200.jpg 300w, https:\/\/limodor.dev-web.at\/ch\/wp-content\/uploads\/sites\/3\/2023\/10\/Buero_LIMODOR-1024x683.jpg 1024w, https:\/\/limodor.dev-web.at\/ch\/wp-content\/uploads\/sites\/3\/2023\/10\/Buero_LIMODOR-768x512.jpg 768w, https:\/\/limodor.dev-web.at\/ch\/wp-content\/uploads\/sites\/3\/2023\/10\/Buero_LIMODOR-1536x1024.jpg 1536w, https:\/\/limodor.dev-web.at\/ch\/wp-content\/uploads\/sites\/3\/2023\/10\/Buero_LIMODOR-2048x1366.jpg 2048w, https:\/\/limodor.dev-web.at\/ch\/wp-content\/uploads\/sites\/3\/2023\/10\/Buero_LIMODOR-510x340.jpg 510w\" sizes=\"auto, (max-width: 2560px) 100vw, 2560px\" \/>\t\t\t\t\t\t\n\t\t\t\t\t<\/div>\n\t\t\t\t\t\t\t\t\n<style>\n#image_1700382882 {\n  width: 100%;\n}\n<\/style>\n\t<\/div>\n\t\n\n\n\t\t<\/div>\n\t\t\t\t\t<\/div>\n\n\t\n\n\t<div id=\"col-1320994206\" class=\"col medium-10 small-11 large-10\"  >\n\t\t\t\t<div class=\"col-inner\" style=\"background-color:rgb(255,255,255);\" >\n\t\t\t\n\t\t\t\n\n<p class=\"loesungen-headline\">B\u00fcro<\/p>\n<p>Homeoffice im Trend. Optimales Arbeitsplatzklima in frischer Luft ohne L\u00e4rmbel\u00e4stigung \u2013 einfach nachr\u00fcstbar.<\/p>\n<a href=\"\/ch\/buero\/\" target=\"_self\" class=\"button primary is-outline\"  style=\"border-radius:10px;\">\n    <span>mehr lesen<\/span>\n  <\/a>\n\n\n\n\t\t<\/div>\n\t\t\t\t\n<style>\n#col-1320994206 > .col-inner {\n  padding: 10px 15px 20px 15px;\n  margin: -59px 0px 0px 0px;\n  border-radius: 10px;\n}\n@media (min-width:550px) {\n  #col-1320994206 > .col-inner {\n    padding: 20px 15px 20px 20px;\n    margin: -55px 0px 0px 0px;\n  }\n}\n@media (min-width:850px) {\n  #col-1320994206 > .col-inner {\n    padding: 20px 20px 20px 20px;\n  }\n}\n<\/style>\n\t<\/div>\n\n\t\n\n<\/div>\n\n\t\t<\/div>\n\t\t\t\t\n<style>\n#col-581136617 > .col-inner {\n  margin: 0px 0px 30px 0px;\n}\n@media (min-width:550px) {\n  #col-581136617 > .col-inner {\n    margin: 0px 0px 50px 0px;\n  }\n}\n<\/style>\n\t<\/div>\n\n\t\n\n\t<div id=\"col-2061656844\" class=\"col medium-6 small-12 large-4\"  >\n\t\t\t\t<div class=\"col-inner\"  >\n\t\t\t\n\t\t\t\n\n<div class=\"row row-collapse align-center\"  id=\"row-753589034\">\n\n\n\t<div id=\"col-82014695\" class=\"col small-12 large-12\"  >\n\t\t\t\t<div class=\"col-inner\"  >\n\t\t\t\n\t\t\t\n\n\t<div class=\"img has-hover rounded-edges x md-x lg-x y md-y lg-y\" id=\"image_1004445136\">\n\t\t\t\t\t\t\t\t<div class=\"img-inner image-cover dark\" style=\"padding-top:56.25%;\">\n\t\t\t<img loading=\"lazy\" decoding=\"async\" width=\"2560\" height=\"1439\" src=\"https:\/\/limodor.dev-web.at\/ch\/wp-content\/uploads\/sites\/3\/2023\/10\/Abstellraum_LIMODOR.jpg\" class=\"attachment-original size-original\" alt=\"\" srcset=\"https:\/\/limodor.dev-web.at\/ch\/wp-content\/uploads\/sites\/3\/2023\/10\/Abstellraum_LIMODOR.jpg 2560w, https:\/\/limodor.dev-web.at\/ch\/wp-content\/uploads\/sites\/3\/2023\/10\/Abstellraum_LIMODOR-300x169.jpg 300w, https:\/\/limodor.dev-web.at\/ch\/wp-content\/uploads\/sites\/3\/2023\/10\/Abstellraum_LIMODOR-1024x576.jpg 1024w, https:\/\/limodor.dev-web.at\/ch\/wp-content\/uploads\/sites\/3\/2023\/10\/Abstellraum_LIMODOR-768x432.jpg 768w, https:\/\/limodor.dev-web.at\/ch\/wp-content\/uploads\/sites\/3\/2023\/10\/Abstellraum_LIMODOR-1536x863.jpg 1536w, https:\/\/limodor.dev-web.at\/ch\/wp-content\/uploads\/sites\/3\/2023\/10\/Abstellraum_LIMODOR-2048x1151.jpg 2048w, https:\/\/limodor.dev-web.at\/ch\/wp-content\/uploads\/sites\/3\/2023\/10\/Abstellraum_LIMODOR-510x287.jpg 510w\" sizes=\"auto, (max-width: 2560px) 100vw, 2560px\" \/>\t\t\t\t\t\t\n\t\t\t\t\t<\/div>\n\t\t\t\t\t\t\t\t\n<style>\n#image_1004445136 {\n  width: 100%;\n}\n<\/style>\n\t<\/div>\n\t\n\n\n\t\t<\/div>\n\t\t\t\t\t<\/div>\n\n\t\n\n\t<div id=\"col-1662345125\" class=\"col medium-10 small-11 large-10\"  >\n\t\t\t\t<div class=\"col-inner\" style=\"background-color:rgb(255,255,255);\" >\n\t\t\t\n\t\t\t\n\n<p class=\"loesungen-headline\">Abstell\u00adraum<\/p>\n<p>Trockene Luft ist das A&amp;O. Ein feuchtegesteuerter L\u00fcfter ist die einfache, preisg\u00fcnstige L\u00f6sung.<\/p>\n<a href=\"\/ch\/abstellraum\/\" target=\"_self\" class=\"button primary is-outline\"  style=\"border-radius:10px;\">\n    <span>mehr lesen<\/span>\n  <\/a>\n\n\n\n\t\t<\/div>\n\t\t\t\t\n<style>\n#col-1662345125 > .col-inner {\n  padding: 10px 15px 20px 15px;\n  margin: -59px 0px 0px 0px;\n  border-radius: 10px;\n}\n@media (min-width:550px) {\n  #col-1662345125 > .col-inner {\n    padding: 20px 15px 20px 15px;\n    margin: -55px 0px 0px 0px;\n  }\n}\n@media (min-width:850px) {\n  #col-1662345125 > .col-inner {\n    padding: 20px 20px 20px 20px;\n  }\n}\n<\/style>\n\t<\/div>\n\n\t\n\n<\/div>\n\n\t\t<\/div>\n\t\t\t\t\n<style>\n#col-2061656844 > .col-inner {\n  margin: 0px 0px 30px 0px;\n}\n@media (min-width:550px) {\n  #col-2061656844 > .col-inner {\n    margin: 0px 0px 50px 0px;\n  }\n}\n<\/style>\n\t<\/div>\n\n\t\n\n\t<div id=\"col-369164851\" class=\"col medium-6 small-12 large-4\"  >\n\t\t\t\t<div class=\"col-inner\"  >\n\t\t\t\n\t\t\t\n\n<div class=\"row row-collapse align-center\"  id=\"row-1981413852\">\n\n\n\t<div id=\"col-1147747018\" class=\"col small-12 large-12\"  >\n\t\t\t\t<div class=\"col-inner\"  >\n\t\t\t\n\t\t\t\n\n\t<div class=\"img has-hover rounded-edges x md-x lg-x y md-y lg-y\" id=\"image_675329645\">\n\t\t\t\t\t\t\t\t<div class=\"img-inner image-cover dark\" style=\"padding-top:56.25%;\">\n\t\t\t<img loading=\"lazy\" decoding=\"async\" width=\"2560\" height=\"1707\" src=\"https:\/\/limodor.dev-web.at\/ch\/wp-content\/uploads\/sites\/3\/2023\/10\/Garage_LIMODOR.jpg\" class=\"attachment-original size-original\" alt=\"\" srcset=\"https:\/\/limodor.dev-web.at\/ch\/wp-content\/uploads\/sites\/3\/2023\/10\/Garage_LIMODOR.jpg 2560w, https:\/\/limodor.dev-web.at\/ch\/wp-content\/uploads\/sites\/3\/2023\/10\/Garage_LIMODOR-300x200.jpg 300w, https:\/\/limodor.dev-web.at\/ch\/wp-content\/uploads\/sites\/3\/2023\/10\/Garage_LIMODOR-1024x683.jpg 1024w, https:\/\/limodor.dev-web.at\/ch\/wp-content\/uploads\/sites\/3\/2023\/10\/Garage_LIMODOR-768x512.jpg 768w, https:\/\/limodor.dev-web.at\/ch\/wp-content\/uploads\/sites\/3\/2023\/10\/Garage_LIMODOR-1536x1024.jpg 1536w, https:\/\/limodor.dev-web.at\/ch\/wp-content\/uploads\/sites\/3\/2023\/10\/Garage_LIMODOR-2048x1366.jpg 2048w, https:\/\/limodor.dev-web.at\/ch\/wp-content\/uploads\/sites\/3\/2023\/10\/Garage_LIMODOR-510x340.jpg 510w\" sizes=\"auto, (max-width: 2560px) 100vw, 2560px\" \/>\t\t\t\t\t\t\n\t\t\t\t\t<\/div>\n\t\t\t\t\t\t\t\t\n<style>\n#image_675329645 {\n  width: 100%;\n}\n<\/style>\n\t<\/div>\n\t\n\n\n\t\t<\/div>\n\t\t\t\t\t<\/div>\n\n\t\n\n\t<div id=\"col-1629302265\" class=\"col medium-10 small-11 large-10\"  >\n\t\t\t\t<div class=\"col-inner\" style=\"background-color:rgb(255,255,255);\" >\n\t\t\t\n\t\t\t\n\n<p class=\"loesungen-headline\">Garage<\/p>\n<p>Platz f\u00fcr Auto, Gartenger\u00e4te und Werkstatt: Ein Abluftger\u00e4t sorgt f\u00fcr CO\u00b2-Schutz und Trockenheit.<\/p>\n<a href=\"\/ch\/garage\/\" target=\"_self\" class=\"button primary is-outline\"  style=\"border-radius:10px;\">\n    <span>mehr lesen<\/span>\n  <\/a>\n\n\n\n\t\t<\/div>\n\t\t\t\t\n<style>\n#col-1629302265 > .col-inner {\n  padding: 10px 15px 20px 15px;\n  margin: -59px 0px 0px 0px;\n  border-radius: 10px;\n}\n@media (min-width:550px) {\n  #col-1629302265 > .col-inner {\n    padding: 20px 15px 20px 15px;\n    margin: -55px 0px 0px 0px;\n  }\n}\n@media (min-width:850px) {\n  #col-1629302265 > .col-inner {\n    padding: 20px 20px 20px 20px;\n  }\n}\n<\/style>\n\t<\/div>\n\n\t\n\n<\/div>\n\n\t\t<\/div>\n\t\t\t\t\n<style>\n#col-369164851 > .col-inner {\n  margin: 0px 0px 30px 0px;\n}\n@media (min-width:550px) {\n  #col-369164851 > .col-inner {\n    margin: 0px 0px 50px 0px;\n  }\n}\n<\/style>\n\t<\/div>\n\n\t\n\n<\/div>\n\n\t\t<\/div>\n\n\t\t\n<style>\n#section_2079098517 {\n  padding-top: 0px;\n  padding-bottom: 0px;\n}\n<\/style>\n\t<\/section>\n\t\n\n","protected":false},"excerpt":{"rendered":"","protected":false},"author":1,"featured_media":0,"parent":787,"menu_order":0,"comment_status":"closed","ping_status":"closed","template":"page-blank.php","meta":{"footnotes":""},"class_list":["post-227","page","type-page","status-publish","hentry"],"acf":[],"yoast_head":"<!-- This site is optimized with the Yoast SEO plugin v27.3 - https:\/\/yoast.com\/product\/yoast-seo-wordpress\/ -->\n<title>Wohnr\u00e4ume - LIMODOR<\/title>\n<meta name=\"robots\" content=\"noindex, follow, max-snippet:-1, max-image-preview:large, max-video-preview:-1\" \/>\n<meta property=\"og:locale\" content=\"de_DE\" \/>\n<meta property=\"og:type\" content=\"article\" \/>\n<meta property=\"og:title\" content=\"Wohnr\u00e4ume - LIMODOR\" \/>\n<meta property=\"og:url\" content=\"https:\/\/limodor.dev-web.at\/ch\/lueftungen\/wohnraeume\/\" \/>\n<meta property=\"og:site_name\" content=\"Limodor CH\" \/>\n<meta property=\"article:modified_time\" content=\"2023-10-23T08:46:52+00:00\" \/>\n<meta name=\"twitter:card\" content=\"summary_large_image\" \/>\n<meta name=\"twitter:label1\" content=\"Gesch\u00e4tzte Lesezeit\" \/>\n\t<meta name=\"twitter:data1\" content=\"5\u00a0Minuten\" \/>\n<script type=\"application\/ld+json\" class=\"yoast-schema-graph\">{\"@context\":\"https:\\\/\\\/schema.org\",\"@graph\":[{\"@type\":\"WebPage\",\"@id\":\"https:\\\/\\\/limodor.dev-web.at\\\/ch\\\/lueftungen\\\/wohnraeume\\\/\",\"url\":\"https:\\\/\\\/limodor.dev-web.at\\\/ch\\\/lueftungen\\\/wohnraeume\\\/\",\"name\":\"Wohnr\u00e4ume - LIMODOR\",\"isPartOf\":{\"@id\":\"https:\\\/\\\/limodor.dev-web.at\\\/ch\\\/#website\"},\"datePublished\":\"2023-07-18T11:53:04+00:00\",\"dateModified\":\"2023-10-23T08:46:52+00:00\",\"breadcrumb\":{\"@id\":\"https:\\\/\\\/limodor.dev-web.at\\\/ch\\\/lueftungen\\\/wohnraeume\\\/#breadcrumb\"},\"inLanguage\":\"de\",\"potentialAction\":[{\"@type\":\"ReadAction\",\"target\":[\"https:\\\/\\\/limodor.dev-web.at\\\/ch\\\/lueftungen\\\/wohnraeume\\\/\"]}]},{\"@type\":\"BreadcrumbList\",\"@id\":\"https:\\\/\\\/limodor.dev-web.at\\\/ch\\\/lueftungen\\\/wohnraeume\\\/#breadcrumb\",\"itemListElement\":[{\"@type\":\"ListItem\",\"position\":1,\"name\":\"Startseite\",\"item\":\"https:\\\/\\\/limodor.dev-web.at\\\/ch\\\/\"},{\"@type\":\"ListItem\",\"position\":2,\"name\":\"L\u00f6sungen\",\"item\":\"https:\\\/\\\/limodor.dev-web.at\\\/ch\\\/lueftungen\\\/\"},{\"@type\":\"ListItem\",\"position\":3,\"name\":\"Wohnr\u00e4ume\"}]},{\"@type\":\"WebSite\",\"@id\":\"https:\\\/\\\/limodor.dev-web.at\\\/ch\\\/#website\",\"url\":\"https:\\\/\\\/limodor.dev-web.at\\\/ch\\\/\",\"name\":\"Limodor CH\",\"description\":\"\",\"potentialAction\":[{\"@type\":\"SearchAction\",\"target\":{\"@type\":\"EntryPoint\",\"urlTemplate\":\"https:\\\/\\\/limodor.dev-web.at\\\/ch\\\/?s={search_term_string}\"},\"query-input\":{\"@type\":\"PropertyValueSpecification\",\"valueRequired\":true,\"valueName\":\"search_term_string\"}}],\"inLanguage\":\"de\"}]}<\/script>\n<!-- \/ Yoast SEO plugin. -->","yoast_head_json":{"title":"Wohnr\u00e4ume - LIMODOR","robots":{"index":"noindex","follow":"follow","max-snippet":"max-snippet:-1","max-image-preview":"max-image-preview:large","max-video-preview":"max-video-preview:-1"},"og_locale":"de_DE","og_type":"article","og_title":"Wohnr\u00e4ume - LIMODOR","og_url":"https:\/\/limodor.dev-web.at\/ch\/lueftungen\/wohnraeume\/","og_site_name":"Limodor CH","article_modified_time":"2023-10-23T08:46:52+00:00","twitter_card":"summary_large_image","twitter_misc":{"Gesch\u00e4tzte Lesezeit":"5\u00a0Minuten"},"schema":{"@context":"https:\/\/schema.org","@graph":[{"@type":"WebPage","@id":"https:\/\/limodor.dev-web.at\/ch\/lueftungen\/wohnraeume\/","url":"https:\/\/limodor.dev-web.at\/ch\/lueftungen\/wohnraeume\/","name":"Wohnr\u00e4ume - LIMODOR","isPartOf":{"@id":"https:\/\/limodor.dev-web.at\/ch\/#website"},"datePublished":"2023-07-18T11:53:04+00:00","dateModified":"2023-10-23T08:46:52+00:00","breadcrumb":{"@id":"https:\/\/limodor.dev-web.at\/ch\/lueftungen\/wohnraeume\/#breadcrumb"},"inLanguage":"de","potentialAction":[{"@type":"ReadAction","target":["https:\/\/limodor.dev-web.at\/ch\/lueftungen\/wohnraeume\/"]}]},{"@type":"BreadcrumbList","@id":"https:\/\/limodor.dev-web.at\/ch\/lueftungen\/wohnraeume\/#breadcrumb","itemListElement":[{"@type":"ListItem","position":1,"name":"Startseite","item":"https:\/\/limodor.dev-web.at\/ch\/"},{"@type":"ListItem","position":2,"name":"L\u00f6sungen","item":"https:\/\/limodor.dev-web.at\/ch\/lueftungen\/"},{"@type":"ListItem","position":3,"name":"Wohnr\u00e4ume"}]},{"@type":"WebSite","@id":"https:\/\/limodor.dev-web.at\/ch\/#website","url":"https:\/\/limodor.dev-web.at\/ch\/","name":"Limodor CH","description":"","potentialAction":[{"@type":"SearchAction","target":{"@type":"EntryPoint","urlTemplate":"https:\/\/limodor.dev-web.at\/ch\/?s={search_term_string}"},"query-input":{"@type":"PropertyValueSpecification","valueRequired":true,"valueName":"search_term_string"}}],"inLanguage":"de"}]}},"_links":{"self":[{"href":"https:\/\/limodor.dev-web.at\/ch\/wp-json\/wp\/v2\/pages\/227","targetHints":{"allow":["GET"]}}],"collection":[{"href":"https:\/\/limodor.dev-web.at\/ch\/wp-json\/wp\/v2\/pages"}],"about":[{"href":"https:\/\/limodor.dev-web.at\/ch\/wp-json\/wp\/v2\/types\/page"}],"author":[{"embeddable":true,"href":"https:\/\/limodor.dev-web.at\/ch\/wp-json\/wp\/v2\/users\/1"}],"replies":[{"embeddable":true,"href":"https:\/\/limodor.dev-web.at\/ch\/wp-json\/wp\/v2\/comments?post=227"}],"version-history":[{"count":0,"href":"https:\/\/limodor.dev-web.at\/ch\/wp-json\/wp\/v2\/pages\/227\/revisions"}],"up":[{"embeddable":true,"href":"https:\/\/limodor.dev-web.at\/ch\/wp-json\/wp\/v2\/pages\/787"}],"wp:attachment":[{"href":"https:\/\/limodor.dev-web.at\/ch\/wp-json\/wp\/v2\/media?parent=227"}],"curies":[{"name":"wp","href":"https:\/\/api.w.org\/{rel}","templated":true}]}}