{"id":271,"date":"2023-07-24T13:45:43","date_gmt":"2023-07-24T11:45:43","guid":{"rendered":"https:\/\/limodor-ch.dev-web.at\/ueber-uns\/team\/"},"modified":"2024-08-30T08:53:42","modified_gmt":"2024-08-30T06:53:42","slug":"team","status":"publish","type":"page","link":"https:\/\/limodor.dev-web.at\/ch\/ueber-uns\/team\/","title":{"rendered":"Team"},"content":{"rendered":"\n\t<section class=\"section wave\" id=\"section_1301144956\">\n\t\t<div class=\"bg section-bg fill bg-fill  \" >\n\n\t\t\t\n\t\t\t\n\t\t\t\n\n\t\t<\/div>\n\n\t\t\n\n\t\t<div class=\"section-content relative\">\n\t\t\t\n\n\n\t\t<\/div>\n\n\t\t\n<style>\n#section_1301144956 {\n  padding-top: 0px;\n  padding-bottom: 0px;\n  min-height: 50vh;\n}\n#section_1301144956 .section-bg.bg-loaded {\n  background-image: url(https:\/\/limodor.dev-web.at\/ch\/wp-content\/uploads\/sites\/3\/2023\/10\/23.10.18.-limodor-ebikon-MAT01392-scaled.jpg);\n}\n<\/style>\n\t<\/section>\n\t\n\t<section class=\"section section-space\" id=\"section_1503079170\">\n\t\t<div class=\"bg section-bg fill bg-fill  bg-loaded\" >\n\n\t\t\t\n\t\t\t\n\t\t\t\n\n\t\t<\/div>\n\n\t\t\n\n\t\t<div class=\"section-content relative\">\n\t\t\t\n\n<div class=\"row row-collapse align-center\"  id=\"row-1361892939\">\n\n\n\t<div id=\"col-983701345\" class=\"col medium-8 small-12 large-8\"  >\n\t\t\t\t<div class=\"col-inner text-center\"  >\n\t\t\t\n\t\t\t\n\n<h1>Team<\/h1>\n<p>Unsere Kunden, Installateure und Partner im Grosshandel oder in Architektur- und Planungsb\u00fcros kennen uns als kompetent und serviceorientiert. Aber ebenso unkompliziert, hemds\u00e4rmelig und kollegial. So wie wir auch innerhalb des Unternehmens miteinander umgehen. Wir sind die sympathische, kreative und pragmatische Mann- und Frauschaft, in der man sich wohlf\u00fchlt. Auf Augenh\u00f6he, quer durch alle Abteilungen. Qualit\u00e4t in jeder Hinsicht: daf\u00fcr stehen unsere Produkte, aber ebenso die Menschen dahinter.<\/p>\n\n\t\t<\/div>\n\t\t\t\t\t<\/div>\n\n\t\n\n<\/div>\n\n\t\t<\/div>\n\n\t\t\n<style>\n#section_1503079170 {\n  padding-top: 0px;\n  padding-bottom: 0px;\n}\n<\/style>\n\t<\/section>\n\t\n\n\n<div class=\"e5-team-container\"><div class=\"e5-team-departments-container\"><div class=\"e5-headline-height\">&nbsp;<\/div><div class=\"e5-departments\"><div class=\"e5-department e5-department-active e5-pointer\" data-name=\"Aussendienst\"><span class=\"e5-department-name\">Aussendienst<\/span><span class=\"e5-department-button e5-department-button-active\"><\/span><\/div><div class=\"e5-employees-container-mobile e5-hide-desktop\" data-category-name=\"Aussendienst\"><div id =\"265\" class=\"e5-employee-card\" data-category-sources=\"Aussendienst\" data-categories=\"Aussendienst\"><img decoding=\"async\" class=\"e5-employee-image\" src=\"https:\/\/limodor.dev-web.at\/ch\/wp-content\/uploads\/sites\/3\/2023\/11\/Leo_Casanova.jpg\"\/><div class=\"e5-employee-name\">Leo Casanova<\/div><div class=\"e5-employee-role\">Technischer Verkaufsberater<\/div><div class=\"e5-employee-contact-container\"><img decoding=\"async\" class=\"e5-employee-conatact-icon\" src=\"https:\/\/limodor.dev-web.at\/ch\/wp-content\/mu-plugins\/limodor\/images\/telephone.svg\" \/><a class=\"e5-employee-contact\" href=\"callto:+41 79 265 97 97\">+41 79 265 97 97<\/a><\/div><div class=\"e5-employee-cantons\"><b>Kantone: <\/b>AI \u00b7 AR \u00b7 GL \u00b7 GR \u00b7 SG \u00b7 SZ \u00b7 TI \u00b7 TG<\/div><\/div><div id =\"676\" class=\"e5-employee-card\" data-category-sources=\"Aussendienst\" data-categories=\"Aussendienst\"><img decoding=\"async\" class=\"e5-employee-image\" src=\"https:\/\/limodor.dev-web.at\/ch\/wp-content\/uploads\/sites\/3\/2025\/05\/Swen-Muelhauser-002.jpg\"\/><div class=\"e5-employee-name\">Swen M\u00fclhauser<\/div><div class=\"e5-employee-role\">Technischer Verkaufsberater<\/div><div class=\"e5-employee-contact-container\"><img decoding=\"async\" class=\"e5-employee-conatact-icon\" src=\"https:\/\/limodor.dev-web.at\/ch\/wp-content\/mu-plugins\/limodor\/images\/telephone.svg\" \/><a class=\"e5-employee-contact\" href=\"callto:+41 79 265 90 90\">+41 79 265 90 90<\/a><\/div><div class=\"e5-employee-cantons\"><b>Kantone: <\/b>BE \u00b7 FR \u00b7 GE \u00b7 JU \u00b7 NE \u00b7 SO \u00b7 VD \u00b7 VS<\/div><\/div><div id =\"5554\" class=\"e5-employee-card\" data-category-sources=\"Aussendienst\" data-categories=\"Aussendienst\"><img decoding=\"async\" class=\"e5-employee-image\" src=\"https:\/\/limodor.dev-web.at\/ch\/wp-content\/uploads\/sites\/3\/2024\/03\/Muhamet-Kqiku-hell.jpg\"\/><div class=\"e5-employee-name\">Muhamet Kqiku<\/div><div class=\"e5-employee-role\">Technischer Verkaufsberater<\/div><div class=\"e5-employee-contact-container\"><img decoding=\"async\" class=\"e5-employee-conatact-icon\" src=\"https:\/\/limodor.dev-web.at\/ch\/wp-content\/mu-plugins\/limodor\/images\/telephone.svg\" \/><a class=\"e5-employee-contact\" href=\"callto:+41 79 265 95 95\">+41 79 265 95 95<\/a><\/div><div class=\"e5-employee-cantons\"><b>Kantone: <\/b>AG \u00b7 BL \u00b7 BS \u00b7 LU \u00b7 NW \u00b7 OW \u00b7 SH \u00b7 UR \u00b7 ZG \u00b7 ZH <\/div><\/div><\/div><div class=\"e5-department e5-pointer\" data-name=\"Innendienst\"><span class=\"e5-department-name\">Innendienst<\/span><span class=\"e5-department-button e5-department-button-inactive\"><\/span><\/div><div class=\"e5-employees-container-mobile e5-hide-desktop\" data-category-name=\"Innendienst\"><div id =\"264\" class=\"e5-employee-card e5-hide-employee\" data-category-sources=\"Innendienst\" data-categories=\"Innendienst\"><img decoding=\"async\" class=\"e5-employee-image\" src=\"https:\/\/limodor.dev-web.at\/ch\/wp-content\/uploads\/sites\/3\/2023\/11\/Christian-Hartmann.jpg\"\/><div class=\"e5-employee-name\">Christian Hartmann<\/div><div class=\"e5-employee-role\">Sachbearbeiter Innendienst<\/div><div class=\"e5-employee-contact-container\"><img decoding=\"async\" class=\"e5-employee-conatact-icon\" src=\"https:\/\/limodor.dev-web.at\/ch\/wp-content\/mu-plugins\/limodor\/images\/email.svg\" \/><a class=\"e5-employee-contact\" href=\"mailto:verkauf@limodor.ch\">verkauf@limodor.ch<\/a><\/div><div class=\"e5-employee-contact-container\"><img decoding=\"async\" class=\"e5-employee-conatact-icon\" src=\"https:\/\/limodor.dev-web.at\/ch\/wp-content\/mu-plugins\/limodor\/images\/telephone.svg\" \/><a class=\"e5-employee-contact\" href=\"callto:0800 65 42 42\">0800 65 42 42<\/a><\/div><\/div><div id =\"278\" class=\"e5-employee-card e5-hide-employee\" data-category-sources=\"Innendienst\" data-categories=\"Innendienst\"><img decoding=\"async\" class=\"e5-employee-image\" src=\"https:\/\/limodor.dev-web.at\/ch\/wp-content\/uploads\/sites\/3\/2023\/11\/Trajko_Klepov.jpg\"\/><div class=\"e5-employee-name\">Trajko Klepov<\/div><div class=\"e5-employee-role\">Sachbearbeiter Innendienst<\/div><div class=\"e5-employee-contact-container\"><img decoding=\"async\" class=\"e5-employee-conatact-icon\" src=\"https:\/\/limodor.dev-web.at\/ch\/wp-content\/mu-plugins\/limodor\/images\/email.svg\" \/><a class=\"e5-employee-contact\" href=\"mailto:verkauf@limodor.ch\">verkauf@limodor.ch<\/a><\/div><div class=\"e5-employee-contact-container\"><img decoding=\"async\" class=\"e5-employee-conatact-icon\" src=\"https:\/\/limodor.dev-web.at\/ch\/wp-content\/mu-plugins\/limodor\/images\/telephone.svg\" \/><a class=\"e5-employee-contact\" href=\"callto:0800 65 42 42\">0800 65 42 42<\/a><\/div><\/div><\/div><div class=\"e5-department e5-pointer\" data-name=\"Gesch\u00e4ftsleitung\"><span class=\"e5-department-name\">Gesch\u00e4ftsleitung<\/span><span class=\"e5-department-button e5-department-button-inactive\"><\/span><\/div><div class=\"e5-employees-container-mobile e5-hide-desktop\" data-category-name=\"Gesch\u00e4ftsleitung\"><div id =\"263\" class=\"e5-employee-card e5-hide-employee\" data-category-sources=\"Gesch\u00e4ftsleitung\" data-categories=\"Gesch\u00e4ftsleitung\"><img decoding=\"async\" class=\"e5-employee-image\" src=\"https:\/\/limodor.dev-web.at\/ch\/wp-content\/uploads\/sites\/3\/2023\/11\/Ursin_Schlosser.jpg\"\/><div class=\"e5-employee-name\">Ursin Schlosser<\/div><div class=\"e5-employee-role\">Gesch\u00e4ftsf\u00fchrer<\/div><\/div><div id =\"262\" class=\"e5-employee-card e5-hide-employee\" data-category-sources=\"Gesch\u00e4ftsleitung\" data-categories=\"Gesch\u00e4ftsleitung\"><img decoding=\"async\" class=\"e5-employee-image\" src=\"https:\/\/limodor.dev-web.at\/ch\/wp-content\/uploads\/sites\/3\/2023\/11\/Alain_Buschor.jpg\"\/><div class=\"e5-employee-name\">Alain Buschor<\/div><div class=\"e5-employee-role\">Leiter Verkauf und Marketing<\/div><\/div><\/div><\/div><\/div><div class=\"e5-team-employees-container e5-hide-mobile\"><div class=\"e5-headline-height\"><div class=\"e5-headline\">Aussendienst<\/div><div class=\"e5-underline\"><\/div><\/div><div class=\"e5-employees-container\"><div id =\"264\" class=\"e5-employee-card e5-hide-employee\" data-category-sources=\"Aussendienst,Innendienst,Gesch\u00e4ftsleitung\" data-categories=\"Innendienst\"><img decoding=\"async\" class=\"e5-employee-image\" src=\"https:\/\/limodor.dev-web.at\/ch\/wp-content\/uploads\/sites\/3\/2023\/11\/Christian-Hartmann.jpg\"\/><div class=\"e5-employee-name\">Christian Hartmann<\/div><div class=\"e5-employee-role\">Sachbearbeiter Innendienst<\/div><div class=\"e5-employee-contact-container\"><img decoding=\"async\" class=\"e5-employee-conatact-icon\" src=\"https:\/\/limodor.dev-web.at\/ch\/wp-content\/mu-plugins\/limodor\/images\/email.svg\" \/><a class=\"e5-employee-contact\" href=\"mailto:verkauf@limodor.ch\">verkauf@limodor.ch<\/a><\/div><div class=\"e5-employee-contact-container\"><img decoding=\"async\" class=\"e5-employee-conatact-icon\" src=\"https:\/\/limodor.dev-web.at\/ch\/wp-content\/mu-plugins\/limodor\/images\/telephone.svg\" \/><a class=\"e5-employee-contact\" href=\"callto:0800 65 42 42\">0800 65 42 42<\/a><\/div><\/div><div id =\"265\" class=\"e5-employee-card\" data-category-sources=\"Aussendienst,Innendienst,Gesch\u00e4ftsleitung\" data-categories=\"Aussendienst\"><img decoding=\"async\" class=\"e5-employee-image\" src=\"https:\/\/limodor.dev-web.at\/ch\/wp-content\/uploads\/sites\/3\/2023\/11\/Leo_Casanova.jpg\"\/><div class=\"e5-employee-name\">Leo Casanova<\/div><div class=\"e5-employee-role\">Technischer Verkaufsberater<\/div><div class=\"e5-employee-contact-container\"><img decoding=\"async\" class=\"e5-employee-conatact-icon\" src=\"https:\/\/limodor.dev-web.at\/ch\/wp-content\/mu-plugins\/limodor\/images\/telephone.svg\" \/><a class=\"e5-employee-contact\" href=\"callto:+41 79 265 97 97\">+41 79 265 97 97<\/a><\/div><div class=\"e5-employee-cantons\"><b>Kantone: <\/b>AI \u00b7 AR \u00b7 GL \u00b7 GR \u00b7 SG \u00b7 SZ \u00b7 TI \u00b7 TG<\/div><\/div><div id =\"278\" class=\"e5-employee-card e5-hide-employee\" data-category-sources=\"Aussendienst,Innendienst,Gesch\u00e4ftsleitung\" data-categories=\"Innendienst\"><img decoding=\"async\" class=\"e5-employee-image\" src=\"https:\/\/limodor.dev-web.at\/ch\/wp-content\/uploads\/sites\/3\/2023\/11\/Trajko_Klepov.jpg\"\/><div class=\"e5-employee-name\">Trajko Klepov<\/div><div class=\"e5-employee-role\">Sachbearbeiter Innendienst<\/div><div class=\"e5-employee-contact-container\"><img decoding=\"async\" class=\"e5-employee-conatact-icon\" src=\"https:\/\/limodor.dev-web.at\/ch\/wp-content\/mu-plugins\/limodor\/images\/email.svg\" \/><a class=\"e5-employee-contact\" href=\"mailto:verkauf@limodor.ch\">verkauf@limodor.ch<\/a><\/div><div class=\"e5-employee-contact-container\"><img decoding=\"async\" class=\"e5-employee-conatact-icon\" src=\"https:\/\/limodor.dev-web.at\/ch\/wp-content\/mu-plugins\/limodor\/images\/telephone.svg\" \/><a class=\"e5-employee-contact\" href=\"callto:0800 65 42 42\">0800 65 42 42<\/a><\/div><\/div><div id =\"676\" class=\"e5-employee-card\" data-category-sources=\"Aussendienst,Innendienst,Gesch\u00e4ftsleitung\" data-categories=\"Aussendienst\"><img decoding=\"async\" class=\"e5-employee-image\" src=\"https:\/\/limodor.dev-web.at\/ch\/wp-content\/uploads\/sites\/3\/2025\/05\/Swen-Muelhauser-002.jpg\"\/><div class=\"e5-employee-name\">Swen M\u00fclhauser<\/div><div class=\"e5-employee-role\">Technischer Verkaufsberater<\/div><div class=\"e5-employee-contact-container\"><img decoding=\"async\" class=\"e5-employee-conatact-icon\" src=\"https:\/\/limodor.dev-web.at\/ch\/wp-content\/mu-plugins\/limodor\/images\/telephone.svg\" \/><a class=\"e5-employee-contact\" href=\"callto:+41 79 265 90 90\">+41 79 265 90 90<\/a><\/div><div class=\"e5-employee-cantons\"><b>Kantone: <\/b>BE \u00b7 FR \u00b7 GE \u00b7 JU \u00b7 NE \u00b7 SO \u00b7 VD \u00b7 VS<\/div><\/div><div id =\"5554\" class=\"e5-employee-card\" data-category-sources=\"Aussendienst,Innendienst,Gesch\u00e4ftsleitung\" data-categories=\"Aussendienst\"><img decoding=\"async\" class=\"e5-employee-image\" src=\"https:\/\/limodor.dev-web.at\/ch\/wp-content\/uploads\/sites\/3\/2024\/03\/Muhamet-Kqiku-hell.jpg\"\/><div class=\"e5-employee-name\">Muhamet Kqiku<\/div><div class=\"e5-employee-role\">Technischer Verkaufsberater<\/div><div class=\"e5-employee-contact-container\"><img decoding=\"async\" class=\"e5-employee-conatact-icon\" src=\"https:\/\/limodor.dev-web.at\/ch\/wp-content\/mu-plugins\/limodor\/images\/telephone.svg\" \/><a class=\"e5-employee-contact\" href=\"callto:+41 79 265 95 95\">+41 79 265 95 95<\/a><\/div><div class=\"e5-employee-cantons\"><b>Kantone: <\/b>AG \u00b7 BL \u00b7 BS \u00b7 LU \u00b7 NW \u00b7 OW \u00b7 SH \u00b7 UR \u00b7 ZG \u00b7 ZH <\/div><\/div><div id =\"263\" class=\"e5-employee-card e5-hide-employee\" data-category-sources=\"Aussendienst,Innendienst,Gesch\u00e4ftsleitung\" data-categories=\"Gesch\u00e4ftsleitung\"><img decoding=\"async\" class=\"e5-employee-image\" src=\"https:\/\/limodor.dev-web.at\/ch\/wp-content\/uploads\/sites\/3\/2023\/11\/Ursin_Schlosser.jpg\"\/><div class=\"e5-employee-name\">Ursin Schlosser<\/div><div class=\"e5-employee-role\">Gesch\u00e4ftsf\u00fchrer<\/div><\/div><div id =\"262\" class=\"e5-employee-card e5-hide-employee\" data-category-sources=\"Aussendienst,Innendienst,Gesch\u00e4ftsleitung\" data-categories=\"Gesch\u00e4ftsleitung\"><img decoding=\"async\" class=\"e5-employee-image\" src=\"https:\/\/limodor.dev-web.at\/ch\/wp-content\/uploads\/sites\/3\/2023\/11\/Alain_Buschor.jpg\"\/><div class=\"e5-employee-name\">Alain Buschor<\/div><div class=\"e5-employee-role\">Leiter Verkauf und Marketing<\/div><\/div><\/div><\/div><\/div>\n\n\n\n\t<section class=\"section section-space\" id=\"section_1129355305\">\n\t\t<div class=\"bg section-bg fill bg-fill  bg-loaded\" >\n\n\t\t\t\n\t\t\t\n\t\t\t\n\n\t\t<\/div>\n\n\t\t\n\n\t\t<div class=\"section-content relative\">\n\t\t\t\n\n\t<section class=\"section\" id=\"section_968084418\">\n\t\t<div class=\"bg section-bg fill bg-fill  bg-loaded\" >\n\n\t\t\t\n\t\t\t\n\t\t\t\n\n\t\t<\/div>\n\n\t\t\n\n\t\t<div class=\"section-content relative\">\n\t\t\t\n\n<div class=\"row row-collapse align-center\"  id=\"row-150386951\">\n\n\n\t<div id=\"col-1277479941\" class=\"col medium-8 small-12 large-8\"  >\n\t\t\t\t<div class=\"col-inner text-center\"  >\n\t\t\t\n\t\t\t\n\n\t<div id=\"text-3101990945\" class=\"text\">\n\t\t\n\n<h3 class=\"uppercase\">Teil des Teams werden<\/h3>\n<p>Auf Jobsuche oder Ver\u00e4nderungswunsch? Oder auf Lehrstellensuche? Dann bitte weiterlesen! Denn gro\u00dfartige Jobs werden bei uns gro\u00df geschrieben. Das sagen alle? Dann einfach weiterlesen und den Unterschied erkennen. Checken, ob in Herz und Hirn ein(e) Limodorianer(in) steckt. Jemand, der etwas bewegen und sich bei uns wohlf\u00fchlen will. Wir sind es jedenfalls aus \u00dcberzeugung, die meisten von uns schon \u00fcber viele Jahre.<\/p>\n\t\t\n<style>\n#text-3101990945 {\n  text-align: center;\n}\n<\/style>\n\t<\/div>\n\t\n<div class=\"row\"  id=\"row-863692526\">\n\n\n\t<div id=\"col-2119407376\" class=\"col centerButton small-12 large-12\"  >\n\t\t\t\t<div class=\"col-inner\"  >\n\t\t\t\n\t\t\t\n\n<a href=\"\/ch\/jobs\" target=\"_self\" class=\"button primary\"  style=\"border-radius:10px;\">\n    <span>Job Finden<\/span>\n  <\/a>\n\n\n\n\t\t<\/div>\n\t\t\t\t\t<\/div>\n\n\t\n\n<\/div>\n\n\t\t<\/div>\n\t\t\t\t\t<\/div>\n\n\t\n\n<\/div>\n\n\t\t<\/div>\n\n\t\t\n<style>\n#section_968084418 {\n  padding-top: 0px;\n  padding-bottom: 0px;\n}\n<\/style>\n\t<\/section>\n\t\n\n\n\t\t<\/div>\n\n\t\t\n<style>\n#section_1129355305 {\n  padding-top: 0px;\n  padding-bottom: 0px;\n}\n<\/style>\n\t<\/section>\n\t\n\n","protected":false},"excerpt":{"rendered":"","protected":false},"author":1,"featured_media":0,"parent":270,"menu_order":0,"comment_status":"closed","ping_status":"closed","template":"page-blank.php","meta":{"footnotes":""},"class_list":["post-271","page","type-page","status-publish","hentry"],"acf":[],"yoast_head":"<!-- This site is optimized with the Yoast SEO plugin v27.3 - https:\/\/yoast.com\/product\/yoast-seo-wordpress\/ -->\n<title>Team - LIMODOR<\/title>\n<meta name=\"description\" content=\"Mit uns k\u00f6nnen Sie rechnen. Wir sorgen mit unserem Einsatz dafu\u0308r, dass Sie mit unseren Dienstleistungen rund um die Uhr zufrieden sind.\" \/>\n<meta name=\"robots\" content=\"noindex, follow, max-snippet:-1, max-image-preview:large, max-video-preview:-1\" \/>\n<meta property=\"og:locale\" content=\"de_DE\" \/>\n<meta property=\"og:type\" content=\"article\" \/>\n<meta property=\"og:title\" content=\"Team - LIMODOR\" \/>\n<meta property=\"og:description\" content=\"Mit uns k\u00f6nnen Sie rechnen. Wir sorgen mit unserem Einsatz dafu\u0308r, dass Sie mit unseren Dienstleistungen rund um die Uhr zufrieden sind.\" \/>\n<meta property=\"og:url\" content=\"https:\/\/limodor.dev-web.at\/ch\/ueber-uns\/team\/\" \/>\n<meta property=\"og:site_name\" content=\"Limodor CH\" \/>\n<meta property=\"article:modified_time\" content=\"2024-08-30T06:53:42+00:00\" \/>\n<meta name=\"twitter:card\" content=\"summary_large_image\" \/>\n<meta name=\"twitter:label1\" content=\"Gesch\u00e4tzte Lesezeit\" \/>\n\t<meta name=\"twitter:data1\" content=\"1\u00a0Minute\" \/>\n<script type=\"application\/ld+json\" class=\"yoast-schema-graph\">{\"@context\":\"https:\\\/\\\/schema.org\",\"@graph\":[{\"@type\":\"WebPage\",\"@id\":\"https:\\\/\\\/limodor.dev-web.at\\\/ch\\\/ueber-uns\\\/team\\\/\",\"url\":\"https:\\\/\\\/limodor.dev-web.at\\\/ch\\\/ueber-uns\\\/team\\\/\",\"name\":\"Team - LIMODOR\",\"isPartOf\":{\"@id\":\"https:\\\/\\\/limodor.dev-web.at\\\/ch\\\/#website\"},\"datePublished\":\"2023-07-24T11:45:43+00:00\",\"dateModified\":\"2024-08-30T06:53:42+00:00\",\"description\":\"Mit uns k\u00f6nnen Sie rechnen. Wir sorgen mit unserem Einsatz dafu\u0308r, dass Sie mit unseren Dienstleistungen rund um die Uhr zufrieden sind.\",\"breadcrumb\":{\"@id\":\"https:\\\/\\\/limodor.dev-web.at\\\/ch\\\/ueber-uns\\\/team\\\/#breadcrumb\"},\"inLanguage\":\"de\",\"potentialAction\":[{\"@type\":\"ReadAction\",\"target\":[\"https:\\\/\\\/limodor.dev-web.at\\\/ch\\\/ueber-uns\\\/team\\\/\"]}]},{\"@type\":\"BreadcrumbList\",\"@id\":\"https:\\\/\\\/limodor.dev-web.at\\\/ch\\\/ueber-uns\\\/team\\\/#breadcrumb\",\"itemListElement\":[{\"@type\":\"ListItem\",\"position\":1,\"name\":\"Startseite\",\"item\":\"https:\\\/\\\/limodor.dev-web.at\\\/ch\\\/\"},{\"@type\":\"ListItem\",\"position\":2,\"name\":\"\u00dcber uns\",\"item\":\"https:\\\/\\\/limodor.dev-web.at\\\/ch\\\/ueber-uns\\\/\"},{\"@type\":\"ListItem\",\"position\":3,\"name\":\"Team\"}]},{\"@type\":\"WebSite\",\"@id\":\"https:\\\/\\\/limodor.dev-web.at\\\/ch\\\/#website\",\"url\":\"https:\\\/\\\/limodor.dev-web.at\\\/ch\\\/\",\"name\":\"Limodor CH\",\"description\":\"\",\"potentialAction\":[{\"@type\":\"SearchAction\",\"target\":{\"@type\":\"EntryPoint\",\"urlTemplate\":\"https:\\\/\\\/limodor.dev-web.at\\\/ch\\\/?s={search_term_string}\"},\"query-input\":{\"@type\":\"PropertyValueSpecification\",\"valueRequired\":true,\"valueName\":\"search_term_string\"}}],\"inLanguage\":\"de\"}]}<\/script>\n<!-- \/ Yoast SEO plugin. -->","yoast_head_json":{"title":"Team - LIMODOR","description":"Mit uns k\u00f6nnen Sie rechnen. Wir sorgen mit unserem Einsatz dafu\u0308r, dass Sie mit unseren Dienstleistungen rund um die Uhr zufrieden sind.","robots":{"index":"noindex","follow":"follow","max-snippet":"max-snippet:-1","max-image-preview":"max-image-preview:large","max-video-preview":"max-video-preview:-1"},"og_locale":"de_DE","og_type":"article","og_title":"Team - LIMODOR","og_description":"Mit uns k\u00f6nnen Sie rechnen. Wir sorgen mit unserem Einsatz dafu\u0308r, dass Sie mit unseren Dienstleistungen rund um die Uhr zufrieden sind.","og_url":"https:\/\/limodor.dev-web.at\/ch\/ueber-uns\/team\/","og_site_name":"Limodor CH","article_modified_time":"2024-08-30T06:53:42+00:00","twitter_card":"summary_large_image","twitter_misc":{"Gesch\u00e4tzte Lesezeit":"1\u00a0Minute"},"schema":{"@context":"https:\/\/schema.org","@graph":[{"@type":"WebPage","@id":"https:\/\/limodor.dev-web.at\/ch\/ueber-uns\/team\/","url":"https:\/\/limodor.dev-web.at\/ch\/ueber-uns\/team\/","name":"Team - LIMODOR","isPartOf":{"@id":"https:\/\/limodor.dev-web.at\/ch\/#website"},"datePublished":"2023-07-24T11:45:43+00:00","dateModified":"2024-08-30T06:53:42+00:00","description":"Mit uns k\u00f6nnen Sie rechnen. Wir sorgen mit unserem Einsatz dafu\u0308r, dass Sie mit unseren Dienstleistungen rund um die Uhr zufrieden sind.","breadcrumb":{"@id":"https:\/\/limodor.dev-web.at\/ch\/ueber-uns\/team\/#breadcrumb"},"inLanguage":"de","potentialAction":[{"@type":"ReadAction","target":["https:\/\/limodor.dev-web.at\/ch\/ueber-uns\/team\/"]}]},{"@type":"BreadcrumbList","@id":"https:\/\/limodor.dev-web.at\/ch\/ueber-uns\/team\/#breadcrumb","itemListElement":[{"@type":"ListItem","position":1,"name":"Startseite","item":"https:\/\/limodor.dev-web.at\/ch\/"},{"@type":"ListItem","position":2,"name":"\u00dcber uns","item":"https:\/\/limodor.dev-web.at\/ch\/ueber-uns\/"},{"@type":"ListItem","position":3,"name":"Team"}]},{"@type":"WebSite","@id":"https:\/\/limodor.dev-web.at\/ch\/#website","url":"https:\/\/limodor.dev-web.at\/ch\/","name":"Limodor CH","description":"","potentialAction":[{"@type":"SearchAction","target":{"@type":"EntryPoint","urlTemplate":"https:\/\/limodor.dev-web.at\/ch\/?s={search_term_string}"},"query-input":{"@type":"PropertyValueSpecification","valueRequired":true,"valueName":"search_term_string"}}],"inLanguage":"de"}]}},"_links":{"self":[{"href":"https:\/\/limodor.dev-web.at\/ch\/wp-json\/wp\/v2\/pages\/271","targetHints":{"allow":["GET"]}}],"collection":[{"href":"https:\/\/limodor.dev-web.at\/ch\/wp-json\/wp\/v2\/pages"}],"about":[{"href":"https:\/\/limodor.dev-web.at\/ch\/wp-json\/wp\/v2\/types\/page"}],"author":[{"embeddable":true,"href":"https:\/\/limodor.dev-web.at\/ch\/wp-json\/wp\/v2\/users\/1"}],"replies":[{"embeddable":true,"href":"https:\/\/limodor.dev-web.at\/ch\/wp-json\/wp\/v2\/comments?post=271"}],"version-history":[{"count":1,"href":"https:\/\/limodor.dev-web.at\/ch\/wp-json\/wp\/v2\/pages\/271\/revisions"}],"predecessor-version":[{"id":6942,"href":"https:\/\/limodor.dev-web.at\/ch\/wp-json\/wp\/v2\/pages\/271\/revisions\/6942"}],"up":[{"embeddable":true,"href":"https:\/\/limodor.dev-web.at\/ch\/wp-json\/wp\/v2\/pages\/270"}],"wp:attachment":[{"href":"https:\/\/limodor.dev-web.at\/ch\/wp-json\/wp\/v2\/media?parent=271"}],"curies":[{"name":"wp","href":"https:\/\/api.w.org\/{rel}","templated":true}]}}