{"id":35,"date":"2023-07-17T17:00:11","date_gmt":"2023-07-17T15:00:11","guid":{"rendered":"https:\/\/limodor-ch.dev-web.at\/loesungen\/lueftungssysteme\/zentrallueftungssystem\/"},"modified":"2025-09-16T15:07:13","modified_gmt":"2025-09-16T13:07:13","slug":"zentrallueftungssystem","status":"publish","type":"page","link":"https:\/\/limodor.dev-web.at\/ch\/lueftungen\/lueftungssysteme\/zentrallueftungssystem\/","title":{"rendered":"Zentrall\u00fcftungssystem"},"content":{"rendered":"\n\t<section class=\"section section-space\" id=\"section_294582179\">\n\t\t<div class=\"bg section-bg fill bg-fill  bg-loaded\" >\n\n\t\t\t\n\t\t\t\n\t\t\t\n\n\t\t<\/div>\n\n\t\t\n\n\t\t<div class=\"section-content relative\">\n\t\t\t\n\n<div class=\"row\"  id=\"row-1565313859\">\n\n\n\t<div id=\"col-1391409072\" class=\"col medium-12 small-12 large-6\"  >\n\t\t\t\t<div class=\"col-inner\"  >\n\t\t\t\n\t\t\t\n\n<div class=\"breadcrumbs-row\"><div class=\"breadcrumbs-container\"><div class=\"breadcrumb-element\"><a href=\"https:\/\/limodor.dev-web.at\/ch\/lueftungen\/\"><span>L\u00f6sungen<\/span><\/a><div>><\/div><\/div><div class=\"breadcrumb-element\"><a href=\"https:\/\/limodor.dev-web.at\/ch\/lueftungen\/lueftungssysteme\/\"><span>L\u00fcftungssysteme<\/span><\/a><div>><\/div><\/div><div class=\"breadcrumb-element\"><a href=\"https:\/\/limodor.dev-web.at\/ch\/lueftungen\/lueftungssysteme\/zentrallueftungssystem\/\"><span>Zentrall\u00fcftungssystem<\/span><\/a><div class=\"ricegrain-container Cherryrot\"><\/div><\/div><\/div><\/div>\n\n<h1>Zentral\u00adl\u00fcftungs\u00adsystem<\/h1>\n<h4 class=\"uppercase\">Intelligent gesteuertes Wohlf\u00fchlklima f\u00fcr Wohnung und Keller<\/h4>\n<div class=\"is-divider divider clearfix\" style=\"margin-top:0px;margin-bottom:0px;max-width:40%;background-color:rgb(222, 51, 73);\"><\/div>\n\n\t<div id=\"gap-273230459\" class=\"gap-element clearfix\" style=\"display:block; height:auto;\">\n\t\t\n<style>\n#gap-273230459 {\n  padding-top: 10px;\n}\n@media (min-width:550px) {\n  #gap-273230459 {\n    padding-top: 20px;\n  }\n}\n<\/style>\n\t<\/div>\n\t\n\n<p>Eine smarte Steuerung und Sensoren regeln f\u00fcr alle R\u00e4ume die Zu- und Abluftkomponenten. Auch W\u00e4rmer\u00fcckgewinnung ist integriert &#8211; eine effiziente L\u00f6sung f\u00fcr modernes Wohnen. Gestiegene Komfortbed\u00fcrfnisse und behagliches Raumklima, aber auch Schutz vor Schimmel oder gef\u00e4hrlichen Gasen sind ihre St\u00e4rken.<\/p>\n\n\t\t<\/div>\n\t\t\t\t\t<\/div>\n\n\t\n\n\t<div id=\"col-286774775\" class=\"col medium-12 small-12 large-6 medium-col-first\"  >\n\t\t\t\t<div class=\"col-inner\"  >\n\t\t\t\n\t\t\t\n\n\t<div class=\"img has-hover rounded-edges x md-x lg-x y md-y lg-y\" id=\"image_217164543\">\n\t\t\t\t\t\t\t\t<div class=\"img-inner dark\" >\n\t\t\t<img loading=\"lazy\" decoding=\"async\" width=\"1000\" height=\"1340\" src=\"https:\/\/limodor.dev-web.at\/ch\/wp-content\/uploads\/sites\/3\/2023\/09\/61200-hoch.jpg\" class=\"attachment-original size-original\" alt=\"W\u00e4rmepumpe Serie WPL\" srcset=\"https:\/\/limodor.dev-web.at\/ch\/wp-content\/uploads\/sites\/3\/2023\/09\/61200-hoch.jpg 1000w, https:\/\/limodor.dev-web.at\/ch\/wp-content\/uploads\/sites\/3\/2023\/09\/61200-hoch-224x300.jpg 224w, https:\/\/limodor.dev-web.at\/ch\/wp-content\/uploads\/sites\/3\/2023\/09\/61200-hoch-764x1024.jpg 764w, https:\/\/limodor.dev-web.at\/ch\/wp-content\/uploads\/sites\/3\/2023\/09\/61200-hoch-768x1029.jpg 768w, https:\/\/limodor.dev-web.at\/ch\/wp-content\/uploads\/sites\/3\/2023\/09\/61200-hoch-510x683.jpg 510w\" sizes=\"auto, (max-width: 1000px) 100vw, 1000px\" \/>\t\t\t\t\t\t\n\t\t\t\t\t<\/div>\n\t\t\t\t\t\t\t\t\n<style>\n#image_217164543 {\n  width: 50%;\n}\n<\/style>\n\t<\/div>\n\t\n\n\n\t\t<\/div>\n\t\t\t\t\t<\/div>\n\n\t\n\n<\/div>\n\n\t\t<\/div>\n\n\t\t\n<style>\n#section_294582179 {\n  padding-top: 0px;\n  padding-bottom: 0px;\n}\n<\/style>\n\t<\/section>\n\t\n\t<section class=\"section\" id=\"section_2146713279\">\n\t\t<div class=\"bg section-bg fill bg-fill  bg-loaded\" >\n\n\t\t\t\n\t\t\t\n\t\t\t\n\t<div class=\"is-border\"\n\t\tstyle=\"border-color:rgb(0, 105, 180);border-width:3px 0px 3px 0px;\">\n\t<\/div>\n\n\t\t<\/div>\n\n\t\t\n\n\t\t<div class=\"section-content relative\">\n\t\t\t\n\n<div class=\"row row-collapse row-full-width align-center\"  id=\"row-572411648\">\n\n\n\t<div id=\"col-271103449\" class=\"col small-12 large-12\"  >\n\t\t\t\t<div class=\"col-inner text-center\"  >\n\t\t\t\n\t\t\t\n\n<h3>Vorteile<\/h3>\n<div class=\"icon-slider-container\"><div class=\"e5-slider-elements owl-carousel owl-theme\"><div class=\"e5-icon-container\"><div class=\"e5-icon-animation\"><div class=\"lottie-placeholder\" data-src=\"\/wp-content\/uploads\/2023\/08\/Frische-Luft-Haus.json\"><\/div><\/div><div class=\"e5-icon-text\"><span>Frische Luft im ganzen Haus<\/span><\/div><\/div><div class=\"e5-icon-container\"><div class=\"e5-icon-animation\"><div class=\"lottie-placeholder\" data-src=\"\/wp-content\/uploads\/2023\/08\/Energiekostenersparnis.json\"><\/div><\/div><div class=\"e5-icon-text\"><span>Energiekostenersparnis dank W\u00e4rmer\u00fcckgewinnung<\/span><\/div><\/div><div class=\"e5-icon-container\"><div class=\"e5-icon-animation\"><div class=\"lottie-placeholder\" data-src=\"\/wp-content\/uploads\/2023\/08\/Gesundes-Raumklima.json\"><\/div><\/div><div class=\"e5-icon-text\"><span>Gesundes Raumklima<\/span><\/div><\/div><div class=\"e5-icon-container\"><div class=\"e5-icon-animation\"><div class=\"lottie-placeholder\" data-src=\"\/wp-content\/uploads\/2023\/08\/Beseitigung-von-Feuchtigkeit.json\"><\/div><\/div><div class=\"e5-icon-text\"><span>Effektive Beseitigung von Feuchtigkeit<\/span><\/div><\/div><div class=\"e5-icon-container\"><div class=\"e5-icon-animation\"><div class=\"lottie-placeholder\" data-src=\"\/wp-content\/uploads\/2023\/08\/Intelligente-Sensorsteuerung-1.json\"><\/div><\/div><div class=\"e5-icon-text\"><span>Intelligente Sensoren f\u00fcr Temperatur &amp; Feuchte<\/span><\/div><\/div><\/div><div class=\"e5-slider-navigation\"><img decoding=\"async\" alt=\"Pfeil links\" class=\"arrow-left\" src=\"https:\/\/limodor.dev-web.at\/ch\/wp-content\/mu-plugins\/limodor\/images\/right-arrow.svg\" \/><img decoding=\"async\" alt=\"Pfeil rechts\" class=\"arrow-right\" src=\"https:\/\/limodor.dev-web.at\/ch\/wp-content\/mu-plugins\/limodor\/images\/right-arrow.svg\" \/><\/div><\/div>\n\n\n\t\t<\/div>\n\t\t\t\t\t<\/div>\n\n\t\n\n<\/div>\n\n\t\t<\/div>\n\n\t\t\n<style>\n#section_2146713279 {\n  padding-top: 40px;\n  padding-bottom: 40px;\n}\n<\/style>\n\t<\/section>\n\t\n\t<section class=\"section section-space\" id=\"section_952601507\">\n\t\t<div class=\"bg section-bg fill bg-fill  bg-loaded\" >\n\n\t\t\t\n\t\t\t\n\t\t\t\n\n\t\t<\/div>\n\n\t\t\n\n\t\t<div class=\"section-content relative\">\n\t\t\t\n\n<div class=\"row row-collapse align-middle\"  id=\"row-239951320\">\n\n\n\t<div id=\"col-1339327683\" class=\"col medium-12 small-12 large-6\"  >\n\t\t\t\t<div class=\"col-inner\"  >\n\t\t\t\n\t\t\t\n\n<h3>Effiziente L\u00fcftung f\u00fcr alle Anwendungen<\/h3>\n<p>Durch die moderne Bauweise wird die Geb\u00e4udeh\u00fclle immer dichter. Es muss also beim Luftaustausch sowohl auf effiziente Abf\u00fchrung verbrauchter Luft als auch sichergestellte Frischluftzufuhr geachtet werden. Nachhaltigkeit und Klimaschutz erfordern, m\u00f6glichst viel Energie einzusparen. Klassisches Fenster\u00f6ffnen ist neben Energieverschwendung zunehmend auch aus L\u00e4rmgr\u00fcnden problematisch. In immer \u00f6fter genutzten Kellern sind auch Schimmelbildung und Modergeruch ein Thema. All diese Anforderungen ber\u00fccksichtigt eine Zentrall\u00fcftung. W\u00e4hrend der Heizperiode bietet sie durch ihren hohen W\u00e4rmer\u00fcckgewinnungsgrad und sehr niedrige Leistungsaufnahme ein hohes Mass an Energieeinsparung. Ausserhalb der Heizperiode kann die Anlage auf reine Bedarfsl\u00fcftung umgeschaltet werden.<\/p>\n\n\t\t<\/div>\n\t\t\t\t\n<style>\n#col-1339327683 > .col-inner {\n  padding: 20px 15px 0px 15px;\n}\n@media (min-width:550px) {\n  #col-1339327683 > .col-inner {\n    padding: 20px 20px 0px 20px;\n  }\n}\n@media (min-width:850px) {\n  #col-1339327683 > .col-inner {\n    padding: 0px 40px 0px 20px;\n  }\n}\n<\/style>\n\t<\/div>\n\n\t\n\n\t<div id=\"col-1628803924\" class=\"col medium-12 small-12 large-6 medium-col-first\"  >\n\t\t\t\t<div class=\"col-inner\"  >\n\t\t\t\n\t\t\t\n\n\t<div class=\"img has-hover rounded-edges x md-x lg-x y md-y lg-y\" id=\"image_2045346477\">\n\t\t\t\t\t\t\t\t<div class=\"img-inner image-cover dark\" style=\"padding-top:56.25%;\">\n\t\t\t<img loading=\"lazy\" decoding=\"async\" width=\"2560\" height=\"1707\" src=\"https:\/\/limodor.dev-web.at\/ch\/wp-content\/uploads\/sites\/3\/2023\/10\/20230928-Homepage-Bilder-Limodor-14-scaled-1.jpg\" class=\"attachment-original size-original\" alt=\"\" srcset=\"https:\/\/limodor.dev-web.at\/ch\/wp-content\/uploads\/sites\/3\/2023\/10\/20230928-Homepage-Bilder-Limodor-14-scaled-1.jpg 2560w, https:\/\/limodor.dev-web.at\/ch\/wp-content\/uploads\/sites\/3\/2023\/10\/20230928-Homepage-Bilder-Limodor-14-scaled-1-300x200.jpg 300w, https:\/\/limodor.dev-web.at\/ch\/wp-content\/uploads\/sites\/3\/2023\/10\/20230928-Homepage-Bilder-Limodor-14-scaled-1-1024x683.jpg 1024w, https:\/\/limodor.dev-web.at\/ch\/wp-content\/uploads\/sites\/3\/2023\/10\/20230928-Homepage-Bilder-Limodor-14-scaled-1-768x512.jpg 768w, https:\/\/limodor.dev-web.at\/ch\/wp-content\/uploads\/sites\/3\/2023\/10\/20230928-Homepage-Bilder-Limodor-14-scaled-1-1536x1024.jpg 1536w, https:\/\/limodor.dev-web.at\/ch\/wp-content\/uploads\/sites\/3\/2023\/10\/20230928-Homepage-Bilder-Limodor-14-scaled-1-2048x1366.jpg 2048w, https:\/\/limodor.dev-web.at\/ch\/wp-content\/uploads\/sites\/3\/2023\/10\/20230928-Homepage-Bilder-Limodor-14-scaled-1-510x340.jpg 510w\" sizes=\"auto, (max-width: 2560px) 100vw, 2560px\" \/>\t\t\t\t\t\t\n\t\t\t\t\t<\/div>\n\t\t\t\t\t\t\t\t\n<style>\n#image_2045346477 {\n  width: 100%;\n}\n<\/style>\n\t<\/div>\n\t\n\n\n\t\t<\/div>\n\t\t\t\t\t<\/div>\n\n\t\n\n<\/div>\n\n\t\t<\/div>\n\n\t\t\n<style>\n#section_952601507 {\n  padding-top: 0px;\n  padding-bottom: 0px;\n}\n<\/style>\n\t<\/section>\n\t\n\t<section class=\"section\" id=\"section_298291125\">\n\t\t<div class=\"bg section-bg fill bg-fill  bg-loaded\" >\n\n\t\t\t\n\t\t\t\n\t\t\t\n\n\t\t<\/div>\n\n\t\t\n\n\t\t<div class=\"section-content relative\">\n\t\t\t\n\n<div class=\"row row-collapse\"  id=\"row-621426682\">\n\n\n\t<div id=\"col-1968886900\" class=\"col small-12 large-12\"  >\n\t\t\t\t<div class=\"col-inner\"  >\n\t\t\t\n\t\t\t\n\n<div class=\"e5-accordion-container\"><div class=\"e5-accordion-category-container\"><h3 class=\"e5-accordion accordion-header single-category\" data-categories=\"Zentrall\u00fcftungssystem\">FAQ zum Thema Zentrall\u00fcftungssystem<\/h3><div class=\"e5-accordion e5-accordion-article\" id=\"e5Anchorsind-brand-und-rauchausbreitung-ueber-zentrallueftungen-moeglich\" data-categories=\"B\u00fcro,L\u00fcftungssysteme,Zentrall\u00fcftungssystem\"><a href=\"#\" class=\"details-link accent\"><div class=\"e5-accordion-title-container\"><span class=\"e5-accordion-title\">Sind Brand- und Rauchausbreitung \u00fcber Zentrall\u00fcftungen m\u00f6glich?<\/span><svg xmlns=\"http:\/\/www.w3.org\/2000\/svg\" width=\"20\" height=\"17\" class=\"polygon\" viewBox=\"0 0 20 17\"><path id=\"Polygon_6\" data-name=\"Polygon 6\" d=\"M9.138,1.465a1,1,0,0,1,1.724,0l8.252,14.028A1,1,0,0,1,18.252,17H1.748a1,1,0,0,1-.862-1.507Z\" transform=\"translate(20 17) rotate(180)\" fill=\"#0069b4\"\/><\/svg><\/div><\/a><div class=\"row dropdown-content\"><p>Damit sich Feuer und Rauch bei einem Brand nicht \u00fcber die Abluftkan\u00e4le einer Zentrall\u00fcftung ausbreiten, schreibt die Bauordnung genormte und von unabh\u00e4ngigen Pr\u00fcfstellen auf ihre Funktion und Wirkung getestete Schutzeinrichtungen und einzuhaltende Installationsprinzipien vor. Dazu z\u00e4hlen vor allem Kaltrauchsperren und Brandschutzschotts bzw. -klappen. Sie sind im Leitungsnetz eingebaut, wartungsfrei und verschliessen im Brandfall automatisch und sicher das Rohr. Eine Sogwirkung durch die herrschenden temperaturbedingten Druckunterschiede wird damit unterbunden.<\/p>\n<p>Brandschutzschotts bzw. -klappen trennen den von einem Brand betroffenen Raum, indem das aus ihm herausf\u00fchrende Abluftrohr hitzebest\u00e4ndig ab einer bestimmten Temeperatur verriegelt wird und der Brand sich so nicht im restlichen Rohrsystem ausbreiten kann. Kaltrauchsperren verhindern bei L\u00fcftungsger\u00e4ten in den anderen R\u00e4umen das Eindringen von Rauch und D\u00e4mpfen. Sie sind standardm\u00e4ssig durch eine Feder geschlossen und werden nur bei Betrieb der L\u00fcfter durch den aus dem Raum herausf\u00fchrenden Luftstrom ge\u00f6ffnet. So ist stets Schutz vor Rauch aus dem Rohrsystem in nicht vom Brand betroffenen Bereichen gew\u00e4hrleistet.<\/p>\n<p>Einrohrl\u00fcftungssysteme und Ventilatoren m\u00fcssen fachm\u00e4nnisch und den Bauvorschriften entsprechend eingebaut werden, um diese lebensrettenden Sicherheit zu gew\u00e4hrleisten. Brandschutzschotts und Kaltrauchsperren sind bei LIMODOR als Zubeh\u00f6rteile im Prdouktprogramm enthalten und entsprechen h\u00f6chsten Sicherstandards. Beim LIMODOR Einrohrl\u00fcftungssystem sind die Brandschutzvorrichtungen bereits im L\u00fcftergeh\u00e4use integriert.<\/p>\n<\/div><\/div><div class=\"e5-accordion e5-accordion-article\" id=\"e5Anchorwie-wird-ein-zentrallueftungssystem-gesteuert\" data-categories=\"B\u00fcro,L\u00fcftungssysteme,Zentrall\u00fcftungssystem\"><a href=\"#\" class=\"details-link accent\"><div class=\"e5-accordion-title-container\"><span class=\"e5-accordion-title\">Wie wird ein Zentrall\u00fcftungssystem gesteuert?<\/span><svg xmlns=\"http:\/\/www.w3.org\/2000\/svg\" width=\"20\" height=\"17\" class=\"polygon\" viewBox=\"0 0 20 17\"><path id=\"Polygon_6\" data-name=\"Polygon 6\" d=\"M9.138,1.465a1,1,0,0,1,1.724,0l8.252,14.028A1,1,0,0,1,18.252,17H1.748a1,1,0,0,1-.862-1.507Z\" transform=\"translate(20 17) rotate(180)\" fill=\"#0069b4\"\/><\/svg><\/div><\/a><div class=\"row dropdown-content\"><p>Die Steuerung einer Zentrall\u00fcftung hat je nach konkreter Ausf\u00fchrung verschiedene Funktionen. Beim AquaVent System werden f\u00fcr den Grundlastbetrieb durch ein im Elektroschaltkasten angebrachtes Steuerelement die zentrale Frischluftzufuhr und mehrere dezentrale Abluftger\u00e4te wie die LIMODOR M Einrohrl\u00fcfter optimal aufeinander abgestimmt geregelt. \u00dcber die Zentralsteuerung werden auch Bedarfsl\u00fcftung, Partybetrieb oder Sommerbetrieb eingestellt. Abluftelemente sind in jedem Raum zus\u00e4tzlich einzeln steuerbar. Sie k\u00f6nnen etwa im Bad mit einem Feuchtesensor oder auf der Toilette mittels Bewegungssensor f\u00fcr kurze Zeit von Grundlast auf Volllast geschaltet und so ihre jeweiligen L\u00fcftungsaufgabe rasch abarbeiten.<\/p>\n<p>Ein Spezialfall ist die LimDry Kellerl\u00fcftung: Hier erh\u00e4lt die Steuerung Messsignale von Feuchtigkeits- und Temperatursensoren, die im Keller und im Aussenbereich lokalisiert sind. Abh\u00e4ngig von diesen Signalen wird bei optimalen Verh\u00e4ltnissen die Kellertrocknung aktiviert. Aber auch hier kann, beispielsweise beim LIMODOR M-EC Einrohrl\u00fcftungssystem mit Feuchtemodul etwa der feuchte Luftschwall einer Sauna rasch mit voller Leistung abgesaugt werden. Schimmelbildung und Kellerfeuchtigkeit werden durch diese Kombination aus energiesparendem Grundlastbetreib und kurzfristiger Bedarfsl\u00fcftung bei Volllast optimal verhindert.<\/p>\n<\/div><\/div><div class=\"e5-accordion e5-accordion-article\" id=\"e5Anchorwie-flexibel-sind-zentrallueftungssysteme\" data-categories=\"L\u00fcftungssysteme,Zentrall\u00fcftungssystem\"><a href=\"#\" class=\"details-link accent\"><div class=\"e5-accordion-title-container\"><span class=\"e5-accordion-title\">Wie flexibel sind Zentrall\u00fcftungssysteme?<\/span><svg xmlns=\"http:\/\/www.w3.org\/2000\/svg\" width=\"20\" height=\"17\" class=\"polygon\" viewBox=\"0 0 20 17\"><path id=\"Polygon_6\" data-name=\"Polygon 6\" d=\"M9.138,1.465a1,1,0,0,1,1.724,0l8.252,14.028A1,1,0,0,1,18.252,17H1.748a1,1,0,0,1-.862-1.507Z\" transform=\"translate(20 17) rotate(180)\" fill=\"#0069b4\"\/><\/svg><\/div><\/a><div class=\"row dropdown-content\"><p>Der Vorteil einer zentral gesteuerten Wohnrauml\u00fcftung ist ein im ganzen Wohnbereich optimales Wohlf\u00fchlklima. Dabei laufen die angeschlossen Zuluft- und Abluftger\u00e4te auf einer permanten, sehr energiesparenden Grundlaststufe. Jedes dieser L\u00fcftungsger\u00e4te kann aber individuell mittels Nachlaufrelais, Feuchtesteuerung, Bewegungsmelder o.\u00e4. in andere Betriebsstufen geschaltet werden. Bei WC-Entl\u00fcftern oder Badl\u00fcftungen werden etwa so die jeweiligen L\u00fcftungselemente an den r\u00e4umlich und zeitlich optimalen Betriebsmodus angepasst. Gro\u00dfer Vorteil dabei: Zu- und Abluft werden nicht einfach durch Hauswand gef\u00fchrt, sondern zuerst \u00fcber den W\u00e4rmetauscher. Damit temperiert die ansonsten verloren gehende W\u00e4rmeenergie der Abluft die eintretende Frischluft. Jedes Mal ein kleiner, in Summe aber gro\u00dfer Beitrag zu Klimaschutz und Heizkostensenkung.<\/p>\n<p>Das AirClean-System bietet au\u00dferdem Winter- und Sommermodus sowie den &#8222;Partybetrieb&#8220;. Dieser sorgt bei vielen Besuchern gleichzeitig durch erh\u00f6hte L\u00fcftungsleistung daf\u00fcr, dass Temperatur, Luftfeuchtigkeit und Frischluftzufuhr f\u00fcr alle angenehm bleiben. Maximale Flexibilit\u00e4t ist also bei einer kontrollierten Wohnrauml\u00fcftung von Limodor immer sichergestellt.<\/p>\n<\/div><\/div><\/div><\/div>\n\n\n\t\t<\/div>\n\t\t\t\t\n<style>\n#col-1968886900 > .col-inner {\n  padding: 0px 10px 0px 10px;\n}\n@media (min-width:550px) {\n  #col-1968886900 > .col-inner {\n    padding: 0px 20px 0px 20px;\n  }\n}\n<\/style>\n\t<\/div>\n\n\t\n\n<\/div>\n\n\t\t<\/div>\n\n\t\t\n<style>\n#section_298291125 {\n  padding-top: 0px;\n  padding-bottom: 0px;\n}\n<\/style>\n\t<\/section>\n\t\n\n\t<section class=\"section\" id=\"section_542834597\">\n\t\t<div class=\"bg section-bg fill bg-fill  bg-loaded\" >\n\n\t\t\t\n\t\t\t\n\t\t\t\n\n\t\t<\/div>\n\n\t\t\n\n\t\t<div class=\"section-content relative\">\n\t\t\t\n\n<div class=\"row row-collapse align-middle align-right ventilation-system-overview\"  id=\"row-1851578168\">\n\n\n\t<div id=\"col-2097558859\" class=\"col medium-6 small-12 large-3\"  >\n\t\t\t\t<div class=\"col-inner\"  >\n\t\t\t\n\t\t\t\n\n\t<div id=\"text-2299205171\" class=\"text\">\n\t\t\n\n<p class=\"sub-headline\">Nicht das Richtige gefunden?<\/p>\n\t\t\n<style>\n#text-2299205171 {\n  text-align: center;\n}\n@media (min-width:550px) {\n  #text-2299205171 {\n    text-align: right;\n  }\n}\n<\/style>\n\t<\/div>\n\t\n\n\t\t<\/div>\n\t\t\t\t\t<\/div>\n\n\t\n\n\t<div id=\"col-1969846198\" class=\"col medium-6 small-12 large-3\"  >\n\t\t\t\t<div class=\"col-inner text-center\"  >\n\t\t\t\n\t\t\t\n\n<a href=\"\/ch\/lueftungssysteme\" target=\"_self\" class=\"button primary is-outline is-small\"  style=\"border-radius:10px;\">\n    <span>zur\u00fcck zur \u00dcbersicht<\/span>\n  <\/a>\n\n\n\n\t\t<\/div>\n\t\t\t\t\n<style>\n#col-1969846198 > .col-inner {\n  padding: 0px 0px 0px 0px;\n  margin: 20px 0px 0px 0px;\n}\n@media (min-width:550px) {\n  #col-1969846198 > .col-inner {\n    padding: 0px 0px 0px 30px;\n    margin: 0px 0px 0px 0px;\n  }\n}\n<\/style>\n\t<\/div>\n\n\t\n\n<\/div>\n\n\n\t\t<\/div>\n\n\t\t\n<style>\n#section_542834597 {\n  padding-top: 40px;\n  padding-bottom: 40px;\n}\n<\/style>\n\t<\/section>\n\t\n\n","protected":false},"excerpt":{"rendered":"","protected":false},"author":1,"featured_media":0,"parent":725,"menu_order":0,"comment_status":"closed","ping_status":"closed","template":"page-blank.php","meta":{"footnotes":""},"class_list":["post-35","page","type-page","status-publish","hentry"],"acf":[],"yoast_head":"<!-- This site is optimized with the Yoast SEO plugin v27.3 - https:\/\/yoast.com\/product\/yoast-seo-wordpress\/ -->\n<title>L\u00fcftung mit effizienter W\u00e4rmer\u00fcckgewinnung<\/title>\n<meta name=\"description\" content=\"Mit einem Zentrall\u00fcftungssystem schaffen Sie das optimale Klima f\u00fcr alle R\u00e4ume.\" \/>\n<meta name=\"robots\" content=\"noindex, follow, max-snippet:-1, max-image-preview:large, max-video-preview:-1\" \/>\n<meta property=\"og:locale\" content=\"de_DE\" \/>\n<meta property=\"og:type\" content=\"article\" \/>\n<meta property=\"og:title\" content=\"L\u00fcftung mit effizienter W\u00e4rmer\u00fcckgewinnung\" \/>\n<meta property=\"og:description\" content=\"Mit einem Zentrall\u00fcftungssystem schaffen Sie das optimale Klima f\u00fcr alle R\u00e4ume.\" \/>\n<meta property=\"og:url\" content=\"https:\/\/limodor.dev-web.at\/ch\/lueftungen\/lueftungssysteme\/zentrallueftungssystem\/\" \/>\n<meta property=\"og:site_name\" content=\"Limodor CH\" \/>\n<meta property=\"article:modified_time\" content=\"2025-09-16T13:07:13+00:00\" \/>\n<meta name=\"twitter:card\" content=\"summary_large_image\" \/>\n<meta name=\"twitter:label1\" content=\"Gesch\u00e4tzte Lesezeit\" \/>\n\t<meta name=\"twitter:data1\" content=\"2\u00a0Minuten\" \/>\n<script type=\"application\/ld+json\" class=\"yoast-schema-graph\">{\"@context\":\"https:\\\/\\\/schema.org\",\"@graph\":[{\"@type\":\"WebPage\",\"@id\":\"https:\\\/\\\/limodor.dev-web.at\\\/ch\\\/lueftungen\\\/lueftungssysteme\\\/zentrallueftungssystem\\\/\",\"url\":\"https:\\\/\\\/limodor.dev-web.at\\\/ch\\\/lueftungen\\\/lueftungssysteme\\\/zentrallueftungssystem\\\/\",\"name\":\"L\u00fcftung mit effizienter W\u00e4rmer\u00fcckgewinnung\",\"isPartOf\":{\"@id\":\"https:\\\/\\\/limodor.dev-web.at\\\/ch\\\/#website\"},\"datePublished\":\"2023-07-17T15:00:11+00:00\",\"dateModified\":\"2025-09-16T13:07:13+00:00\",\"description\":\"Mit einem Zentrall\u00fcftungssystem schaffen Sie das optimale Klima f\u00fcr alle R\u00e4ume.\",\"breadcrumb\":{\"@id\":\"https:\\\/\\\/limodor.dev-web.at\\\/ch\\\/lueftungen\\\/lueftungssysteme\\\/zentrallueftungssystem\\\/#breadcrumb\"},\"inLanguage\":\"de\",\"potentialAction\":[{\"@type\":\"ReadAction\",\"target\":[\"https:\\\/\\\/limodor.dev-web.at\\\/ch\\\/lueftungen\\\/lueftungssysteme\\\/zentrallueftungssystem\\\/\"]}]},{\"@type\":\"BreadcrumbList\",\"@id\":\"https:\\\/\\\/limodor.dev-web.at\\\/ch\\\/lueftungen\\\/lueftungssysteme\\\/zentrallueftungssystem\\\/#breadcrumb\",\"itemListElement\":[{\"@type\":\"ListItem\",\"position\":1,\"name\":\"Startseite\",\"item\":\"https:\\\/\\\/limodor.dev-web.at\\\/ch\\\/\"},{\"@type\":\"ListItem\",\"position\":2,\"name\":\"L\u00f6sungen\",\"item\":\"https:\\\/\\\/limodor.dev-web.at\\\/ch\\\/lueftungen\\\/\"},{\"@type\":\"ListItem\",\"position\":3,\"name\":\"L\u00fcftungssysteme\",\"item\":\"https:\\\/\\\/limodor.dev-web.at\\\/ch\\\/lueftungen\\\/lueftungssysteme\\\/\"},{\"@type\":\"ListItem\",\"position\":4,\"name\":\"Zentrall\u00fcftungssystem\"}]},{\"@type\":\"WebSite\",\"@id\":\"https:\\\/\\\/limodor.dev-web.at\\\/ch\\\/#website\",\"url\":\"https:\\\/\\\/limodor.dev-web.at\\\/ch\\\/\",\"name\":\"Limodor CH\",\"description\":\"\",\"potentialAction\":[{\"@type\":\"SearchAction\",\"target\":{\"@type\":\"EntryPoint\",\"urlTemplate\":\"https:\\\/\\\/limodor.dev-web.at\\\/ch\\\/?s={search_term_string}\"},\"query-input\":{\"@type\":\"PropertyValueSpecification\",\"valueRequired\":true,\"valueName\":\"search_term_string\"}}],\"inLanguage\":\"de\"}]}<\/script>\n<!-- \/ Yoast SEO plugin. -->","yoast_head_json":{"title":"L\u00fcftung mit effizienter W\u00e4rmer\u00fcckgewinnung","description":"Mit einem Zentrall\u00fcftungssystem schaffen Sie das optimale Klima f\u00fcr alle R\u00e4ume.","robots":{"index":"noindex","follow":"follow","max-snippet":"max-snippet:-1","max-image-preview":"max-image-preview:large","max-video-preview":"max-video-preview:-1"},"og_locale":"de_DE","og_type":"article","og_title":"L\u00fcftung mit effizienter W\u00e4rmer\u00fcckgewinnung","og_description":"Mit einem Zentrall\u00fcftungssystem schaffen Sie das optimale Klima f\u00fcr alle R\u00e4ume.","og_url":"https:\/\/limodor.dev-web.at\/ch\/lueftungen\/lueftungssysteme\/zentrallueftungssystem\/","og_site_name":"Limodor CH","article_modified_time":"2025-09-16T13:07:13+00:00","twitter_card":"summary_large_image","twitter_misc":{"Gesch\u00e4tzte Lesezeit":"2\u00a0Minuten"},"schema":{"@context":"https:\/\/schema.org","@graph":[{"@type":"WebPage","@id":"https:\/\/limodor.dev-web.at\/ch\/lueftungen\/lueftungssysteme\/zentrallueftungssystem\/","url":"https:\/\/limodor.dev-web.at\/ch\/lueftungen\/lueftungssysteme\/zentrallueftungssystem\/","name":"L\u00fcftung mit effizienter W\u00e4rmer\u00fcckgewinnung","isPartOf":{"@id":"https:\/\/limodor.dev-web.at\/ch\/#website"},"datePublished":"2023-07-17T15:00:11+00:00","dateModified":"2025-09-16T13:07:13+00:00","description":"Mit einem Zentrall\u00fcftungssystem schaffen Sie das optimale Klima f\u00fcr alle R\u00e4ume.","breadcrumb":{"@id":"https:\/\/limodor.dev-web.at\/ch\/lueftungen\/lueftungssysteme\/zentrallueftungssystem\/#breadcrumb"},"inLanguage":"de","potentialAction":[{"@type":"ReadAction","target":["https:\/\/limodor.dev-web.at\/ch\/lueftungen\/lueftungssysteme\/zentrallueftungssystem\/"]}]},{"@type":"BreadcrumbList","@id":"https:\/\/limodor.dev-web.at\/ch\/lueftungen\/lueftungssysteme\/zentrallueftungssystem\/#breadcrumb","itemListElement":[{"@type":"ListItem","position":1,"name":"Startseite","item":"https:\/\/limodor.dev-web.at\/ch\/"},{"@type":"ListItem","position":2,"name":"L\u00f6sungen","item":"https:\/\/limodor.dev-web.at\/ch\/lueftungen\/"},{"@type":"ListItem","position":3,"name":"L\u00fcftungssysteme","item":"https:\/\/limodor.dev-web.at\/ch\/lueftungen\/lueftungssysteme\/"},{"@type":"ListItem","position":4,"name":"Zentrall\u00fcftungssystem"}]},{"@type":"WebSite","@id":"https:\/\/limodor.dev-web.at\/ch\/#website","url":"https:\/\/limodor.dev-web.at\/ch\/","name":"Limodor CH","description":"","potentialAction":[{"@type":"SearchAction","target":{"@type":"EntryPoint","urlTemplate":"https:\/\/limodor.dev-web.at\/ch\/?s={search_term_string}"},"query-input":{"@type":"PropertyValueSpecification","valueRequired":true,"valueName":"search_term_string"}}],"inLanguage":"de"}]}},"_links":{"self":[{"href":"https:\/\/limodor.dev-web.at\/ch\/wp-json\/wp\/v2\/pages\/35","targetHints":{"allow":["GET"]}}],"collection":[{"href":"https:\/\/limodor.dev-web.at\/ch\/wp-json\/wp\/v2\/pages"}],"about":[{"href":"https:\/\/limodor.dev-web.at\/ch\/wp-json\/wp\/v2\/types\/page"}],"author":[{"embeddable":true,"href":"https:\/\/limodor.dev-web.at\/ch\/wp-json\/wp\/v2\/users\/1"}],"replies":[{"embeddable":true,"href":"https:\/\/limodor.dev-web.at\/ch\/wp-json\/wp\/v2\/comments?post=35"}],"version-history":[{"count":4,"href":"https:\/\/limodor.dev-web.at\/ch\/wp-json\/wp\/v2\/pages\/35\/revisions"}],"predecessor-version":[{"id":12367,"href":"https:\/\/limodor.dev-web.at\/ch\/wp-json\/wp\/v2\/pages\/35\/revisions\/12367"}],"up":[{"embeddable":true,"href":"https:\/\/limodor.dev-web.at\/ch\/wp-json\/wp\/v2\/pages\/725"}],"wp:attachment":[{"href":"https:\/\/limodor.dev-web.at\/ch\/wp-json\/wp\/v2\/media?parent=35"}],"curies":[{"name":"wp","href":"https:\/\/api.w.org\/{rel}","templated":true}]}}