{"id":583,"date":"2023-08-21T09:23:56","date_gmt":"2023-08-21T07:23:56","guid":{"rendered":"https:\/\/limodor.dev-web.at\/ch\/lueftungsglossar\/"},"modified":"2023-10-23T11:35:51","modified_gmt":"2023-10-23T09:35:51","slug":"lueftungsglossar","status":"publish","type":"page","link":"https:\/\/limodor.dev-web.at\/ch\/lueftungsglossar\/","title":{"rendered":"L\u00fcftungsglossar"},"content":{"rendered":"\n\t<section class=\"section wave\" id=\"section_182531339\">\n\t\t<div class=\"bg section-bg fill bg-fill  \" >\n\n\t\t\t\n\t\t\t\n\t\t\t\n\n\t\t<\/div>\n\n\t\t\n\n\t\t<div class=\"section-content relative\">\n\t\t\t\n\n\n\t\t<\/div>\n\n\t\t\n<style>\n#section_182531339 {\n  padding-top: 0px;\n  padding-bottom: 0px;\n  min-height: 50vh;\n}\n#section_182531339 .section-bg.bg-loaded {\n  background-image: url(https:\/\/limodor.dev-web.at\/ch\/wp-content\/uploads\/sites\/3\/2023\/10\/Limodor_Beratung.jpg);\n}\n#section_182531339 .section-bg {\n  background-position: 43% 100%;\n}\n@media (min-width:850px) {\n  #section_182531339 {\n    min-height: 50vh;\n  }\n}\n<\/style>\n\t<\/section>\n\t\n\t<section class=\"section section-space\" id=\"section_1018615519\">\n\t\t<div class=\"bg section-bg fill bg-fill  bg-loaded\" >\n\n\t\t\t\n\t\t\t\n\t\t\t\n\n\t\t<\/div>\n\n\t\t\n\n\t\t<div class=\"section-content relative\">\n\t\t\t\n\n<div class=\"row row-collapse align-center\"  id=\"row-28152506\">\n\n\n\t<div id=\"col-986384836\" class=\"col medium-8 small-12 large-8\"  >\n\t\t\t\t<div class=\"col-inner text-center\"  >\n\t\t\t\n\t\t\t\n\n<h1>L\u00fcftungsglossar<\/h1>\n<p>Von \u00abA\u00bb wie Abluft bis \u00abZ\u00bb wie Zuluft. Die wichtigsten Begriffe aus der L\u00fcftungstechnik<\/p>\n\n\t\t<\/div>\n\t\t\t\t\n<style>\n#col-986384836 > .col-inner {\n  padding: 0px 20px 0px 20px;\n}\n<\/style>\n\t<\/div>\n\n\t\n\n<\/div>\n\n\t\t<\/div>\n\n\t\t\n<style>\n#section_1018615519 {\n  padding-top: 0px;\n  padding-bottom: 0px;\n}\n<\/style>\n\t<\/section>\n\t\n\t<section class=\"section\" id=\"section_19968064\">\n\t\t<div class=\"bg section-bg fill bg-fill  bg-loaded\" >\n\n\t\t\t\n\t\t\t\n\t\t\t\n\n\t\t<\/div>\n\n\t\t\n\n\t\t<div class=\"section-content relative\">\n\t\t\t\n\n<div class=\"row\"  id=\"row-1893844042\">\n\n\n\t<div id=\"col-1081635607\" class=\"col small-12 large-12\"  >\n\t\t\t\t<div class=\"col-inner\"  >\n\t\t\t\n\t\t\t\n\n<div class=\"glossary-container\"><div class=\"letters-container\"><div class=\"letter\" id=\"e5AnchorA\"><span>A<\/span><\/div><div class=\"letter\" id=\"e5AnchorB\"><span>B<\/span><\/div><div class=\"letter\" id=\"e5AnchorD\"><span>D<\/span><\/div><div class=\"letter\" id=\"e5AnchorE\"><span>E<\/span><\/div><div class=\"letter\" id=\"e5AnchorF\"><span>F<\/span><\/div><div class=\"letter\" id=\"e5AnchorI\"><span>I<\/span><\/div><div class=\"letter\" id=\"e5AnchorL\"><span>L<\/span><\/div><div class=\"letter\" id=\"e5AnchorM\"><span>M<\/span><\/div><div class=\"letter\" id=\"e5AnchorN\"><span>N<\/span><\/div><div class=\"letter\" id=\"e5AnchorQ\"><span>Q<\/span><\/div><div class=\"letter\" id=\"e5AnchorS\"><span>S<\/span><\/div><div class=\"letter\" id=\"e5AnchorT\"><span>T<\/span><\/div><div class=\"letter\" id=\"e5AnchorW\"><span>W<\/span><\/div><div class=\"letter\" id=\"e5AnchorZ\"><span>Z<\/span><\/div><div class=\"letter\" id=\"e5Anchor\u00dc\"><span>\u00dc<\/span><\/div><\/div><div class=\"horizontal-break\"><\/div><div class=\"definitions-container\"><div class=\"definitionsByLetter\" data-letter=\"A\"><span class=\"definitions-header\">A<\/span><div class=\"definition-wrapper\"><div class=\"definition\"><span class=\"title\">Abluft<\/span><span class=\"description\">Abluft ist aus dem Raum abgef\u00fchrte Luft.<\/span><\/div><div class=\"definition\"><span class=\"title\">Aussenluft-Volumenstrom<\/span><span class=\"description\">Die gesamte aus dem Freien angesaugte frische Aussenluft [in m\u00b3\/h].<\/span><\/div><div class=\"definition\"><span class=\"title\">Aussenluftdurchlass<\/span><span class=\"description\">Ein Aussenluftdurchlass gibt es speziell f\u00fcr den Einbau in Fenster, Decke und Wand. Es funktioniert nach dem Prinizip der Unterdruckregelung und garantiert so eine optimale Lufteinstr\u00f6mung. Oftmals wird auch der Begriff Zuluftelement verwendet.<\/span><\/div><\/div><\/div><div class=\"definitionsByLetter\" data-letter=\"B\"><span class=\"definitions-header\">B<\/span><div class=\"definition-wrapper\"><div class=\"definition\"><span class=\"title\">Bedarfsgerechte L\u00fcftung<\/span><span class=\"description\">Ventilatorgest\u00fctzte L\u00fcftung, bei der die Luftmenge an den Bedarf (anwesend, abwesend, Intensiv bzw. Party) angepasst wird (h\u00e4ndisch oder automatisch).<\/span><\/div><div class=\"definition\"><span class=\"title\">Bypass<\/span><span class=\"description\">\u00dcber den Bypass wird der W\u00e4rmetauscher des L\u00fcftungsger\u00e4tes umgangen (Sommerbetrieb).<\/span><\/div><\/div><\/div><div class=\"definitionsByLetter\" data-letter=\"D\"><span class=\"definitions-header\">D<\/span><div class=\"definition-wrapper\"><div class=\"definition\"><span class=\"title\">Durchlass<\/span><span class=\"description\">Vorrichtung, durch die die Luft in den Raum str\u00f6mt bzw. aus dem Raum abgef\u00fchrt wird (Ventile)<\/span><\/div><\/div><\/div><div class=\"definitionsByLetter\" data-letter=\"E\"><span class=\"definitions-header\">E<\/span><div class=\"definition-wrapper\"><div class=\"definition\"><span class=\"title\">Entfeuchten<\/span><span class=\"description\">Verringern der absoluten Luftfeuchte.<\/span><\/div><\/div><\/div><div class=\"definitionsByLetter\" data-letter=\"F\"><span class=\"definitions-header\">F<\/span><div class=\"definition-wrapper\"><div class=\"definition\"><span class=\"title\">Fensterl\u00fcftung<\/span><span class=\"description\">Austausch von Raumluft gegen Aussenluft nur \u00fcber ge\u00f6ffnete oder gekippte Fenster, der Luftaustausch ist unkontrollierbar.<\/span><\/div><div class=\"definition\"><span class=\"title\">Fortluft<\/span><span class=\"description\">Die ins Freie abgef\u00fchrte, abgek\u00fchlte Abluftmenge.<\/span><\/div><div class=\"definition\"><span class=\"title\">Fugenl\u00fcftung<\/span><span class=\"description\">Freie L\u00fcftung \u00fcber baulich bedingte Fugen, z.B. Fenster und T\u00fcren, durch Wind- und Temperaturunterschiede.<\/span><\/div><\/div><\/div><div class=\"definitionsByLetter\" data-letter=\"I\"><span class=\"definitions-header\">I<\/span><div class=\"definition-wrapper\"><div class=\"definition\"><span class=\"title\">Infiltration<\/span><span class=\"description\">Durch Undichtheiten in der Geb\u00e4udeh\u00fclle ein- und austretende Luftmengen.<\/span><\/div><div class=\"definition\"><span class=\"title\">Intensivl\u00fcftung<\/span><span class=\"description\">Zeitweilig erh\u00f6hter Luftvolumenstrom zum Abbau einer verst\u00e4rktem Feuchtigkeits- oder Geruchsbel\u00e4stigung (Kochen, Party, ...).<\/span><\/div><\/div><\/div><div class=\"definitionsByLetter\" data-letter=\"L\"><span class=\"definitions-header\">L<\/span><div class=\"definition-wrapper\"><div class=\"definition\"><span class=\"title\">Luftfeuchte, relative (relative Luftfeuchte (r.F.))<\/span><span class=\"description\">Verh\u00e4ltnis des momentanen Wasserdampfanteils der Luft, bezogen auf den gr\u00f6sstm\u00f6glichen Wert bei entsprechender Temperatur [in % r.F.].<\/span><\/div><div class=\"definition\"><span class=\"title\">Luftvolumenstrom<\/span><span class=\"description\">Str\u00f6mung der von der RLT-Anlage gef\u00f6rderte Luft in m\u00b3\/h.<\/span><\/div><div class=\"definition\"><span class=\"title\">Luftwechsel<\/span><span class=\"description\">Pro Stunde ausgetauschtes Luftvolumen f\u00fcr einen Raum in 1\/h.<\/span><\/div><div class=\"definition\"><span class=\"title\">L\u00fcftung<\/span><span class=\"description\">Austausch von Raumluft gegen Aussenluft.<\/span><\/div><\/div><\/div><div class=\"definitionsByLetter\" data-letter=\"M\"><span class=\"definitions-header\">M<\/span><div class=\"definition-wrapper\"><div class=\"definition\"><span class=\"title\">Mindest-Luftwechsel<\/span><span class=\"description\">Aus physiologischen Gr\u00fcnden vorgeschriebener kleinster Luftwechsel.<\/span><\/div><\/div><\/div><div class=\"definitionsByLetter\" data-letter=\"N\"><span class=\"definitions-header\">N<\/span><div class=\"definition-wrapper\"><div class=\"definition\"><span class=\"title\">Nennl\u00fcftung<\/span><span class=\"description\">Notwendiger Luftvolumenstrom nach DIN 1946-6 zur Gew\u00e4hrleistung der hygienischen Anforderungen sowie der Sicherstellung des Bautenschutzes bei Anwesenheit der Nutzer (Normalbetrieb).<\/span><\/div><\/div><\/div><div class=\"definitionsByLetter\" data-letter=\"Q\"><span class=\"definitions-header\">Q<\/span><div class=\"definition-wrapper\"><div class=\"definition\"><span class=\"title\">Querl\u00fcftung<\/span><span class=\"description\">Freie L\u00fcftung von einer Seite eines Geb\u00e4udes zu einer anderen, durch z.B. Fugen oder offene Fenster, vorwiegend durch Winddruck hervorgerufen.<\/span><\/div><\/div><\/div><div class=\"definitionsByLetter\" data-letter=\"S\"><span class=\"definitions-header\">S<\/span><div class=\"definition-wrapper\"><div class=\"definition\"><span class=\"title\">Stossl\u00fcftung<\/span><span class=\"description\">Kurzzeitiges \u00d6ffnen von Fenstern und\/oder T\u00fcren zum schnellen Luftaustausch in der Wohnung.<\/span><\/div><\/div><\/div><div class=\"definitionsByLetter\" data-letter=\"T\"><span class=\"definitions-header\">T<\/span><div class=\"definition-wrapper\"><div class=\"definition\"><span class=\"title\">Taupunkt<\/span><span class=\"description\">Luftzustand, bei dem die Luft keinen Wasserdampf mehr aufnehmen kann (100 % relative Feuchtigkeit). Wird bei diesem Zustand die Lufttemperatur weiter gesenkt, kommt es zur Kondensation bzw. Schwitzwasserbildung.<\/span><\/div><\/div><\/div><div class=\"definitionsByLetter\" data-letter=\"W\"><span class=\"definitions-header\">W<\/span><div class=\"definition-wrapper\"><div class=\"definition\"><span class=\"title\">W\u00e4rmer\u00fcckgewinnung<\/span><span class=\"description\">Massnahme zur Wiedernutzung von thermischer Energie der Abluft.<\/span><\/div><div class=\"definition\"><span class=\"title\">W\u00e4rmetauscher<\/span><span class=\"description\">Bauteil zur R\u00fcckgewinnung von W\u00e4rme (teilweise auch Feuchte). F\u00fcr Wohnrauml\u00fcftungen werden vor allem Plattenw\u00e4rmetauscher und Rotationsw\u00e4rmetaucher eingesetzt.<\/span><\/div><\/div><\/div><div class=\"definitionsByLetter\" data-letter=\"Z\"><span class=\"definitions-header\">Z<\/span><div class=\"definition-wrapper\"><div class=\"definition\"><span class=\"title\">Zuluft<\/span><span class=\"description\">Die gesamte den R\u00e4umen zugef\u00fchrte, vorgew\u00e4rmte Luft [in m\u00b3\/h].<\/span><\/div><div class=\"definition\"><span class=\"title\">Zuluftelement<\/span><span class=\"description\">Siehe auch Aussenluftdurchlass.<\/span><\/div><\/div><\/div><div class=\"definitionsByLetter\" data-letter=\"\u00dc\"><span class=\"definitions-header\">\u00dc<\/span><div class=\"definition-wrapper\"><div class=\"definition\"><span class=\"title\">\u00dcberstr\u00f6mbereich<\/span><span class=\"description\">Bereich zwischen den Zuluftr\u00e4umen und den Abluftr\u00e4umen, der von der Luft vom Zuluftdurchlass bis zum Abluftdurchlass durchstr\u00f6mt wird.<\/span><\/div><\/div><\/div><\/div><\/div>\n\n\n\t\t<\/div>\n\t\t\t\t\t<\/div>\n\n\t\n\n<\/div>\n\n\t\t<\/div>\n\n\t\t\n<style>\n#section_19968064 {\n  padding-top: 30px;\n  padding-bottom: 30px;\n}\n<\/style>\n\t<\/section>\n\t\n\n","protected":false},"excerpt":{"rendered":"","protected":false},"author":1,"featured_media":0,"parent":0,"menu_order":0,"comment_status":"closed","ping_status":"closed","template":"page-blank.php","meta":{"footnotes":""},"class_list":["post-583","page","type-page","status-publish","hentry"],"acf":[],"yoast_head":"<!-- This site is optimized with the Yoast SEO plugin v27.3 - https:\/\/yoast.com\/product\/yoast-seo-wordpress\/ -->\n<title>L\u00fcftungsglossar - LIMODOR<\/title>\n<meta name=\"robots\" content=\"noindex, follow, max-snippet:-1, max-image-preview:large, max-video-preview:-1\" \/>\n<meta property=\"og:locale\" content=\"de_DE\" \/>\n<meta property=\"og:type\" content=\"article\" \/>\n<meta property=\"og:title\" content=\"L\u00fcftungsglossar - LIMODOR\" \/>\n<meta property=\"og:url\" content=\"https:\/\/limodor.dev-web.at\/ch\/lueftungsglossar\/\" \/>\n<meta property=\"og:site_name\" content=\"Limodor CH\" \/>\n<meta property=\"article:modified_time\" content=\"2023-10-23T09:35:51+00:00\" \/>\n<meta name=\"twitter:card\" content=\"summary_large_image\" \/>\n<meta name=\"twitter:label1\" content=\"Gesch\u00e4tzte Lesezeit\" \/>\n\t<meta name=\"twitter:data1\" content=\"1\u00a0Minute\" \/>\n<script type=\"application\/ld+json\" class=\"yoast-schema-graph\">{\"@context\":\"https:\\\/\\\/schema.org\",\"@graph\":[{\"@type\":\"WebPage\",\"@id\":\"https:\\\/\\\/limodor.dev-web.at\\\/ch\\\/lueftungsglossar\\\/\",\"url\":\"https:\\\/\\\/limodor.dev-web.at\\\/ch\\\/lueftungsglossar\\\/\",\"name\":\"L\u00fcftungsglossar - LIMODOR\",\"isPartOf\":{\"@id\":\"https:\\\/\\\/limodor.dev-web.at\\\/ch\\\/#website\"},\"datePublished\":\"2023-08-21T07:23:56+00:00\",\"dateModified\":\"2023-10-23T09:35:51+00:00\",\"breadcrumb\":{\"@id\":\"https:\\\/\\\/limodor.dev-web.at\\\/ch\\\/lueftungsglossar\\\/#breadcrumb\"},\"inLanguage\":\"de\",\"potentialAction\":[{\"@type\":\"ReadAction\",\"target\":[\"https:\\\/\\\/limodor.dev-web.at\\\/ch\\\/lueftungsglossar\\\/\"]}]},{\"@type\":\"BreadcrumbList\",\"@id\":\"https:\\\/\\\/limodor.dev-web.at\\\/ch\\\/lueftungsglossar\\\/#breadcrumb\",\"itemListElement\":[{\"@type\":\"ListItem\",\"position\":1,\"name\":\"Startseite\",\"item\":\"https:\\\/\\\/limodor.dev-web.at\\\/ch\\\/\"},{\"@type\":\"ListItem\",\"position\":2,\"name\":\"L\u00fcftungsglossar\"}]},{\"@type\":\"WebSite\",\"@id\":\"https:\\\/\\\/limodor.dev-web.at\\\/ch\\\/#website\",\"url\":\"https:\\\/\\\/limodor.dev-web.at\\\/ch\\\/\",\"name\":\"Limodor CH\",\"description\":\"\",\"potentialAction\":[{\"@type\":\"SearchAction\",\"target\":{\"@type\":\"EntryPoint\",\"urlTemplate\":\"https:\\\/\\\/limodor.dev-web.at\\\/ch\\\/?s={search_term_string}\"},\"query-input\":{\"@type\":\"PropertyValueSpecification\",\"valueRequired\":true,\"valueName\":\"search_term_string\"}}],\"inLanguage\":\"de\"}]}<\/script>\n<!-- \/ Yoast SEO plugin. -->","yoast_head_json":{"title":"L\u00fcftungsglossar - LIMODOR","robots":{"index":"noindex","follow":"follow","max-snippet":"max-snippet:-1","max-image-preview":"max-image-preview:large","max-video-preview":"max-video-preview:-1"},"og_locale":"de_DE","og_type":"article","og_title":"L\u00fcftungsglossar - LIMODOR","og_url":"https:\/\/limodor.dev-web.at\/ch\/lueftungsglossar\/","og_site_name":"Limodor CH","article_modified_time":"2023-10-23T09:35:51+00:00","twitter_card":"summary_large_image","twitter_misc":{"Gesch\u00e4tzte Lesezeit":"1\u00a0Minute"},"schema":{"@context":"https:\/\/schema.org","@graph":[{"@type":"WebPage","@id":"https:\/\/limodor.dev-web.at\/ch\/lueftungsglossar\/","url":"https:\/\/limodor.dev-web.at\/ch\/lueftungsglossar\/","name":"L\u00fcftungsglossar - LIMODOR","isPartOf":{"@id":"https:\/\/limodor.dev-web.at\/ch\/#website"},"datePublished":"2023-08-21T07:23:56+00:00","dateModified":"2023-10-23T09:35:51+00:00","breadcrumb":{"@id":"https:\/\/limodor.dev-web.at\/ch\/lueftungsglossar\/#breadcrumb"},"inLanguage":"de","potentialAction":[{"@type":"ReadAction","target":["https:\/\/limodor.dev-web.at\/ch\/lueftungsglossar\/"]}]},{"@type":"BreadcrumbList","@id":"https:\/\/limodor.dev-web.at\/ch\/lueftungsglossar\/#breadcrumb","itemListElement":[{"@type":"ListItem","position":1,"name":"Startseite","item":"https:\/\/limodor.dev-web.at\/ch\/"},{"@type":"ListItem","position":2,"name":"L\u00fcftungsglossar"}]},{"@type":"WebSite","@id":"https:\/\/limodor.dev-web.at\/ch\/#website","url":"https:\/\/limodor.dev-web.at\/ch\/","name":"Limodor CH","description":"","potentialAction":[{"@type":"SearchAction","target":{"@type":"EntryPoint","urlTemplate":"https:\/\/limodor.dev-web.at\/ch\/?s={search_term_string}"},"query-input":{"@type":"PropertyValueSpecification","valueRequired":true,"valueName":"search_term_string"}}],"inLanguage":"de"}]}},"_links":{"self":[{"href":"https:\/\/limodor.dev-web.at\/ch\/wp-json\/wp\/v2\/pages\/583","targetHints":{"allow":["GET"]}}],"collection":[{"href":"https:\/\/limodor.dev-web.at\/ch\/wp-json\/wp\/v2\/pages"}],"about":[{"href":"https:\/\/limodor.dev-web.at\/ch\/wp-json\/wp\/v2\/types\/page"}],"author":[{"embeddable":true,"href":"https:\/\/limodor.dev-web.at\/ch\/wp-json\/wp\/v2\/users\/1"}],"replies":[{"embeddable":true,"href":"https:\/\/limodor.dev-web.at\/ch\/wp-json\/wp\/v2\/comments?post=583"}],"version-history":[{"count":0,"href":"https:\/\/limodor.dev-web.at\/ch\/wp-json\/wp\/v2\/pages\/583\/revisions"}],"wp:attachment":[{"href":"https:\/\/limodor.dev-web.at\/ch\/wp-json\/wp\/v2\/media?parent=583"}],"curies":[{"name":"wp","href":"https:\/\/api.w.org\/{rel}","templated":true}]}}