{"id":65,"date":"2023-08-25T14:16:58","date_gmt":"2023-08-25T12:16:58","guid":{"rendered":"https:\/\/limodor-ch.dev-web.at\/impressum\/"},"modified":"2025-03-06T15:01:44","modified_gmt":"2025-03-06T14:01:44","slug":"impressum","status":"publish","type":"page","link":"https:\/\/limodor.dev-web.at\/ch\/impressum\/","title":{"rendered":"Impressum"},"content":{"rendered":"\n\t<section class=\"section section-space\" id=\"section_160107381\">\n\t\t<div class=\"bg section-bg fill bg-fill  bg-loaded\" >\n\n\t\t\t\n\t\t\t\n\t\t\t\n\n\t\t<\/div>\n\n\t\t\n\n\t\t<div class=\"section-content relative\">\n\t\t\t\n\n<div class=\"row\"  id=\"row-60222561\">\n\n\n\t<div id=\"col-1830347100\" class=\"col small-12 large-12\"  >\n\t\t\t\t<div class=\"col-inner\"  >\n\t\t\t\n\t\t\t\n\n<h1>Impressum<\/h1>\n<h3>Vertretungsberechtigte Person<\/h3>\n<h4>LIMODOR Lu\u0308ftungstechnik AG<\/h4>\n<p>Zielstrasse 13<br \/>9050 Appenzell<br \/>Schweiz<\/p>\n<p><strong>Kontaktm\u00f6glichkeiten<br \/><\/strong>Telefon: <a href=\"tel:+41717884242\">+41 71 788 42 42<\/a><br \/>E-Mail: <a href=\"mailto:verkauf@limodor.ch\">verkauf@limodor.ch<\/a><br \/><a href=\"http:\/\/www.limodor.ch\">www.limodor.ch<\/a><\/p>\n<p><strong>CH-Handelsregister-Nr.<\/strong><br \/>CH-310.3.002.985-3<\/p>\n<p><strong>MwSt.-Nr<\/strong><br \/>CHE-314.289.558<\/p>\n<p><strong>Disclaimer<\/strong><\/p>\n<p>Die LIMODOR L\u00fcftungstechnik AG \u00fcbernimmt keine Gew\u00e4hr f\u00fcr die Aktualit\u00e4t, Richtigkeit und Vollst\u00e4ndigkeit der auf dieser Website bereitgestellten Informationen. Gleiches gilt auch f\u00fcr die Inhalte externer Websites, auf die mittels sogenannten Hyperlinks direkt oder indirekt verwiesen wird. Die LIMODOR L\u00fcftungstechnik AG beh\u00e4lt sich das Recht vor, ohne vorherige Ank\u00fcndigung \u00c4nderungen oder Erg\u00e4nzungen des Inhalts der Website vorzunehmen. Es wird darauf hingewiesen, dass alle Angaben auf dieser Website ohne Gew\u00e4hr erfolgen und eine Haftung der Autoren oder der Aktiengesellschaft f\u00fcr Sch\u00e4den (sowohl direkte als auch indirekte) ausgeschlossen ist.<\/p>\n\n\t\t<\/div>\n\t\t\t\t\t<\/div>\n\n\t\n\n<\/div>\n\n\t\t<\/div>\n\n\t\t\n<style>\n#section_160107381 {\n  padding-top: 0px;\n  padding-bottom: 0px;\n}\n<\/style>\n\t<\/section>\n\t\n\n","protected":false},"excerpt":{"rendered":"","protected":false},"author":1,"featured_media":0,"parent":0,"menu_order":0,"comment_status":"closed","ping_status":"closed","template":"page-blank.php","meta":{"footnotes":""},"class_list":["post-65","page","type-page","status-publish","hentry"],"acf":[],"yoast_head":"<!-- This site is optimized with the Yoast SEO plugin v27.3 - https:\/\/yoast.com\/product\/yoast-seo-wordpress\/ -->\n<title>Impressum - LIMODOR<\/title>\n<meta name=\"robots\" content=\"noindex, nofollow\" \/>\n<meta property=\"og:locale\" content=\"de_DE\" \/>\n<meta property=\"og:type\" content=\"article\" \/>\n<meta property=\"og:title\" content=\"Impressum - LIMODOR\" \/>\n<meta property=\"og:url\" content=\"https:\/\/limodor.dev-web.at\/ch\/impressum\/\" \/>\n<meta property=\"og:site_name\" content=\"Limodor CH\" \/>\n<meta property=\"article:modified_time\" content=\"2025-03-06T14:01:44+00:00\" \/>\n<meta name=\"twitter:card\" content=\"summary_large_image\" \/>\n<meta name=\"twitter:label1\" content=\"Gesch\u00e4tzte Lesezeit\" \/>\n\t<meta name=\"twitter:data1\" content=\"1\u00a0Minute\" \/>\n<script type=\"application\/ld+json\" class=\"yoast-schema-graph\">{\"@context\":\"https:\\\/\\\/schema.org\",\"@graph\":[{\"@type\":\"WebPage\",\"@id\":\"https:\\\/\\\/limodor.dev-web.at\\\/ch\\\/impressum\\\/\",\"url\":\"https:\\\/\\\/limodor.dev-web.at\\\/ch\\\/impressum\\\/\",\"name\":\"Impressum - LIMODOR\",\"isPartOf\":{\"@id\":\"https:\\\/\\\/limodor.dev-web.at\\\/ch\\\/#website\"},\"datePublished\":\"2023-08-25T12:16:58+00:00\",\"dateModified\":\"2025-03-06T14:01:44+00:00\",\"breadcrumb\":{\"@id\":\"https:\\\/\\\/limodor.dev-web.at\\\/ch\\\/impressum\\\/#breadcrumb\"},\"inLanguage\":\"de\",\"potentialAction\":[{\"@type\":\"ReadAction\",\"target\":[\"https:\\\/\\\/limodor.dev-web.at\\\/ch\\\/impressum\\\/\"]}]},{\"@type\":\"BreadcrumbList\",\"@id\":\"https:\\\/\\\/limodor.dev-web.at\\\/ch\\\/impressum\\\/#breadcrumb\",\"itemListElement\":[{\"@type\":\"ListItem\",\"position\":1,\"name\":\"Startseite\",\"item\":\"https:\\\/\\\/limodor.dev-web.at\\\/ch\\\/\"},{\"@type\":\"ListItem\",\"position\":2,\"name\":\"Impressum\"}]},{\"@type\":\"WebSite\",\"@id\":\"https:\\\/\\\/limodor.dev-web.at\\\/ch\\\/#website\",\"url\":\"https:\\\/\\\/limodor.dev-web.at\\\/ch\\\/\",\"name\":\"Limodor CH\",\"description\":\"\",\"potentialAction\":[{\"@type\":\"SearchAction\",\"target\":{\"@type\":\"EntryPoint\",\"urlTemplate\":\"https:\\\/\\\/limodor.dev-web.at\\\/ch\\\/?s={search_term_string}\"},\"query-input\":{\"@type\":\"PropertyValueSpecification\",\"valueRequired\":true,\"valueName\":\"search_term_string\"}}],\"inLanguage\":\"de\"}]}<\/script>\n<!-- \/ Yoast SEO plugin. -->","yoast_head_json":{"title":"Impressum - LIMODOR","robots":{"index":"noindex","follow":"nofollow"},"og_locale":"de_DE","og_type":"article","og_title":"Impressum - LIMODOR","og_url":"https:\/\/limodor.dev-web.at\/ch\/impressum\/","og_site_name":"Limodor CH","article_modified_time":"2025-03-06T14:01:44+00:00","twitter_card":"summary_large_image","twitter_misc":{"Gesch\u00e4tzte Lesezeit":"1\u00a0Minute"},"schema":{"@context":"https:\/\/schema.org","@graph":[{"@type":"WebPage","@id":"https:\/\/limodor.dev-web.at\/ch\/impressum\/","url":"https:\/\/limodor.dev-web.at\/ch\/impressum\/","name":"Impressum - LIMODOR","isPartOf":{"@id":"https:\/\/limodor.dev-web.at\/ch\/#website"},"datePublished":"2023-08-25T12:16:58+00:00","dateModified":"2025-03-06T14:01:44+00:00","breadcrumb":{"@id":"https:\/\/limodor.dev-web.at\/ch\/impressum\/#breadcrumb"},"inLanguage":"de","potentialAction":[{"@type":"ReadAction","target":["https:\/\/limodor.dev-web.at\/ch\/impressum\/"]}]},{"@type":"BreadcrumbList","@id":"https:\/\/limodor.dev-web.at\/ch\/impressum\/#breadcrumb","itemListElement":[{"@type":"ListItem","position":1,"name":"Startseite","item":"https:\/\/limodor.dev-web.at\/ch\/"},{"@type":"ListItem","position":2,"name":"Impressum"}]},{"@type":"WebSite","@id":"https:\/\/limodor.dev-web.at\/ch\/#website","url":"https:\/\/limodor.dev-web.at\/ch\/","name":"Limodor CH","description":"","potentialAction":[{"@type":"SearchAction","target":{"@type":"EntryPoint","urlTemplate":"https:\/\/limodor.dev-web.at\/ch\/?s={search_term_string}"},"query-input":{"@type":"PropertyValueSpecification","valueRequired":true,"valueName":"search_term_string"}}],"inLanguage":"de"}]}},"_links":{"self":[{"href":"https:\/\/limodor.dev-web.at\/ch\/wp-json\/wp\/v2\/pages\/65","targetHints":{"allow":["GET"]}}],"collection":[{"href":"https:\/\/limodor.dev-web.at\/ch\/wp-json\/wp\/v2\/pages"}],"about":[{"href":"https:\/\/limodor.dev-web.at\/ch\/wp-json\/wp\/v2\/types\/page"}],"author":[{"embeddable":true,"href":"https:\/\/limodor.dev-web.at\/ch\/wp-json\/wp\/v2\/users\/1"}],"replies":[{"embeddable":true,"href":"https:\/\/limodor.dev-web.at\/ch\/wp-json\/wp\/v2\/comments?post=65"}],"version-history":[{"count":3,"href":"https:\/\/limodor.dev-web.at\/ch\/wp-json\/wp\/v2\/pages\/65\/revisions"}],"predecessor-version":[{"id":9668,"href":"https:\/\/limodor.dev-web.at\/ch\/wp-json\/wp\/v2\/pages\/65\/revisions\/9668"}],"wp:attachment":[{"href":"https:\/\/limodor.dev-web.at\/ch\/wp-json\/wp\/v2\/media?parent=65"}],"curies":[{"name":"wp","href":"https:\/\/api.w.org\/{rel}","templated":true}]}}