{"id":70,"date":"2023-08-25T14:16:59","date_gmt":"2023-08-25T12:16:59","guid":{"rendered":"https:\/\/limodor-ch.dev-web.at\/zahlungsweisen\/"},"modified":"2025-01-30T08:09:51","modified_gmt":"2025-01-30T07:09:51","slug":"zahlungsweisen","status":"publish","type":"page","link":"https:\/\/limodor.dev-web.at\/ch\/zahlungsweisen\/","title":{"rendered":"Zahlungsweisen"},"content":{"rendered":"\n<p><strong>Zahlungsarten<\/strong><\/p>\n<p>Wir bieten Ihnen folgende Zahlungsarten an. Suchen Sie sich die f\u00fcr Sie optimale Zahlart aus. Die in den jeweiligen Angeboten angef\u00fchrten Preise stellen Endpreise dar. Sie beinhalten alle Preisbestandteile einschlie\u00dflich etwaig anfallender Steuern wie Mehrwertsteuer. Die anfallenden Liefer- und Versandkosten sind nicht im Kaufpreis enthalten, sie sind \u00fcber die Seite \u201e<a href=\"\/ch\/versand_lieferung\/\">Versandkosten<\/a>\u201c aufrufbar, werden im Laufe des Bestellvorganges gesondert ausgewiesen und sind von Ihnen zus\u00e4tzlich zu tragen.<\/p>\n<p><em>Kreditkarte<\/em><\/p>\n<p>Zahlen Sie ganz einfach per Kreditkarte.<\/p>\n<p><em>PayPal<\/em><\/p>\n<p>Noch schneller und sicherer bezahlen mit ihrem PayPal-Konto.<\/p>\n\n","protected":false},"excerpt":{"rendered":"","protected":false},"author":1,"featured_media":0,"parent":0,"menu_order":0,"comment_status":"closed","ping_status":"closed","template":"","meta":{"footnotes":""},"class_list":["post-70","page","type-page","status-publish","hentry"],"acf":[],"yoast_head":"<!-- This site is optimized with the Yoast SEO plugin v27.3 - https:\/\/yoast.com\/product\/yoast-seo-wordpress\/ -->\n<title>Zahlungsweisen - LIMODOR<\/title>\n<meta name=\"robots\" content=\"noindex, follow, max-snippet:-1, max-image-preview:large, max-video-preview:-1\" \/>\n<meta property=\"og:locale\" content=\"de_DE\" \/>\n<meta property=\"og:type\" content=\"article\" \/>\n<meta property=\"og:title\" content=\"Zahlungsweisen - LIMODOR\" \/>\n<meta property=\"og:url\" content=\"https:\/\/limodor.dev-web.at\/ch\/zahlungsweisen\/\" \/>\n<meta property=\"og:site_name\" content=\"Limodor CH\" \/>\n<meta property=\"article:modified_time\" content=\"2025-01-30T07:09:51+00:00\" \/>\n<meta name=\"twitter:card\" content=\"summary_large_image\" \/>\n<script type=\"application\/ld+json\" class=\"yoast-schema-graph\">{\"@context\":\"https:\\\/\\\/schema.org\",\"@graph\":[{\"@type\":\"WebPage\",\"@id\":\"https:\\\/\\\/limodor.dev-web.at\\\/ch\\\/zahlungsweisen\\\/\",\"url\":\"https:\\\/\\\/limodor.dev-web.at\\\/ch\\\/zahlungsweisen\\\/\",\"name\":\"Zahlungsweisen - LIMODOR\",\"isPartOf\":{\"@id\":\"https:\\\/\\\/limodor.dev-web.at\\\/ch\\\/#website\"},\"datePublished\":\"2023-08-25T12:16:59+00:00\",\"dateModified\":\"2025-01-30T07:09:51+00:00\",\"breadcrumb\":{\"@id\":\"https:\\\/\\\/limodor.dev-web.at\\\/ch\\\/zahlungsweisen\\\/#breadcrumb\"},\"inLanguage\":\"de\",\"potentialAction\":[{\"@type\":\"ReadAction\",\"target\":[\"https:\\\/\\\/limodor.dev-web.at\\\/ch\\\/zahlungsweisen\\\/\"]}]},{\"@type\":\"BreadcrumbList\",\"@id\":\"https:\\\/\\\/limodor.dev-web.at\\\/ch\\\/zahlungsweisen\\\/#breadcrumb\",\"itemListElement\":[{\"@type\":\"ListItem\",\"position\":1,\"name\":\"Startseite\",\"item\":\"https:\\\/\\\/limodor.dev-web.at\\\/ch\\\/\"},{\"@type\":\"ListItem\",\"position\":2,\"name\":\"Zahlungsweisen\"}]},{\"@type\":\"WebSite\",\"@id\":\"https:\\\/\\\/limodor.dev-web.at\\\/ch\\\/#website\",\"url\":\"https:\\\/\\\/limodor.dev-web.at\\\/ch\\\/\",\"name\":\"Limodor CH\",\"description\":\"\",\"potentialAction\":[{\"@type\":\"SearchAction\",\"target\":{\"@type\":\"EntryPoint\",\"urlTemplate\":\"https:\\\/\\\/limodor.dev-web.at\\\/ch\\\/?s={search_term_string}\"},\"query-input\":{\"@type\":\"PropertyValueSpecification\",\"valueRequired\":true,\"valueName\":\"search_term_string\"}}],\"inLanguage\":\"de\"}]}<\/script>\n<!-- \/ Yoast SEO plugin. -->","yoast_head_json":{"title":"Zahlungsweisen - LIMODOR","robots":{"index":"noindex","follow":"follow","max-snippet":"max-snippet:-1","max-image-preview":"max-image-preview:large","max-video-preview":"max-video-preview:-1"},"og_locale":"de_DE","og_type":"article","og_title":"Zahlungsweisen - LIMODOR","og_url":"https:\/\/limodor.dev-web.at\/ch\/zahlungsweisen\/","og_site_name":"Limodor CH","article_modified_time":"2025-01-30T07:09:51+00:00","twitter_card":"summary_large_image","schema":{"@context":"https:\/\/schema.org","@graph":[{"@type":"WebPage","@id":"https:\/\/limodor.dev-web.at\/ch\/zahlungsweisen\/","url":"https:\/\/limodor.dev-web.at\/ch\/zahlungsweisen\/","name":"Zahlungsweisen - LIMODOR","isPartOf":{"@id":"https:\/\/limodor.dev-web.at\/ch\/#website"},"datePublished":"2023-08-25T12:16:59+00:00","dateModified":"2025-01-30T07:09:51+00:00","breadcrumb":{"@id":"https:\/\/limodor.dev-web.at\/ch\/zahlungsweisen\/#breadcrumb"},"inLanguage":"de","potentialAction":[{"@type":"ReadAction","target":["https:\/\/limodor.dev-web.at\/ch\/zahlungsweisen\/"]}]},{"@type":"BreadcrumbList","@id":"https:\/\/limodor.dev-web.at\/ch\/zahlungsweisen\/#breadcrumb","itemListElement":[{"@type":"ListItem","position":1,"name":"Startseite","item":"https:\/\/limodor.dev-web.at\/ch\/"},{"@type":"ListItem","position":2,"name":"Zahlungsweisen"}]},{"@type":"WebSite","@id":"https:\/\/limodor.dev-web.at\/ch\/#website","url":"https:\/\/limodor.dev-web.at\/ch\/","name":"Limodor CH","description":"","potentialAction":[{"@type":"SearchAction","target":{"@type":"EntryPoint","urlTemplate":"https:\/\/limodor.dev-web.at\/ch\/?s={search_term_string}"},"query-input":{"@type":"PropertyValueSpecification","valueRequired":true,"valueName":"search_term_string"}}],"inLanguage":"de"}]}},"_links":{"self":[{"href":"https:\/\/limodor.dev-web.at\/ch\/wp-json\/wp\/v2\/pages\/70","targetHints":{"allow":["GET"]}}],"collection":[{"href":"https:\/\/limodor.dev-web.at\/ch\/wp-json\/wp\/v2\/pages"}],"about":[{"href":"https:\/\/limodor.dev-web.at\/ch\/wp-json\/wp\/v2\/types\/page"}],"author":[{"embeddable":true,"href":"https:\/\/limodor.dev-web.at\/ch\/wp-json\/wp\/v2\/users\/1"}],"replies":[{"embeddable":true,"href":"https:\/\/limodor.dev-web.at\/ch\/wp-json\/wp\/v2\/comments?post=70"}],"version-history":[{"count":2,"href":"https:\/\/limodor.dev-web.at\/ch\/wp-json\/wp\/v2\/pages\/70\/revisions"}],"predecessor-version":[{"id":9313,"href":"https:\/\/limodor.dev-web.at\/ch\/wp-json\/wp\/v2\/pages\/70\/revisions\/9313"}],"wp:attachment":[{"href":"https:\/\/limodor.dev-web.at\/ch\/wp-json\/wp\/v2\/media?parent=70"}],"curies":[{"name":"wp","href":"https:\/\/api.w.org\/{rel}","templated":true}]}}