{"id":787,"date":"2023-07-13T15:02:17","date_gmt":"2023-07-13T13:02:17","guid":{"rendered":"https:\/\/limodor.dev-web.at\/ch\/loesungen\/"},"modified":"2024-11-13T13:23:28","modified_gmt":"2024-11-13T12:23:28","slug":"lueftungen","status":"publish","type":"page","link":"https:\/\/limodor.dev-web.at\/ch\/lueftungen\/","title":{"rendered":"L\u00f6sungen"},"content":{"rendered":"\n\t<section class=\"section wave\" id=\"section_1708449409\">\n\t\t<div class=\"bg section-bg fill bg-fill  \" >\n\n\t\t\t\n\t\t\t\n\t\t\t\n\n\t\t<\/div>\n\n\t\t\n\n\t\t<div class=\"section-content relative\">\n\t\t\t\n\n\n\t\t<\/div>\n\n\t\t\n<style>\n#section_1708449409 {\n  padding-top: 0px;\n  padding-bottom: 0px;\n  min-height: 50vh;\n}\n#section_1708449409 .section-bg.bg-loaded {\n  background-image: url(https:\/\/limodor.dev-web.at\/ch\/wp-content\/uploads\/sites\/3\/2023\/10\/Realsituation.jpg);\n}\n#section_1708449409 .section-bg {\n  background-position: 28% 49%;\n}\n@media (min-width:850px) {\n  #section_1708449409 {\n    min-height: 75vh;\n  }\n}\n<\/style>\n\t<\/section>\n\t\n\t<section class=\"section section-space\" id=\"section_1930457\">\n\t\t<div class=\"bg section-bg fill bg-fill  bg-loaded\" >\n\n\t\t\t\n\t\t\t\n\t\t\t\n\n\t\t<\/div>\n\n\t\t\n\n\t\t<div class=\"section-content relative\">\n\t\t\t\n\n<div class=\"row row-collapse align-center\"  id=\"row-2051323114\">\n\n\n\t<div id=\"col-1336387222\" class=\"col medium-8 small-12 large-8\"  >\n\t\t\t\t<div class=\"col-inner text-center\"  >\n\t\t\t\n\t\t\t\n\n<h1>Unsere \u00dcberzeugung: jedes Zuhause braucht frische Luft <\/h1>\n<p>Wir sind einer der renommiertesten Hersteller von L\u00fcftungsger\u00e4ten in Europa. Dort seit sechs Jahrzehnten einen fixen Platz zu behaupten und Millionen Zu- und Abluftsysteme zu verkaufen, erreicht man nicht, in dem man einfach irgendwelche L\u00fcfter oder Ventilatoren baut. L\u00fcftung ist unsere Mission, der wir mit Know-How und Leidenschaft nachgehen.<\/p>\n\n\t\t<\/div>\n\t\t\t\t\n<style>\n#col-1336387222 > .col-inner {\n  padding: 0px 20px 0px 20px;\n}\n<\/style>\n\t<\/div>\n\n\t\n\n<\/div>\n\n\t\t<\/div>\n\n\t\t\n<style>\n#section_1930457 {\n  padding-top: 0px;\n  padding-bottom: 0px;\n}\n<\/style>\n\t<\/section>\n\t\n\t<section class=\"section overlay-right section-bottom-space\" id=\"section_983153620\">\n\t\t<div class=\"bg section-bg fill bg-fill  bg-loaded\" >\n\n\t\t\t\n\t\t\t\n\t\t\t\n\n\t\t<\/div>\n\n\t\t\n\n\t\t<div class=\"section-content relative\">\n\t\t\t\n\n<div class=\"row row-collapse row-full-width align-middle\"  id=\"row-627804503\">\n\n\n\t<div id=\"col-1613338590\" class=\"col medium-10 small-12 large-4\"  >\n\t\t\t\t<div class=\"col-inner\"  >\n\t\t\t\n\t\t\t\n\n<div class=\"row text-row\"  id=\"row-1760437451\">\n\n\n\t<div id=\"col-330648217\" class=\"col small-12 large-12\"  >\n\t\t\t\t<div class=\"col-inner\"  >\n\t\t\t\n\t\t\t\n\n<h2>L\u00fcftungssysteme nach Funktion<\/h2>\n<p>Zentrall\u00fcftungssysteme und dezentrale Wohnrauml\u00fcftung haben individuelle Einsatzgebiete und variieren hinsichtlich Installation und Funktion. Einrohrl\u00fcfter, Axial- und Radialventilatoren oder Zuluftelemente werden je nach Bedarf einzeln oder als Systemkomponenten betrieben.<\/p>\n<a href=\"\/ch\/lueftungssysteme\" target=\"_self\" class=\"button primary is-outline\"  >\n    <span>Details<\/span>\n  <\/a>\n\n\n\n\t\t<\/div>\n\t\t\t\t\n<style>\n#col-330648217 > .col-inner {\n  padding: 30px 15px 30px 15px;\n}\n@media (min-width:550px) {\n  #col-330648217 > .col-inner {\n    padding: 40px 40px 40px 10px;\n  }\n}\n<\/style>\n\t<\/div>\n\n\t\n\n<\/div>\n\n\t\t<\/div>\n\t\t\t\t\t<\/div>\n\n\t\n\n\t<div id=\"col-1159186330\" class=\"col medium-10 small-12 large-8 medium-col-first\"  >\n\t\t\t\t<div class=\"col-inner\"  >\n\t\t\t\n\t\t\t\n\n\t<div class=\"img has-hover rounded-edges x md-x lg-x y md-y lg-y\" id=\"image_2111791189\">\n\t\t\t\t\t\t\t\t<div class=\"img-inner image-cover dark\" style=\"padding-top:45%;\">\n\t\t\t<img loading=\"lazy\" decoding=\"async\" width=\"2500\" height=\"1667\" src=\"https:\/\/limodor.dev-web.at\/ch\/wp-content\/uploads\/sites\/3\/2023\/09\/Realsituation_5.jpg\" class=\"attachment-original size-original\" alt=\"\" srcset=\"https:\/\/limodor.dev-web.at\/ch\/wp-content\/uploads\/sites\/3\/2023\/09\/Realsituation_5.jpg 2500w, https:\/\/limodor.dev-web.at\/ch\/wp-content\/uploads\/sites\/3\/2023\/09\/Realsituation_5-300x200.jpg 300w, https:\/\/limodor.dev-web.at\/ch\/wp-content\/uploads\/sites\/3\/2023\/09\/Realsituation_5-1024x683.jpg 1024w, https:\/\/limodor.dev-web.at\/ch\/wp-content\/uploads\/sites\/3\/2023\/09\/Realsituation_5-768x512.jpg 768w, https:\/\/limodor.dev-web.at\/ch\/wp-content\/uploads\/sites\/3\/2023\/09\/Realsituation_5-1536x1024.jpg 1536w, https:\/\/limodor.dev-web.at\/ch\/wp-content\/uploads\/sites\/3\/2023\/09\/Realsituation_5-2048x1366.jpg 2048w, https:\/\/limodor.dev-web.at\/ch\/wp-content\/uploads\/sites\/3\/2023\/09\/Realsituation_5-510x340.jpg 510w\" sizes=\"auto, (max-width: 2500px) 100vw, 2500px\" \/>\t\t\t\t\t\t\n\t\t\t\t\t<\/div>\n\t\t\t\t\t\t\t\t\n<style>\n#image_2111791189 {\n  width: 100%;\n}\n<\/style>\n\t<\/div>\n\t\n\n\n\t\t<\/div>\n\t\t\t\t\t<\/div>\n\n\t\n\n<\/div>\n\n\t\t<\/div>\n\n\t\t\n<style>\n#section_983153620 {\n  padding-top: 0px;\n  padding-bottom: 0px;\n}\n<\/style>\n\t<\/section>\n\t\n\t<section class=\"section overlay-left section-space\" id=\"section_119531557\">\n\t\t<div class=\"bg section-bg fill bg-fill  bg-loaded\" >\n\n\t\t\t\n\t\t\t\n\t\t\t\n\n\t\t<\/div>\n\n\t\t\n\n\t\t<div class=\"section-content relative\">\n\t\t\t\n\n<div class=\"row row-collapse row-full-width align-middle\"  id=\"row-2045971114\">\n\n\n\t<div id=\"col-1054248231\" class=\"col medium-10 small-12 large-8\"  >\n\t\t\t\t<div class=\"col-inner\"  >\n\t\t\t\n\t\t\t\n\n\t<div class=\"img has-hover rounded-edges x md-x lg-x y md-y lg-y\" id=\"image_94700415\">\n\t\t\t\t\t\t\t\t<div class=\"img-inner image-cover dark\" style=\"padding-top:45%;\">\n\t\t\t<img loading=\"lazy\" decoding=\"async\" width=\"2000\" height=\"1333\" src=\"https:\/\/limodor.dev-web.at\/ch\/wp-content\/uploads\/sites\/3\/2023\/09\/Realsituation_2.jpg\" class=\"attachment-original size-original\" alt=\"\" srcset=\"https:\/\/limodor.dev-web.at\/ch\/wp-content\/uploads\/sites\/3\/2023\/09\/Realsituation_2.jpg 2000w, https:\/\/limodor.dev-web.at\/ch\/wp-content\/uploads\/sites\/3\/2023\/09\/Realsituation_2-300x200.jpg 300w, https:\/\/limodor.dev-web.at\/ch\/wp-content\/uploads\/sites\/3\/2023\/09\/Realsituation_2-1024x682.jpg 1024w, https:\/\/limodor.dev-web.at\/ch\/wp-content\/uploads\/sites\/3\/2023\/09\/Realsituation_2-768x512.jpg 768w, https:\/\/limodor.dev-web.at\/ch\/wp-content\/uploads\/sites\/3\/2023\/09\/Realsituation_2-1536x1024.jpg 1536w, https:\/\/limodor.dev-web.at\/ch\/wp-content\/uploads\/sites\/3\/2023\/09\/Realsituation_2-510x340.jpg 510w\" sizes=\"auto, (max-width: 2000px) 100vw, 2000px\" \/>\t\t\t\t\t\t\n\t\t\t\t\t<\/div>\n\t\t\t\t\t\t\t\t\n<style>\n#image_94700415 {\n  width: 100%;\n}\n<\/style>\n\t<\/div>\n\t\n\n\n\t\t<\/div>\n\t\t\t\t\t<\/div>\n\n\t\n\n\t<div id=\"col-798919961\" class=\"col medium-10 small-12 large-4\"  >\n\t\t\t\t<div class=\"col-inner\"  >\n\t\t\t\n\t\t\t\n\n<div class=\"row text-row\"  id=\"row-1479173518\">\n\n\n\t<div id=\"col-796591866\" class=\"col small-12 large-12\"  >\n\t\t\t\t<div class=\"col-inner\"  >\n\t\t\t\n\t\t\t\n\n<h2>L\u00fcftungssysteme f\u00fcr jeden Wohnraum<\/h2>\n<p>Wohlf\u00fchlklima f\u00fcr die ganze Wohnung. Rasche Entfeuchtung im Bad. Toilettenbesuch ohne Luftanhalten oder Schimmelschutz im Keller: Es gibt unz\u00e4hlige L\u00fcftungsaufgaben. Und es gibt das LIMODOR-Baukastensystem, das f\u00fcr individuelle Bed\u00fcrfnisse optimale L\u00f6sungen erm\u00f6glicht.<\/p>\n<a href=\"\/ch\/lueftungen\/wohnraeume\" target=\"_self\" class=\"button primary is-outline\"  >\n    <span>Details<\/span>\n  <\/a>\n\n\n\n\t\t<\/div>\n\t\t\t\t\n<style>\n#col-796591866 > .col-inner {\n  padding: 30px 15px 30px 15px;\n}\n@media (min-width:550px) {\n  #col-796591866 > .col-inner {\n    padding: 40px 10px 40px 40px;\n  }\n}\n<\/style>\n\t<\/div>\n\n\t\n\n<\/div>\n\n\t\t<\/div>\n\t\t\t\t\t<\/div>\n\n\t\n\n<\/div>\n\n\t\t<\/div>\n\n\t\t\n<style>\n#section_119531557 {\n  padding-top: 0px;\n  padding-bottom: 0px;\n}\n<\/style>\n\t<\/section>\n\t\n\t<section class=\"section section-space\" id=\"section_870738578\">\n\t\t<div class=\"bg section-bg fill bg-fill  bg-loaded\" >\n\n\t\t\t\n\t\t\t\n\t\t\t\n\n\t\t<\/div>\n\n\t\t\n\n\t\t<div class=\"section-content relative\">\n\t\t\t\n\n\t<section class=\"section\" id=\"section_1239506729\">\n\t\t<div class=\"bg section-bg fill bg-fill  bg-loaded\" >\n\n\t\t\t\n\t\t\t\n\t\t\t\n\n\t\t<\/div>\n\n\t\t\n\n\t\t<div class=\"section-content relative\">\n\t\t\t\n\n<div class=\"row row-collapse align-center\"  id=\"row-1154514957\">\n\n\n\t<div id=\"col-1186357442\" class=\"col medium-8 small-12 large-8\"  >\n\t\t\t\t<div class=\"col-inner text-center\"  >\n\t\t\t\n\t\t\t\n\n\t<div id=\"text-3783336447\" class=\"text\">\n\t\t\n\n<h3 class=\"uppercase\">Jetzt kontaktieren und durchatmen<\/h3>\n<p>Sp\u00fcrbar besser leben mit dem richtigen Partner bei allen Fragen zu frischer Luft. Wir freuen uns auf Ihre Anfrage.<\/p>\n\t\t\n<style>\n#text-3783336447 {\n  text-align: center;\n}\n<\/style>\n\t<\/div>\n\t\n\t<div id=\"gap-1936141712\" class=\"gap-element clearfix\" style=\"display:block; height:auto;\">\n\t\t\n<style>\n#gap-1936141712 {\n  padding-top: 15px;\n}\n<\/style>\n\t<\/div>\n\t\n\n<div class=\"row\"  id=\"row-695344596\">\n\n\n\t<div id=\"col-1677448241\" class=\"col centerButton small-12 large-12\"  >\n\t\t\t\t<div class=\"col-inner\"  >\n\t\t\t\n\t\t\t\n\n<a href=\"\/ch\/kontakt\" target=\"_self\" class=\"button primary\"  style=\"border-radius:10px;\">\n    <span>anfragen<\/span>\n  <\/a>\n\n\n\n\t\t<\/div>\n\t\t\t\t\t<\/div>\n\n\t\n\n<\/div>\n\n\t\t<\/div>\n\t\t\t\t\n<style>\n#col-1186357442 > .col-inner {\n  padding: 0px 20px 0px 20px;\n}\n<\/style>\n\t<\/div>\n\n\t\n\n<\/div>\n\n\t\t<\/div>\n\n\t\t\n<style>\n#section_1239506729 {\n  padding-top: 0px;\n  padding-bottom: 0px;\n}\n<\/style>\n\t<\/section>\n\t\n\n\n\t\t<\/div>\n\n\t\t\n<style>\n#section_870738578 {\n  padding-top: 0px;\n  padding-bottom: 0px;\n}\n<\/style>\n\t<\/section>\n\t\n\n","protected":false},"excerpt":{"rendered":"","protected":false},"author":1,"featured_media":0,"parent":0,"menu_order":0,"comment_status":"closed","ping_status":"closed","template":"page-blank.php","meta":{"footnotes":""},"class_list":["post-787","page","type-page","status-publish","hentry"],"acf":[],"yoast_head":"<!-- This site is optimized with the Yoast SEO plugin v27.3 - https:\/\/yoast.com\/product\/yoast-seo-wordpress\/ -->\n<title>L\u00fcftungsanlagen, Wohnrauml\u00fcftung, L\u00fcftungsrohre im \u00dcberblick<\/title>\n<meta name=\"description\" content=\"Wir haben die passende L\u00fcftungsanlage f\u00fcr jeden Wohnraum. Schaffen Sie sich einen \u00dcberblick \u00fcber die verschiedenen L\u00fcftungen.\" \/>\n<meta name=\"robots\" content=\"noindex, follow, max-snippet:-1, max-image-preview:large, max-video-preview:-1\" \/>\n<meta property=\"og:locale\" content=\"de_DE\" \/>\n<meta property=\"og:type\" content=\"article\" \/>\n<meta property=\"og:title\" content=\"L\u00fcftungsanlagen, Wohnrauml\u00fcftung, L\u00fcftungsrohre im \u00dcberblick\" \/>\n<meta property=\"og:description\" content=\"Wir haben die passende L\u00fcftungsanlage f\u00fcr jeden Wohnraum. Schaffen Sie sich einen \u00dcberblick \u00fcber die verschiedenen L\u00fcftungen.\" \/>\n<meta property=\"og:url\" content=\"https:\/\/limodor.dev-web.at\/ch\/lueftungen\/\" \/>\n<meta property=\"og:site_name\" content=\"Limodor CH\" \/>\n<meta property=\"article:modified_time\" content=\"2024-11-13T12:23:28+00:00\" \/>\n<meta name=\"twitter:card\" content=\"summary_large_image\" \/>\n<meta name=\"twitter:label1\" content=\"Gesch\u00e4tzte Lesezeit\" \/>\n\t<meta name=\"twitter:data1\" content=\"2\u00a0Minuten\" \/>\n<script type=\"application\/ld+json\" class=\"yoast-schema-graph\">{\"@context\":\"https:\\\/\\\/schema.org\",\"@graph\":[{\"@type\":\"WebPage\",\"@id\":\"https:\\\/\\\/limodor.dev-web.at\\\/ch\\\/lueftungen\\\/\",\"url\":\"https:\\\/\\\/limodor.dev-web.at\\\/ch\\\/lueftungen\\\/\",\"name\":\"L\u00fcftungsanlagen, Wohnrauml\u00fcftung, L\u00fcftungsrohre im \u00dcberblick\",\"isPartOf\":{\"@id\":\"https:\\\/\\\/limodor.dev-web.at\\\/ch\\\/#website\"},\"datePublished\":\"2023-07-13T13:02:17+00:00\",\"dateModified\":\"2024-11-13T12:23:28+00:00\",\"description\":\"Wir haben die passende L\u00fcftungsanlage f\u00fcr jeden Wohnraum. Schaffen Sie sich einen \u00dcberblick \u00fcber die verschiedenen L\u00fcftungen.\",\"breadcrumb\":{\"@id\":\"https:\\\/\\\/limodor.dev-web.at\\\/ch\\\/lueftungen\\\/#breadcrumb\"},\"inLanguage\":\"de\",\"potentialAction\":[{\"@type\":\"ReadAction\",\"target\":[\"https:\\\/\\\/limodor.dev-web.at\\\/ch\\\/lueftungen\\\/\"]}]},{\"@type\":\"BreadcrumbList\",\"@id\":\"https:\\\/\\\/limodor.dev-web.at\\\/ch\\\/lueftungen\\\/#breadcrumb\",\"itemListElement\":[{\"@type\":\"ListItem\",\"position\":1,\"name\":\"Startseite\",\"item\":\"https:\\\/\\\/limodor.dev-web.at\\\/ch\\\/\"},{\"@type\":\"ListItem\",\"position\":2,\"name\":\"L\u00f6sungen\"}]},{\"@type\":\"WebSite\",\"@id\":\"https:\\\/\\\/limodor.dev-web.at\\\/ch\\\/#website\",\"url\":\"https:\\\/\\\/limodor.dev-web.at\\\/ch\\\/\",\"name\":\"Limodor CH\",\"description\":\"\",\"potentialAction\":[{\"@type\":\"SearchAction\",\"target\":{\"@type\":\"EntryPoint\",\"urlTemplate\":\"https:\\\/\\\/limodor.dev-web.at\\\/ch\\\/?s={search_term_string}\"},\"query-input\":{\"@type\":\"PropertyValueSpecification\",\"valueRequired\":true,\"valueName\":\"search_term_string\"}}],\"inLanguage\":\"de\"}]}<\/script>\n<!-- \/ Yoast SEO plugin. -->","yoast_head_json":{"title":"L\u00fcftungsanlagen, Wohnrauml\u00fcftung, L\u00fcftungsrohre im \u00dcberblick","description":"Wir haben die passende L\u00fcftungsanlage f\u00fcr jeden Wohnraum. Schaffen Sie sich einen \u00dcberblick \u00fcber die verschiedenen L\u00fcftungen.","robots":{"index":"noindex","follow":"follow","max-snippet":"max-snippet:-1","max-image-preview":"max-image-preview:large","max-video-preview":"max-video-preview:-1"},"og_locale":"de_DE","og_type":"article","og_title":"L\u00fcftungsanlagen, Wohnrauml\u00fcftung, L\u00fcftungsrohre im \u00dcberblick","og_description":"Wir haben die passende L\u00fcftungsanlage f\u00fcr jeden Wohnraum. Schaffen Sie sich einen \u00dcberblick \u00fcber die verschiedenen L\u00fcftungen.","og_url":"https:\/\/limodor.dev-web.at\/ch\/lueftungen\/","og_site_name":"Limodor CH","article_modified_time":"2024-11-13T12:23:28+00:00","twitter_card":"summary_large_image","twitter_misc":{"Gesch\u00e4tzte Lesezeit":"2\u00a0Minuten"},"schema":{"@context":"https:\/\/schema.org","@graph":[{"@type":"WebPage","@id":"https:\/\/limodor.dev-web.at\/ch\/lueftungen\/","url":"https:\/\/limodor.dev-web.at\/ch\/lueftungen\/","name":"L\u00fcftungsanlagen, Wohnrauml\u00fcftung, L\u00fcftungsrohre im \u00dcberblick","isPartOf":{"@id":"https:\/\/limodor.dev-web.at\/ch\/#website"},"datePublished":"2023-07-13T13:02:17+00:00","dateModified":"2024-11-13T12:23:28+00:00","description":"Wir haben die passende L\u00fcftungsanlage f\u00fcr jeden Wohnraum. Schaffen Sie sich einen \u00dcberblick \u00fcber die verschiedenen L\u00fcftungen.","breadcrumb":{"@id":"https:\/\/limodor.dev-web.at\/ch\/lueftungen\/#breadcrumb"},"inLanguage":"de","potentialAction":[{"@type":"ReadAction","target":["https:\/\/limodor.dev-web.at\/ch\/lueftungen\/"]}]},{"@type":"BreadcrumbList","@id":"https:\/\/limodor.dev-web.at\/ch\/lueftungen\/#breadcrumb","itemListElement":[{"@type":"ListItem","position":1,"name":"Startseite","item":"https:\/\/limodor.dev-web.at\/ch\/"},{"@type":"ListItem","position":2,"name":"L\u00f6sungen"}]},{"@type":"WebSite","@id":"https:\/\/limodor.dev-web.at\/ch\/#website","url":"https:\/\/limodor.dev-web.at\/ch\/","name":"Limodor CH","description":"","potentialAction":[{"@type":"SearchAction","target":{"@type":"EntryPoint","urlTemplate":"https:\/\/limodor.dev-web.at\/ch\/?s={search_term_string}"},"query-input":{"@type":"PropertyValueSpecification","valueRequired":true,"valueName":"search_term_string"}}],"inLanguage":"de"}]}},"_links":{"self":[{"href":"https:\/\/limodor.dev-web.at\/ch\/wp-json\/wp\/v2\/pages\/787","targetHints":{"allow":["GET"]}}],"collection":[{"href":"https:\/\/limodor.dev-web.at\/ch\/wp-json\/wp\/v2\/pages"}],"about":[{"href":"https:\/\/limodor.dev-web.at\/ch\/wp-json\/wp\/v2\/types\/page"}],"author":[{"embeddable":true,"href":"https:\/\/limodor.dev-web.at\/ch\/wp-json\/wp\/v2\/users\/1"}],"replies":[{"embeddable":true,"href":"https:\/\/limodor.dev-web.at\/ch\/wp-json\/wp\/v2\/comments?post=787"}],"version-history":[{"count":4,"href":"https:\/\/limodor.dev-web.at\/ch\/wp-json\/wp\/v2\/pages\/787\/revisions"}],"predecessor-version":[{"id":7430,"href":"https:\/\/limodor.dev-web.at\/ch\/wp-json\/wp\/v2\/pages\/787\/revisions\/7430"}],"wp:attachment":[{"href":"https:\/\/limodor.dev-web.at\/ch\/wp-json\/wp\/v2\/media?parent=787"}],"curies":[{"name":"wp","href":"https:\/\/api.w.org\/{rel}","templated":true}]}}