{"id":10158,"date":"2025-04-02T21:04:10","date_gmt":"2025-04-02T19:04:10","guid":{"rendered":"https:\/\/www.limodor.com\/ch\/?post_type=product&#038;p=10158"},"modified":"2026-04-17T21:04:01","modified_gmt":"2026-04-17T19:04:01","slug":"gehaeuse-mhb1-g-stutzen-hinten-brandschutz-fuer-wa-links-d-50mm","status":"publish","type":"product","link":"https:\/\/limodor.dev-web.at\/ch\/produkt\/gehaeuse-mhb1-g-stutzen-hinten-brandschutz-fuer-wa-links-d-50mm\/","title":{"rendered":"Geh\u00e4use MHB1-G, Stutzen hinten, Brandschutz, f\u00fcr WA links, D= 50mm"},"content":{"rendered":"","protected":false},"excerpt":{"rendered":"<p>Einbaugeh\u00e4use Typ MHB mit Brandschutz-Ummantelung F90,<br \/>dichtschliessender R\u00fcckschlagklappe<br \/>f\u00fcr Unterputzmontage.<br \/>mit zus\u00e4tzlichen Stutzen f\u00fcr den Anschluss einer Zweitrauml\u00fcftung<br \/>Anschlussstutzen hinten links.<br \/>Anschlussnetzklemme 230 V bereits integriert.<\/p>\n","protected":false},"featured_media":10159,"template":"","meta":[],"product_brand":[],"product_cat":[154,145,25],"product_tag":[],"class_list":{"0":"post-10158","1":"product","2":"type-product","3":"status-publish","4":"has-post-thumbnail","6":"product_cat-gehaeuseteile","7":"product_cat-limodor-serie-m","8":"product_cat-produktbezeichnung","10":"first","11":"instock","12":"taxable","13":"shipping-taxable","14":"purchasable","15":"product-type-simple"},"acf":[],"yoast_head":"<!-- This site is optimized with the Yoast SEO plugin v27.3 - https:\/\/yoast.com\/product\/yoast-seo-wordpress\/ -->\n<title>Geh\u00e4use MHB1-G, Stutzen hinten, Brandschutz, f\u00fcr WA links, D= 50mm - LIMODOR<\/title>\n<meta name=\"robots\" content=\"noindex, follow\" \/>\n<meta property=\"og:locale\" content=\"de_DE\" \/>\n<meta property=\"og:type\" content=\"article\" \/>\n<meta property=\"og:title\" content=\"Geh\u00e4use MHB1-G, Stutzen hinten, Brandschutz, f\u00fcr WA links, D= 50mm - LIMODOR\" \/>\n<meta property=\"og:description\" content=\"Einbaugeh\u00e4use Typ MHB mit Brandschutz-Ummantelung F90,dichtschliessender R\u00fcckschlagklappef\u00fcr Unterputzmontage.mit zus\u00e4tzlichen Stutzen f\u00fcr den Anschluss einer Zweitrauml\u00fcftungAnschlussstutzen hinten links.Anschlussnetzklemme 230 V bereits integriert.\" \/>\n<meta property=\"og:url\" content=\"https:\/\/limodor.dev-web.at\/ch\/produkt\/gehaeuse-mhb1-g-stutzen-hinten-brandschutz-fuer-wa-links-d-50mm\/\" \/>\n<meta property=\"og:site_name\" content=\"Limodor CH\" \/>\n<meta property=\"article:modified_time\" content=\"2026-04-17T19:04:01+00:00\" \/>\n<meta property=\"og:image\" content=\"https:\/\/limodor.dev-web.at\/ch\/wp-content\/uploads\/sites\/3\/2025\/04\/CH12110.jpg\" \/>\n\t<meta property=\"og:image:width\" content=\"1080\" \/>\n\t<meta property=\"og:image:height\" content=\"1080\" \/>\n\t<meta property=\"og:image:type\" content=\"image\/jpeg\" \/>\n<meta name=\"twitter:card\" content=\"summary_large_image\" \/>\n<script type=\"application\/ld+json\" class=\"yoast-schema-graph\">{\"@context\":\"https:\\\/\\\/schema.org\",\"@graph\":[{\"@type\":\"WebPage\",\"@id\":\"https:\\\/\\\/limodor.dev-web.at\\\/ch\\\/produkt\\\/gehaeuse-mhb1-g-stutzen-hinten-brandschutz-fuer-wa-links-d-50mm\\\/\",\"url\":\"https:\\\/\\\/limodor.dev-web.at\\\/ch\\\/produkt\\\/gehaeuse-mhb1-g-stutzen-hinten-brandschutz-fuer-wa-links-d-50mm\\\/\",\"name\":\"Geh\u00e4use MHB1-G, Stutzen hinten, Brandschutz, f\u00fcr WA links, D= 50mm - LIMODOR\",\"isPartOf\":{\"@id\":\"https:\\\/\\\/limodor.dev-web.at\\\/ch\\\/#website\"},\"primaryImageOfPage\":{\"@id\":\"https:\\\/\\\/limodor.dev-web.at\\\/ch\\\/produkt\\\/gehaeuse-mhb1-g-stutzen-hinten-brandschutz-fuer-wa-links-d-50mm\\\/#primaryimage\"},\"image\":{\"@id\":\"https:\\\/\\\/limodor.dev-web.at\\\/ch\\\/produkt\\\/gehaeuse-mhb1-g-stutzen-hinten-brandschutz-fuer-wa-links-d-50mm\\\/#primaryimage\"},\"thumbnailUrl\":\"https:\\\/\\\/limodor.dev-web.at\\\/ch\\\/wp-content\\\/uploads\\\/sites\\\/3\\\/2025\\\/04\\\/CH12110.jpg\",\"datePublished\":\"2025-04-02T19:04:10+00:00\",\"dateModified\":\"2026-04-17T19:04:01+00:00\",\"breadcrumb\":{\"@id\":\"https:\\\/\\\/limodor.dev-web.at\\\/ch\\\/produkt\\\/gehaeuse-mhb1-g-stutzen-hinten-brandschutz-fuer-wa-links-d-50mm\\\/#breadcrumb\"},\"inLanguage\":\"de\",\"potentialAction\":[{\"@type\":\"ReadAction\",\"target\":[\"https:\\\/\\\/limodor.dev-web.at\\\/ch\\\/produkt\\\/gehaeuse-mhb1-g-stutzen-hinten-brandschutz-fuer-wa-links-d-50mm\\\/\"]}]},{\"@type\":\"ImageObject\",\"inLanguage\":\"de\",\"@id\":\"https:\\\/\\\/limodor.dev-web.at\\\/ch\\\/produkt\\\/gehaeuse-mhb1-g-stutzen-hinten-brandschutz-fuer-wa-links-d-50mm\\\/#primaryimage\",\"url\":\"https:\\\/\\\/limodor.dev-web.at\\\/ch\\\/wp-content\\\/uploads\\\/sites\\\/3\\\/2025\\\/04\\\/CH12110.jpg\",\"contentUrl\":\"https:\\\/\\\/limodor.dev-web.at\\\/ch\\\/wp-content\\\/uploads\\\/sites\\\/3\\\/2025\\\/04\\\/CH12110.jpg\",\"width\":1080,\"height\":1080},{\"@type\":\"BreadcrumbList\",\"@id\":\"https:\\\/\\\/limodor.dev-web.at\\\/ch\\\/produkt\\\/gehaeuse-mhb1-g-stutzen-hinten-brandschutz-fuer-wa-links-d-50mm\\\/#breadcrumb\",\"itemListElement\":[{\"@type\":\"ListItem\",\"position\":1,\"name\":\"Startseite\",\"item\":\"https:\\\/\\\/limodor.dev-web.at\\\/ch\\\/\"},{\"@type\":\"ListItem\",\"position\":2,\"name\":\"Shop\",\"item\":\"https:\\\/\\\/limodor.dev-web.at\\\/ch\\\/shop\\\/\"},{\"@type\":\"ListItem\",\"position\":3,\"name\":\"Geh\u00e4use MHB1-G, Stutzen hinten, Brandschutz, f\u00fcr WA links, D= 50mm\"}]},{\"@type\":\"WebSite\",\"@id\":\"https:\\\/\\\/limodor.dev-web.at\\\/ch\\\/#website\",\"url\":\"https:\\\/\\\/limodor.dev-web.at\\\/ch\\\/\",\"name\":\"Limodor CH\",\"description\":\"\",\"potentialAction\":[{\"@type\":\"SearchAction\",\"target\":{\"@type\":\"EntryPoint\",\"urlTemplate\":\"https:\\\/\\\/limodor.dev-web.at\\\/ch\\\/?s={search_term_string}\"},\"query-input\":{\"@type\":\"PropertyValueSpecification\",\"valueRequired\":true,\"valueName\":\"search_term_string\"}}],\"inLanguage\":\"de\"}]}<\/script>\n<!-- \/ Yoast SEO plugin. -->","yoast_head_json":{"title":"Geh\u00e4use MHB1-G, Stutzen hinten, Brandschutz, f\u00fcr WA links, D= 50mm - LIMODOR","robots":{"index":"noindex","follow":"follow"},"og_locale":"de_DE","og_type":"article","og_title":"Geh\u00e4use MHB1-G, Stutzen hinten, Brandschutz, f\u00fcr WA links, D= 50mm - LIMODOR","og_description":"Einbaugeh\u00e4use Typ MHB mit Brandschutz-Ummantelung F90,dichtschliessender R\u00fcckschlagklappef\u00fcr Unterputzmontage.mit zus\u00e4tzlichen Stutzen f\u00fcr den Anschluss einer Zweitrauml\u00fcftungAnschlussstutzen hinten links.Anschlussnetzklemme 230 V bereits integriert.","og_url":"https:\/\/limodor.dev-web.at\/ch\/produkt\/gehaeuse-mhb1-g-stutzen-hinten-brandschutz-fuer-wa-links-d-50mm\/","og_site_name":"Limodor CH","article_modified_time":"2026-04-17T19:04:01+00:00","og_image":[{"width":1080,"height":1080,"url":"https:\/\/limodor.dev-web.at\/ch\/wp-content\/uploads\/sites\/3\/2025\/04\/CH12110.jpg","type":"image\/jpeg"}],"twitter_card":"summary_large_image","schema":{"@context":"https:\/\/schema.org","@graph":[{"@type":"WebPage","@id":"https:\/\/limodor.dev-web.at\/ch\/produkt\/gehaeuse-mhb1-g-stutzen-hinten-brandschutz-fuer-wa-links-d-50mm\/","url":"https:\/\/limodor.dev-web.at\/ch\/produkt\/gehaeuse-mhb1-g-stutzen-hinten-brandschutz-fuer-wa-links-d-50mm\/","name":"Geh\u00e4use MHB1-G, Stutzen hinten, Brandschutz, f\u00fcr WA links, D= 50mm - LIMODOR","isPartOf":{"@id":"https:\/\/limodor.dev-web.at\/ch\/#website"},"primaryImageOfPage":{"@id":"https:\/\/limodor.dev-web.at\/ch\/produkt\/gehaeuse-mhb1-g-stutzen-hinten-brandschutz-fuer-wa-links-d-50mm\/#primaryimage"},"image":{"@id":"https:\/\/limodor.dev-web.at\/ch\/produkt\/gehaeuse-mhb1-g-stutzen-hinten-brandschutz-fuer-wa-links-d-50mm\/#primaryimage"},"thumbnailUrl":"https:\/\/limodor.dev-web.at\/ch\/wp-content\/uploads\/sites\/3\/2025\/04\/CH12110.jpg","datePublished":"2025-04-02T19:04:10+00:00","dateModified":"2026-04-17T19:04:01+00:00","breadcrumb":{"@id":"https:\/\/limodor.dev-web.at\/ch\/produkt\/gehaeuse-mhb1-g-stutzen-hinten-brandschutz-fuer-wa-links-d-50mm\/#breadcrumb"},"inLanguage":"de","potentialAction":[{"@type":"ReadAction","target":["https:\/\/limodor.dev-web.at\/ch\/produkt\/gehaeuse-mhb1-g-stutzen-hinten-brandschutz-fuer-wa-links-d-50mm\/"]}]},{"@type":"ImageObject","inLanguage":"de","@id":"https:\/\/limodor.dev-web.at\/ch\/produkt\/gehaeuse-mhb1-g-stutzen-hinten-brandschutz-fuer-wa-links-d-50mm\/#primaryimage","url":"https:\/\/limodor.dev-web.at\/ch\/wp-content\/uploads\/sites\/3\/2025\/04\/CH12110.jpg","contentUrl":"https:\/\/limodor.dev-web.at\/ch\/wp-content\/uploads\/sites\/3\/2025\/04\/CH12110.jpg","width":1080,"height":1080},{"@type":"BreadcrumbList","@id":"https:\/\/limodor.dev-web.at\/ch\/produkt\/gehaeuse-mhb1-g-stutzen-hinten-brandschutz-fuer-wa-links-d-50mm\/#breadcrumb","itemListElement":[{"@type":"ListItem","position":1,"name":"Startseite","item":"https:\/\/limodor.dev-web.at\/ch\/"},{"@type":"ListItem","position":2,"name":"Shop","item":"https:\/\/limodor.dev-web.at\/ch\/shop\/"},{"@type":"ListItem","position":3,"name":"Geh\u00e4use MHB1-G, Stutzen hinten, Brandschutz, f\u00fcr WA links, D= 50mm"}]},{"@type":"WebSite","@id":"https:\/\/limodor.dev-web.at\/ch\/#website","url":"https:\/\/limodor.dev-web.at\/ch\/","name":"Limodor CH","description":"","potentialAction":[{"@type":"SearchAction","target":{"@type":"EntryPoint","urlTemplate":"https:\/\/limodor.dev-web.at\/ch\/?s={search_term_string}"},"query-input":{"@type":"PropertyValueSpecification","valueRequired":true,"valueName":"search_term_string"}}],"inLanguage":"de"}]}},"_links":{"self":[{"href":"https:\/\/limodor.dev-web.at\/ch\/wp-json\/wp\/v2\/product\/10158","targetHints":{"allow":["GET"]}}],"collection":[{"href":"https:\/\/limodor.dev-web.at\/ch\/wp-json\/wp\/v2\/product"}],"about":[{"href":"https:\/\/limodor.dev-web.at\/ch\/wp-json\/wp\/v2\/types\/product"}],"wp:featuredmedia":[{"embeddable":true,"href":"https:\/\/limodor.dev-web.at\/ch\/wp-json\/wp\/v2\/media\/10159"}],"wp:attachment":[{"href":"https:\/\/limodor.dev-web.at\/ch\/wp-json\/wp\/v2\/media?parent=10158"}],"wp:term":[{"taxonomy":"product_brand","embeddable":true,"href":"https:\/\/limodor.dev-web.at\/ch\/wp-json\/wp\/v2\/product_brand?post=10158"},{"taxonomy":"product_cat","embeddable":true,"href":"https:\/\/limodor.dev-web.at\/ch\/wp-json\/wp\/v2\/product_cat?post=10158"},{"taxonomy":"product_tag","embeddable":true,"href":"https:\/\/limodor.dev-web.at\/ch\/wp-json\/wp\/v2\/product_tag?post=10158"}],"curies":[{"name":"wp","href":"https:\/\/api.w.org\/{rel}","templated":true}]}}