{"id":10278,"date":"2025-04-02T21:05:11","date_gmt":"2025-04-02T19:05:11","guid":{"rendered":"https:\/\/www.limodor.com\/ch\/?post_type=product&#038;p=10278"},"modified":"2026-04-17T19:03:34","modified_gmt":"2026-04-17T17:03:34","slug":"aufputzrahmen-m-apr-fuer-map-seitlich","status":"publish","type":"product","link":"https:\/\/limodor.dev-web.at\/ch\/produkt\/aufputzrahmen-m-apr-fuer-map-seitlich\/","title":{"rendered":"Aufputzrahmen M-APR, f\u00fcr MAP, seitlich"},"content":{"rendered":"","protected":false},"excerpt":{"rendered":"<p>Geh\u00e4useverkleidung f\u00fcr die Aufputzmontage in Verwendung mit Einbaugeh\u00e4use Typ MAP.<br \/>Komplett-Set f\u00fcr Aufputz Ventilator MAP<br \/>enth\u00e4lt folgende Artikelnr.:<br \/>11000, 15201, 12600, 12440<\/p>\n","protected":false},"featured_media":10279,"template":"","meta":[],"product_brand":[],"product_cat":[150,145],"product_tag":[],"class_list":{"0":"post-10278","1":"product","2":"type-product","3":"status-publish","4":"has-post-thumbnail","6":"product_cat-abdeckungen","7":"product_cat-limodor-serie-m","9":"first","10":"instock","11":"taxable","12":"shipping-taxable","13":"purchasable","14":"product-type-simple"},"acf":[],"yoast_head":"<!-- This site is optimized with the Yoast SEO plugin v27.3 - https:\/\/yoast.com\/product\/yoast-seo-wordpress\/ -->\n<title>Aufputzrahmen M-APR, f\u00fcr MAP, seitlich - LIMODOR<\/title>\n<meta name=\"robots\" content=\"noindex, follow\" \/>\n<meta property=\"og:locale\" content=\"de_DE\" \/>\n<meta property=\"og:type\" content=\"article\" \/>\n<meta property=\"og:title\" content=\"Aufputzrahmen M-APR, f\u00fcr MAP, seitlich - LIMODOR\" \/>\n<meta property=\"og:description\" content=\"Geh\u00e4useverkleidung f\u00fcr die Aufputzmontage in Verwendung mit Einbaugeh\u00e4use Typ MAP.Komplett-Set f\u00fcr Aufputz Ventilator MAPenth\u00e4lt folgende Artikelnr.:11000, 15201, 12600, 12440\" \/>\n<meta property=\"og:url\" content=\"https:\/\/limodor.dev-web.at\/ch\/produkt\/aufputzrahmen-m-apr-fuer-map-seitlich\/\" \/>\n<meta property=\"og:site_name\" content=\"Limodor CH\" \/>\n<meta property=\"article:modified_time\" content=\"2026-04-17T17:03:34+00:00\" \/>\n<meta property=\"og:image\" content=\"https:\/\/limodor.dev-web.at\/ch\/wp-content\/uploads\/sites\/3\/2025\/04\/CH12600.jpg\" \/>\n\t<meta property=\"og:image:width\" content=\"1080\" \/>\n\t<meta property=\"og:image:height\" content=\"1080\" \/>\n\t<meta property=\"og:image:type\" content=\"image\/jpeg\" \/>\n<meta name=\"twitter:card\" content=\"summary_large_image\" \/>\n<meta name=\"twitter:label1\" content=\"Gesch\u00e4tzte Lesezeit\" \/>\n\t<meta name=\"twitter:data1\" content=\"1\u00a0Minute\" \/>\n<script type=\"application\/ld+json\" class=\"yoast-schema-graph\">{\"@context\":\"https:\\\/\\\/schema.org\",\"@graph\":[{\"@type\":\"WebPage\",\"@id\":\"https:\\\/\\\/limodor.dev-web.at\\\/ch\\\/produkt\\\/aufputzrahmen-m-apr-fuer-map-seitlich\\\/\",\"url\":\"https:\\\/\\\/limodor.dev-web.at\\\/ch\\\/produkt\\\/aufputzrahmen-m-apr-fuer-map-seitlich\\\/\",\"name\":\"Aufputzrahmen M-APR, f\u00fcr MAP, seitlich - LIMODOR\",\"isPartOf\":{\"@id\":\"https:\\\/\\\/limodor.dev-web.at\\\/ch\\\/#website\"},\"primaryImageOfPage\":{\"@id\":\"https:\\\/\\\/limodor.dev-web.at\\\/ch\\\/produkt\\\/aufputzrahmen-m-apr-fuer-map-seitlich\\\/#primaryimage\"},\"image\":{\"@id\":\"https:\\\/\\\/limodor.dev-web.at\\\/ch\\\/produkt\\\/aufputzrahmen-m-apr-fuer-map-seitlich\\\/#primaryimage\"},\"thumbnailUrl\":\"https:\\\/\\\/limodor.dev-web.at\\\/ch\\\/wp-content\\\/uploads\\\/sites\\\/3\\\/2025\\\/04\\\/CH12600.jpg\",\"datePublished\":\"2025-04-02T19:05:11+00:00\",\"dateModified\":\"2026-04-17T17:03:34+00:00\",\"breadcrumb\":{\"@id\":\"https:\\\/\\\/limodor.dev-web.at\\\/ch\\\/produkt\\\/aufputzrahmen-m-apr-fuer-map-seitlich\\\/#breadcrumb\"},\"inLanguage\":\"de\",\"potentialAction\":[{\"@type\":\"ReadAction\",\"target\":[\"https:\\\/\\\/limodor.dev-web.at\\\/ch\\\/produkt\\\/aufputzrahmen-m-apr-fuer-map-seitlich\\\/\"]}]},{\"@type\":\"ImageObject\",\"inLanguage\":\"de\",\"@id\":\"https:\\\/\\\/limodor.dev-web.at\\\/ch\\\/produkt\\\/aufputzrahmen-m-apr-fuer-map-seitlich\\\/#primaryimage\",\"url\":\"https:\\\/\\\/limodor.dev-web.at\\\/ch\\\/wp-content\\\/uploads\\\/sites\\\/3\\\/2025\\\/04\\\/CH12600.jpg\",\"contentUrl\":\"https:\\\/\\\/limodor.dev-web.at\\\/ch\\\/wp-content\\\/uploads\\\/sites\\\/3\\\/2025\\\/04\\\/CH12600.jpg\",\"width\":1080,\"height\":1080},{\"@type\":\"BreadcrumbList\",\"@id\":\"https:\\\/\\\/limodor.dev-web.at\\\/ch\\\/produkt\\\/aufputzrahmen-m-apr-fuer-map-seitlich\\\/#breadcrumb\",\"itemListElement\":[{\"@type\":\"ListItem\",\"position\":1,\"name\":\"Startseite\",\"item\":\"https:\\\/\\\/limodor.dev-web.at\\\/ch\\\/\"},{\"@type\":\"ListItem\",\"position\":2,\"name\":\"Shop\",\"item\":\"https:\\\/\\\/limodor.dev-web.at\\\/ch\\\/shop\\\/\"},{\"@type\":\"ListItem\",\"position\":3,\"name\":\"Aufputzrahmen M-APR, f\u00fcr MAP, seitlich\"}]},{\"@type\":\"WebSite\",\"@id\":\"https:\\\/\\\/limodor.dev-web.at\\\/ch\\\/#website\",\"url\":\"https:\\\/\\\/limodor.dev-web.at\\\/ch\\\/\",\"name\":\"Limodor CH\",\"description\":\"\",\"potentialAction\":[{\"@type\":\"SearchAction\",\"target\":{\"@type\":\"EntryPoint\",\"urlTemplate\":\"https:\\\/\\\/limodor.dev-web.at\\\/ch\\\/?s={search_term_string}\"},\"query-input\":{\"@type\":\"PropertyValueSpecification\",\"valueRequired\":true,\"valueName\":\"search_term_string\"}}],\"inLanguage\":\"de\"}]}<\/script>\n<!-- \/ Yoast SEO plugin. -->","yoast_head_json":{"title":"Aufputzrahmen M-APR, f\u00fcr MAP, seitlich - LIMODOR","robots":{"index":"noindex","follow":"follow"},"og_locale":"de_DE","og_type":"article","og_title":"Aufputzrahmen M-APR, f\u00fcr MAP, seitlich - LIMODOR","og_description":"Geh\u00e4useverkleidung f\u00fcr die Aufputzmontage in Verwendung mit Einbaugeh\u00e4use Typ MAP.Komplett-Set f\u00fcr Aufputz Ventilator MAPenth\u00e4lt folgende Artikelnr.:11000, 15201, 12600, 12440","og_url":"https:\/\/limodor.dev-web.at\/ch\/produkt\/aufputzrahmen-m-apr-fuer-map-seitlich\/","og_site_name":"Limodor CH","article_modified_time":"2026-04-17T17:03:34+00:00","og_image":[{"width":1080,"height":1080,"url":"https:\/\/limodor.dev-web.at\/ch\/wp-content\/uploads\/sites\/3\/2025\/04\/CH12600.jpg","type":"image\/jpeg"}],"twitter_card":"summary_large_image","twitter_misc":{"Gesch\u00e4tzte Lesezeit":"1\u00a0Minute"},"schema":{"@context":"https:\/\/schema.org","@graph":[{"@type":"WebPage","@id":"https:\/\/limodor.dev-web.at\/ch\/produkt\/aufputzrahmen-m-apr-fuer-map-seitlich\/","url":"https:\/\/limodor.dev-web.at\/ch\/produkt\/aufputzrahmen-m-apr-fuer-map-seitlich\/","name":"Aufputzrahmen M-APR, f\u00fcr MAP, seitlich - LIMODOR","isPartOf":{"@id":"https:\/\/limodor.dev-web.at\/ch\/#website"},"primaryImageOfPage":{"@id":"https:\/\/limodor.dev-web.at\/ch\/produkt\/aufputzrahmen-m-apr-fuer-map-seitlich\/#primaryimage"},"image":{"@id":"https:\/\/limodor.dev-web.at\/ch\/produkt\/aufputzrahmen-m-apr-fuer-map-seitlich\/#primaryimage"},"thumbnailUrl":"https:\/\/limodor.dev-web.at\/ch\/wp-content\/uploads\/sites\/3\/2025\/04\/CH12600.jpg","datePublished":"2025-04-02T19:05:11+00:00","dateModified":"2026-04-17T17:03:34+00:00","breadcrumb":{"@id":"https:\/\/limodor.dev-web.at\/ch\/produkt\/aufputzrahmen-m-apr-fuer-map-seitlich\/#breadcrumb"},"inLanguage":"de","potentialAction":[{"@type":"ReadAction","target":["https:\/\/limodor.dev-web.at\/ch\/produkt\/aufputzrahmen-m-apr-fuer-map-seitlich\/"]}]},{"@type":"ImageObject","inLanguage":"de","@id":"https:\/\/limodor.dev-web.at\/ch\/produkt\/aufputzrahmen-m-apr-fuer-map-seitlich\/#primaryimage","url":"https:\/\/limodor.dev-web.at\/ch\/wp-content\/uploads\/sites\/3\/2025\/04\/CH12600.jpg","contentUrl":"https:\/\/limodor.dev-web.at\/ch\/wp-content\/uploads\/sites\/3\/2025\/04\/CH12600.jpg","width":1080,"height":1080},{"@type":"BreadcrumbList","@id":"https:\/\/limodor.dev-web.at\/ch\/produkt\/aufputzrahmen-m-apr-fuer-map-seitlich\/#breadcrumb","itemListElement":[{"@type":"ListItem","position":1,"name":"Startseite","item":"https:\/\/limodor.dev-web.at\/ch\/"},{"@type":"ListItem","position":2,"name":"Shop","item":"https:\/\/limodor.dev-web.at\/ch\/shop\/"},{"@type":"ListItem","position":3,"name":"Aufputzrahmen M-APR, f\u00fcr MAP, seitlich"}]},{"@type":"WebSite","@id":"https:\/\/limodor.dev-web.at\/ch\/#website","url":"https:\/\/limodor.dev-web.at\/ch\/","name":"Limodor CH","description":"","potentialAction":[{"@type":"SearchAction","target":{"@type":"EntryPoint","urlTemplate":"https:\/\/limodor.dev-web.at\/ch\/?s={search_term_string}"},"query-input":{"@type":"PropertyValueSpecification","valueRequired":true,"valueName":"search_term_string"}}],"inLanguage":"de"}]}},"_links":{"self":[{"href":"https:\/\/limodor.dev-web.at\/ch\/wp-json\/wp\/v2\/product\/10278","targetHints":{"allow":["GET"]}}],"collection":[{"href":"https:\/\/limodor.dev-web.at\/ch\/wp-json\/wp\/v2\/product"}],"about":[{"href":"https:\/\/limodor.dev-web.at\/ch\/wp-json\/wp\/v2\/types\/product"}],"wp:featuredmedia":[{"embeddable":true,"href":"https:\/\/limodor.dev-web.at\/ch\/wp-json\/wp\/v2\/media\/10279"}],"wp:attachment":[{"href":"https:\/\/limodor.dev-web.at\/ch\/wp-json\/wp\/v2\/media?parent=10278"}],"wp:term":[{"taxonomy":"product_brand","embeddable":true,"href":"https:\/\/limodor.dev-web.at\/ch\/wp-json\/wp\/v2\/product_brand?post=10278"},{"taxonomy":"product_cat","embeddable":true,"href":"https:\/\/limodor.dev-web.at\/ch\/wp-json\/wp\/v2\/product_cat?post=10278"},{"taxonomy":"product_tag","embeddable":true,"href":"https:\/\/limodor.dev-web.at\/ch\/wp-json\/wp\/v2\/product_tag?post=10278"}],"curies":[{"name":"wp","href":"https:\/\/api.w.org\/{rel}","templated":true}]}}