{"id":10746,"date":"2025-04-02T21:09:23","date_gmt":"2025-04-02T19:09:23","guid":{"rendered":"https:\/\/www.limodor.com\/ch\/?post_type=product&#038;p=10746"},"modified":"2026-04-17T21:05:54","modified_gmt":"2026-04-17T19:05:54","slug":"netzklemme-c-nk-8-polig","status":"publish","type":"product","link":"https:\/\/limodor.dev-web.at\/ch\/produkt\/netzklemme-c-nk-8-polig\/","title":{"rendered":"Netzklemme C-NK, 8-polig"},"content":{"rendered":"","protected":false},"excerpt":{"rendered":"<p>Netzklemme f\u00fcr alle Limodor Einbaugeh\u00e4use der Serie M.<br \/>Die Verdrahtung der Netzklemme erfolgt bei allen Limodor Geh\u00e4usen der Serie M seitlich oder von hinten.<br \/>Entsprechende Kabeldurchf\u00fchrungen sind im Geh\u00e4use integriert.<br \/>Nach  dem Einziehen der Kabel kann die Netzklemme fertig verdrahtet werden.<br \/>Bei der Endmontage wird der Gebl\u00e4seeinsatz mit leichtem Druck ins Geh\u00e4use geschoben, bis er einrastet.<\/p>\n","protected":false},"featured_media":10747,"template":"","meta":[],"product_brand":[],"product_cat":[154,145,149,25],"product_tag":[],"class_list":{"0":"post-10746","1":"product","2":"type-product","3":"status-publish","4":"has-post-thumbnail","6":"product_cat-gehaeuseteile","7":"product_cat-limodor-serie-m","8":"product_cat-produktart","9":"product_cat-produktbezeichnung","11":"first","12":"instock","13":"taxable","14":"shipping-taxable","15":"purchasable","16":"product-type-simple"},"acf":[],"yoast_head":"<!-- This site is optimized with the Yoast SEO plugin v27.3 - https:\/\/yoast.com\/product\/yoast-seo-wordpress\/ -->\n<title>Netzklemme C-NK, 8-polig - LIMODOR<\/title>\n<meta name=\"robots\" content=\"noindex, follow\" \/>\n<meta property=\"og:locale\" content=\"de_DE\" \/>\n<meta property=\"og:type\" content=\"article\" \/>\n<meta property=\"og:title\" content=\"Netzklemme C-NK, 8-polig - LIMODOR\" \/>\n<meta property=\"og:description\" content=\"Netzklemme f\u00fcr alle Limodor Einbaugeh\u00e4use der Serie M.Die Verdrahtung der Netzklemme erfolgt bei allen Limodor Geh\u00e4usen der Serie M seitlich oder von hinten.Entsprechende Kabeldurchf\u00fchrungen sind im Geh\u00e4use integriert.Nach dem Einziehen der Kabel kann die Netzklemme fertig verdrahtet werden.Bei der Endmontage wird der Gebl\u00e4seeinsatz mit leichtem Druck ins Geh\u00e4use geschoben, bis er einrastet.\" \/>\n<meta property=\"og:url\" content=\"https:\/\/limodor.dev-web.at\/ch\/produkt\/netzklemme-c-nk-8-polig\/\" \/>\n<meta property=\"og:site_name\" content=\"Limodor CH\" \/>\n<meta property=\"article:modified_time\" content=\"2026-04-17T19:05:54+00:00\" \/>\n<meta property=\"og:image\" content=\"https:\/\/limodor.dev-web.at\/ch\/wp-content\/uploads\/sites\/3\/2025\/04\/CH19510.jpg\" \/>\n\t<meta property=\"og:image:width\" content=\"1080\" \/>\n\t<meta property=\"og:image:height\" content=\"1080\" \/>\n\t<meta property=\"og:image:type\" content=\"image\/jpeg\" \/>\n<meta name=\"twitter:card\" content=\"summary_large_image\" \/>\n<script type=\"application\/ld+json\" class=\"yoast-schema-graph\">{\"@context\":\"https:\\\/\\\/schema.org\",\"@graph\":[{\"@type\":\"WebPage\",\"@id\":\"https:\\\/\\\/limodor.dev-web.at\\\/ch\\\/produkt\\\/netzklemme-c-nk-8-polig\\\/\",\"url\":\"https:\\\/\\\/limodor.dev-web.at\\\/ch\\\/produkt\\\/netzklemme-c-nk-8-polig\\\/\",\"name\":\"Netzklemme C-NK, 8-polig - LIMODOR\",\"isPartOf\":{\"@id\":\"https:\\\/\\\/limodor.dev-web.at\\\/ch\\\/#website\"},\"primaryImageOfPage\":{\"@id\":\"https:\\\/\\\/limodor.dev-web.at\\\/ch\\\/produkt\\\/netzklemme-c-nk-8-polig\\\/#primaryimage\"},\"image\":{\"@id\":\"https:\\\/\\\/limodor.dev-web.at\\\/ch\\\/produkt\\\/netzklemme-c-nk-8-polig\\\/#primaryimage\"},\"thumbnailUrl\":\"https:\\\/\\\/limodor.dev-web.at\\\/ch\\\/wp-content\\\/uploads\\\/sites\\\/3\\\/2025\\\/04\\\/CH19510.jpg\",\"datePublished\":\"2025-04-02T19:09:23+00:00\",\"dateModified\":\"2026-04-17T19:05:54+00:00\",\"breadcrumb\":{\"@id\":\"https:\\\/\\\/limodor.dev-web.at\\\/ch\\\/produkt\\\/netzklemme-c-nk-8-polig\\\/#breadcrumb\"},\"inLanguage\":\"de\",\"potentialAction\":[{\"@type\":\"ReadAction\",\"target\":[\"https:\\\/\\\/limodor.dev-web.at\\\/ch\\\/produkt\\\/netzklemme-c-nk-8-polig\\\/\"]}]},{\"@type\":\"ImageObject\",\"inLanguage\":\"de\",\"@id\":\"https:\\\/\\\/limodor.dev-web.at\\\/ch\\\/produkt\\\/netzklemme-c-nk-8-polig\\\/#primaryimage\",\"url\":\"https:\\\/\\\/limodor.dev-web.at\\\/ch\\\/wp-content\\\/uploads\\\/sites\\\/3\\\/2025\\\/04\\\/CH19510.jpg\",\"contentUrl\":\"https:\\\/\\\/limodor.dev-web.at\\\/ch\\\/wp-content\\\/uploads\\\/sites\\\/3\\\/2025\\\/04\\\/CH19510.jpg\",\"width\":1080,\"height\":1080},{\"@type\":\"BreadcrumbList\",\"@id\":\"https:\\\/\\\/limodor.dev-web.at\\\/ch\\\/produkt\\\/netzklemme-c-nk-8-polig\\\/#breadcrumb\",\"itemListElement\":[{\"@type\":\"ListItem\",\"position\":1,\"name\":\"Startseite\",\"item\":\"https:\\\/\\\/limodor.dev-web.at\\\/ch\\\/\"},{\"@type\":\"ListItem\",\"position\":2,\"name\":\"Shop\",\"item\":\"https:\\\/\\\/limodor.dev-web.at\\\/ch\\\/shop\\\/\"},{\"@type\":\"ListItem\",\"position\":3,\"name\":\"Netzklemme C-NK, 8-polig\"}]},{\"@type\":\"WebSite\",\"@id\":\"https:\\\/\\\/limodor.dev-web.at\\\/ch\\\/#website\",\"url\":\"https:\\\/\\\/limodor.dev-web.at\\\/ch\\\/\",\"name\":\"Limodor CH\",\"description\":\"\",\"potentialAction\":[{\"@type\":\"SearchAction\",\"target\":{\"@type\":\"EntryPoint\",\"urlTemplate\":\"https:\\\/\\\/limodor.dev-web.at\\\/ch\\\/?s={search_term_string}\"},\"query-input\":{\"@type\":\"PropertyValueSpecification\",\"valueRequired\":true,\"valueName\":\"search_term_string\"}}],\"inLanguage\":\"de\"}]}<\/script>\n<!-- \/ Yoast SEO plugin. -->","yoast_head_json":{"title":"Netzklemme C-NK, 8-polig - LIMODOR","robots":{"index":"noindex","follow":"follow"},"og_locale":"de_DE","og_type":"article","og_title":"Netzklemme C-NK, 8-polig - LIMODOR","og_description":"Netzklemme f\u00fcr alle Limodor Einbaugeh\u00e4use der Serie M.Die Verdrahtung der Netzklemme erfolgt bei allen Limodor Geh\u00e4usen der Serie M seitlich oder von hinten.Entsprechende Kabeldurchf\u00fchrungen sind im Geh\u00e4use integriert.Nach dem Einziehen der Kabel kann die Netzklemme fertig verdrahtet werden.Bei der Endmontage wird der Gebl\u00e4seeinsatz mit leichtem Druck ins Geh\u00e4use geschoben, bis er einrastet.","og_url":"https:\/\/limodor.dev-web.at\/ch\/produkt\/netzklemme-c-nk-8-polig\/","og_site_name":"Limodor CH","article_modified_time":"2026-04-17T19:05:54+00:00","og_image":[{"width":1080,"height":1080,"url":"https:\/\/limodor.dev-web.at\/ch\/wp-content\/uploads\/sites\/3\/2025\/04\/CH19510.jpg","type":"image\/jpeg"}],"twitter_card":"summary_large_image","schema":{"@context":"https:\/\/schema.org","@graph":[{"@type":"WebPage","@id":"https:\/\/limodor.dev-web.at\/ch\/produkt\/netzklemme-c-nk-8-polig\/","url":"https:\/\/limodor.dev-web.at\/ch\/produkt\/netzklemme-c-nk-8-polig\/","name":"Netzklemme C-NK, 8-polig - LIMODOR","isPartOf":{"@id":"https:\/\/limodor.dev-web.at\/ch\/#website"},"primaryImageOfPage":{"@id":"https:\/\/limodor.dev-web.at\/ch\/produkt\/netzklemme-c-nk-8-polig\/#primaryimage"},"image":{"@id":"https:\/\/limodor.dev-web.at\/ch\/produkt\/netzklemme-c-nk-8-polig\/#primaryimage"},"thumbnailUrl":"https:\/\/limodor.dev-web.at\/ch\/wp-content\/uploads\/sites\/3\/2025\/04\/CH19510.jpg","datePublished":"2025-04-02T19:09:23+00:00","dateModified":"2026-04-17T19:05:54+00:00","breadcrumb":{"@id":"https:\/\/limodor.dev-web.at\/ch\/produkt\/netzklemme-c-nk-8-polig\/#breadcrumb"},"inLanguage":"de","potentialAction":[{"@type":"ReadAction","target":["https:\/\/limodor.dev-web.at\/ch\/produkt\/netzklemme-c-nk-8-polig\/"]}]},{"@type":"ImageObject","inLanguage":"de","@id":"https:\/\/limodor.dev-web.at\/ch\/produkt\/netzklemme-c-nk-8-polig\/#primaryimage","url":"https:\/\/limodor.dev-web.at\/ch\/wp-content\/uploads\/sites\/3\/2025\/04\/CH19510.jpg","contentUrl":"https:\/\/limodor.dev-web.at\/ch\/wp-content\/uploads\/sites\/3\/2025\/04\/CH19510.jpg","width":1080,"height":1080},{"@type":"BreadcrumbList","@id":"https:\/\/limodor.dev-web.at\/ch\/produkt\/netzklemme-c-nk-8-polig\/#breadcrumb","itemListElement":[{"@type":"ListItem","position":1,"name":"Startseite","item":"https:\/\/limodor.dev-web.at\/ch\/"},{"@type":"ListItem","position":2,"name":"Shop","item":"https:\/\/limodor.dev-web.at\/ch\/shop\/"},{"@type":"ListItem","position":3,"name":"Netzklemme C-NK, 8-polig"}]},{"@type":"WebSite","@id":"https:\/\/limodor.dev-web.at\/ch\/#website","url":"https:\/\/limodor.dev-web.at\/ch\/","name":"Limodor CH","description":"","potentialAction":[{"@type":"SearchAction","target":{"@type":"EntryPoint","urlTemplate":"https:\/\/limodor.dev-web.at\/ch\/?s={search_term_string}"},"query-input":{"@type":"PropertyValueSpecification","valueRequired":true,"valueName":"search_term_string"}}],"inLanguage":"de"}]}},"_links":{"self":[{"href":"https:\/\/limodor.dev-web.at\/ch\/wp-json\/wp\/v2\/product\/10746","targetHints":{"allow":["GET"]}}],"collection":[{"href":"https:\/\/limodor.dev-web.at\/ch\/wp-json\/wp\/v2\/product"}],"about":[{"href":"https:\/\/limodor.dev-web.at\/ch\/wp-json\/wp\/v2\/types\/product"}],"wp:featuredmedia":[{"embeddable":true,"href":"https:\/\/limodor.dev-web.at\/ch\/wp-json\/wp\/v2\/media\/10747"}],"wp:attachment":[{"href":"https:\/\/limodor.dev-web.at\/ch\/wp-json\/wp\/v2\/media?parent=10746"}],"wp:term":[{"taxonomy":"product_brand","embeddable":true,"href":"https:\/\/limodor.dev-web.at\/ch\/wp-json\/wp\/v2\/product_brand?post=10746"},{"taxonomy":"product_cat","embeddable":true,"href":"https:\/\/limodor.dev-web.at\/ch\/wp-json\/wp\/v2\/product_cat?post=10746"},{"taxonomy":"product_tag","embeddable":true,"href":"https:\/\/limodor.dev-web.at\/ch\/wp-json\/wp\/v2\/product_tag?post=10746"}],"curies":[{"name":"wp","href":"https:\/\/api.w.org\/{rel}","templated":true}]}}