{"id":10791,"date":"2025-04-02T21:09:45","date_gmt":"2025-04-02T19:09:45","guid":{"rendered":"https:\/\/www.limodor.com\/ch\/?post_type=product&#038;p=10791"},"modified":"2026-04-17T19:04:36","modified_gmt":"2026-04-17T17:04:36","slug":"nachlaufzeitschalter-f-lt-1-1-8-t11-5min-t28min-steckbar","status":"publish","type":"product","link":"https:\/\/limodor.dev-web.at\/ch\/produkt\/nachlaufzeitschalter-f-lt-1-1-8-t11-5min-t28min-steckbar\/","title":{"rendered":"Nachlaufzeitschalter F-LT 1, 1\/8, t1=1.5Min.\/t2=8Min. steckbar"},"content":{"rendered":"","protected":false},"excerpt":{"rendered":"<p>Der Zeitschalter LT1 wurde speziell f\u00fcr die Steuerung der Limodor Ventilatoren Serie F entwickelt.<br \/>Durch Ansteuerung \u00fcber den Lichtschalter wird die L\u00fcftung in Abh\u00e4ngigkeit von der Raumben\u00fctzung aktiviert und wieder ausgeschaltet.<\/p>\n","protected":false},"featured_media":10792,"template":"","meta":[],"product_brand":[],"product_cat":[144,25,155],"product_tag":[],"class_list":{"0":"post-10791","1":"product","2":"type-product","3":"status-publish","4":"has-post-thumbnail","6":"product_cat-limodor-serie-f","7":"product_cat-produktbezeichnung","8":"product_cat-steuerungen","10":"first","11":"instock","12":"taxable","13":"shipping-taxable","14":"purchasable","15":"product-type-simple"},"acf":[],"yoast_head":"<!-- This site is optimized with the Yoast SEO plugin v27.3 - https:\/\/yoast.com\/product\/yoast-seo-wordpress\/ -->\n<title>Nachlaufzeitschalter F-LT 1, 1\/8, t1=1.5Min.\/t2=8Min. steckbar - LIMODOR<\/title>\n<meta name=\"robots\" content=\"noindex, follow\" \/>\n<meta property=\"og:locale\" content=\"de_DE\" \/>\n<meta property=\"og:type\" content=\"article\" \/>\n<meta property=\"og:title\" content=\"Nachlaufzeitschalter F-LT 1, 1\/8, t1=1.5Min.\/t2=8Min. steckbar - LIMODOR\" \/>\n<meta property=\"og:description\" content=\"Der Zeitschalter LT1 wurde speziell f\u00fcr die Steuerung der Limodor Ventilatoren Serie F entwickelt.Durch Ansteuerung \u00fcber den Lichtschalter wird die L\u00fcftung in Abh\u00e4ngigkeit von der Raumben\u00fctzung aktiviert und wieder ausgeschaltet.\" \/>\n<meta property=\"og:url\" content=\"https:\/\/limodor.dev-web.at\/ch\/produkt\/nachlaufzeitschalter-f-lt-1-1-8-t11-5min-t28min-steckbar\/\" \/>\n<meta property=\"og:site_name\" content=\"Limodor CH\" \/>\n<meta property=\"article:modified_time\" content=\"2026-04-17T17:04:36+00:00\" \/>\n<meta property=\"og:image\" content=\"https:\/\/limodor.dev-web.at\/ch\/wp-content\/uploads\/sites\/3\/2025\/04\/CH22610.jpg\" \/>\n\t<meta property=\"og:image:width\" content=\"1080\" \/>\n\t<meta property=\"og:image:height\" content=\"1080\" \/>\n\t<meta property=\"og:image:type\" content=\"image\/jpeg\" \/>\n<meta name=\"twitter:card\" content=\"summary_large_image\" \/>\n<script type=\"application\/ld+json\" class=\"yoast-schema-graph\">{\"@context\":\"https:\\\/\\\/schema.org\",\"@graph\":[{\"@type\":\"WebPage\",\"@id\":\"https:\\\/\\\/limodor.dev-web.at\\\/ch\\\/produkt\\\/nachlaufzeitschalter-f-lt-1-1-8-t11-5min-t28min-steckbar\\\/\",\"url\":\"https:\\\/\\\/limodor.dev-web.at\\\/ch\\\/produkt\\\/nachlaufzeitschalter-f-lt-1-1-8-t11-5min-t28min-steckbar\\\/\",\"name\":\"Nachlaufzeitschalter F-LT 1, 1\\\/8, t1=1.5Min.\\\/t2=8Min. steckbar - LIMODOR\",\"isPartOf\":{\"@id\":\"https:\\\/\\\/limodor.dev-web.at\\\/ch\\\/#website\"},\"primaryImageOfPage\":{\"@id\":\"https:\\\/\\\/limodor.dev-web.at\\\/ch\\\/produkt\\\/nachlaufzeitschalter-f-lt-1-1-8-t11-5min-t28min-steckbar\\\/#primaryimage\"},\"image\":{\"@id\":\"https:\\\/\\\/limodor.dev-web.at\\\/ch\\\/produkt\\\/nachlaufzeitschalter-f-lt-1-1-8-t11-5min-t28min-steckbar\\\/#primaryimage\"},\"thumbnailUrl\":\"https:\\\/\\\/limodor.dev-web.at\\\/ch\\\/wp-content\\\/uploads\\\/sites\\\/3\\\/2025\\\/04\\\/CH22610.jpg\",\"datePublished\":\"2025-04-02T19:09:45+00:00\",\"dateModified\":\"2026-04-17T17:04:36+00:00\",\"breadcrumb\":{\"@id\":\"https:\\\/\\\/limodor.dev-web.at\\\/ch\\\/produkt\\\/nachlaufzeitschalter-f-lt-1-1-8-t11-5min-t28min-steckbar\\\/#breadcrumb\"},\"inLanguage\":\"de\",\"potentialAction\":[{\"@type\":\"ReadAction\",\"target\":[\"https:\\\/\\\/limodor.dev-web.at\\\/ch\\\/produkt\\\/nachlaufzeitschalter-f-lt-1-1-8-t11-5min-t28min-steckbar\\\/\"]}]},{\"@type\":\"ImageObject\",\"inLanguage\":\"de\",\"@id\":\"https:\\\/\\\/limodor.dev-web.at\\\/ch\\\/produkt\\\/nachlaufzeitschalter-f-lt-1-1-8-t11-5min-t28min-steckbar\\\/#primaryimage\",\"url\":\"https:\\\/\\\/limodor.dev-web.at\\\/ch\\\/wp-content\\\/uploads\\\/sites\\\/3\\\/2025\\\/04\\\/CH22610.jpg\",\"contentUrl\":\"https:\\\/\\\/limodor.dev-web.at\\\/ch\\\/wp-content\\\/uploads\\\/sites\\\/3\\\/2025\\\/04\\\/CH22610.jpg\",\"width\":1080,\"height\":1080},{\"@type\":\"BreadcrumbList\",\"@id\":\"https:\\\/\\\/limodor.dev-web.at\\\/ch\\\/produkt\\\/nachlaufzeitschalter-f-lt-1-1-8-t11-5min-t28min-steckbar\\\/#breadcrumb\",\"itemListElement\":[{\"@type\":\"ListItem\",\"position\":1,\"name\":\"Startseite\",\"item\":\"https:\\\/\\\/limodor.dev-web.at\\\/ch\\\/\"},{\"@type\":\"ListItem\",\"position\":2,\"name\":\"Shop\",\"item\":\"https:\\\/\\\/limodor.dev-web.at\\\/ch\\\/shop\\\/\"},{\"@type\":\"ListItem\",\"position\":3,\"name\":\"Nachlaufzeitschalter F-LT 1, 1\\\/8, t1=1.5Min.\\\/t2=8Min. steckbar\"}]},{\"@type\":\"WebSite\",\"@id\":\"https:\\\/\\\/limodor.dev-web.at\\\/ch\\\/#website\",\"url\":\"https:\\\/\\\/limodor.dev-web.at\\\/ch\\\/\",\"name\":\"Limodor CH\",\"description\":\"\",\"potentialAction\":[{\"@type\":\"SearchAction\",\"target\":{\"@type\":\"EntryPoint\",\"urlTemplate\":\"https:\\\/\\\/limodor.dev-web.at\\\/ch\\\/?s={search_term_string}\"},\"query-input\":{\"@type\":\"PropertyValueSpecification\",\"valueRequired\":true,\"valueName\":\"search_term_string\"}}],\"inLanguage\":\"de\"}]}<\/script>\n<!-- \/ Yoast SEO plugin. -->","yoast_head_json":{"title":"Nachlaufzeitschalter F-LT 1, 1\/8, t1=1.5Min.\/t2=8Min. steckbar - LIMODOR","robots":{"index":"noindex","follow":"follow"},"og_locale":"de_DE","og_type":"article","og_title":"Nachlaufzeitschalter F-LT 1, 1\/8, t1=1.5Min.\/t2=8Min. steckbar - LIMODOR","og_description":"Der Zeitschalter LT1 wurde speziell f\u00fcr die Steuerung der Limodor Ventilatoren Serie F entwickelt.Durch Ansteuerung \u00fcber den Lichtschalter wird die L\u00fcftung in Abh\u00e4ngigkeit von der Raumben\u00fctzung aktiviert und wieder ausgeschaltet.","og_url":"https:\/\/limodor.dev-web.at\/ch\/produkt\/nachlaufzeitschalter-f-lt-1-1-8-t11-5min-t28min-steckbar\/","og_site_name":"Limodor CH","article_modified_time":"2026-04-17T17:04:36+00:00","og_image":[{"width":1080,"height":1080,"url":"https:\/\/limodor.dev-web.at\/ch\/wp-content\/uploads\/sites\/3\/2025\/04\/CH22610.jpg","type":"image\/jpeg"}],"twitter_card":"summary_large_image","schema":{"@context":"https:\/\/schema.org","@graph":[{"@type":"WebPage","@id":"https:\/\/limodor.dev-web.at\/ch\/produkt\/nachlaufzeitschalter-f-lt-1-1-8-t11-5min-t28min-steckbar\/","url":"https:\/\/limodor.dev-web.at\/ch\/produkt\/nachlaufzeitschalter-f-lt-1-1-8-t11-5min-t28min-steckbar\/","name":"Nachlaufzeitschalter F-LT 1, 1\/8, t1=1.5Min.\/t2=8Min. steckbar - LIMODOR","isPartOf":{"@id":"https:\/\/limodor.dev-web.at\/ch\/#website"},"primaryImageOfPage":{"@id":"https:\/\/limodor.dev-web.at\/ch\/produkt\/nachlaufzeitschalter-f-lt-1-1-8-t11-5min-t28min-steckbar\/#primaryimage"},"image":{"@id":"https:\/\/limodor.dev-web.at\/ch\/produkt\/nachlaufzeitschalter-f-lt-1-1-8-t11-5min-t28min-steckbar\/#primaryimage"},"thumbnailUrl":"https:\/\/limodor.dev-web.at\/ch\/wp-content\/uploads\/sites\/3\/2025\/04\/CH22610.jpg","datePublished":"2025-04-02T19:09:45+00:00","dateModified":"2026-04-17T17:04:36+00:00","breadcrumb":{"@id":"https:\/\/limodor.dev-web.at\/ch\/produkt\/nachlaufzeitschalter-f-lt-1-1-8-t11-5min-t28min-steckbar\/#breadcrumb"},"inLanguage":"de","potentialAction":[{"@type":"ReadAction","target":["https:\/\/limodor.dev-web.at\/ch\/produkt\/nachlaufzeitschalter-f-lt-1-1-8-t11-5min-t28min-steckbar\/"]}]},{"@type":"ImageObject","inLanguage":"de","@id":"https:\/\/limodor.dev-web.at\/ch\/produkt\/nachlaufzeitschalter-f-lt-1-1-8-t11-5min-t28min-steckbar\/#primaryimage","url":"https:\/\/limodor.dev-web.at\/ch\/wp-content\/uploads\/sites\/3\/2025\/04\/CH22610.jpg","contentUrl":"https:\/\/limodor.dev-web.at\/ch\/wp-content\/uploads\/sites\/3\/2025\/04\/CH22610.jpg","width":1080,"height":1080},{"@type":"BreadcrumbList","@id":"https:\/\/limodor.dev-web.at\/ch\/produkt\/nachlaufzeitschalter-f-lt-1-1-8-t11-5min-t28min-steckbar\/#breadcrumb","itemListElement":[{"@type":"ListItem","position":1,"name":"Startseite","item":"https:\/\/limodor.dev-web.at\/ch\/"},{"@type":"ListItem","position":2,"name":"Shop","item":"https:\/\/limodor.dev-web.at\/ch\/shop\/"},{"@type":"ListItem","position":3,"name":"Nachlaufzeitschalter F-LT 1, 1\/8, t1=1.5Min.\/t2=8Min. steckbar"}]},{"@type":"WebSite","@id":"https:\/\/limodor.dev-web.at\/ch\/#website","url":"https:\/\/limodor.dev-web.at\/ch\/","name":"Limodor CH","description":"","potentialAction":[{"@type":"SearchAction","target":{"@type":"EntryPoint","urlTemplate":"https:\/\/limodor.dev-web.at\/ch\/?s={search_term_string}"},"query-input":{"@type":"PropertyValueSpecification","valueRequired":true,"valueName":"search_term_string"}}],"inLanguage":"de"}]}},"_links":{"self":[{"href":"https:\/\/limodor.dev-web.at\/ch\/wp-json\/wp\/v2\/product\/10791","targetHints":{"allow":["GET"]}}],"collection":[{"href":"https:\/\/limodor.dev-web.at\/ch\/wp-json\/wp\/v2\/product"}],"about":[{"href":"https:\/\/limodor.dev-web.at\/ch\/wp-json\/wp\/v2\/types\/product"}],"wp:featuredmedia":[{"embeddable":true,"href":"https:\/\/limodor.dev-web.at\/ch\/wp-json\/wp\/v2\/media\/10792"}],"wp:attachment":[{"href":"https:\/\/limodor.dev-web.at\/ch\/wp-json\/wp\/v2\/media?parent=10791"}],"wp:term":[{"taxonomy":"product_brand","embeddable":true,"href":"https:\/\/limodor.dev-web.at\/ch\/wp-json\/wp\/v2\/product_brand?post=10791"},{"taxonomy":"product_cat","embeddable":true,"href":"https:\/\/limodor.dev-web.at\/ch\/wp-json\/wp\/v2\/product_cat?post=10791"},{"taxonomy":"product_tag","embeddable":true,"href":"https:\/\/limodor.dev-web.at\/ch\/wp-json\/wp\/v2\/product_tag?post=10791"}],"curies":[{"name":"wp","href":"https:\/\/api.w.org\/{rel}","templated":true}]}}