{"id":10803,"date":"2025-04-02T21:09:51","date_gmt":"2025-04-02T19:09:51","guid":{"rendered":"https:\/\/www.limodor.com\/ch\/?post_type=product&#038;p=10803"},"modified":"2026-04-17T22:04:54","modified_gmt":"2026-04-17T20:04:54","slug":"universal-zeitschalter-lnr-e-fuer-serie-f-alte-version-nachlauf-16-min","status":"publish","type":"product","link":"https:\/\/limodor.dev-web.at\/ch\/produkt\/universal-zeitschalter-lnr-e-fuer-serie-f-alte-version-nachlauf-16-min\/","title":{"rendered":"Universal Zeitschalter LNR-E, f\u00fcr Serie F (alte Version), Nachlauf 16 Min."},"content":{"rendered":"","protected":false},"excerpt":{"rendered":"<p>F\u00fcr Einbau in Schalterdose oder direkt beim Ventialtor.<br \/>Passend f\u00fcr alle LIMODOR Ventilatoren ausgenommen LIMODOR W<\/p>\n","protected":false},"featured_media":10804,"template":"","meta":[],"product_brand":[],"product_cat":[144,25,155],"product_tag":[],"class_list":{"0":"post-10803","1":"product","2":"type-product","3":"status-publish","4":"has-post-thumbnail","6":"product_cat-limodor-serie-f","7":"product_cat-produktbezeichnung","8":"product_cat-steuerungen","10":"first","11":"instock","12":"taxable","13":"shipping-taxable","14":"purchasable","15":"product-type-simple"},"acf":[],"yoast_head":"<!-- This site is optimized with the Yoast SEO plugin v27.3 - https:\/\/yoast.com\/product\/yoast-seo-wordpress\/ -->\n<title>Universal Zeitschalter LNR-E, f\u00fcr Serie F (alte Version), Nachlauf 16 Min. - LIMODOR<\/title>\n<meta name=\"robots\" content=\"noindex, follow\" \/>\n<meta property=\"og:locale\" content=\"de_DE\" \/>\n<meta property=\"og:type\" content=\"article\" \/>\n<meta property=\"og:title\" content=\"Universal Zeitschalter LNR-E, f\u00fcr Serie F (alte Version), Nachlauf 16 Min. - LIMODOR\" \/>\n<meta property=\"og:description\" content=\"F\u00fcr Einbau in Schalterdose oder direkt beim Ventialtor.Passend f\u00fcr alle LIMODOR Ventilatoren ausgenommen LIMODOR W\" \/>\n<meta property=\"og:url\" content=\"https:\/\/limodor.dev-web.at\/ch\/produkt\/universal-zeitschalter-lnr-e-fuer-serie-f-alte-version-nachlauf-16-min\/\" \/>\n<meta property=\"og:site_name\" content=\"Limodor CH\" \/>\n<meta property=\"article:modified_time\" content=\"2026-04-17T20:04:54+00:00\" \/>\n<meta property=\"og:image\" content=\"https:\/\/limodor.dev-web.at\/ch\/wp-content\/uploads\/sites\/3\/2025\/04\/CH22710.jpg\" \/>\n\t<meta property=\"og:image:width\" content=\"1080\" \/>\n\t<meta property=\"og:image:height\" content=\"1080\" \/>\n\t<meta property=\"og:image:type\" content=\"image\/jpeg\" \/>\n<meta name=\"twitter:card\" content=\"summary_large_image\" \/>\n<script type=\"application\/ld+json\" class=\"yoast-schema-graph\">{\"@context\":\"https:\\\/\\\/schema.org\",\"@graph\":[{\"@type\":\"WebPage\",\"@id\":\"https:\\\/\\\/limodor.dev-web.at\\\/ch\\\/produkt\\\/universal-zeitschalter-lnr-e-fuer-serie-f-alte-version-nachlauf-16-min\\\/\",\"url\":\"https:\\\/\\\/limodor.dev-web.at\\\/ch\\\/produkt\\\/universal-zeitschalter-lnr-e-fuer-serie-f-alte-version-nachlauf-16-min\\\/\",\"name\":\"Universal Zeitschalter LNR-E, f\u00fcr Serie F (alte Version), Nachlauf 16 Min. - LIMODOR\",\"isPartOf\":{\"@id\":\"https:\\\/\\\/limodor.dev-web.at\\\/ch\\\/#website\"},\"primaryImageOfPage\":{\"@id\":\"https:\\\/\\\/limodor.dev-web.at\\\/ch\\\/produkt\\\/universal-zeitschalter-lnr-e-fuer-serie-f-alte-version-nachlauf-16-min\\\/#primaryimage\"},\"image\":{\"@id\":\"https:\\\/\\\/limodor.dev-web.at\\\/ch\\\/produkt\\\/universal-zeitschalter-lnr-e-fuer-serie-f-alte-version-nachlauf-16-min\\\/#primaryimage\"},\"thumbnailUrl\":\"https:\\\/\\\/limodor.dev-web.at\\\/ch\\\/wp-content\\\/uploads\\\/sites\\\/3\\\/2025\\\/04\\\/CH22710.jpg\",\"datePublished\":\"2025-04-02T19:09:51+00:00\",\"dateModified\":\"2026-04-17T20:04:54+00:00\",\"breadcrumb\":{\"@id\":\"https:\\\/\\\/limodor.dev-web.at\\\/ch\\\/produkt\\\/universal-zeitschalter-lnr-e-fuer-serie-f-alte-version-nachlauf-16-min\\\/#breadcrumb\"},\"inLanguage\":\"de\",\"potentialAction\":[{\"@type\":\"ReadAction\",\"target\":[\"https:\\\/\\\/limodor.dev-web.at\\\/ch\\\/produkt\\\/universal-zeitschalter-lnr-e-fuer-serie-f-alte-version-nachlauf-16-min\\\/\"]}]},{\"@type\":\"ImageObject\",\"inLanguage\":\"de\",\"@id\":\"https:\\\/\\\/limodor.dev-web.at\\\/ch\\\/produkt\\\/universal-zeitschalter-lnr-e-fuer-serie-f-alte-version-nachlauf-16-min\\\/#primaryimage\",\"url\":\"https:\\\/\\\/limodor.dev-web.at\\\/ch\\\/wp-content\\\/uploads\\\/sites\\\/3\\\/2025\\\/04\\\/CH22710.jpg\",\"contentUrl\":\"https:\\\/\\\/limodor.dev-web.at\\\/ch\\\/wp-content\\\/uploads\\\/sites\\\/3\\\/2025\\\/04\\\/CH22710.jpg\",\"width\":1080,\"height\":1080},{\"@type\":\"BreadcrumbList\",\"@id\":\"https:\\\/\\\/limodor.dev-web.at\\\/ch\\\/produkt\\\/universal-zeitschalter-lnr-e-fuer-serie-f-alte-version-nachlauf-16-min\\\/#breadcrumb\",\"itemListElement\":[{\"@type\":\"ListItem\",\"position\":1,\"name\":\"Startseite\",\"item\":\"https:\\\/\\\/limodor.dev-web.at\\\/ch\\\/\"},{\"@type\":\"ListItem\",\"position\":2,\"name\":\"Shop\",\"item\":\"https:\\\/\\\/limodor.dev-web.at\\\/ch\\\/shop\\\/\"},{\"@type\":\"ListItem\",\"position\":3,\"name\":\"Universal Zeitschalter LNR-E, f\u00fcr Serie F (alte Version), Nachlauf 16 Min.\"}]},{\"@type\":\"WebSite\",\"@id\":\"https:\\\/\\\/limodor.dev-web.at\\\/ch\\\/#website\",\"url\":\"https:\\\/\\\/limodor.dev-web.at\\\/ch\\\/\",\"name\":\"Limodor CH\",\"description\":\"\",\"potentialAction\":[{\"@type\":\"SearchAction\",\"target\":{\"@type\":\"EntryPoint\",\"urlTemplate\":\"https:\\\/\\\/limodor.dev-web.at\\\/ch\\\/?s={search_term_string}\"},\"query-input\":{\"@type\":\"PropertyValueSpecification\",\"valueRequired\":true,\"valueName\":\"search_term_string\"}}],\"inLanguage\":\"de\"}]}<\/script>\n<!-- \/ Yoast SEO plugin. -->","yoast_head_json":{"title":"Universal Zeitschalter LNR-E, f\u00fcr Serie F (alte Version), Nachlauf 16 Min. - LIMODOR","robots":{"index":"noindex","follow":"follow"},"og_locale":"de_DE","og_type":"article","og_title":"Universal Zeitschalter LNR-E, f\u00fcr Serie F (alte Version), Nachlauf 16 Min. - LIMODOR","og_description":"F\u00fcr Einbau in Schalterdose oder direkt beim Ventialtor.Passend f\u00fcr alle LIMODOR Ventilatoren ausgenommen LIMODOR W","og_url":"https:\/\/limodor.dev-web.at\/ch\/produkt\/universal-zeitschalter-lnr-e-fuer-serie-f-alte-version-nachlauf-16-min\/","og_site_name":"Limodor CH","article_modified_time":"2026-04-17T20:04:54+00:00","og_image":[{"width":1080,"height":1080,"url":"https:\/\/limodor.dev-web.at\/ch\/wp-content\/uploads\/sites\/3\/2025\/04\/CH22710.jpg","type":"image\/jpeg"}],"twitter_card":"summary_large_image","schema":{"@context":"https:\/\/schema.org","@graph":[{"@type":"WebPage","@id":"https:\/\/limodor.dev-web.at\/ch\/produkt\/universal-zeitschalter-lnr-e-fuer-serie-f-alte-version-nachlauf-16-min\/","url":"https:\/\/limodor.dev-web.at\/ch\/produkt\/universal-zeitschalter-lnr-e-fuer-serie-f-alte-version-nachlauf-16-min\/","name":"Universal Zeitschalter LNR-E, f\u00fcr Serie F (alte Version), Nachlauf 16 Min. - LIMODOR","isPartOf":{"@id":"https:\/\/limodor.dev-web.at\/ch\/#website"},"primaryImageOfPage":{"@id":"https:\/\/limodor.dev-web.at\/ch\/produkt\/universal-zeitschalter-lnr-e-fuer-serie-f-alte-version-nachlauf-16-min\/#primaryimage"},"image":{"@id":"https:\/\/limodor.dev-web.at\/ch\/produkt\/universal-zeitschalter-lnr-e-fuer-serie-f-alte-version-nachlauf-16-min\/#primaryimage"},"thumbnailUrl":"https:\/\/limodor.dev-web.at\/ch\/wp-content\/uploads\/sites\/3\/2025\/04\/CH22710.jpg","datePublished":"2025-04-02T19:09:51+00:00","dateModified":"2026-04-17T20:04:54+00:00","breadcrumb":{"@id":"https:\/\/limodor.dev-web.at\/ch\/produkt\/universal-zeitschalter-lnr-e-fuer-serie-f-alte-version-nachlauf-16-min\/#breadcrumb"},"inLanguage":"de","potentialAction":[{"@type":"ReadAction","target":["https:\/\/limodor.dev-web.at\/ch\/produkt\/universal-zeitschalter-lnr-e-fuer-serie-f-alte-version-nachlauf-16-min\/"]}]},{"@type":"ImageObject","inLanguage":"de","@id":"https:\/\/limodor.dev-web.at\/ch\/produkt\/universal-zeitschalter-lnr-e-fuer-serie-f-alte-version-nachlauf-16-min\/#primaryimage","url":"https:\/\/limodor.dev-web.at\/ch\/wp-content\/uploads\/sites\/3\/2025\/04\/CH22710.jpg","contentUrl":"https:\/\/limodor.dev-web.at\/ch\/wp-content\/uploads\/sites\/3\/2025\/04\/CH22710.jpg","width":1080,"height":1080},{"@type":"BreadcrumbList","@id":"https:\/\/limodor.dev-web.at\/ch\/produkt\/universal-zeitschalter-lnr-e-fuer-serie-f-alte-version-nachlauf-16-min\/#breadcrumb","itemListElement":[{"@type":"ListItem","position":1,"name":"Startseite","item":"https:\/\/limodor.dev-web.at\/ch\/"},{"@type":"ListItem","position":2,"name":"Shop","item":"https:\/\/limodor.dev-web.at\/ch\/shop\/"},{"@type":"ListItem","position":3,"name":"Universal Zeitschalter LNR-E, f\u00fcr Serie F (alte Version), Nachlauf 16 Min."}]},{"@type":"WebSite","@id":"https:\/\/limodor.dev-web.at\/ch\/#website","url":"https:\/\/limodor.dev-web.at\/ch\/","name":"Limodor CH","description":"","potentialAction":[{"@type":"SearchAction","target":{"@type":"EntryPoint","urlTemplate":"https:\/\/limodor.dev-web.at\/ch\/?s={search_term_string}"},"query-input":{"@type":"PropertyValueSpecification","valueRequired":true,"valueName":"search_term_string"}}],"inLanguage":"de"}]}},"_links":{"self":[{"href":"https:\/\/limodor.dev-web.at\/ch\/wp-json\/wp\/v2\/product\/10803","targetHints":{"allow":["GET"]}}],"collection":[{"href":"https:\/\/limodor.dev-web.at\/ch\/wp-json\/wp\/v2\/product"}],"about":[{"href":"https:\/\/limodor.dev-web.at\/ch\/wp-json\/wp\/v2\/types\/product"}],"wp:featuredmedia":[{"embeddable":true,"href":"https:\/\/limodor.dev-web.at\/ch\/wp-json\/wp\/v2\/media\/10804"}],"wp:attachment":[{"href":"https:\/\/limodor.dev-web.at\/ch\/wp-json\/wp\/v2\/media?parent=10803"}],"wp:term":[{"taxonomy":"product_brand","embeddable":true,"href":"https:\/\/limodor.dev-web.at\/ch\/wp-json\/wp\/v2\/product_brand?post=10803"},{"taxonomy":"product_cat","embeddable":true,"href":"https:\/\/limodor.dev-web.at\/ch\/wp-json\/wp\/v2\/product_cat?post=10803"},{"taxonomy":"product_tag","embeddable":true,"href":"https:\/\/limodor.dev-web.at\/ch\/wp-json\/wp\/v2\/product_tag?post=10803"}],"curies":[{"name":"wp","href":"https:\/\/api.w.org\/{rel}","templated":true}]}}