{"id":152,"date":"2023-08-25T14:16:56","date_gmt":"2023-08-25T12:16:56","guid":{"rendered":"https:\/\/limodor-de.dev-web.at\/impressum\/"},"modified":"2025-01-02T14:40:22","modified_gmt":"2025-01-02T13:40:22","slug":"impressum","status":"publish","type":"page","link":"https:\/\/limodor.dev-web.at\/de\/impressum\/","title":{"rendered":"Impressum"},"content":{"rendered":"\n<h1>Impressum<\/h1>\n<p>(\u00a7 5 TMG)<br \/>Unternehmer\/Diensteanbieter\/Medieninhaber:<\/p>\n<h2>LIMODOR GmbH &amp; Co KG Deutschland<\/h2>\n<h4>Anschrift<\/h4>\n<p>Hauptniederlassung Mergentheim (Firmensitz):<br \/>Dainbacher Weg 21<br \/>D-97980 Bad Mergentheim<\/p>\n<p><strong>Gesch\u00e4ftsf\u00fchrer:<\/strong> <br \/>Alexander Haase, MSc.<\/p>\n<p><strong>Handelsregister:<\/strong> HRA 680782<br \/><strong>Unternehmensgegenstand:<\/strong> Elektroindustrie<br \/><strong>UID-Nummer:<\/strong> DE 144 772 167<\/p>\n<p><strong>E-Mail:<\/strong> <a href=\"mailto:info@limodor.de\">info@limodor.de<\/a><br \/><strong>Telefon:<\/strong> <a href=\"tel:+49793194490\">+49 (0) 79 31-94 49 0<\/a><\/p>\n<p><strong>Rechtsform:<\/strong> Gesellschaft mit beschr\u00e4nkter Haftung und Compagnie Kommanditgesellschaft<br \/><strong>Firmensitz:<\/strong> Bad Mergentheim (Baden-W\u00fcrttemberg)<br \/><strong>Amtsgericht:<\/strong> Amtsgericht Ulm<\/p>\n<h2>LIMOT Verwaltungs-GmbH<\/h2>\n<h4>Anschrift<\/h4>\n<p>Hauptniederlassung Mergentheim (Firmensitz):<br \/>Dainbacher Weg 21<br \/>D-97980 Bad Mergentheim<\/p>\n<p><strong>Gesch\u00e4ftsf\u00fchrer:<\/strong> <br \/>Alexander Haase, MSc.<\/p>\n<p><strong>Handelsregister:<\/strong> HRA 680782<br \/><strong>Unternehmensgegenstand: <\/strong>Elektroindustrie<\/p>\n<p><strong>E-Mail:<\/strong><a href=\"mailto:info@limodor.de\"> info@limodor.de<\/a><br \/><strong>Telefon:<\/strong><a href=\"tel:+49793194490\"> +49 (0) 79 31-94 49 0<\/a><\/p>\n<p><strong>Rechtsform:<\/strong> Gesellschaft mit beschr\u00e4nkter Haftung <br \/><strong>Firmensitz:<\/strong> Bad Mergentheim (Baden-W\u00fcrttemberg)<br \/><strong>Amtsgericht:<\/strong> Amtsgericht Ulm<\/p>\n<h3>Disclaimer<\/h3>\n<h4>Haftungsausschluss f\u00fcr Inhalte<\/h4>\n<p>Trotz gr\u00f6\u00dftm\u00f6glicher Sorgfalt k\u00f6nnen wir keine Haftung f\u00fcr die Korrektheit, Vollst\u00e4ndigkeit und Aktualit\u00e4t der Inhalte der Webseite \u00fcbernehmen. \u00c4nderungen sind vorbehalten. Die Artikel und Inhalte dienen ausschlie\u00dflich der allgemeinen Information und ersetzen keine juristische Beratung!<\/p>\n<h4>Urheberrecht<\/h4>\n<p>Alle Inhalte und Werke auf unseren Seiten unterliegen dem Urheberrecht. Jede Art der Verbreitung bedarf unserer schriftlichen Zustimmung (soweit nicht anders angegeben sowie im Rahmen der G\u00fcltigkeit des Urheberrechts).<\/p>\n<h4>Haftung f\u00fcr Links<\/h4>\n<p>Wir \u00fcbernehmen keine Haftung f\u00fcr die Inhalte verlinkter Seiten.<br \/>Fotonachweise<br \/>Bilder von shutterstock.com werden im Rahmen einer Standard-Bildlizenz verwendet. Die Nutzungsbedingung sind auf der Website von shutterstock.com unter <a href=\"https:\/\/www.shutterstock.com\/de\/license\">https:\/\/www.shutterstock.com\/de\/license<\/a> abrufbar.<\/p>\n\n","protected":false},"excerpt":{"rendered":"","protected":false},"author":1,"featured_media":0,"parent":0,"menu_order":0,"comment_status":"closed","ping_status":"closed","template":"","meta":{"footnotes":""},"class_list":["post-152","page","type-page","status-publish","hentry"],"acf":[],"yoast_head":"<!-- This site is optimized with the Yoast SEO plugin v27.3 - https:\/\/yoast.com\/product\/yoast-seo-wordpress\/ -->\n<title>Impressum - LIMODOR<\/title>\n<meta name=\"robots\" content=\"noindex, nofollow\" \/>\n<meta property=\"og:locale\" content=\"de_DE\" \/>\n<meta property=\"og:type\" content=\"article\" \/>\n<meta property=\"og:title\" content=\"Impressum - LIMODOR\" \/>\n<meta property=\"og:url\" content=\"https:\/\/limodor.dev-web.at\/de\/impressum\/\" \/>\n<meta property=\"og:site_name\" content=\"Limodor DE\" \/>\n<meta property=\"article:modified_time\" content=\"2025-01-02T13:40:22+00:00\" \/>\n<meta name=\"twitter:card\" content=\"summary_large_image\" \/>\n<meta name=\"twitter:label1\" content=\"Gesch\u00e4tzte Lesezeit\" \/>\n\t<meta name=\"twitter:data1\" content=\"2\u00a0Minuten\" \/>\n<script type=\"application\/ld+json\" class=\"yoast-schema-graph\">{\"@context\":\"https:\\\/\\\/schema.org\",\"@graph\":[{\"@type\":\"WebPage\",\"@id\":\"https:\\\/\\\/limodor.dev-web.at\\\/de\\\/impressum\\\/\",\"url\":\"https:\\\/\\\/limodor.dev-web.at\\\/de\\\/impressum\\\/\",\"name\":\"Impressum - LIMODOR\",\"isPartOf\":{\"@id\":\"https:\\\/\\\/limodor.dev-web.at\\\/de\\\/#website\"},\"datePublished\":\"2023-08-25T12:16:56+00:00\",\"dateModified\":\"2025-01-02T13:40:22+00:00\",\"breadcrumb\":{\"@id\":\"https:\\\/\\\/limodor.dev-web.at\\\/de\\\/impressum\\\/#breadcrumb\"},\"inLanguage\":\"de\",\"potentialAction\":[{\"@type\":\"ReadAction\",\"target\":[\"https:\\\/\\\/limodor.dev-web.at\\\/de\\\/impressum\\\/\"]}]},{\"@type\":\"BreadcrumbList\",\"@id\":\"https:\\\/\\\/limodor.dev-web.at\\\/de\\\/impressum\\\/#breadcrumb\",\"itemListElement\":[{\"@type\":\"ListItem\",\"position\":1,\"name\":\"Startseite\",\"item\":\"https:\\\/\\\/limodor.dev-web.at\\\/de\\\/\"},{\"@type\":\"ListItem\",\"position\":2,\"name\":\"Impressum\"}]},{\"@type\":\"WebSite\",\"@id\":\"https:\\\/\\\/limodor.dev-web.at\\\/de\\\/#website\",\"url\":\"https:\\\/\\\/limodor.dev-web.at\\\/de\\\/\",\"name\":\"Limodor DE\",\"description\":\"\",\"potentialAction\":[{\"@type\":\"SearchAction\",\"target\":{\"@type\":\"EntryPoint\",\"urlTemplate\":\"https:\\\/\\\/limodor.dev-web.at\\\/de\\\/?s={search_term_string}\"},\"query-input\":{\"@type\":\"PropertyValueSpecification\",\"valueRequired\":true,\"valueName\":\"search_term_string\"}}],\"inLanguage\":\"de\"}]}<\/script>\n<!-- \/ Yoast SEO plugin. -->","yoast_head_json":{"title":"Impressum - LIMODOR","robots":{"index":"noindex","follow":"nofollow"},"og_locale":"de_DE","og_type":"article","og_title":"Impressum - LIMODOR","og_url":"https:\/\/limodor.dev-web.at\/de\/impressum\/","og_site_name":"Limodor DE","article_modified_time":"2025-01-02T13:40:22+00:00","twitter_card":"summary_large_image","twitter_misc":{"Gesch\u00e4tzte Lesezeit":"2\u00a0Minuten"},"schema":{"@context":"https:\/\/schema.org","@graph":[{"@type":"WebPage","@id":"https:\/\/limodor.dev-web.at\/de\/impressum\/","url":"https:\/\/limodor.dev-web.at\/de\/impressum\/","name":"Impressum - LIMODOR","isPartOf":{"@id":"https:\/\/limodor.dev-web.at\/de\/#website"},"datePublished":"2023-08-25T12:16:56+00:00","dateModified":"2025-01-02T13:40:22+00:00","breadcrumb":{"@id":"https:\/\/limodor.dev-web.at\/de\/impressum\/#breadcrumb"},"inLanguage":"de","potentialAction":[{"@type":"ReadAction","target":["https:\/\/limodor.dev-web.at\/de\/impressum\/"]}]},{"@type":"BreadcrumbList","@id":"https:\/\/limodor.dev-web.at\/de\/impressum\/#breadcrumb","itemListElement":[{"@type":"ListItem","position":1,"name":"Startseite","item":"https:\/\/limodor.dev-web.at\/de\/"},{"@type":"ListItem","position":2,"name":"Impressum"}]},{"@type":"WebSite","@id":"https:\/\/limodor.dev-web.at\/de\/#website","url":"https:\/\/limodor.dev-web.at\/de\/","name":"Limodor DE","description":"","potentialAction":[{"@type":"SearchAction","target":{"@type":"EntryPoint","urlTemplate":"https:\/\/limodor.dev-web.at\/de\/?s={search_term_string}"},"query-input":{"@type":"PropertyValueSpecification","valueRequired":true,"valueName":"search_term_string"}}],"inLanguage":"de"}]}},"_links":{"self":[{"href":"https:\/\/limodor.dev-web.at\/de\/wp-json\/wp\/v2\/pages\/152","targetHints":{"allow":["GET"]}}],"collection":[{"href":"https:\/\/limodor.dev-web.at\/de\/wp-json\/wp\/v2\/pages"}],"about":[{"href":"https:\/\/limodor.dev-web.at\/de\/wp-json\/wp\/v2\/types\/page"}],"author":[{"embeddable":true,"href":"https:\/\/limodor.dev-web.at\/de\/wp-json\/wp\/v2\/users\/1"}],"replies":[{"embeddable":true,"href":"https:\/\/limodor.dev-web.at\/de\/wp-json\/wp\/v2\/comments?post=152"}],"version-history":[{"count":4,"href":"https:\/\/limodor.dev-web.at\/de\/wp-json\/wp\/v2\/pages\/152\/revisions"}],"predecessor-version":[{"id":27405,"href":"https:\/\/limodor.dev-web.at\/de\/wp-json\/wp\/v2\/pages\/152\/revisions\/27405"}],"wp:attachment":[{"href":"https:\/\/limodor.dev-web.at\/de\/wp-json\/wp\/v2\/media?parent=152"}],"curies":[{"name":"wp","href":"https:\/\/api.w.org\/{rel}","templated":true}]}}