{"id":2503,"date":"2023-08-24T16:53:45","date_gmt":"2023-08-24T14:53:45","guid":{"rendered":"https:\/\/limodor.dev-web.at\/de\/initiativbewerbung\/"},"modified":"2025-06-25T15:22:58","modified_gmt":"2025-06-25T13:22:58","slug":"initiativbewerbung","status":"publish","type":"page","link":"https:\/\/limodor.dev-web.at\/de\/initiativbewerbung\/","title":{"rendered":"Jobs_Initiativbewerbung"},"content":{"rendered":"\n\t<section class=\"section wohnraum-header section-bottom-space\" id=\"section_775165925\">\n\t\t<div class=\"bg section-bg fill bg-fill  bg-loaded\" >\n\n\t\t\t\n\t\t\t\n\t\t\t\n\n\t\t<\/div>\n\n\t\t\n\n\t\t<div class=\"section-content relative\">\n\t\t\t\n\n<div class=\"row row-full-width align-middle\"  id=\"row-1709870163\">\n\n\n\t<div id=\"col-1133314426\" class=\"col medium-12 small-12 large-6\"  >\n\t\t\t\t<div class=\"col-inner\"  >\n\t\t\t\n\t\t\t\n\n<h1>Initiativbewerbung<\/h1>\n<h4 class=\"uppercase\">Komm in unser Team<br \/>\n<\/h4>\n\t<div id=\"gap-1165839104\" class=\"gap-element clearfix\" style=\"display:block; height:auto;\">\n\t\t\n<style>\n#gap-1165839104 {\n  padding-top: 10px;\n}\n@media (min-width:550px) {\n  #gap-1165839104 {\n    padding-top: 10px;\n  }\n}\n<\/style>\n\t<\/div>\n\t\n\n<p>Hier finden alle, die unsere LIMODOR-Familie als Arbeitgeber genauso interessant finden wie wir, einen authentischen Einblick in unser Unternehmen. Wir haben viel zu bieten, weshalb tolle Menschen hier arbeiten. Gerne geben wir allen Interessierten auch pers\u00f6nlich einen ganz entspannten Einblick in den Mikrokosmos bei LIMODOR.<\/p>\n<a href=\"#formular\" target=\"_self\" class=\"button primary is-outline\"  >\n    <span>jetzt bewerben<\/span>\n  <\/a>\n\n\n\n\t\t<\/div>\n\t\t\t\t\t<\/div>\n\n\t\n\n\t<div id=\"col-1633051785\" class=\"col medium-12 small-12 large-6 medium-col-first\"  >\n\t\t\t\t<div class=\"col-inner\"  >\n\t\t\t\n\t\t\t\n\n\t<div class=\"img has-hover wave x md-x lg-x y md-y lg-y\" id=\"image_930584636\">\n\t\t\t\t\t\t\t\t<div class=\"img-inner image-cover dark\" style=\"padding-top:56.25%;\">\n\t\t\t<img loading=\"lazy\" decoding=\"async\" width=\"1920\" height=\"690\" src=\"https:\/\/limodor.dev-web.at\/de\/wp-content\/uploads\/sites\/2\/2023\/10\/familie.jpg\" class=\"attachment-original size-original\" alt=\"\" srcset=\"https:\/\/limodor.dev-web.at\/de\/wp-content\/uploads\/sites\/2\/2023\/10\/familie.jpg 1920w, https:\/\/limodor.dev-web.at\/de\/wp-content\/uploads\/sites\/2\/2023\/10\/familie-300x108.jpg 300w, https:\/\/limodor.dev-web.at\/de\/wp-content\/uploads\/sites\/2\/2023\/10\/familie-1024x368.jpg 1024w, https:\/\/limodor.dev-web.at\/de\/wp-content\/uploads\/sites\/2\/2023\/10\/familie-768x276.jpg 768w, https:\/\/limodor.dev-web.at\/de\/wp-content\/uploads\/sites\/2\/2023\/10\/familie-1536x552.jpg 1536w, https:\/\/limodor.dev-web.at\/de\/wp-content\/uploads\/sites\/2\/2023\/10\/familie-510x183.jpg 510w\" sizes=\"auto, (max-width: 1920px) 100vw, 1920px\" \/>\t\t\t\t\t\t\n\t\t\t\t\t<\/div>\n\t\t\t\t\t\t\t\t\n<style>\n#image_930584636 {\n  width: 100%;\n}\n<\/style>\n\t<\/div>\n\t\n\n\n\t\t<\/div>\n\t\t\t\t\t<\/div>\n\n\t\n\n<\/div>\n\n\t\t<\/div>\n\n\t\t\n<style>\n#section_775165925 {\n  padding-top: 0px;\n  padding-bottom: 0px;\n}\n<\/style>\n\t<\/section>\n\t\n\t<section class=\"section section-space\" id=\"section_421144583\">\n\t\t<div class=\"bg section-bg fill bg-fill  bg-loaded\" >\n\n\t\t\t\n\t\t\t\n\t\t\t\n\n\t\t<\/div>\n\n\t\t\n\n\t\t<div class=\"section-content relative\">\n\t\t\t\n\n<div class=\"row row-collapse align-middle\"  id=\"row-1509902876\">\n\n\n\t<div id=\"col-155188552\" class=\"col medium-6 small-12 large-6\"  >\n\t\t\t\t<div class=\"col-inner\"  >\n\t\t\t\n\t\t\t\n\n\t<div class=\"img has-hover rounded-edges x md-x lg-x y md-y lg-y\" id=\"image_367193689\">\n\t\t\t\t\t\t\t\t<div class=\"img-inner image-cover dark\" style=\"padding-top:75%;\">\n\t\t\t<img loading=\"lazy\" decoding=\"async\" width=\"1618\" height=\"1080\" src=\"https:\/\/limodor.dev-web.at\/de\/wp-content\/uploads\/sites\/2\/2023\/09\/teich.jpg\" class=\"attachment-original size-original\" alt=\"\" srcset=\"https:\/\/limodor.dev-web.at\/de\/wp-content\/uploads\/sites\/2\/2023\/09\/teich.jpg 1618w, https:\/\/limodor.dev-web.at\/de\/wp-content\/uploads\/sites\/2\/2023\/09\/teich-300x200.jpg 300w, https:\/\/limodor.dev-web.at\/de\/wp-content\/uploads\/sites\/2\/2023\/09\/teich-1024x684.jpg 1024w, https:\/\/limodor.dev-web.at\/de\/wp-content\/uploads\/sites\/2\/2023\/09\/teich-768x513.jpg 768w, https:\/\/limodor.dev-web.at\/de\/wp-content\/uploads\/sites\/2\/2023\/09\/teich-1536x1025.jpg 1536w, https:\/\/limodor.dev-web.at\/de\/wp-content\/uploads\/sites\/2\/2023\/09\/teich-600x400.jpg 600w\" sizes=\"auto, (max-width: 1618px) 100vw, 1618px\" \/>\t\t\t\t\t\t\n\t\t\t\t\t<\/div>\n\t\t\t\t\t\t\t\t\n<style>\n#image_367193689 {\n  width: 100%;\n}\n<\/style>\n\t<\/div>\n\t\n\n\n\t\t<\/div>\n\t\t\t\t\t<\/div>\n\n\t\n\n\t<div id=\"col-180452751\" class=\"col medium-6 small-12 large-6\"  >\n\t\t\t\t<div class=\"col-inner\"  >\n\t\t\t\n\t\t\t\n\n<h3>Was wir bieten<\/h3>\n<p>Jobs bei Limodor werden nicht jeden Tag ausgeschrieben. Denn in unserem Team gibt es wenig Wechsel, der Wohlf\u00fchlfaktor ist hoch. Grund daf\u00fcr ist, dass wir sehr viel Wert darauf legen, gut zueinander zu passen. Menschlich wie fachlich. Uns Limodorianern ist Nachhaltigkeit und frisches, gesundes Klima nicht nur bei unseren L\u00fcftungssystemen und Kundenbeziehungen, sondern genauso innerhalb des Teams besonders wichtig. Unterst\u00fctzung von Anfang an f\u00fcr alle neuen Teammitglieder und ein motivierendes, wertsch\u00e4tzendes Umfeld sind bei uns selbstverst\u00e4ndlich. Unsere Hierarchien sind flach und kein Hindernis, um aus einer guten Idee eine tolles Produkt zu machen.<\/p>\n\n\t\t<\/div>\n\t\t\t\t\n<style>\n#col-180452751 > .col-inner {\n  padding: 20px 15px 0px 15px;\n}\n@media (min-width:550px) {\n  #col-180452751 > .col-inner {\n    padding: 0px 0px 0px 40px;\n  }\n}\n<\/style>\n\t<\/div>\n\n\t\n\n<\/div>\n\n\t\t<\/div>\n\n\t\t\n<style>\n#section_421144583 {\n  padding-top: 0px;\n  padding-bottom: 0px;\n}\n<\/style>\n\t<\/section>\n\t\n\t<section class=\"section section-space\" id=\"section_1853068506\">\n\t\t<div class=\"bg section-bg fill bg-fill  bg-loaded\" >\n\n\t\t\t\n\t\t\t\n\t\t\t\n\n\t\t<\/div>\n\n\t\t\n\n\t\t<div class=\"section-content relative\">\n\t\t\t\n\n<div class=\"row row-collapse align-middle\"  id=\"row-1838776068\">\n\n\n\t<div id=\"col-2032457172\" class=\"col medium-6 small-12 large-6\"  >\n\t\t\t\t<div class=\"col-inner\"  >\n\t\t\t\n\t\t\t\n\n<h3>&#8230; und was wir uns w\u00fcnschen<\/h3>\n<p>Wir w\u00fcnschen uns Teammitglieder, die offen auf uns zugehen und einen langfristigen Weg mit uns planen. Eine gute Portion Humor und Freude am Arbeiten im Team sollten gelebt werden. Nicht nur im Job, auch im sozialen Firmenumfeld. Karrieristen, Jobhopper, Eigenbr\u00f6tler oder Selbstdarsteller passen nicht zu uns. Unkonventionell denken, neue Ans\u00e4tze probieren, Etabliertes hinterfragen &#8211; gerne. Wir sind immer bereit, \u00fcber den Tellerrand zu schauen und wenn n\u00f6tig auch fach\u00fcbergreifend anzupacken. Das macht unseren Erfolg seit \u00fcber 60 Jahren aus.<\/p>\n\n\t\t<\/div>\n\t\t\t\t\n<style>\n#col-2032457172 > .col-inner {\n  padding: 20px 15px 0px 15px;\n}\n@media (min-width:550px) {\n  #col-2032457172 > .col-inner {\n    padding: 0px 40px 0px 0px;\n  }\n}\n<\/style>\n\t<\/div>\n\n\t\n\n\t<div id=\"col-1322843916\" class=\"col medium-6 small-12 large-6 medium-col-first\"  >\n\t\t\t\t<div class=\"col-inner\"  >\n\t\t\t\n\t\t\t\n\n\t<div class=\"img has-hover rounded-edges x md-x lg-x y md-y lg-y\" id=\"image_334108417\">\n\t\t\t\t\t\t\t\t<div class=\"img-inner image-cover dark\" style=\"padding-top:75%;\">\n\t\t\t<img loading=\"lazy\" decoding=\"async\" width=\"1920\" height=\"1280\" src=\"https:\/\/limodor.dev-web.at\/de\/wp-content\/uploads\/sites\/2\/2023\/10\/2023-Limodor-Vorauswahl-134-von-496.jpg\" class=\"attachment-original size-original\" alt=\"\" srcset=\"https:\/\/limodor.dev-web.at\/de\/wp-content\/uploads\/sites\/2\/2023\/10\/2023-Limodor-Vorauswahl-134-von-496.jpg 1920w, https:\/\/limodor.dev-web.at\/de\/wp-content\/uploads\/sites\/2\/2023\/10\/2023-Limodor-Vorauswahl-134-von-496-300x200.jpg 300w, https:\/\/limodor.dev-web.at\/de\/wp-content\/uploads\/sites\/2\/2023\/10\/2023-Limodor-Vorauswahl-134-von-496-1024x683.jpg 1024w, https:\/\/limodor.dev-web.at\/de\/wp-content\/uploads\/sites\/2\/2023\/10\/2023-Limodor-Vorauswahl-134-von-496-768x512.jpg 768w, https:\/\/limodor.dev-web.at\/de\/wp-content\/uploads\/sites\/2\/2023\/10\/2023-Limodor-Vorauswahl-134-von-496-1536x1024.jpg 1536w, https:\/\/limodor.dev-web.at\/de\/wp-content\/uploads\/sites\/2\/2023\/10\/2023-Limodor-Vorauswahl-134-von-496-510x340.jpg 510w\" sizes=\"auto, (max-width: 1920px) 100vw, 1920px\" \/>\t\t\t\t\t\t\n\t\t\t\t\t<\/div>\n\t\t\t\t\t\t\t\t\n<style>\n#image_334108417 {\n  width: 100%;\n}\n<\/style>\n\t<\/div>\n\t\n\n\n\t\t<\/div>\n\t\t\t\t\t<\/div>\n\n\t\n\n<\/div>\n\n\t\t<\/div>\n\n\t\t\n<style>\n#section_1853068506 {\n  padding-top: 0px;\n  padding-bottom: 0px;\n}\n<\/style>\n\t<\/section>\n\t\n\t<section class=\"section section-space\" id=\"section_393878366\">\n\t\t<div class=\"bg section-bg fill bg-fill  bg-loaded\" >\n\n\t\t\t\n\t\t\t\n\t\t\t\n\n\t\t<\/div>\n\n\t\t\n\n\t\t<div class=\"section-content relative\">\n\t\t\t\n\n<span class=\"scroll-to\" data-label=\"Scroll to: #formular\" data-bullet=\"false\" data-link=\"#formular\" data-title=\"Bewerbungsformular\" ><a name=\"formular\"><\/a><\/span>\n\n<div class=\"row\"  id=\"row-908290971\">\n\n\n\t<div id=\"col-944923987\" class=\"col small-12 large-12\"  >\n\t\t\t\t<div class=\"col-inner\"  >\n\t\t\t\n\t\t\t\n\n\n<div class=\"wpcf7 no-js\" id=\"wpcf7-f2504-o1\" lang=\"de-DE\" dir=\"ltr\" data-wpcf7-id=\"2504\">\n<div class=\"screen-reader-response\"><p role=\"status\" aria-live=\"polite\" aria-atomic=\"true\"><\/p> <ul><\/ul><\/div>\n<form action=\"\/de\/wp-json\/wp\/v2\/pages\/2503#wpcf7-f2504-o1\" method=\"post\" class=\"wpcf7-form init\" aria-label=\"Kontaktformular\" enctype=\"multipart\/form-data\" novalidate=\"novalidate\" data-status=\"init\">\n<fieldset class=\"hidden-fields-container\"><input type=\"hidden\" name=\"_wpcf7\" value=\"2504\" \/><input type=\"hidden\" name=\"_wpcf7_version\" value=\"6.1.5\" \/><input type=\"hidden\" name=\"_wpcf7_locale\" value=\"de_DE\" \/><input type=\"hidden\" name=\"_wpcf7_unit_tag\" value=\"wpcf7-f2504-o1\" \/><input type=\"hidden\" name=\"_wpcf7_container_post\" value=\"0\" \/><input type=\"hidden\" name=\"_wpcf7_posted_data_hash\" value=\"\" \/><input type=\"hidden\" name=\"_wpcf7_recaptcha_response\" value=\"\" \/>\n<\/fieldset>\n<div class=\"cf-various-cols\">\n\t<p class=\"cf-3-cols\"><br \/>\n<label> Anrede*<br \/>\n<span class=\"wpcf7-form-control-wrap\" data-name=\"title\"><select class=\"wpcf7-form-control wpcf7-select wpcf7-validates-as-required\" aria-required=\"true\" aria-invalid=\"false\" name=\"title\"><option value=\"\">&#8211; Bitte ausw\u00e4hlen &#8211;<\/option><option value=\"Herr\">Herr<\/option><option value=\"Frau\">Frau<\/option><option value=\"Divers\">Divers<\/option><\/select><\/span><\/label>\n\t<\/p>\n\t<p class=\"cf-3-cols\"><br \/>\n<label> Vorname*<br \/>\n<span class=\"wpcf7-form-control-wrap\" data-name=\"FNAME\"><input size=\"40\" maxlength=\"400\" class=\"wpcf7-form-control wpcf7-text wpcf7-validates-as-required\" autocomplete=\"name\" aria-required=\"true\" aria-invalid=\"false\" value=\"\" type=\"text\" name=\"FNAME\" \/><\/span> <\/label>\n\t<\/p>\n\t<p class=\"cf-3-cols\"><br \/>\n<label> Nachname*<br \/>\n<span class=\"wpcf7-form-control-wrap\" data-name=\"LNAME\"><input size=\"40\" maxlength=\"400\" class=\"wpcf7-form-control wpcf7-text wpcf7-validates-as-required\" autocomplete=\"name\" aria-required=\"true\" aria-invalid=\"false\" value=\"\" type=\"text\" name=\"LNAME\" \/><\/span> <\/label>\n\t<\/p>\n<\/div>\n<div class=\"cf-various-cols\">\n\t<p class=\"cf-2-cols\"><br \/>\n<label> E-Mail*<br \/>\n<span class=\"wpcf7-form-control-wrap\" data-name=\"EMAIL\"><input size=\"40\" maxlength=\"400\" class=\"wpcf7-form-control wpcf7-email wpcf7-validates-as-required wpcf7-text wpcf7-validates-as-email\" autocomplete=\"email\" aria-required=\"true\" aria-invalid=\"false\" value=\"\" type=\"email\" name=\"EMAIL\" \/><\/span> <\/label>\n\t<\/p>\n\t<p class=\"cf-2-cols\"><br \/>\n<label> Telefonnummer*<br \/>\n<span class=\"wpcf7-form-control-wrap\" data-name=\"mc4wp-TEL\"><input size=\"40\" maxlength=\"400\" class=\"wpcf7-form-control wpcf7-tel wpcf7-validates-as-required wpcf7-text wpcf7-validates-as-tel\" autocomplete=\"tel\" aria-required=\"true\" aria-invalid=\"false\" value=\"\" type=\"tel\" name=\"mc4wp-TEL\" \/><\/span> <\/label>\n\t<\/p>\n<\/div>\n<p><label> Betreff*<br \/>\n<span class=\"wpcf7-form-control-wrap\" data-name=\"your-subject\"><input size=\"40\" maxlength=\"400\" class=\"wpcf7-form-control wpcf7-text wpcf7-validates-as-required\" aria-required=\"true\" aria-invalid=\"false\" value=\"\" type=\"text\" name=\"your-subject\" \/><\/span> <\/label>\n<\/p>\n<p><label> Ihre Nachricht<br \/>\n<span class=\"wpcf7-form-control-wrap\" data-name=\"your-message\"><textarea cols=\"40\" rows=\"10\" maxlength=\"2000\" class=\"wpcf7-form-control wpcf7-textarea\" aria-invalid=\"false\" name=\"your-message\"><\/textarea><\/span> <\/label>\n<\/p>\n<div class=\"contact-form-fileuploadContainer\">\n\t<div class=\"contact-form-fileuploadTextContainer\">\n\t\t<p><span class=\"fileuploadTitle\">Lebenslauf*<\/span><br \/>\n<span class=\"fileUploadText\">Es werden nur folgende Dateitypen akzeptiert: .pdf, .jpg, .jpeg, .png, .bmp, .gif; Uploadlimit: 10MB<\/span>\n\t\t<\/p>\n\t<\/div>\n\t<p><span class=\"wpcf7-form-control-wrap\" data-name=\"upload-cv\"><input size=\"40\" class=\"wpcf7-form-control wpcf7-file wpcf7-validates-as-required\" accept=\".pdf,.jpg,.jpeg,.png,.bmp,.gif\" aria-required=\"true\" aria-invalid=\"false\" type=\"file\" name=\"upload-cv\" \/><\/span>\n\t<\/p>\n<\/div>\n<div class=\"contact-form-fileuploadContainer\">\n\t<div class=\"contact-form-fileuploadTextContainer\">\n\t\t<p><span class=\"fileuploadTitle\">Motivationsschreiben*<\/span><br \/>\n<span class=\"fileUploadText\">Es werden nur folgende Dateitypen akzeptiert: .pdf, .jpg, .jpeg, .png, .bmp, .gif; Uploadlimit: 5MB<\/span>\n\t\t<\/p>\n\t<\/div>\n\t<p><span class=\"wpcf7-form-control-wrap\" data-name=\"upload-motivation\"><input size=\"40\" class=\"wpcf7-form-control wpcf7-file wpcf7-validates-as-required\" accept=\".pdf,.jpg,.jpeg,.png,.bmp,.gif\" aria-required=\"true\" aria-invalid=\"false\" type=\"file\" name=\"upload-motivation\" \/><\/span>\n\t<\/p>\n<\/div>\n<div class=\"contact-form-fileuploadContainer\">\n\t<div class=\"contact-form-fileuploadTextContainer\">\n\t\t<p><span class=\"fileuploadTitle\">Optionale Dokumente<\/span><br \/>\n<span class=\"fileUploadText\">Es werden nur folgende Dateitypen akzeptiert: .pdf, .jpg, .jpeg, .png, .bmp, .gif; Uploadlimit: 10MB<\/span>\n\t\t<\/p>\n\t<\/div>\n\t<p><span class=\"wpcf7-form-control-wrap\" data-name=\"upload\"><input size=\"40\" class=\"wpcf7-form-control wpcf7-file\" accept=\".pdf,.jpg,.jpeg,.png,.bmp,.gif\" aria-invalid=\"false\" type=\"file\" name=\"upload\" \/><\/span>\n\t<\/p>\n<\/div>\n<p><!-- Mailchimp for WordPress v4.12.1 - https:\/\/www.mc4wp.com\/ --><input type=\"hidden\" name=\"_mc4wp_subscribe_contact-form-7\" value=\"0\" \/><span class=\"mc4wp-checkbox mc4wp-checkbox-contact-form-7 \"><label><input type=\"checkbox\" name=\"_mc4wp_subscribe_contact-form-7\" value=\"1\" ><span>Ich m\u00f6chte den Newsletter empfangen.<\/span><\/label><\/span><!-- \/ Mailchimp for WordPress -->\n<\/p>\n<div class=\"contact-form-flex\">\n\t<p><span class=\"wpcf7-form-control-wrap\" data-name=\"datenschutz\"><span class=\"wpcf7-form-control wpcf7-acceptance\"><span class=\"wpcf7-list-item\"><input type=\"checkbox\" name=\"datenschutz\" value=\"1\" aria-invalid=\"false\" \/><\/span><\/span><\/span><label>Ich habe die <a href=\"\/de\/datenschutz\"> Datenschutzerkl\u00e4rung <\/a> gelesen und akzeptiert.<\/label>\n\t<\/p>\n<\/div>\n<p>Diese Webseite wird durch das Google reCAPTCHA gesch\u00fctzt. Bitte beachten Sie die <a href=\"https:\/\/policies.google.com\/privacy\">Datenschutzbestimmungen<\/a> sowie die <a href=\"https:\/\/policies.google.com\/terms\">Nutzungsbedingungen<\/a> von Google.\n<\/p>\n<p><input class=\"wpcf7-form-control wpcf7-submit has-spinner\" type=\"submit\" value=\"Senden\" \/>\n<\/p><div class=\"wpcf7-response-output\" aria-hidden=\"true\"><\/div>\n<\/form>\n<\/div>\n\n\n\n\t\t<\/div>\n\t\t\t\t\t<\/div>\n\n\t\n\n<\/div>\n\n\t\t<\/div>\n\n\t\t\n<style>\n#section_393878366 {\n  padding-top: 0px;\n  padding-bottom: 0px;\n}\n<\/style>\n\t<\/section>\n\t\n\n","protected":false},"excerpt":{"rendered":"","protected":false},"author":1,"featured_media":0,"parent":0,"menu_order":0,"comment_status":"closed","ping_status":"closed","template":"page-blank.php","meta":{"footnotes":""},"class_list":["post-2503","page","type-page","status-publish","hentry"],"acf":[],"yoast_head":"<!-- This site is optimized with the Yoast SEO plugin v27.3 - https:\/\/yoast.com\/product\/yoast-seo-wordpress\/ -->\n<title>Jobs_Initiativbewerbung - LIMODOR<\/title>\n<meta name=\"robots\" content=\"noindex, follow, max-snippet:-1, max-image-preview:large, max-video-preview:-1\" \/>\n<meta property=\"og:locale\" content=\"de_DE\" \/>\n<meta property=\"og:type\" content=\"article\" \/>\n<meta property=\"og:title\" content=\"Jobs_Initiativbewerbung - LIMODOR\" \/>\n<meta property=\"og:url\" content=\"https:\/\/limodor.dev-web.at\/de\/initiativbewerbung\/\" \/>\n<meta property=\"og:site_name\" content=\"Limodor DE\" \/>\n<meta property=\"article:modified_time\" content=\"2025-06-25T13:22:58+00:00\" \/>\n<meta name=\"twitter:card\" content=\"summary_large_image\" \/>\n<meta name=\"twitter:label1\" content=\"Gesch\u00e4tzte Lesezeit\" \/>\n\t<meta name=\"twitter:data1\" content=\"1\u00a0Minute\" \/>\n<script type=\"application\/ld+json\" class=\"yoast-schema-graph\">{\"@context\":\"https:\\\/\\\/schema.org\",\"@graph\":[{\"@type\":\"WebPage\",\"@id\":\"https:\\\/\\\/limodor.dev-web.at\\\/de\\\/initiativbewerbung\\\/\",\"url\":\"https:\\\/\\\/limodor.dev-web.at\\\/de\\\/initiativbewerbung\\\/\",\"name\":\"Jobs_Initiativbewerbung - LIMODOR\",\"isPartOf\":{\"@id\":\"https:\\\/\\\/limodor.dev-web.at\\\/de\\\/#website\"},\"datePublished\":\"2023-08-24T14:53:45+00:00\",\"dateModified\":\"2025-06-25T13:22:58+00:00\",\"breadcrumb\":{\"@id\":\"https:\\\/\\\/limodor.dev-web.at\\\/de\\\/initiativbewerbung\\\/#breadcrumb\"},\"inLanguage\":\"de\",\"potentialAction\":[{\"@type\":\"ReadAction\",\"target\":[\"https:\\\/\\\/limodor.dev-web.at\\\/de\\\/initiativbewerbung\\\/\"]}]},{\"@type\":\"BreadcrumbList\",\"@id\":\"https:\\\/\\\/limodor.dev-web.at\\\/de\\\/initiativbewerbung\\\/#breadcrumb\",\"itemListElement\":[{\"@type\":\"ListItem\",\"position\":1,\"name\":\"Startseite\",\"item\":\"https:\\\/\\\/limodor.dev-web.at\\\/de\\\/\"},{\"@type\":\"ListItem\",\"position\":2,\"name\":\"Jobs_Initiativbewerbung\"}]},{\"@type\":\"WebSite\",\"@id\":\"https:\\\/\\\/limodor.dev-web.at\\\/de\\\/#website\",\"url\":\"https:\\\/\\\/limodor.dev-web.at\\\/de\\\/\",\"name\":\"Limodor DE\",\"description\":\"\",\"potentialAction\":[{\"@type\":\"SearchAction\",\"target\":{\"@type\":\"EntryPoint\",\"urlTemplate\":\"https:\\\/\\\/limodor.dev-web.at\\\/de\\\/?s={search_term_string}\"},\"query-input\":{\"@type\":\"PropertyValueSpecification\",\"valueRequired\":true,\"valueName\":\"search_term_string\"}}],\"inLanguage\":\"de\"}]}<\/script>\n<!-- \/ Yoast SEO plugin. -->","yoast_head_json":{"title":"Jobs_Initiativbewerbung - LIMODOR","robots":{"index":"noindex","follow":"follow","max-snippet":"max-snippet:-1","max-image-preview":"max-image-preview:large","max-video-preview":"max-video-preview:-1"},"og_locale":"de_DE","og_type":"article","og_title":"Jobs_Initiativbewerbung - LIMODOR","og_url":"https:\/\/limodor.dev-web.at\/de\/initiativbewerbung\/","og_site_name":"Limodor DE","article_modified_time":"2025-06-25T13:22:58+00:00","twitter_card":"summary_large_image","twitter_misc":{"Gesch\u00e4tzte Lesezeit":"1\u00a0Minute"},"schema":{"@context":"https:\/\/schema.org","@graph":[{"@type":"WebPage","@id":"https:\/\/limodor.dev-web.at\/de\/initiativbewerbung\/","url":"https:\/\/limodor.dev-web.at\/de\/initiativbewerbung\/","name":"Jobs_Initiativbewerbung - LIMODOR","isPartOf":{"@id":"https:\/\/limodor.dev-web.at\/de\/#website"},"datePublished":"2023-08-24T14:53:45+00:00","dateModified":"2025-06-25T13:22:58+00:00","breadcrumb":{"@id":"https:\/\/limodor.dev-web.at\/de\/initiativbewerbung\/#breadcrumb"},"inLanguage":"de","potentialAction":[{"@type":"ReadAction","target":["https:\/\/limodor.dev-web.at\/de\/initiativbewerbung\/"]}]},{"@type":"BreadcrumbList","@id":"https:\/\/limodor.dev-web.at\/de\/initiativbewerbung\/#breadcrumb","itemListElement":[{"@type":"ListItem","position":1,"name":"Startseite","item":"https:\/\/limodor.dev-web.at\/de\/"},{"@type":"ListItem","position":2,"name":"Jobs_Initiativbewerbung"}]},{"@type":"WebSite","@id":"https:\/\/limodor.dev-web.at\/de\/#website","url":"https:\/\/limodor.dev-web.at\/de\/","name":"Limodor DE","description":"","potentialAction":[{"@type":"SearchAction","target":{"@type":"EntryPoint","urlTemplate":"https:\/\/limodor.dev-web.at\/de\/?s={search_term_string}"},"query-input":{"@type":"PropertyValueSpecification","valueRequired":true,"valueName":"search_term_string"}}],"inLanguage":"de"}]}},"_links":{"self":[{"href":"https:\/\/limodor.dev-web.at\/de\/wp-json\/wp\/v2\/pages\/2503","targetHints":{"allow":["GET"]}}],"collection":[{"href":"https:\/\/limodor.dev-web.at\/de\/wp-json\/wp\/v2\/pages"}],"about":[{"href":"https:\/\/limodor.dev-web.at\/de\/wp-json\/wp\/v2\/types\/page"}],"author":[{"embeddable":true,"href":"https:\/\/limodor.dev-web.at\/de\/wp-json\/wp\/v2\/users\/1"}],"replies":[{"embeddable":true,"href":"https:\/\/limodor.dev-web.at\/de\/wp-json\/wp\/v2\/comments?post=2503"}],"version-history":[{"count":4,"href":"https:\/\/limodor.dev-web.at\/de\/wp-json\/wp\/v2\/pages\/2503\/revisions"}],"predecessor-version":[{"id":37288,"href":"https:\/\/limodor.dev-web.at\/de\/wp-json\/wp\/v2\/pages\/2503\/revisions\/37288"}],"wp:attachment":[{"href":"https:\/\/limodor.dev-web.at\/de\/wp-json\/wp\/v2\/media?parent=2503"}],"curies":[{"name":"wp","href":"https:\/\/api.w.org\/{rel}","templated":true}]}}