{"id":2843,"date":"2023-10-13T12:02:51","date_gmt":"2023-10-13T10:02:51","guid":{"rendered":"https:\/\/limodor.dev-web.at\/de\/?page_id=2843"},"modified":"2024-03-05T08:15:39","modified_gmt":"2024-03-05T07:15:39","slug":"limodor-f-c","status":"publish","type":"page","link":"https:\/\/limodor.dev-web.at\/de\/lueftungen\/lueftungssysteme\/abluftgeraete\/limodor-f-c\/","title":{"rendered":"LIMODOR F\/C"},"content":{"rendered":"\n\t<section class=\"section section-space\" id=\"section_811943808\">\n\t\t<div class=\"bg section-bg fill bg-fill  bg-loaded\" >\n\n\t\t\t\n\t\t\t\n\t\t\t\n\n\t\t<\/div>\n\n\t\t\n\n\t\t<div class=\"section-content relative\">\n\t\t\t\n\n<div class=\"row\"  id=\"row-1538377105\">\n\n\n\t<div id=\"col-1656199559\" class=\"col medium-12 small-12 large-6\"  >\n\t\t\t\t<div class=\"col-inner\"  >\n\t\t\t\n\t\t\t\n\n<div class=\"breadcrumbs-row\"><div class=\"breadcrumbs-container\"><div class=\"breadcrumb-element\"><a href=\"https:\/\/limodor.dev-web.at\/de\/lueftungen\/\"><span>L\u00f6sungen<\/span><\/a><div>><\/div><\/div><div class=\"breadcrumb-element\"><a href=\"https:\/\/limodor.dev-web.at\/de\/lueftungen\/lueftungssysteme\/\"><span>L\u00fcftungssysteme<\/span><\/a><div>><\/div><\/div><div class=\"breadcrumb-element\"><a href=\"https:\/\/limodor.dev-web.at\/de\/lueftungen\/lueftungssysteme\/abluftgeraete\/\"><span>Abluftger\u00e4te<\/span><\/a><div>><\/div><\/div><div class=\"breadcrumb-element\"><a href=\"https:\/\/limodor.dev-web.at\/de\/lueftungen\/lueftungssysteme\/abluftgeraete\/limodor-f-c\/\"><span>LIMODOR F\/C<\/span><\/a><div class=\"ricegrain-container Sonnengelb\"><\/div><\/div><\/div><\/div>\n\n<h1>LIMODOR F\/C<\/h1>\n<div class=\"is-divider divider clearfix\" style=\"margin-top:0px;margin-bottom:0px;max-width:40%;background-color:rgb(222, 51, 73);\"><\/div>\n\n\t<div id=\"gap-577762522\" class=\"gap-element clearfix\" style=\"display:block; height:auto;\">\n\t\t\n<style>\n#gap-577762522 {\n  padding-top: 10px;\n}\n@media (min-width:550px) {\n  #gap-577762522 {\n    padding-top: 20px;\n  }\n}\n<\/style>\n\t<\/div>\n\t\n\n\t<div id=\"text-4000952327\" class=\"text\">\n\t\t\n\n<p>Der WC-L\u00fcfter Limodor F\/C ist ein Einrohrl\u00fcftungssystem f\u00fcr Auf- bzw. Unterputzmontage. Das Ger\u00e4t kann in beliebiger Lage montiert werden, da die R\u00fcckschlagklappe mit einer Feder geschlossen wird. Es wird prim\u00e4r als Toilettenl\u00fcftung eingesetzt.<\/p>\n\t\t\n<style>\n#text-4000952327 {\n  text-align: left;\n}\n<\/style>\n\t<\/div>\n\t\n\n\t\t<\/div>\n\t\t\t\t\t<\/div>\n\n\t\n\n\t<div id=\"col-1571079471\" class=\"col medium-12 small-12 large-6 medium-col-first\"  >\n\t\t\t\t<div class=\"col-inner\"  >\n\t\t\t\n\t\t\t\n\n\t<div class=\"img has-hover x md-x lg-x y md-y lg-y\" id=\"image_417271717\">\n\t\t\t\t\t\t\t\t<div class=\"img-inner image-cover dark\" style=\"padding-top:56.25%;\">\n\t\t\t<img loading=\"lazy\" decoding=\"async\" width=\"1181\" height=\"1181\" src=\"https:\/\/limodor.dev-web.at\/de\/wp-content\/uploads\/sites\/2\/2023\/10\/90016-Deckelumruestsatz-FC.png\" class=\"attachment-original size-original\" alt=\"\" srcset=\"https:\/\/limodor.dev-web.at\/de\/wp-content\/uploads\/sites\/2\/2023\/10\/90016-Deckelumruestsatz-FC.png 1181w, https:\/\/limodor.dev-web.at\/de\/wp-content\/uploads\/sites\/2\/2023\/10\/90016-Deckelumruestsatz-FC-300x300.png 300w, https:\/\/limodor.dev-web.at\/de\/wp-content\/uploads\/sites\/2\/2023\/10\/90016-Deckelumruestsatz-FC-1024x1024.png 1024w, https:\/\/limodor.dev-web.at\/de\/wp-content\/uploads\/sites\/2\/2023\/10\/90016-Deckelumruestsatz-FC-150x150.png 150w, https:\/\/limodor.dev-web.at\/de\/wp-content\/uploads\/sites\/2\/2023\/10\/90016-Deckelumruestsatz-FC-768x768.png 768w, https:\/\/limodor.dev-web.at\/de\/wp-content\/uploads\/sites\/2\/2023\/10\/90016-Deckelumruestsatz-FC-247x247.png 247w, https:\/\/limodor.dev-web.at\/de\/wp-content\/uploads\/sites\/2\/2023\/10\/90016-Deckelumruestsatz-FC-510x510.png 510w, https:\/\/limodor.dev-web.at\/de\/wp-content\/uploads\/sites\/2\/2023\/10\/90016-Deckelumruestsatz-FC-100x100.png 100w\" sizes=\"auto, (max-width: 1181px) 100vw, 1181px\" \/>\t\t\t\t\t\t\n\t\t\t\t\t<\/div>\n\t\t\t\t\t\t\t\t\n<style>\n#image_417271717 {\n  width: 100%;\n}\n<\/style>\n\t<\/div>\n\t\n\n\n\t\t<\/div>\n\t\t\t\t\t<\/div>\n\n\t\n\n<\/div>\n\n\t\t<\/div>\n\n\t\t\n<style>\n#section_811943808 {\n  padding-top: 0px;\n  padding-bottom: 0px;\n}\n<\/style>\n\t<\/section>\n\t\n\t<section class=\"section\" id=\"section_1485511705\">\n\t\t<div class=\"bg section-bg fill bg-fill  bg-loaded\" >\n\n\t\t\t\n\t\t\t\n\t\t\t\n\t<div class=\"is-border\"\n\t\tstyle=\"border-color:rgb(0, 105, 180);border-width:3px 0px 3px 0px;\">\n\t<\/div>\n\n\t\t<\/div>\n\n\t\t\n\n\t\t<div class=\"section-content relative\">\n\t\t\t\n\n<div class=\"row row-collapse row-full-width align-center\"  id=\"row-797391496\">\n\n\n\t<div id=\"col-726572747\" class=\"col small-12 large-12\"  >\n\t\t\t\t<div class=\"col-inner text-center\"  >\n\t\t\t\n\t\t\t\n\n<h3>Vorteile<\/h3>\n<div class=\"icon-slider-container\"><div class=\"e5-slider-elements owl-carousel owl-theme\"><div class=\"e5-icon-container\"><div class=\"e5-icon-animation\"><div class=\"lottie-placeholder\" data-src=\"\/wp-content\/uploads\/2023\/08\/Beseitigung-unangenehmer-Gerueche.json\"><\/div><\/div><div class=\"e5-icon-text\"><span>Effektive Beseitigung unangenehmer Ger\u00fcche<\/span><\/div><\/div><div class=\"e5-icon-container\"><div class=\"e5-icon-animation\"><div class=\"lottie-placeholder\" data-src=\"\/wp-content\/uploads\/2023\/08\/Beseitigung-von-Feuchtigkeit.json\"><\/div><\/div><div class=\"e5-icon-text\"><span>Rasche Reduzierung feuchter Luft im Badezimmer<\/span><\/div><\/div><div class=\"e5-icon-container\"><div class=\"e5-icon-animation\"><div class=\"lottie-placeholder\" data-src=\"\/wp-content\/uploads\/2023\/08\/Energiekostenersparnis.json\"><\/div><\/div><div class=\"e5-icon-text\"><span>Energiekostenersparnis durch bedarfsorientierte Steuerungstechnik<\/span><\/div><\/div><div class=\"e5-icon-container\"><div class=\"e5-icon-animation\"><div class=\"lottie-placeholder\" data-src=\"\/wp-content\/uploads\/2023\/08\/Energieeffizient.json\"><\/div><\/div><div class=\"e5-icon-text\"><span>Energieeffiziente EC-Motorentechnik<\/span><\/div><\/div><div class=\"e5-icon-container\"><div class=\"e5-icon-animation\"><div class=\"lottie-placeholder\" data-src=\"\/wp-content\/uploads\/2023\/08\/Zeitersparnis.json\"><\/div><\/div><div class=\"e5-icon-text\"><span>Zeitersparnis bei der Montage dank Plug and Play Prinzip<\/span><\/div><\/div><div class=\"e5-icon-container\"><div class=\"e5-icon-animation\"><div class=\"lottie-placeholder\" data-src=\"\/wp-content\/uploads\/2023\/08\/Steuerungsvarianten.json\"><\/div><\/div><div class=\"e5-icon-text\"><span>Vielz\u00e4hlige Steuerungsvarianten f\u00fcr jeden Bedarf<\/span><\/div><\/div><div class=\"e5-icon-container\"><div class=\"e5-icon-animation\"><div class=\"lottie-placeholder\" data-src=\"\/wp-content\/uploads\/2023\/08\/Kombinierbar.json\"><\/div><\/div><div class=\"e5-icon-text\"><span>als Einzelelemente individuell oder im Kombibetrieb steuerbar<\/span><\/div><\/div><div class=\"e5-icon-container\"><div class=\"e5-icon-animation\"><div class=\"lottie-placeholder\" data-src=\"\/wp-content\/uploads\/2023\/08\/Ideal.json\"><\/div><\/div><div class=\"e5-icon-text\"><span>als Einrohrl\u00fcftungssysteme ideal in Wohnblocks \u00fcber zentrales Abluftrohr einsetzbar<\/span><\/div><\/div><\/div><div class=\"e5-slider-navigation\"><img decoding=\"async\" alt=\"Pfeil links\" class=\"arrow-left\" src=\"https:\/\/limodor.dev-web.at\/de\/wp-content\/mu-plugins\/limodor\/images\/right-arrow.svg\" \/><img decoding=\"async\" alt=\"Pfeil rechts\" class=\"arrow-right\" src=\"https:\/\/limodor.dev-web.at\/de\/wp-content\/mu-plugins\/limodor\/images\/right-arrow.svg\" \/><\/div><\/div>\n\n\n\t\t<\/div>\n\t\t\t\t\t<\/div>\n\n\t\n\n<\/div>\n\n\t\t<\/div>\n\n\t\t\n<style>\n#section_1485511705 {\n  padding-top: 40px;\n  padding-bottom: 40px;\n}\n<\/style>\n\t<\/section>\n\t\n\t<section class=\"section section-top-space\" id=\"section_666298436\">\n\t\t<div class=\"bg section-bg fill bg-fill  bg-loaded\" >\n\n\t\t\t\n\t\t\t\n\t\t\t\n\n\t\t<\/div>\n\n\t\t\n\n\t\t<div class=\"section-content relative\">\n\t\t\t\n\n<div class=\"row\"  id=\"row-1349618375\">\n\n\n\t<div id=\"col-1527383878\" class=\"col no-padding-bottom small-12 large-12\"  >\n\t\t\t\t<div class=\"col-inner\"  >\n\t\t\t\n\t\t\t\n\n<h3>Bestellhinweise<\/h3>\n<div class=\"accordion\">\n\n\t<div id=\"accordion-4125964220\" class=\"accordion-item\">\n\t\t<a id=\"accordion-4125964220-label\" class=\"accordion-title plain\" href=\"#accordion-item-gebl\u00e4seeinsatz\" aria-expanded=\"false\" aria-controls=\"accordion-4125964220-content\" >\n\t\t\t<button class=\"toggle\" aria-label=\"Umschalten\"><i class=\"icon-angle-down\"><\/i><\/button>\n\t\t\t<span>Gebl\u00e4seeinsatz<\/span>\n\t\t<\/a>\n\t\t<div id=\"accordion-4125964220-content\" class=\"accordion-inner\" aria-labelledby=\"accordion-4125964220-label\" >\n\t\t\t\n\n<div class=\"row\"  id=\"row-755137825\">\n\n\n\t<div id=\"col-1747297884\" class=\"col small-12 large-12\"  >\n\t\t\t\t<div class=\"col-inner\"  >\n\t\t\t\n\t\t\t\n\n<table>\n<tbody>\n<tr>\n<th><span style=\"font-size: 90%\">Bezeichnung<\/span><\/th>\n<th><span style=\"font-size: 90%\">Kurzbeschreibung<\/span><\/th>\n<th><span style=\"font-size: 90%\">Art.-Nr.<\/span><\/th>\n<\/tr>\n<tr>\n<td>\n<p>Gebl\u00e4seeinsatz F\/C<\/p>\n<\/td>\n<td>f\u00fcr die L\u00fcfterserie F\/C (vor Baujahr 81).<\/td>\n<td>00900<\/td>\n<\/tr>\n<\/tbody>\n<\/table>\n\n\t\t<\/div>\n\t\t\t\t\t<\/div>\n\n\t\n\n<\/div>\n\n\t\t<\/div>\n\t<\/div>\n\t\n\t<div id=\"accordion-3965318496\" class=\"accordion-item\">\n\t\t<a id=\"accordion-3965318496-label\" class=\"accordion-title plain\" href=\"#accordion-item-externe_steuerungen\" aria-expanded=\"false\" aria-controls=\"accordion-3965318496-content\" >\n\t\t\t<button class=\"toggle\" aria-label=\"Umschalten\"><i class=\"icon-angle-down\"><\/i><\/button>\n\t\t\t<span>Externe Steuerungen<\/span>\n\t\t<\/a>\n\t\t<div id=\"accordion-3965318496-content\" class=\"accordion-inner\" aria-labelledby=\"accordion-3965318496-label\" >\n\t\t\t\n\n<div class=\"row\"  id=\"row-654137865\">\n\n\n\t<div id=\"col-717503737\" class=\"col small-12 large-12\"  >\n\t\t\t\t<div class=\"col-inner\"  >\n\t\t\t\n\t\t\t\n\n<table>\n<tbody>\n<tr>\n<th><span style=\"font-size: 90%\">Bezeichnung<\/span><\/th>\n<th><span style=\"font-size: 90%\">Kurzbeschreibung<\/span><\/th>\n<th><span style=\"font-size: 90%\">Art.-Nr.<\/span><\/th>\n<\/tr>\n<tr>\n<td>\n<p>Nachlaufrelais LNR<\/p>\n<\/td>\n<td>Nachlaufzeit einstellbar (max. 30 Min.)<\/td>\n<td>99101<\/td>\n<\/tr>\n<tr>\n<td>\n<p>Nachlaufrelais LNR-E<\/p>\n<\/td>\n<td>Wie vor, jedoch Einschaltverz\u00f6gerung einstellbar (max. 2,5 Min.)<\/td>\n<td>99201<\/td>\n<\/tr>\n<tr>\n<td>\n<p>Intervallrelais LINR<\/p>\n<\/td>\n<td>Intervall- und Nachlaufzeit einstellbar<\/td>\n<td>99304<\/td>\n<\/tr>\n<\/tbody>\n<\/table>\n\n\t\t<\/div>\n\t\t\t\t\t<\/div>\n\n\t\n\n<\/div>\n\n\t\t<\/div>\n\t<\/div>\n\t\n\t<div id=\"accordion-3964785265\" class=\"accordion-item\">\n\t\t<a id=\"accordion-3964785265-label\" class=\"accordion-title plain\" href=\"#accordion-item-zubeh\u00f6r\" aria-expanded=\"false\" aria-controls=\"accordion-3964785265-content\" >\n\t\t\t<button class=\"toggle\" aria-label=\"Umschalten\"><i class=\"icon-angle-down\"><\/i><\/button>\n\t\t\t<span>Zubeh\u00f6r<\/span>\n\t\t<\/a>\n\t\t<div id=\"accordion-3964785265-content\" class=\"accordion-inner\" aria-labelledby=\"accordion-3964785265-label\" >\n\t\t\t\n\n<div class=\"row\"  id=\"row-17894662\">\n\n\n\t<div id=\"col-1774572323\" class=\"col small-12 large-12\"  >\n\t\t\t\t<div class=\"col-inner\"  >\n\t\t\t\n\t\t\t\n\n<table>\n<tbody>\n<tr>\n<th><span style=\"font-size: 90%\">Bezeichnung<\/span><\/th>\n<th><span style=\"font-size: 90%\">Kurzbeschreibung<\/span><\/th>\n<th><span style=\"font-size: 90%\">Art.-Nr.<\/span><\/th>\n<\/tr>\n<tr>\n<td>Deckelumr\u00fcstsatz F\/C<\/td>\n<td>bestehend aus Vorsatzrahmen LV4 und Deckel glattfl\u00e4chig<\/td>\n<td>90016<\/td>\n<\/tr>\n<tr>\n<td>\n<p>R\u00fcckschlagklappe RK-F\/C<\/p>\n<\/td>\n<td>R\u00fcckschlagklappe mit Feder f\u00fcr Gebl\u00e4seeinsatz F\/C<\/td>\n<td>79011<\/td>\n<\/tr>\n<tr>\n<td>\n<p>Schalld\u00e4mmplatte F\/C<\/p>\n<\/td>\n<td>\n<p>Schalld\u00e4mmeinlage f\u00fcr Gebl\u00e4seeinsatz F\/C (L\u00fcftungsger\u00e4t vor Baujahr \u00b481)<\/p>\n<\/td>\n<td>74002<\/td>\n<\/tr>\n<\/tbody>\n<\/table>\n\n\t\t<\/div>\n\t\t\t\t\t<\/div>\n\n\t\n\n<\/div>\n\n\t\t<\/div>\n\t<\/div>\n\t\n\n<\/div>\n\n\t\t<\/div>\n\t\t\t\t\t<\/div>\n\n\t\n\n<\/div>\n\n\t\t<\/div>\n\n\t\t\n<style>\n#section_666298436 {\n  padding-top: 0px;\n  padding-bottom: 0px;\n}\n<\/style>\n\t<\/section>\n\t\n\t<section class=\"section section-top-space\" id=\"section_1812085940\">\n\t\t<div class=\"bg section-bg fill bg-fill  bg-loaded\" >\n\n\t\t\t\n\t\t\t\n\t\t\t\n\n\t\t<\/div>\n\n\t\t\n\n\t\t<div class=\"section-content relative\">\n\t\t\t\n\n<div class=\"row\"  id=\"row-1407405569\">\n\n\n\t<div id=\"col-1484478740\" class=\"col no-padding-bottom small-12 large-12\"  >\n\t\t\t\t<div class=\"col-inner\"  >\n\t\t\t\n\t\t\t\n\n<h3>FAQ zum Thema Abluftsystem<\/h3>\n<a href=\"\/de\/faq\/\" target=\"_self\" class=\"button primary is-outline\"  style=\"border-radius:10px;\">\n    <span>Zu den FAQ\u00b4s<\/span>\n  <\/a>\n\n\n\n\t\t<\/div>\n\t\t\t\t\t<\/div>\n\n\t\n\n<\/div>\n\n\t\t<\/div>\n\n\t\t\n<style>\n#section_1812085940 {\n  padding-top: 0px;\n  padding-bottom: 0px;\n}\n<\/style>\n\t<\/section>\n\t\n\t<section class=\"section section-top-space\" id=\"section_1489637884\">\n\t\t<div class=\"bg section-bg fill bg-fill  bg-loaded\" >\n\n\t\t\t\n\t\t\t\n\t\t\t\n\n\t\t<\/div>\n\n\t\t\n\n\t\t<div class=\"section-content relative\">\n\t\t\t\n\n<div class=\"row\"  id=\"row-295790550\">\n\n\n\t<div id=\"col-568545660\" class=\"col small-12 large-12\"  >\n\t\t\t\t<div class=\"col-inner\"  >\n\t\t\t\n\t\t\t\n\n<h3>\nDatenbl\u00e4tter &amp; Anleitungen<br \/>\n<\/h3>\n\n\t\t<\/div>\n\t\t\t\t\t<\/div>\n\n\t\n\n<\/div>\n<div class=\"row\"  id=\"row-461551046\">\n\n\n\t<div id=\"col-458368235\" class=\"col no-padding-bottom small-12 large-12\"  >\n\t\t\t\t<div class=\"col-inner\"  >\n\t\t\t\n\t\t\t\n\n<div \r\n                id=\"e5-oxomi-2567273488\" \r\n                class=\"e5-oxomi-output\" \r\n                data-portal-id=\"3000988\"\r\n                data-oxomi_type_select=\"selectOptionCategories\"\r\n                data-oxomi_keyword=\"\"\r\n                data-oxomi_keyword_filter_select=\"\"\r\n                data-oxomi_categories=\"F\/C\"\r\n                data-oxomi_types=\"\"\r\n                data-oxomi_brands=\"\"\r\n                data-oxomi_tags=\"\"\r\n                data-oxomi_document_id=\"\"\r\n                data-oxomi_document_page=\"\"\r\n                data-oxomi_search=\"\"\r\n                data-oxomi_group_by_select=\"\"\r\n                data-oxomi_group_by_filter=\"\"\r\n                data-lang=\"de\"\r\n            >\r\n            <\/div>\n\n\n\t\t<\/div>\n\t\t\t\t\t<\/div>\n\n\t\n\n<\/div>\n\n\t\t<\/div>\n\n\t\t\n<style>\n#section_1489637884 {\n  padding-top: 0px;\n  padding-bottom: 0px;\n}\n<\/style>\n\t<\/section>\n\t\n\t<section class=\"section section-space\" id=\"section_256404338\">\n\t\t<div class=\"bg section-bg fill bg-fill  bg-loaded\" >\n\n\t\t\t\n\t\t\t\n\t\t\t\n\n\t\t<\/div>\n\n\t\t\n\n\t\t<div class=\"section-content relative\">\n\t\t\t\n\n<div class=\"row row-collapse align-middle align-right ventilation-system-overview\"  id=\"row-1439593083\">\n\n\n\t<div id=\"col-699000187\" class=\"col medium-6 small-12 large-3\"  >\n\t\t\t\t<div class=\"col-inner\"  >\n\t\t\t\n\t\t\t\n\n\t<div id=\"text-2931738381\" class=\"text\">\n\t\t\n\n<p class=\"sub-headline\">Nicht das Richtige gefunden?<\/p>\n\t\t\n<style>\n#text-2931738381 {\n  text-align: center;\n}\n@media (min-width:550px) {\n  #text-2931738381 {\n    text-align: right;\n  }\n}\n<\/style>\n\t<\/div>\n\t\n\n\t\t<\/div>\n\t\t\t\t\t<\/div>\n\n\t\n\n\t<div id=\"col-1395256561\" class=\"col medium-6 small-12 large-3\"  >\n\t\t\t\t<div class=\"col-inner text-center\"  >\n\t\t\t\n\t\t\t\n\n<a href=\"\/de\/lueftungssysteme\" target=\"_self\" class=\"button primary is-outline is-small\"  style=\"border-radius:10px;\">\n    <span>zur\u00fcck zur \u00dcbersicht<\/span>\n  <\/a>\n\n\n\n\t\t<\/div>\n\t\t\t\t\n<style>\n#col-1395256561 > .col-inner {\n  padding: 0px 0px 0px 0px;\n  margin: 20px 0px 0px 0px;\n}\n@media (min-width:550px) {\n  #col-1395256561 > .col-inner {\n    padding: 0px 0px 0px 30px;\n    margin: 0px 0px 0px 0px;\n  }\n}\n<\/style>\n\t<\/div>\n\n\t\n\n<\/div>\n\n\n\t\t<\/div>\n\n\t\t\n<style>\n#section_256404338 {\n  padding-top: 0px;\n  padding-bottom: 0px;\n}\n<\/style>\n\t<\/section>\n\t\n\n","protected":false},"excerpt":{"rendered":"","protected":false},"author":8,"featured_media":0,"parent":116,"menu_order":0,"comment_status":"closed","ping_status":"closed","template":"page-blank.php","meta":{"footnotes":""},"class_list":["post-2843","page","type-page","status-publish","hentry"],"acf":[],"yoast_head":"<!-- This site is optimized with the Yoast SEO plugin v27.3 - https:\/\/yoast.com\/product\/yoast-seo-wordpress\/ -->\n<title>Limodor F\/C | Abluftsystem<\/title>\n<meta name=\"description\" content=\"Abluftsysteme bringen feuchte Luft und Ger\u00fcche von Innenr\u00e4umen nach Drau\u00dfen.\" \/>\n<meta name=\"robots\" content=\"noindex, follow, max-snippet:-1, max-image-preview:large, max-video-preview:-1\" \/>\n<meta property=\"og:locale\" content=\"de_DE\" \/>\n<meta property=\"og:type\" content=\"article\" \/>\n<meta property=\"og:title\" content=\"Limodor F\/C | Abluftsystem\" \/>\n<meta property=\"og:description\" content=\"Abluftsysteme bringen feuchte Luft und Ger\u00fcche von Innenr\u00e4umen nach Drau\u00dfen.\" \/>\n<meta property=\"og:url\" content=\"https:\/\/limodor.dev-web.at\/de\/lueftungen\/lueftungssysteme\/abluftgeraete\/limodor-f-c\/\" \/>\n<meta property=\"og:site_name\" content=\"Limodor DE\" \/>\n<meta property=\"article:modified_time\" content=\"2024-03-05T07:15:39+00:00\" \/>\n<meta name=\"twitter:card\" content=\"summary_large_image\" \/>\n<meta name=\"twitter:label1\" content=\"Gesch\u00e4tzte Lesezeit\" \/>\n\t<meta name=\"twitter:data1\" content=\"2\u00a0Minuten\" \/>\n<script type=\"application\/ld+json\" class=\"yoast-schema-graph\">{\"@context\":\"https:\\\/\\\/schema.org\",\"@graph\":[{\"@type\":\"WebPage\",\"@id\":\"https:\\\/\\\/limodor.dev-web.at\\\/de\\\/lueftungen\\\/lueftungssysteme\\\/abluftgeraete\\\/limodor-f-c\\\/\",\"url\":\"https:\\\/\\\/limodor.dev-web.at\\\/de\\\/lueftungen\\\/lueftungssysteme\\\/abluftgeraete\\\/limodor-f-c\\\/\",\"name\":\"Limodor F\\\/C | Abluftsystem\",\"isPartOf\":{\"@id\":\"https:\\\/\\\/limodor.dev-web.at\\\/de\\\/#website\"},\"datePublished\":\"2023-10-13T10:02:51+00:00\",\"dateModified\":\"2024-03-05T07:15:39+00:00\",\"description\":\"Abluftsysteme bringen feuchte Luft und Ger\u00fcche von Innenr\u00e4umen nach Drau\u00dfen.\",\"breadcrumb\":{\"@id\":\"https:\\\/\\\/limodor.dev-web.at\\\/de\\\/lueftungen\\\/lueftungssysteme\\\/abluftgeraete\\\/limodor-f-c\\\/#breadcrumb\"},\"inLanguage\":\"de\",\"potentialAction\":[{\"@type\":\"ReadAction\",\"target\":[\"https:\\\/\\\/limodor.dev-web.at\\\/de\\\/lueftungen\\\/lueftungssysteme\\\/abluftgeraete\\\/limodor-f-c\\\/\"]}]},{\"@type\":\"BreadcrumbList\",\"@id\":\"https:\\\/\\\/limodor.dev-web.at\\\/de\\\/lueftungen\\\/lueftungssysteme\\\/abluftgeraete\\\/limodor-f-c\\\/#breadcrumb\",\"itemListElement\":[{\"@type\":\"ListItem\",\"position\":1,\"name\":\"Startseite\",\"item\":\"https:\\\/\\\/limodor.dev-web.at\\\/de\\\/\"},{\"@type\":\"ListItem\",\"position\":2,\"name\":\"L\u00f6sungen\",\"item\":\"https:\\\/\\\/limodor.dev-web.at\\\/de\\\/lueftungen\\\/\"},{\"@type\":\"ListItem\",\"position\":3,\"name\":\"L\u00fcftungssysteme\",\"item\":\"https:\\\/\\\/limodor.dev-web.at\\\/de\\\/lueftungen\\\/lueftungssysteme\\\/\"},{\"@type\":\"ListItem\",\"position\":4,\"name\":\"Abluftger\u00e4te\",\"item\":\"https:\\\/\\\/limodor.dev-web.at\\\/de\\\/lueftungen\\\/lueftungssysteme\\\/abluftgeraete\\\/\"},{\"@type\":\"ListItem\",\"position\":5,\"name\":\"LIMODOR F\\\/C\"}]},{\"@type\":\"WebSite\",\"@id\":\"https:\\\/\\\/limodor.dev-web.at\\\/de\\\/#website\",\"url\":\"https:\\\/\\\/limodor.dev-web.at\\\/de\\\/\",\"name\":\"Limodor DE\",\"description\":\"\",\"potentialAction\":[{\"@type\":\"SearchAction\",\"target\":{\"@type\":\"EntryPoint\",\"urlTemplate\":\"https:\\\/\\\/limodor.dev-web.at\\\/de\\\/?s={search_term_string}\"},\"query-input\":{\"@type\":\"PropertyValueSpecification\",\"valueRequired\":true,\"valueName\":\"search_term_string\"}}],\"inLanguage\":\"de\"}]}<\/script>\n<!-- \/ Yoast SEO plugin. -->","yoast_head_json":{"title":"Limodor F\/C | Abluftsystem","description":"Abluftsysteme bringen feuchte Luft und Ger\u00fcche von Innenr\u00e4umen nach Drau\u00dfen.","robots":{"index":"noindex","follow":"follow","max-snippet":"max-snippet:-1","max-image-preview":"max-image-preview:large","max-video-preview":"max-video-preview:-1"},"og_locale":"de_DE","og_type":"article","og_title":"Limodor F\/C | Abluftsystem","og_description":"Abluftsysteme bringen feuchte Luft und Ger\u00fcche von Innenr\u00e4umen nach Drau\u00dfen.","og_url":"https:\/\/limodor.dev-web.at\/de\/lueftungen\/lueftungssysteme\/abluftgeraete\/limodor-f-c\/","og_site_name":"Limodor DE","article_modified_time":"2024-03-05T07:15:39+00:00","twitter_card":"summary_large_image","twitter_misc":{"Gesch\u00e4tzte Lesezeit":"2\u00a0Minuten"},"schema":{"@context":"https:\/\/schema.org","@graph":[{"@type":"WebPage","@id":"https:\/\/limodor.dev-web.at\/de\/lueftungen\/lueftungssysteme\/abluftgeraete\/limodor-f-c\/","url":"https:\/\/limodor.dev-web.at\/de\/lueftungen\/lueftungssysteme\/abluftgeraete\/limodor-f-c\/","name":"Limodor F\/C | Abluftsystem","isPartOf":{"@id":"https:\/\/limodor.dev-web.at\/de\/#website"},"datePublished":"2023-10-13T10:02:51+00:00","dateModified":"2024-03-05T07:15:39+00:00","description":"Abluftsysteme bringen feuchte Luft und Ger\u00fcche von Innenr\u00e4umen nach Drau\u00dfen.","breadcrumb":{"@id":"https:\/\/limodor.dev-web.at\/de\/lueftungen\/lueftungssysteme\/abluftgeraete\/limodor-f-c\/#breadcrumb"},"inLanguage":"de","potentialAction":[{"@type":"ReadAction","target":["https:\/\/limodor.dev-web.at\/de\/lueftungen\/lueftungssysteme\/abluftgeraete\/limodor-f-c\/"]}]},{"@type":"BreadcrumbList","@id":"https:\/\/limodor.dev-web.at\/de\/lueftungen\/lueftungssysteme\/abluftgeraete\/limodor-f-c\/#breadcrumb","itemListElement":[{"@type":"ListItem","position":1,"name":"Startseite","item":"https:\/\/limodor.dev-web.at\/de\/"},{"@type":"ListItem","position":2,"name":"L\u00f6sungen","item":"https:\/\/limodor.dev-web.at\/de\/lueftungen\/"},{"@type":"ListItem","position":3,"name":"L\u00fcftungssysteme","item":"https:\/\/limodor.dev-web.at\/de\/lueftungen\/lueftungssysteme\/"},{"@type":"ListItem","position":4,"name":"Abluftger\u00e4te","item":"https:\/\/limodor.dev-web.at\/de\/lueftungen\/lueftungssysteme\/abluftgeraete\/"},{"@type":"ListItem","position":5,"name":"LIMODOR F\/C"}]},{"@type":"WebSite","@id":"https:\/\/limodor.dev-web.at\/de\/#website","url":"https:\/\/limodor.dev-web.at\/de\/","name":"Limodor DE","description":"","potentialAction":[{"@type":"SearchAction","target":{"@type":"EntryPoint","urlTemplate":"https:\/\/limodor.dev-web.at\/de\/?s={search_term_string}"},"query-input":{"@type":"PropertyValueSpecification","valueRequired":true,"valueName":"search_term_string"}}],"inLanguage":"de"}]}},"_links":{"self":[{"href":"https:\/\/limodor.dev-web.at\/de\/wp-json\/wp\/v2\/pages\/2843","targetHints":{"allow":["GET"]}}],"collection":[{"href":"https:\/\/limodor.dev-web.at\/de\/wp-json\/wp\/v2\/pages"}],"about":[{"href":"https:\/\/limodor.dev-web.at\/de\/wp-json\/wp\/v2\/types\/page"}],"author":[{"embeddable":true,"href":"https:\/\/limodor.dev-web.at\/de\/wp-json\/wp\/v2\/users\/8"}],"replies":[{"embeddable":true,"href":"https:\/\/limodor.dev-web.at\/de\/wp-json\/wp\/v2\/comments?post=2843"}],"version-history":[{"count":4,"href":"https:\/\/limodor.dev-web.at\/de\/wp-json\/wp\/v2\/pages\/2843\/revisions"}],"predecessor-version":[{"id":15169,"href":"https:\/\/limodor.dev-web.at\/de\/wp-json\/wp\/v2\/pages\/2843\/revisions\/15169"}],"up":[{"embeddable":true,"href":"https:\/\/limodor.dev-web.at\/de\/wp-json\/wp\/v2\/pages\/116"}],"wp:attachment":[{"href":"https:\/\/limodor.dev-web.at\/de\/wp-json\/wp\/v2\/media?parent=2843"}],"curies":[{"name":"wp","href":"https:\/\/api.w.org\/{rel}","templated":true}]}}