{"id":396,"date":"2023-07-21T09:09:06","date_gmt":"2023-07-21T07:09:06","guid":{"rendered":"https:\/\/limodor.dev-web.at\/de\/ueber-uns\/"},"modified":"2025-09-04T08:32:45","modified_gmt":"2025-09-04T06:32:45","slug":"ueber-uns","status":"publish","type":"page","link":"https:\/\/limodor.dev-web.at\/de\/ueber-uns\/","title":{"rendered":"\u00dcber uns"},"content":{"rendered":"\n\t<section class=\"section wave has-parallax\" id=\"section_2021937738\">\n\t\t<div class=\"bg section-bg fill bg-fill  \" data-parallax-container=\".section\" data-parallax-background data-parallax=\"-3\">\n\n\t\t\t\n\t\t\t\n\t\t\t\n\n\t\t<\/div>\n\n\t\t\n\n\t\t<div class=\"section-content relative\">\n\t\t\t\n\n<div class=\"row row-full-width\"  id=\"row-9571329\">\n\n\n<\/div>\n\n\t\t<\/div>\n\n\t\t\n<style>\n#section_2021937738 {\n  padding-top: 0px;\n  padding-bottom: 0px;\n  min-height: 50vh;\n}\n#section_2021937738 .section-bg.bg-loaded {\n  background-image: url(https:\/\/limodor.dev-web.at\/de\/wp-content\/uploads\/sites\/2\/2023\/09\/wohnraum.jpg);\n}\n#section_2021937738 .section-bg {\n  background-position: 57% 43%;\n}\n@media (min-width:550px) {\n  #section_2021937738 {\n    min-height: 75vh;\n  }\n}\n<\/style>\n\t<\/section>\n\t\n\t<section class=\"section section-space\" id=\"section_770834413\">\n\t\t<div class=\"bg section-bg fill bg-fill  bg-loaded\" >\n\n\t\t\t\n\t\t\t\n\t\t\t\n\n\t\t<\/div>\n\n\t\t\n\n\t\t<div class=\"section-content relative\">\n\t\t\t\n\n<div class=\"row row-collapse align-center\"  id=\"row-73884187\">\n\n\n\t<div id=\"col-730420458\" class=\"col medium-8 small-12 large-8\"  >\n\t\t\t\t<div class=\"col-inner text-center\"  >\n\t\t\t\n\t\t\t\n\n<h1>\u00dcber uns<\/h1>\n<p>Wir sind einer der renommiertesten Hersteller von L\u00fcftungsger\u00e4ten in Europa. Dort seit sechs Jahrzehnten einen fixen Platz zu behaupten und Millionen Zu- und Abluftsysteme zu verkaufen, erreichen wir nicht, in dem wir einfach irgendwelche Ventilatoren bauen. L\u00fcftung ist unsere Mission, der wir mit Know-How und Leidenschaft nachgehen. In manchen Lexika ist unser Markenname Limodor sogar zum Synonym f\u00fcr L\u00fcftungsger\u00e4te geworden. Darauf sind wir stolz und es verbindet unsere Teams in Konstruktion, Fertigung, Beratung und Service. Wir finden L\u00f6sungen, die Nachhaltigkeit und Klimaschutz ebenso ber\u00fccksichtigen wie Komfort, Sicherheit und ver\u00e4nderte Wohnbed\u00fcrfnisse.<\/p>\n\n\t\t<\/div>\n\t\t\t\t\n<style>\n#col-730420458 > .col-inner {\n  padding: 0px 20px 0px 20px;\n}\n<\/style>\n\t<\/div>\n\n\t\n\n<\/div>\n\n\t\t<\/div>\n\n\t\t\n<style>\n#section_770834413 {\n  padding-top: 0px;\n  padding-bottom: 0px;\n}\n<\/style>\n\t<\/section>\n\t\n\t<section class=\"section\" id=\"section_1070198562\">\n\t\t<div class=\"bg section-bg fill bg-fill  bg-loaded\" >\n\n\t\t\t\n\t\t\t\n\t\t\t\n\n\t\t<\/div>\n\n\t\t\n\n\t\t<div class=\"section-content relative\">\n\t\t\t\n\n<div class=\"row align-center\"  id=\"row-5040225\">\n\n\n\t<div id=\"col-596824643\" class=\"col medium-8 small-12 large-8\"  >\n\t\t\t\t<div class=\"col-inner text-center\"  >\n\t\t\t\n\t\t\t\n\n<h2>Werte<\/h2>\n<div class=\"vertical-icon-slider-container\"><div class=\"icon-row\"><div class=\"lottie-placeholder\" data-src=\"\/wp-content\/uploads\/2023\/08\/Frischluftzufuhr.json\"><\/div><div class=\"content-container\"><span class=\"icon-title\">Frische Luft f\u00fcr alle<\/span><span class=\"icon-description\">Wir bringen frische Luft in jedes Zuhause und schaffen damit Lebensqualit\u00e4t f\u00fcr alle Menschen. Denn Frischluft daheim ohne jegliches Zutun bedeutet Entspannung und Erholung.<\/span><\/div><\/div><div class=\"icon-row\"><div class=\"lottie-placeholder\" data-src=\"\/wp-content\/uploads\/2023\/08\/Aufwertung.json\"><\/div><div class=\"content-container\"><span class=\"icon-title\">Handschlagqualit\u00e4t<\/span><span class=\"icon-description\">Wir kommunizieren mit unseren Kunden und Partnern auf Augenh\u00f6he und stehen zu unserem Wort. Wir sind die Profis, wenn es um L\u00fcftung geht, kommunizieren jedoch stets einfach, klar und authentisch.<\/span><\/div><\/div><div class=\"icon-row\"><div class=\"lottie-placeholder\" data-src=\"\/wp-content\/uploads\/2023\/08\/Einfache-Nachruestung.json\"><\/div><div class=\"content-container\"><span class=\"icon-title\">Einfachheit<\/span><span class=\"icon-description\">Unsere L\u00fcftungsl\u00f6sungen sind hochwertig und trotzdem einfach zu montieren, in Betrieb zu nehmen und zu warten. Genauso einfach sind alle unsere Prozesse im Unternehmen, damit wir uns auf eines fokussieren k\u00f6nnen: Optimale Lebensqualit\u00e4t f\u00fcr alle.<\/span><\/div><\/div><\/div>\n\n\n\t\t<\/div>\n\t\t\t\t\t<\/div>\n\n\t\n\n<\/div>\n\n\t\t<\/div>\n\n\t\t\n<style>\n#section_1070198562 {\n  padding-top: 30px;\n  padding-bottom: 30px;\n}\n<\/style>\n\t<\/section>\n\t\n\t<section class=\"section overlay-right section-space\" id=\"section_1730210262\">\n\t\t<div class=\"bg section-bg fill bg-fill  bg-loaded\" >\n\n\t\t\t\n\t\t\t\n\t\t\t\n\n\t\t<\/div>\n\n\t\t\n\n\t\t<div class=\"section-content relative\">\n\t\t\t\n\n<div class=\"row row-collapse row-full-width align-middle\"  id=\"row-1667933600\">\n\n\n\t<div id=\"col-783576583\" class=\"col medium-10 small-12 large-4\"  >\n\t\t\t\t<div class=\"col-inner\"  >\n\t\t\t\n\t\t\t\n\n<div class=\"row text-row\"  id=\"row-1073761910\">\n\n\n\t<div id=\"col-647890001\" class=\"col small-12 large-12\"  >\n\t\t\t\t<div class=\"col-inner\"  >\n\t\t\t\n\t\t\t\n\n<h2>Unternehmens\u00adphilosophie<\/h2>\n<p>Verwurzelt im S\u00fcdwesten Deutschlands f\u00fchlt sich unser Familienunternehmen in Europa zuhause. Mit unseren Kernm\u00e4rkten in Deutschland, \u00d6sterreich und der Schweiz stehen wir f\u00fcr h\u00f6chste Qualit\u00e4t bei den innovativen L\u00fcftungsl\u00f6sungen der Zukunft. Als Team leben wir das Familienfeeling untereinander und pflegen den Kontakt mit unseren Partnern. Wir sind stolz darauf, mit unserer Leidenschaft, unserem Know-how und unserem Pragmatismus aus jedem Eigenheim einen Ort des Wohlf\u00fchlens zu schaffen.<\/p>\n\n\t\t<\/div>\n\t\t\t\t\n<style>\n#col-647890001 > .col-inner {\n  padding: 30px 15px 30px 15px;\n}\n@media (min-width:550px) {\n  #col-647890001 > .col-inner {\n    padding: 40px 40px 40px 10px;\n  }\n}\n<\/style>\n\t<\/div>\n\n\t\n\n<\/div>\n\n\t\t<\/div>\n\t\t\t\t\t<\/div>\n\n\t\n\n\t<div id=\"col-1537032817\" class=\"col medium-10 small-12 large-8 medium-col-first\"  >\n\t\t\t\t<div class=\"col-inner\"  >\n\t\t\t\n\t\t\t\n\n\t<div class=\"img has-hover rounded-edges x md-x lg-x y md-y lg-y\" id=\"image_1593490885\">\n\t\t\t\t\t\t\t\t<div class=\"img-inner image-cover dark\" style=\"padding-top:45%;\">\n\t\t\t<img loading=\"lazy\" decoding=\"async\" width=\"1920\" height=\"690\" src=\"https:\/\/limodor.dev-web.at\/de\/wp-content\/uploads\/sites\/2\/2023\/09\/Banner_Tablet.jpg\" class=\"attachment-original size-original\" alt=\"\" srcset=\"https:\/\/limodor.dev-web.at\/de\/wp-content\/uploads\/sites\/2\/2023\/09\/Banner_Tablet.jpg 1920w, https:\/\/limodor.dev-web.at\/de\/wp-content\/uploads\/sites\/2\/2023\/09\/Banner_Tablet-300x108.jpg 300w, https:\/\/limodor.dev-web.at\/de\/wp-content\/uploads\/sites\/2\/2023\/09\/Banner_Tablet-1024x368.jpg 1024w, https:\/\/limodor.dev-web.at\/de\/wp-content\/uploads\/sites\/2\/2023\/09\/Banner_Tablet-768x276.jpg 768w, https:\/\/limodor.dev-web.at\/de\/wp-content\/uploads\/sites\/2\/2023\/09\/Banner_Tablet-1536x552.jpg 1536w, https:\/\/limodor.dev-web.at\/de\/wp-content\/uploads\/sites\/2\/2023\/09\/Banner_Tablet-600x216.jpg 600w\" sizes=\"auto, (max-width: 1920px) 100vw, 1920px\" \/>\t\t\t\t\t\t\n\t\t\t\t\t<\/div>\n\t\t\t\t\t\t\t\t\n<style>\n#image_1593490885 {\n  width: 100%;\n}\n<\/style>\n\t<\/div>\n\t\n\n\n\t\t<\/div>\n\t\t\t\t\t<\/div>\n\n\t\n\n<\/div>\n\n\t\t<\/div>\n\n\t\t\n<style>\n#section_1730210262 {\n  padding-top: 0px;\n  padding-bottom: 0px;\n}\n<\/style>\n\t<\/section>\n\t\n\t<section class=\"section section-space\" id=\"section_1453741980\">\n\t\t<div class=\"bg section-bg fill bg-fill  bg-loaded\" >\n\n\t\t\t\n\t\t\t\n\t\t\t\n\n\t\t<\/div>\n\n\t\t\n\n\t\t<div class=\"section-content relative\">\n\t\t\t\n\n<div class=\"row row-large align-center\"  id=\"row-858660506\">\n\n\n\t<div id=\"col-1992982006\" class=\"col medium-6 small-12 large-4\"  >\n\t\t\t\t<div class=\"col-inner\"  >\n\t\t\t\n\t\t\t\n\n<div class=\"row row-collapse align-center\"  id=\"row-1794367861\">\n\n\n\t<div id=\"col-1785795577\" class=\"col small-12 large-12\"  >\n\t\t\t\t<div class=\"col-inner\"  >\n\t\t\t\n\t\t\t\n\n\t<div class=\"img has-hover rounded-edges x md-x lg-x y md-y lg-y\" id=\"image_1534970377\">\n\t\t\t\t<div data-parallax-fade=\"true\" data-parallax=\"1\">\t\t\t\t<div class=\"img-inner image-cover dark\" style=\"padding-top:75%;\">\n\t\t\t<img loading=\"lazy\" decoding=\"async\" width=\"627\" height=\"545\" src=\"https:\/\/limodor.dev-web.at\/de\/wp-content\/uploads\/sites\/2\/2023\/08\/1966_LImodor-CC_Ei.jpg\" class=\"attachment-original size-original\" alt=\"\" srcset=\"https:\/\/limodor.dev-web.at\/de\/wp-content\/uploads\/sites\/2\/2023\/08\/1966_LImodor-CC_Ei.jpg 627w, https:\/\/limodor.dev-web.at\/de\/wp-content\/uploads\/sites\/2\/2023\/08\/1966_LImodor-CC_Ei-300x261.jpg 300w, https:\/\/limodor.dev-web.at\/de\/wp-content\/uploads\/sites\/2\/2023\/08\/1966_LImodor-CC_Ei-510x443.jpg 510w\" sizes=\"auto, (max-width: 627px) 100vw, 627px\" \/>\t\t\t\t\t\t\n\t\t\t\t\t<\/div>\n\t\t\t\t<\/div>\t\t\t\t\n<style>\n#image_1534970377 {\n  width: 100%;\n}\n<\/style>\n\t<\/div>\n\t\n\n\n\t\t<\/div>\n\t\t\t\t\t<\/div>\n\n\t\n\n\t<div id=\"col-1317597917\" class=\"col medium-10 small-11 large-10\"  >\n\t\t\t\t<div class=\"col-inner\" style=\"background-color:rgb(255,255,255);\" >\n\t\t\t\n\t\t\t\n\n<h3>Unternehmens- <br \/>geschichte<\/h3>\n<p>Unser Weg &#8211; vom ungew\u00f6hnlichen Start bis zum LIMODOR als Weltmarke.<\/p>\n<a href=\"https:\/\/limodor.dev-web.at\/de\/ueber-uns\/unternehmensgeschichte\/\" target=\"_self\" class=\"button primary is-outline\"  style=\"border-radius:10px;\">\n    <span>\u00fcber Limodor<\/span>\n  <\/a>\n\n\n\n\t\t<\/div>\n\t\t\t\t\n<style>\n#col-1317597917 > .col-inner {\n  padding: 20px 20px 0px 20px;\n  margin: -83px 0px 0px 0px;\n  border-radius: 10px;\n}\n<\/style>\n\t<\/div>\n\n\t\n\n<\/div>\n\n\t\t<\/div>\n\t\t\t\t\t<\/div>\n\n\t\n\n\t<div id=\"col-1427694130\" class=\"col medium-6 small-12 large-4\"  >\n\t\t\t\t<div class=\"col-inner\"  >\n\t\t\t\n\t\t\t\n\n<div class=\"row row-collapse align-center\"  id=\"row-468717052\">\n\n\n\t<div id=\"col-1641379817\" class=\"col small-12 large-12\"  >\n\t\t\t\t<div class=\"col-inner\"  >\n\t\t\t\n\t\t\t\n\n\t<div class=\"img has-hover rounded-edges x md-x lg-x y md-y lg-y\" id=\"image_548871047\">\n\t\t\t\t<div data-parallax-fade=\"true\" data-parallax=\"1\">\t\t\t\t<div class=\"img-inner image-cover dark\" style=\"padding-top:75%;\">\n\t\t\t<img loading=\"lazy\" decoding=\"async\" width=\"2560\" height=\"1707\" src=\"https:\/\/limodor.dev-web.at\/de\/wp-content\/uploads\/sites\/2\/2023\/10\/hannah-busing-Zyx1bK9mqmA-unsplash_1-scaled.jpg\" class=\"attachment-original size-original\" alt=\"\" srcset=\"https:\/\/limodor.dev-web.at\/de\/wp-content\/uploads\/sites\/2\/2023\/10\/hannah-busing-Zyx1bK9mqmA-unsplash_1-scaled.jpg 2560w, https:\/\/limodor.dev-web.at\/de\/wp-content\/uploads\/sites\/2\/2023\/10\/hannah-busing-Zyx1bK9mqmA-unsplash_1-300x200.jpg 300w, https:\/\/limodor.dev-web.at\/de\/wp-content\/uploads\/sites\/2\/2023\/10\/hannah-busing-Zyx1bK9mqmA-unsplash_1-1024x683.jpg 1024w, https:\/\/limodor.dev-web.at\/de\/wp-content\/uploads\/sites\/2\/2023\/10\/hannah-busing-Zyx1bK9mqmA-unsplash_1-768x512.jpg 768w, https:\/\/limodor.dev-web.at\/de\/wp-content\/uploads\/sites\/2\/2023\/10\/hannah-busing-Zyx1bK9mqmA-unsplash_1-1536x1024.jpg 1536w, https:\/\/limodor.dev-web.at\/de\/wp-content\/uploads\/sites\/2\/2023\/10\/hannah-busing-Zyx1bK9mqmA-unsplash_1-2048x1365.jpg 2048w, https:\/\/limodor.dev-web.at\/de\/wp-content\/uploads\/sites\/2\/2023\/10\/hannah-busing-Zyx1bK9mqmA-unsplash_1-510x340.jpg 510w\" sizes=\"auto, (max-width: 2560px) 100vw, 2560px\" \/>\t\t\t\t\t\t\n\t\t\t\t\t<\/div>\n\t\t\t\t<\/div>\t\t\t\t\n<style>\n#image_548871047 {\n  width: 100%;\n}\n<\/style>\n\t<\/div>\n\t\n\n\n\t\t<\/div>\n\t\t\t\t\t<\/div>\n\n\t\n\n\t<div id=\"col-370827273\" class=\"col medium-10 small-11 large-10\"  >\n\t\t\t\t<div class=\"col-inner\" style=\"background-color:rgb(255,255,255);\" >\n\t\t\t\n\t\t\t\n\n<h3>Unser <br \/>Team<\/h3>\n<p>50 Frauen und M\u00e4nner, die Leidenschaft f\u00fcr frische Luft verbindet.<\/p>\n<a href=\"https:\/\/limodor.dev-web.at\/de\/ueber-uns\/team\/\" target=\"_self\" class=\"button primary is-outline\"  style=\"border-radius:10px;\">\n    <span>zum Team<\/span>\n  <\/a>\n\n\n\n\t\t<\/div>\n\t\t\t\t\n<style>\n#col-370827273 > .col-inner {\n  padding: 20px 20px 0px 20px;\n  margin: -83px 0px 0px 0px;\n  border-radius: 10px;\n}\n<\/style>\n\t<\/div>\n\n\t\n\n<\/div>\n\n\t\t<\/div>\n\t\t\t\t\t<\/div>\n\n\t\n\n\t<div id=\"col-574504704\" class=\"col medium-6 small-12 large-4\"  >\n\t\t\t\t<div class=\"col-inner\"  >\n\t\t\t\n\t\t\t\n\n<div class=\"row row-collapse align-center\"  id=\"row-1068947224\">\n\n\n\t<div id=\"col-7077720\" class=\"col small-12 large-12\"  >\n\t\t\t\t<div class=\"col-inner\"  >\n\t\t\t\n\t\t\t\n\n\t<div class=\"img has-hover rounded-edges x md-x lg-x y md-y lg-y\" id=\"image_1452279645\">\n\t\t\t\t<div data-parallax-fade=\"true\" data-parallax=\"1\">\t\t\t\t<div class=\"img-inner image-cover dark\" style=\"padding-top:75%;\">\n\t\t\t\t\t\t\t\t\t\n\t\t\t\t\t<\/div>\n\t\t\t\t<\/div>\t\t\t\t\n<style>\n#image_1452279645 {\n  width: 100%;\n}\n<\/style>\n\t<\/div>\n\t\n\n\n\t\t<\/div>\n\t\t\t\t\t<\/div>\n\n\t\n\n\t<div id=\"col-1770759441\" class=\"col medium-10 small-11 large-10\"  >\n\t\t\t\t<div class=\"col-inner\" style=\"background-color:rgb(255,255,255);\" >\n\t\t\t\n\t\t\t\n\n<h3>Jobs bei<br \/>LIMODOR<\/h3>\n<p>Zurecht begehrt \u2013 hier bei der Firma LIMODOR arbeitet es sich definitiv gut.<\/p>\n\n<a href=\"\/de\/jobs\" target=\"_self\" class=\"button primary is-outline\"  style=\"border-radius:10px;\">\n    <span>alle Jobs<\/span>\n  <\/a>\n\n\n\n\t\t<\/div>\n\t\t\t\t\n<style>\n#col-1770759441 > .col-inner {\n  padding: 20px 20px 0px 20px;\n  margin: -83px 0px 0px 0px;\n  border-radius: 10px;\n}\n<\/style>\n\t<\/div>\n\n\t\n\n<\/div>\n\n\t\t<\/div>\n\t\t\t\t\t<\/div>\n\n\t\n\n<\/div>\n\n\t\t<\/div>\n\n\t\t\n<style>\n#section_1453741980 {\n  padding-top: 0px;\n  padding-bottom: 0px;\n}\n<\/style>\n\t<\/section>\n\t\n\n","protected":false},"excerpt":{"rendered":"","protected":false},"author":1,"featured_media":0,"parent":0,"menu_order":0,"comment_status":"closed","ping_status":"closed","template":"page-blank.php","meta":{"footnotes":""},"class_list":["post-396","page","type-page","status-publish","hentry"],"acf":[],"yoast_head":"<!-- This site is optimized with the Yoast SEO plugin v27.3 - https:\/\/yoast.com\/product\/yoast-seo-wordpress\/ -->\n<title>\u00dcber uns - LIMODOR<\/title>\n<meta name=\"robots\" content=\"noindex, follow, max-snippet:-1, max-image-preview:large, max-video-preview:-1\" \/>\n<meta property=\"og:locale\" content=\"de_DE\" \/>\n<meta property=\"og:type\" content=\"article\" \/>\n<meta property=\"og:title\" content=\"\u00dcber uns - LIMODOR\" \/>\n<meta property=\"og:url\" content=\"https:\/\/limodor.dev-web.at\/de\/ueber-uns\/\" \/>\n<meta property=\"og:site_name\" content=\"Limodor DE\" \/>\n<meta property=\"article:modified_time\" content=\"2025-09-04T06:32:45+00:00\" \/>\n<meta name=\"twitter:card\" content=\"summary_large_image\" \/>\n<meta name=\"twitter:label1\" content=\"Gesch\u00e4tzte Lesezeit\" \/>\n\t<meta name=\"twitter:data1\" content=\"3\u00a0Minuten\" \/>\n<script type=\"application\/ld+json\" class=\"yoast-schema-graph\">{\"@context\":\"https:\\\/\\\/schema.org\",\"@graph\":[{\"@type\":\"WebPage\",\"@id\":\"https:\\\/\\\/limodor.dev-web.at\\\/de\\\/ueber-uns\\\/\",\"url\":\"https:\\\/\\\/limodor.dev-web.at\\\/de\\\/ueber-uns\\\/\",\"name\":\"\u00dcber uns - LIMODOR\",\"isPartOf\":{\"@id\":\"https:\\\/\\\/limodor.dev-web.at\\\/de\\\/#website\"},\"datePublished\":\"2023-07-21T07:09:06+00:00\",\"dateModified\":\"2025-09-04T06:32:45+00:00\",\"breadcrumb\":{\"@id\":\"https:\\\/\\\/limodor.dev-web.at\\\/de\\\/ueber-uns\\\/#breadcrumb\"},\"inLanguage\":\"de\",\"potentialAction\":[{\"@type\":\"ReadAction\",\"target\":[\"https:\\\/\\\/limodor.dev-web.at\\\/de\\\/ueber-uns\\\/\"]}]},{\"@type\":\"BreadcrumbList\",\"@id\":\"https:\\\/\\\/limodor.dev-web.at\\\/de\\\/ueber-uns\\\/#breadcrumb\",\"itemListElement\":[{\"@type\":\"ListItem\",\"position\":1,\"name\":\"Startseite\",\"item\":\"https:\\\/\\\/limodor.dev-web.at\\\/de\\\/\"},{\"@type\":\"ListItem\",\"position\":2,\"name\":\"\u00dcber uns\"}]},{\"@type\":\"WebSite\",\"@id\":\"https:\\\/\\\/limodor.dev-web.at\\\/de\\\/#website\",\"url\":\"https:\\\/\\\/limodor.dev-web.at\\\/de\\\/\",\"name\":\"Limodor DE\",\"description\":\"\",\"potentialAction\":[{\"@type\":\"SearchAction\",\"target\":{\"@type\":\"EntryPoint\",\"urlTemplate\":\"https:\\\/\\\/limodor.dev-web.at\\\/de\\\/?s={search_term_string}\"},\"query-input\":{\"@type\":\"PropertyValueSpecification\",\"valueRequired\":true,\"valueName\":\"search_term_string\"}}],\"inLanguage\":\"de\"}]}<\/script>\n<!-- \/ Yoast SEO plugin. -->","yoast_head_json":{"title":"\u00dcber uns - LIMODOR","robots":{"index":"noindex","follow":"follow","max-snippet":"max-snippet:-1","max-image-preview":"max-image-preview:large","max-video-preview":"max-video-preview:-1"},"og_locale":"de_DE","og_type":"article","og_title":"\u00dcber uns - LIMODOR","og_url":"https:\/\/limodor.dev-web.at\/de\/ueber-uns\/","og_site_name":"Limodor DE","article_modified_time":"2025-09-04T06:32:45+00:00","twitter_card":"summary_large_image","twitter_misc":{"Gesch\u00e4tzte Lesezeit":"3\u00a0Minuten"},"schema":{"@context":"https:\/\/schema.org","@graph":[{"@type":"WebPage","@id":"https:\/\/limodor.dev-web.at\/de\/ueber-uns\/","url":"https:\/\/limodor.dev-web.at\/de\/ueber-uns\/","name":"\u00dcber uns - LIMODOR","isPartOf":{"@id":"https:\/\/limodor.dev-web.at\/de\/#website"},"datePublished":"2023-07-21T07:09:06+00:00","dateModified":"2025-09-04T06:32:45+00:00","breadcrumb":{"@id":"https:\/\/limodor.dev-web.at\/de\/ueber-uns\/#breadcrumb"},"inLanguage":"de","potentialAction":[{"@type":"ReadAction","target":["https:\/\/limodor.dev-web.at\/de\/ueber-uns\/"]}]},{"@type":"BreadcrumbList","@id":"https:\/\/limodor.dev-web.at\/de\/ueber-uns\/#breadcrumb","itemListElement":[{"@type":"ListItem","position":1,"name":"Startseite","item":"https:\/\/limodor.dev-web.at\/de\/"},{"@type":"ListItem","position":2,"name":"\u00dcber uns"}]},{"@type":"WebSite","@id":"https:\/\/limodor.dev-web.at\/de\/#website","url":"https:\/\/limodor.dev-web.at\/de\/","name":"Limodor DE","description":"","potentialAction":[{"@type":"SearchAction","target":{"@type":"EntryPoint","urlTemplate":"https:\/\/limodor.dev-web.at\/de\/?s={search_term_string}"},"query-input":{"@type":"PropertyValueSpecification","valueRequired":true,"valueName":"search_term_string"}}],"inLanguage":"de"}]}},"_links":{"self":[{"href":"https:\/\/limodor.dev-web.at\/de\/wp-json\/wp\/v2\/pages\/396","targetHints":{"allow":["GET"]}}],"collection":[{"href":"https:\/\/limodor.dev-web.at\/de\/wp-json\/wp\/v2\/pages"}],"about":[{"href":"https:\/\/limodor.dev-web.at\/de\/wp-json\/wp\/v2\/types\/page"}],"author":[{"embeddable":true,"href":"https:\/\/limodor.dev-web.at\/de\/wp-json\/wp\/v2\/users\/1"}],"replies":[{"embeddable":true,"href":"https:\/\/limodor.dev-web.at\/de\/wp-json\/wp\/v2\/comments?post=396"}],"version-history":[{"count":8,"href":"https:\/\/limodor.dev-web.at\/de\/wp-json\/wp\/v2\/pages\/396\/revisions"}],"predecessor-version":[{"id":38977,"href":"https:\/\/limodor.dev-web.at\/de\/wp-json\/wp\/v2\/pages\/396\/revisions\/38977"}],"wp:attachment":[{"href":"https:\/\/limodor.dev-web.at\/de\/wp-json\/wp\/v2\/media?parent=396"}],"curies":[{"name":"wp","href":"https:\/\/api.w.org\/{rel}","templated":true}]}}