{"id":41874,"date":"2025-12-23T09:16:51","date_gmt":"2025-12-23T08:16:51","guid":{"rendered":"https:\/\/www.limodor.com\/de\/messen-2026\/"},"modified":"2025-12-23T09:16:51","modified_gmt":"2025-12-23T08:16:51","slug":"messen-2026","status":"publish","type":"page","link":"https:\/\/limodor.dev-web.at\/de\/messen-2026\/","title":{"rendered":"Messen 2026"},"content":{"rendered":"\n\t<section class=\"section wave\" id=\"section_280785146\">\n\t\t<div class=\"bg section-bg fill bg-fill  \" >\n\n\t\t\t\n\t\t\t<div class=\"section-bg-overlay absolute fill\"><\/div>\n\t\t\t\n\n\t\t<\/div>\n\n\t\t\n\n\t\t<div class=\"section-content relative\">\n\t\t\t\n\n<div class=\"row\"  id=\"row-1221048884\">\n\n\n\t<div id=\"col-1557570780\" class=\"col small-12 large-12\"  >\n\t\t\t\t<div class=\"col-inner dark\"  >\n\t\t\t\n\t\t\t\n\n<h1>LIMODOR MESSEAUFTRITTE 2026<\/h1>\n\n\t\t<\/div>\n\t\t\t\t\t<\/div>\n\n\t\n\n<\/div>\n\n\t\t<\/div>\n\n\t\t\n<style>\n#section_280785146 {\n  padding-top: 0px;\n  padding-bottom: 0px;\n  min-height: 50vh;\n}\n#section_280785146 .section-bg-overlay {\n  background-color: rgba(0, 0, 0, 0.15);\n}\n#section_280785146 .section-bg.bg-loaded {\n  background-image: url(https:\/\/limodor.dev-web.at\/de\/wp-content\/uploads\/sites\/2\/2026\/01\/Messestand_Info2026.jpg);\n}\n#section_280785146 .section-bg {\n  background-position: 18% 9%;\n}\n@media (min-width:850px) {\n  #section_280785146 {\n    min-height: 50vh;\n  }\n}\n<\/style>\n\t<\/section>\n\t\n\t<section class=\"section\" id=\"section_1260044483\">\n\t\t<div class=\"bg section-bg fill bg-fill  bg-loaded\" >\n\n\t\t\t\n\t\t\t\n\t\t\t\n\n\t\t<\/div>\n\n\t\t\n\n\t\t<div class=\"section-content relative\">\n\t\t\t\n\n<div class=\"row align-center\"  id=\"row-315660330\">\n\n\n\t<div id=\"col-1710460887\" class=\"col medium-8 small-12 large-8\"  >\n\t\t\t\t<div class=\"col-inner text-center\"  >\n\t\t\t\n\t\t\t\n\n<h2>innovation live erleben<\/h2>\n<p>Alles rund um unsere millionenfach bew\u00e4hrten L\u00fcftungsl\u00f6sungen und die Innovationen der Zukunft gibt&#8217;s auch 2026 hautnah zum Erleben.<\/p>\n\n\t\t<\/div>\n\t\t\t\t\t<\/div>\n\n\t\n\n<\/div>\n<div class=\"row\"  id=\"row-1954956918\">\n\n\n\t<div id=\"col-646775693\" class=\"col medium-3 small-12 large-3\"  >\n\t\t\t\t<div class=\"col-inner text-center\"  >\n\t\t\t\n\t\t\t\n\n<h3>Frauenthal Expo<\/h3>\n<p>Wien<br \/><strong>21.01-23.01.2026<\/strong><\/p>\n\n\t\t<\/div>\n\t\t\t\t\t<\/div>\n\n\t\n\n\t<div id=\"col-1374583059\" class=\"col medium-3 small-12 large-3\"  >\n\t\t\t\t<div class=\"col-inner text-center\"  >\n\t\t\t\n\t\t\t\n\n<h3>SHK Essen<\/h3>\n<p>Essen<br \/><strong>17.03-20.03.2026<\/strong><\/p>\n\n\t\t<\/div>\n\t\t\t\t\t<\/div>\n\n\t\n\n\t<div id=\"col-1040006002\" class=\"col medium-3 small-12 large-3\"  >\n\t\t\t\t<div class=\"col-inner text-center\"  >\n\t\t\t\n\t\t\t\n\n<h3>IFH<\/h3>\n<p>N\u00fcrnberg<br \/><strong>14.04-17.04.2026<\/strong><\/p>\n\n\t\t<\/div>\n\t\t\t\t\t<\/div>\n\n\t\n\n\t<div id=\"col-1738287615\" class=\"col medium-3 small-12 large-3\"  >\n\t\t\t\t<div class=\"col-inner text-center\"  >\n\t\t\t\n\t\t\t\n\n<h3>Get Nord<\/h3>\n<p>Hamburg<br \/><strong>19.11-21.11.2026<\/strong><\/p>\n\n\t\t<\/div>\n\t\t\t\t\t<\/div>\n\n\t\n\n<\/div>\n\n\t\t<\/div>\n\n\t\t\n<style>\n#section_1260044483 {\n  padding-top: 30px;\n  padding-bottom: 30px;\n}\n<\/style>\n\t<\/section>\n\t\n\t<section class=\"section overlay-left\" id=\"section_2022164080\">\n\t\t<div class=\"bg section-bg fill bg-fill  bg-loaded\" >\n\n\t\t\t\n\t\t\t\n\t\t\t\n\n\t\t<\/div>\n\n\t\t\n\n\t\t<div class=\"section-content relative\">\n\t\t\t\n\n<div class=\"row row-collapse row-full-width align-middle\"  id=\"row-1490481124\">\n\n\n\t<div id=\"col-1421906167\" class=\"col medium-10 small-12 large-8\"  >\n\t\t\t\t<div class=\"col-inner\"  >\n\t\t\t\n\t\t\t\n\n\t<div class=\"img has-hover rounded-edges x md-x lg-x y md-y lg-y\" id=\"image_1588693691\">\n\t\t\t\t\t\t\t\t<div class=\"img-inner image-cover dark\" style=\"padding-top:45%;\">\n\t\t\t<img loading=\"lazy\" decoding=\"async\" width=\"1920\" height=\"1281\" src=\"https:\/\/limodor.dev-web.at\/de\/wp-content\/uploads\/sites\/2\/2026\/01\/Messe_Info2026.jpg\" class=\"attachment-original size-original\" alt=\"\" srcset=\"https:\/\/limodor.dev-web.at\/de\/wp-content\/uploads\/sites\/2\/2026\/01\/Messe_Info2026.jpg 1920w, https:\/\/limodor.dev-web.at\/de\/wp-content\/uploads\/sites\/2\/2026\/01\/Messe_Info2026-300x200.jpg 300w, https:\/\/limodor.dev-web.at\/de\/wp-content\/uploads\/sites\/2\/2026\/01\/Messe_Info2026-1024x683.jpg 1024w, https:\/\/limodor.dev-web.at\/de\/wp-content\/uploads\/sites\/2\/2026\/01\/Messe_Info2026-768x512.jpg 768w, https:\/\/limodor.dev-web.at\/de\/wp-content\/uploads\/sites\/2\/2026\/01\/Messe_Info2026-1536x1025.jpg 1536w, https:\/\/limodor.dev-web.at\/de\/wp-content\/uploads\/sites\/2\/2026\/01\/Messe_Info2026-510x340.jpg 510w\" sizes=\"auto, (max-width: 1920px) 100vw, 1920px\" \/>\t\t\t\t\t\t\n\t\t\t\t\t<\/div>\n\t\t\t\t\t\t\t\t\n<style>\n#image_1588693691 {\n  width: 100%;\n}\n<\/style>\n\t<\/div>\n\t\n\n\n\t\t<\/div>\n\t\t\t\t\t<\/div>\n\n\t\n\n\t<div id=\"col-1200358454\" class=\"col medium-10 small-12 large-4\"  >\n\t\t\t\t<div class=\"col-inner\"  >\n\t\t\t\n\t\t\t\n\n<div class=\"row text-row\"  id=\"row-1436915406\">\n\n\n\t<div id=\"col-1350286575\" class=\"col small-12 large-12\"  >\n\t\t\t\t<div class=\"col-inner box-shadow-2\"  >\n\t\t\t\n\t\t\t\n\n<h2>Frische Luft in der l\u00fcftungsbranche<\/h2>\n<p>Erlebe unsere richtungsweisenden L\u00f6sungen f\u00fcr Komfort, Wohlbefinden und Energieeffizienz. Unser Messestand bietet spannende Neuigkeiten aus der Welt der frischen Luft und exklusive Vorteile.<\/p>\n<p>Wir freuen uns auf deinen Besuch!<\/p>\n\n\t\t<\/div>\n\t\t\t\t\n<style>\n#col-1350286575 > .col-inner {\n  padding: 30px 15px 30px 15px;\n  border-radius: 10px;\n}\n@media (min-width:550px) {\n  #col-1350286575 > .col-inner {\n    padding: 40px 10px 40px 40px;\n  }\n}\n<\/style>\n\t<\/div>\n\n\t\n\n<\/div>\n\n\t\t<\/div>\n\t\t\t\t\t<\/div>\n\n\t\n\n<\/div>\n\n\t\t<\/div>\n\n\t\t\n<style>\n#section_2022164080 {\n  padding-top: 0px;\n  padding-bottom: 0px;\n}\n<\/style>\n\t<\/section>\n\t\n\n","protected":false},"excerpt":{"rendered":"","protected":false},"author":1,"featured_media":0,"parent":0,"menu_order":0,"comment_status":"closed","ping_status":"closed","template":"page-blank.php","meta":{"footnotes":""},"class_list":["post-41874","page","type-page","status-publish","hentry"],"acf":[],"yoast_head":"<!-- This site is optimized with the Yoast SEO plugin v27.3 - https:\/\/yoast.com\/product\/yoast-seo-wordpress\/ -->\n<title>Messen 2026 - LIMODOR<\/title>\n<meta name=\"robots\" content=\"noindex, follow, max-snippet:-1, max-image-preview:large, max-video-preview:-1\" \/>\n<meta property=\"og:locale\" content=\"de_DE\" \/>\n<meta property=\"og:type\" content=\"article\" \/>\n<meta property=\"og:title\" content=\"Messen 2026 - LIMODOR\" \/>\n<meta property=\"og:url\" content=\"https:\/\/limodor.dev-web.at\/de\/messen-2026\/\" \/>\n<meta property=\"og:site_name\" content=\"Limodor DE\" \/>\n<meta name=\"twitter:card\" content=\"summary_large_image\" \/>\n<script type=\"application\/ld+json\" class=\"yoast-schema-graph\">{\"@context\":\"https:\\\/\\\/schema.org\",\"@graph\":[{\"@type\":\"WebPage\",\"@id\":\"https:\\\/\\\/limodor.dev-web.at\\\/de\\\/messen-2026\\\/\",\"url\":\"https:\\\/\\\/limodor.dev-web.at\\\/de\\\/messen-2026\\\/\",\"name\":\"Messen 2026 - LIMODOR\",\"isPartOf\":{\"@id\":\"https:\\\/\\\/limodor.dev-web.at\\\/de\\\/#website\"},\"datePublished\":\"2025-12-23T08:16:51+00:00\",\"breadcrumb\":{\"@id\":\"https:\\\/\\\/limodor.dev-web.at\\\/de\\\/messen-2026\\\/#breadcrumb\"},\"inLanguage\":\"de\",\"potentialAction\":[{\"@type\":\"ReadAction\",\"target\":[\"https:\\\/\\\/limodor.dev-web.at\\\/de\\\/messen-2026\\\/\"]}]},{\"@type\":\"BreadcrumbList\",\"@id\":\"https:\\\/\\\/limodor.dev-web.at\\\/de\\\/messen-2026\\\/#breadcrumb\",\"itemListElement\":[{\"@type\":\"ListItem\",\"position\":1,\"name\":\"Startseite\",\"item\":\"https:\\\/\\\/limodor.dev-web.at\\\/de\\\/\"},{\"@type\":\"ListItem\",\"position\":2,\"name\":\"Messen 2026\"}]},{\"@type\":\"WebSite\",\"@id\":\"https:\\\/\\\/limodor.dev-web.at\\\/de\\\/#website\",\"url\":\"https:\\\/\\\/limodor.dev-web.at\\\/de\\\/\",\"name\":\"Limodor DE\",\"description\":\"\",\"potentialAction\":[{\"@type\":\"SearchAction\",\"target\":{\"@type\":\"EntryPoint\",\"urlTemplate\":\"https:\\\/\\\/limodor.dev-web.at\\\/de\\\/?s={search_term_string}\"},\"query-input\":{\"@type\":\"PropertyValueSpecification\",\"valueRequired\":true,\"valueName\":\"search_term_string\"}}],\"inLanguage\":\"de\"}]}<\/script>\n<!-- \/ Yoast SEO plugin. -->","yoast_head_json":{"title":"Messen 2026 - LIMODOR","robots":{"index":"noindex","follow":"follow","max-snippet":"max-snippet:-1","max-image-preview":"max-image-preview:large","max-video-preview":"max-video-preview:-1"},"og_locale":"de_DE","og_type":"article","og_title":"Messen 2026 - LIMODOR","og_url":"https:\/\/limodor.dev-web.at\/de\/messen-2026\/","og_site_name":"Limodor DE","twitter_card":"summary_large_image","schema":{"@context":"https:\/\/schema.org","@graph":[{"@type":"WebPage","@id":"https:\/\/limodor.dev-web.at\/de\/messen-2026\/","url":"https:\/\/limodor.dev-web.at\/de\/messen-2026\/","name":"Messen 2026 - LIMODOR","isPartOf":{"@id":"https:\/\/limodor.dev-web.at\/de\/#website"},"datePublished":"2025-12-23T08:16:51+00:00","breadcrumb":{"@id":"https:\/\/limodor.dev-web.at\/de\/messen-2026\/#breadcrumb"},"inLanguage":"de","potentialAction":[{"@type":"ReadAction","target":["https:\/\/limodor.dev-web.at\/de\/messen-2026\/"]}]},{"@type":"BreadcrumbList","@id":"https:\/\/limodor.dev-web.at\/de\/messen-2026\/#breadcrumb","itemListElement":[{"@type":"ListItem","position":1,"name":"Startseite","item":"https:\/\/limodor.dev-web.at\/de\/"},{"@type":"ListItem","position":2,"name":"Messen 2026"}]},{"@type":"WebSite","@id":"https:\/\/limodor.dev-web.at\/de\/#website","url":"https:\/\/limodor.dev-web.at\/de\/","name":"Limodor DE","description":"","potentialAction":[{"@type":"SearchAction","target":{"@type":"EntryPoint","urlTemplate":"https:\/\/limodor.dev-web.at\/de\/?s={search_term_string}"},"query-input":{"@type":"PropertyValueSpecification","valueRequired":true,"valueName":"search_term_string"}}],"inLanguage":"de"}]}},"_links":{"self":[{"href":"https:\/\/limodor.dev-web.at\/de\/wp-json\/wp\/v2\/pages\/41874","targetHints":{"allow":["GET"]}}],"collection":[{"href":"https:\/\/limodor.dev-web.at\/de\/wp-json\/wp\/v2\/pages"}],"about":[{"href":"https:\/\/limodor.dev-web.at\/de\/wp-json\/wp\/v2\/types\/page"}],"author":[{"embeddable":true,"href":"https:\/\/limodor.dev-web.at\/de\/wp-json\/wp\/v2\/users\/1"}],"replies":[{"embeddable":true,"href":"https:\/\/limodor.dev-web.at\/de\/wp-json\/wp\/v2\/comments?post=41874"}],"version-history":[{"count":1,"href":"https:\/\/limodor.dev-web.at\/de\/wp-json\/wp\/v2\/pages\/41874\/revisions"}],"predecessor-version":[{"id":41879,"href":"https:\/\/limodor.dev-web.at\/de\/wp-json\/wp\/v2\/pages\/41874\/revisions\/41879"}],"wp:attachment":[{"href":"https:\/\/limodor.dev-web.at\/de\/wp-json\/wp\/v2\/media?parent=41874"}],"curies":[{"name":"wp","href":"https:\/\/api.w.org\/{rel}","templated":true}]}}