{"id":42703,"date":"2026-02-05T16:17:55","date_gmt":"2026-02-05T15:17:55","guid":{"rendered":"https:\/\/www.limodor.com\/de\/?page_id=42703"},"modified":"2026-02-06T09:31:15","modified_gmt":"2026-02-06T08:31:15","slug":"luftkanal-set","status":"publish","type":"page","link":"https:\/\/limodor.dev-web.at\/de\/lueftungen\/lueftungssysteme\/zubehoer-ersatzteile\/luftkanal-set\/","title":{"rendered":"Luftkanal-Set"},"content":{"rendered":"\n\t<section class=\"section section-top-space\" id=\"section_357275203\">\n\t\t<div class=\"bg section-bg fill bg-fill  bg-loaded\" >\n\n\t\t\t\n\t\t\t\n\t\t\t\n\n\t\t<\/div>\n\n\t\t\n\n\t\t<div class=\"section-content relative\">\n\t\t\t\n\n<div class=\"row\"  id=\"row-1836107072\">\n\n\n\t<div id=\"col-1966329425\" class=\"col small-12 large-12\"  >\n\t\t\t\t<div class=\"col-inner\"  >\n\t\t\t\n\t\t\t\n\n<div class=\"breadcrumbs-row\"><div class=\"breadcrumbs-container\"><div class=\"breadcrumb-element\"><a href=\"https:\/\/limodor.dev-web.at\/de\/lueftungen\/\"><span>L\u00f6sungen<\/span><\/a><div>><\/div><\/div><div class=\"breadcrumb-element\"><a href=\"https:\/\/limodor.dev-web.at\/de\/lueftungen\/lueftungssysteme\/\"><span>L\u00fcftungssysteme<\/span><\/a><div>><\/div><\/div><div class=\"breadcrumb-element\"><a href=\"https:\/\/limodor.dev-web.at\/de\/lueftungen\/lueftungssysteme\/zubehoer-ersatzteile\/\"><span>Zubeh\u00f6r &amp; Ersatzteile<\/span><\/a><div>><\/div><\/div><div class=\"breadcrumb-element\"><a href=\"https:\/\/limodor.dev-web.at\/de\/lueftungen\/lueftungssysteme\/zubehoer-ersatzteile\/luftkanal-set\/\"><span>Luftkanal-Set<\/span><\/a><\/div><\/div><\/div>\n\n<h1>Luftkanal-Set<\/h1>\n<h4>Montage an Au\u00dfenw\u00e4nde bzw. Kellerbereich<\/h4>\n<div class=\"is-divider divider clearfix\" style=\"max-width:570px;background-color:rgb(197, 185, 138);\"><\/div>\n\n\n\t\t<\/div>\n\t\t\t\t\t<\/div>\n\n\t\n\n<\/div>\n<div class=\"row\"  id=\"row-885967857\">\n\n\n\t<div id=\"col-1189118245\" class=\"col no-padding-bottom small-12 large-12\"  >\n\t\t\t\t<div class=\"col-inner\"  >\n\t\t\t\n\t\t\t\n\n<div class=\"row align-middle\"  id=\"row-1903012447\">\n\n\n\t<div id=\"col-1558052509\" class=\"col medium-6 small-12 large-6\"  >\n\t\t\t\t<div class=\"col-inner\"  >\n\t\t\t\n\t\t\t\n\n<h4><span class=\"title font-weight-bold text-larger\">Luftkanal-Set DN125-RAL7015<br \/><\/span><\/h4>\n<p>Art.-Nr.: <span class=\"addtext\">98301<\/span><\/p>\n<div class=\"ng-tns-c2678926396-3\">\n<div class=\"w-100 h-100\">\n<div class=\"h-100 w-100 d-flex flex-fill\">\n<div id=\"htmlViewer\">\n<p>L\u00fcftungsrohr aus Polypropylen (PP) f\u00fcr die Zu-\/Abluftf\u00fchrung in Kellerbereiche mit T-St\u00fcckanbindung inklusive Kondensatablauf, halbovale Zwischenelement und Aufsatzelement mit L\u00fcftungslamellen. Montagem\u00f6glichkeiten bzw. Fixierung der Kanalsetbauteile mittels \u00d6sen an der Wand. Lieferung inklusive Befestigungsmaterial wie Schellen, Halterungen, Schrauben und D\u00fcbel. Abdichtung der Rohrdurchf\u00fchrung gegen\u00fcber Mauerwerk bauseitig.<\/p>\n<p><span class=\"title font-weight-bold text-larger\">Bestehend aus:<br \/><\/span>1 x Luftauslasskanal DN125, Farbe: grau (RAL7015)<br \/>1 x Adapter DN 125<br \/>1 x T-St\u00fcck DN125 mit Kondensatablauf<br \/>1 x Befestigungssatz<\/p>\n<\/div>\n<\/div>\n<\/div>\n<\/div>\n\n\t\t<\/div>\n\t\t\t\t\t<\/div>\n\n\t\n\n\t<div id=\"col-1954557053\" class=\"col medium-3 small-12 large-3\"  >\n\t\t\t\t<div class=\"col-inner\"  >\n\t\t\t\n\t\t\t\n\n\t<div class=\"img has-hover x md-x lg-x y md-y lg-y\" id=\"image_1489126639\">\n\t\t\t\t\t\t\t\t<div class=\"img-inner dark\" >\n\t\t\t<img loading=\"lazy\" decoding=\"async\" width=\"236\" height=\"358\" src=\"https:\/\/limodor.dev-web.at\/de\/wp-content\/uploads\/sites\/2\/2026\/02\/Luftkanal-RAL7015.png\" class=\"attachment-large size-large\" alt=\"\" srcset=\"https:\/\/limodor.dev-web.at\/de\/wp-content\/uploads\/sites\/2\/2026\/02\/Luftkanal-RAL7015.png 236w, https:\/\/limodor.dev-web.at\/de\/wp-content\/uploads\/sites\/2\/2026\/02\/Luftkanal-RAL7015-198x300.png 198w\" sizes=\"auto, (max-width: 236px) 100vw, 236px\" \/>\t\t\t\t\t\t\n\t\t\t\t\t<\/div>\n\t\t\t\t\t\t\t\t\n<style>\n#image_1489126639 {\n  width: 88%;\n}\n<\/style>\n\t<\/div>\n\t\n\n\n\t\t<\/div>\n\t\t\t\t\t<\/div>\n\n\t\n\n\t<div id=\"col-1238846716\" class=\"col medium-3 small-12 large-3\"  >\n\t\t\t\t<div class=\"col-inner\"  >\n\t\t\t\n\t\t\t\n\n\t<div class=\"img has-hover x md-x lg-x y md-y lg-y\" id=\"image_144952291\">\n\t\t\t\t\t\t\t\t<div class=\"img-inner dark\" >\n\t\t\t<img loading=\"lazy\" decoding=\"async\" width=\"636\" height=\"923\" src=\"https:\/\/limodor.dev-web.at\/de\/wp-content\/uploads\/sites\/2\/2026\/02\/Abmasse_Luftkanal-RAL7015.png\" class=\"attachment-large size-large\" alt=\"\" srcset=\"https:\/\/limodor.dev-web.at\/de\/wp-content\/uploads\/sites\/2\/2026\/02\/Abmasse_Luftkanal-RAL7015.png 636w, https:\/\/limodor.dev-web.at\/de\/wp-content\/uploads\/sites\/2\/2026\/02\/Abmasse_Luftkanal-RAL7015-207x300.png 207w, https:\/\/limodor.dev-web.at\/de\/wp-content\/uploads\/sites\/2\/2026\/02\/Abmasse_Luftkanal-RAL7015-510x740.png 510w\" sizes=\"auto, (max-width: 636px) 100vw, 636px\" \/>\t\t\t\t\t\t\n\t\t\t\t\t<\/div>\n\t\t\t\t\t\t\t\t\n<style>\n#image_144952291 {\n  width: 88%;\n}\n<\/style>\n\t<\/div>\n\t\n\n\n\t\t<\/div>\n\t\t\t\t\t<\/div>\n\n\t\n\n<\/div>\n<div class=\"is-divider divider clearfix\" style=\"max-width:1500px;background-color:rgb(197, 185, 138);\"><\/div>\n\n<div class=\"row align-middle\"  id=\"row-1973480615\">\n\n\n\t<div id=\"col-1899095460\" class=\"col medium-6 small-12 large-6\"  >\n\t\t\t\t<div class=\"col-inner\"  >\n\t\t\t\n\t\t\t\n\n<h4><span class=\"title font-weight-bold text-larger\">Luftkanal-Set DN160-RAL7015<br \/><\/span><\/h4>\n<p>Art.-Nr.: <span class=\"addtext\">98302<\/span><\/p>\n<div class=\"ng-tns-c2678926396-3\">\n<div class=\"w-100 h-100\">\n<div class=\"h-100 w-100 d-flex flex-fill\">\n<div id=\"htmlViewer\">\n<p>L\u00fcftungsrohr aus Polypropylen (PP) f\u00fcr die Zu-\/Abluftf\u00fchrung in Kellerbereiche mit T-St\u00fcckanbindung inklusive Kondensatablauf, halbovale Zwischenelement und Aufsatzelement mit L\u00fcftungslamellen. Montagem\u00f6glichkeiten bzw. Fixierung der Kanalsetbauteile mittels \u00d6sen an der Wand. Lieferung inklusive Befestigungsmaterial wie Schellen, Halterungen, Schrauben und D\u00fcbel. Abdichtung der Rohrdurchf\u00fchrung gegen\u00fcber Mauerwerk bauseitig.<\/p>\n<p>Verwendungshinweis:<br \/>Das Luftkanal-Set DN160-RAL7015 ist in Kombination mit einem Wandl\u00fcfter Serie AIRODOR f\u00fcr die Zu-\/Abluftf\u00fchrung von Kellerr\u00e4umen verwendbar. Die Einbauh\u00fclse Airodor\/L500 oder L800 ist kompatibel mit der T-St\u00fcck-Anbindung.<\/p>\n<\/div>\n<p>Bestehend aus:<br \/>1 x Luftauslasskanal DN160, Farbe: grau (RAL7015)<br \/>1 x Adapter DN 160<br \/>1 x T-St\u00fcck DN160 mit Kondensatablauf<br \/>1 x Befestigungssatz<\/p>\n<\/div>\n<\/div>\n<\/div>\n\n\t\t<\/div>\n\t\t\t\t\t<\/div>\n\n\t\n\n\t<div id=\"col-1086536965\" class=\"col medium-3 small-12 large-3\"  >\n\t\t\t\t<div class=\"col-inner\"  >\n\t\t\t\n\t\t\t\n\n\t<div class=\"img has-hover x md-x lg-x y md-y lg-y\" id=\"image_737913525\">\n\t\t\t\t\t\t\t\t<div class=\"img-inner dark\" >\n\t\t\t<img loading=\"lazy\" decoding=\"async\" width=\"236\" height=\"358\" src=\"https:\/\/limodor.dev-web.at\/de\/wp-content\/uploads\/sites\/2\/2026\/02\/Luftkanal-RAL7015.png\" class=\"attachment-large size-large\" alt=\"\" srcset=\"https:\/\/limodor.dev-web.at\/de\/wp-content\/uploads\/sites\/2\/2026\/02\/Luftkanal-RAL7015.png 236w, https:\/\/limodor.dev-web.at\/de\/wp-content\/uploads\/sites\/2\/2026\/02\/Luftkanal-RAL7015-198x300.png 198w\" sizes=\"auto, (max-width: 236px) 100vw, 236px\" \/>\t\t\t\t\t\t\n\t\t\t\t\t<\/div>\n\t\t\t\t\t\t\t\t\n<style>\n#image_737913525 {\n  width: 88%;\n}\n<\/style>\n\t<\/div>\n\t\n\n\n\t\t<\/div>\n\t\t\t\t\t<\/div>\n\n\t\n\n\t<div id=\"col-379157847\" class=\"col medium-3 small-12 large-3\"  >\n\t\t\t\t<div class=\"col-inner\"  >\n\t\t\t\n\t\t\t\n\n\t<div class=\"img has-hover x md-x lg-x y md-y lg-y\" id=\"image_761722602\">\n\t\t\t\t\t\t\t\t<div class=\"img-inner dark\" >\n\t\t\t<img loading=\"lazy\" decoding=\"async\" width=\"636\" height=\"923\" src=\"https:\/\/limodor.dev-web.at\/de\/wp-content\/uploads\/sites\/2\/2026\/02\/Abmasse_Luftkanal-RAL7015.png\" class=\"attachment-large size-large\" alt=\"\" srcset=\"https:\/\/limodor.dev-web.at\/de\/wp-content\/uploads\/sites\/2\/2026\/02\/Abmasse_Luftkanal-RAL7015.png 636w, https:\/\/limodor.dev-web.at\/de\/wp-content\/uploads\/sites\/2\/2026\/02\/Abmasse_Luftkanal-RAL7015-207x300.png 207w, https:\/\/limodor.dev-web.at\/de\/wp-content\/uploads\/sites\/2\/2026\/02\/Abmasse_Luftkanal-RAL7015-510x740.png 510w\" sizes=\"auto, (max-width: 636px) 100vw, 636px\" \/>\t\t\t\t\t\t\n\t\t\t\t\t<\/div>\n\t\t\t\t\t\t\t\t\n<style>\n#image_761722602 {\n  width: 88%;\n}\n<\/style>\n\t<\/div>\n\t\n\n\n\t\t<\/div>\n\t\t\t\t\t<\/div>\n\n\t\n\n<\/div>\n<div class=\"is-divider divider clearfix\" style=\"max-width:1500px;background-color:rgb(197, 185, 138);\"><\/div>\n\n<div class=\"row align-middle\"  id=\"row-1392910684\">\n\n\n\t<div id=\"col-597165778\" class=\"col medium-6 small-12 large-6\"  >\n\t\t\t\t<div class=\"col-inner\"  >\n\t\t\t\n\t\t\t\n\n<h4><span class=\"title font-weight-bold text-larger\">Luftkanal-Set DN160-V2A<br \/><\/span><\/h4>\n<p>Art.-Nr.: <span class=\"addtext\">98300<\/span><\/p>\n<div class=\"ng-tns-c2678926396-3\">\n<div class=\"w-100 h-100\">\n<div class=\"h-100 w-100 d-flex flex-fill\">\n<div id=\"htmlViewer\">\n<p>L\u00fcftungsrohr aus Polypropylen (PP) f\u00fcr die Zu-\/Abluftf\u00fchrung in Kellerbereiche mit T-St\u00fcckanbindung inklusive Kondensatablauf und Zwischenelement. Das runde Aufsatzelement (Turm) mit L\u00fcftungslamellen besteht aus wetterbest\u00e4ndigem Edelstahl (V2A). Montagem\u00f6glichkeiten bzw. Fixierung der Kanalsetbauteile mittels Rohrschellen an der Wand. F\u00fcr die Montage des Aufsatzelementes wird ein bauseitiger Fundamentsockel ben\u00f6tigt. Abdichtung der Rohrdurchf\u00fchrung gegen\u00fcber Mauerwerk bauseitig.\u00a0<\/p>\n<\/div>\n<p>Verwendungshinweis:<br \/>Das Luftkanal-Set DN160-V2A ist in Kombination mit einem Wandl\u00fcfter Serie AIRODOR f\u00fcr die Zu-\/Abluftf\u00fchrung von Kellerr\u00e4umen verwendbar. Die Einbauh\u00fclse Airodor\/L500 oder L800 ist kompatibel mit der T-St\u00fcck-Anbindung.<\/p>\n<p>Bestehend aus:<br \/>1 x Edelstahltower DN160<br \/>1 x Rohrverl\u00e4ngerung 600 mm DN 160<br \/>1 x T-St\u00fcck DN160 mit Kondensatablauf<br \/>1 x Befestigungssatz<\/p>\n<\/div>\n<\/div>\n<\/div>\n\n\t\t<\/div>\n\t\t\t\t\t<\/div>\n\n\t\n\n\t<div id=\"col-495549357\" class=\"col medium-3 small-12 large-3\"  >\n\t\t\t\t<div class=\"col-inner\"  >\n\t\t\t\n\t\t\t\n\n\t<div class=\"img has-hover x md-x lg-x y md-y lg-y\" id=\"image_1607554362\">\n\t\t\t\t\t\t\t\t<div class=\"img-inner dark\" >\n\t\t\t<img loading=\"lazy\" decoding=\"async\" width=\"681\" height=\"1015\" src=\"https:\/\/limodor.dev-web.at\/de\/wp-content\/uploads\/sites\/2\/2026\/02\/Luftkanal-V2A.png\" class=\"attachment-large size-large\" alt=\"\" srcset=\"https:\/\/limodor.dev-web.at\/de\/wp-content\/uploads\/sites\/2\/2026\/02\/Luftkanal-V2A.png 681w, https:\/\/limodor.dev-web.at\/de\/wp-content\/uploads\/sites\/2\/2026\/02\/Luftkanal-V2A-201x300.png 201w, https:\/\/limodor.dev-web.at\/de\/wp-content\/uploads\/sites\/2\/2026\/02\/Luftkanal-V2A-510x760.png 510w\" sizes=\"auto, (max-width: 681px) 100vw, 681px\" \/>\t\t\t\t\t\t\n\t\t\t\t\t<\/div>\n\t\t\t\t\t\t\t\t\n<style>\n#image_1607554362 {\n  width: 88%;\n}\n<\/style>\n\t<\/div>\n\t\n\n\n\t\t<\/div>\n\t\t\t\t\t<\/div>\n\n\t\n\n\t<div id=\"col-1531563696\" class=\"col medium-3 small-12 large-3\"  >\n\t\t\t\t<div class=\"col-inner\"  >\n\t\t\t\n\t\t\t\n\n\t<div class=\"img has-hover x md-x lg-x y md-y lg-y\" id=\"image_187841261\">\n\t\t\t\t\t\t\t\t<div class=\"img-inner dark\" >\n\t\t\t<img loading=\"lazy\" decoding=\"async\" width=\"348\" height=\"886\" src=\"https:\/\/limodor.dev-web.at\/de\/wp-content\/uploads\/sites\/2\/2026\/02\/Abmasse_Luftkanal-160V2A.png\" class=\"attachment-large size-large\" alt=\"\" srcset=\"https:\/\/limodor.dev-web.at\/de\/wp-content\/uploads\/sites\/2\/2026\/02\/Abmasse_Luftkanal-160V2A.png 348w, https:\/\/limodor.dev-web.at\/de\/wp-content\/uploads\/sites\/2\/2026\/02\/Abmasse_Luftkanal-160V2A-118x300.png 118w\" sizes=\"auto, (max-width: 348px) 100vw, 348px\" \/>\t\t\t\t\t\t\n\t\t\t\t\t<\/div>\n\t\t\t\t\t\t\t\t\n<style>\n#image_187841261 {\n  width: 53%;\n}\n<\/style>\n\t<\/div>\n\t\n\n\n\t\t<\/div>\n\t\t\t\t\t<\/div>\n\n\t\n\n<\/div>\n<div class=\"is-divider divider clearfix\" style=\"max-width:1500px;background-color:rgb(197, 185, 138);\"><\/div>\n\n\n\t\t<\/div>\n\t\t\t\t\t<\/div>\n\n\t\n\n<\/div>\n\n\t\t<\/div>\n\n\t\t\n<style>\n#section_357275203 {\n  padding-top: 0px;\n  padding-bottom: 0px;\n}\n<\/style>\n\t<\/section>\n\t\n\t<section class=\"section\" id=\"section_2081775146\">\n\t\t<div class=\"bg section-bg fill bg-fill  bg-loaded\" >\n\n\t\t\t\n\t\t\t\n\t\t\t\n\n\t\t<\/div>\n\n\t\t\n\n\t\t<div class=\"section-content relative\">\n\t\t\t\n\n<div class=\"row\"  id=\"row-565876787\">\n\n\n\t<div id=\"col-69065761\" class=\"col no-padding-bottom small-12 large-12\"  >\n\t\t\t\t<div class=\"col-inner\"  >\n\t\t\t\n\t\t\t\n\n<h3>Unterlagen &amp; Anleitungen<\/h3>\n<div class=\"row\"  id=\"row-171467189\">\n\n\n\t<div id=\"col-2052327194\" class=\"col medium-4 small-12 large-4\"  >\n\t\t\t\t<div class=\"col-inner\"  >\n\t\t\t\n\t\t\t\n\n<div \r\n                id=\"e5-oxomi-7110811697\" \r\n                class=\"e5-oxomi-output\" \r\n                data-portal-id=\"3000988\"\r\n                data-oxomi_type_select=\"selectOptionSingleDocument\"\r\n                data-oxomi_keyword=\"\"\r\n                data-oxomi_keyword_filter_select=\"\"\r\n                data-oxomi_categories=\"\"\r\n                data-oxomi_types=\"\"\r\n                data-oxomi_brands=\"\"\r\n                data-oxomi_tags=\"\"\r\n                data-oxomi_document_id=\"10605558\"\r\n                data-oxomi_document_page=\"\"\r\n                data-oxomi_search=\"\"\r\n                data-oxomi_group_by_select=\"\"\r\n                data-oxomi_group_by_filter=\"\"\r\n                data-lang=\"de\"\r\n            >\r\n            <\/div>\n\n\n\t\t<\/div>\n\t\t\t\t\t<\/div>\n\n\t\n\n\t<div id=\"col-2097254531\" class=\"col medium-4 small-12 large-4\"  >\n\t\t\t\t<div class=\"col-inner\"  >\n\t\t\t\n\t\t\t\n\n<div \r\n                id=\"e5-oxomi-104690487\" \r\n                class=\"e5-oxomi-output\" \r\n                data-portal-id=\"3000988\"\r\n                data-oxomi_type_select=\"selectOptionSingleDocument\"\r\n                data-oxomi_keyword=\"\"\r\n                data-oxomi_keyword_filter_select=\"\"\r\n                data-oxomi_categories=\"\"\r\n                data-oxomi_types=\"\"\r\n                data-oxomi_brands=\"\"\r\n                data-oxomi_tags=\"\"\r\n                data-oxomi_document_id=\"10672078\"\r\n                data-oxomi_document_page=\"\"\r\n                data-oxomi_search=\"\"\r\n                data-oxomi_group_by_select=\"\"\r\n                data-oxomi_group_by_filter=\"\"\r\n                data-lang=\"de\"\r\n            >\r\n            <\/div>\n\n\n\t\t<\/div>\n\t\t\t\t\t<\/div>\n\n\t\n\n\t<div id=\"col-773683169\" class=\"col medium-4 small-12 large-4\"  >\n\t\t\t\t<div class=\"col-inner\"  >\n\t\t\t\n\t\t\t\n\n<div \r\n                id=\"e5-oxomi-9712570636\" \r\n                class=\"e5-oxomi-output\" \r\n                data-portal-id=\"3000988\"\r\n                data-oxomi_type_select=\"selectOptionSingleDocument\"\r\n                data-oxomi_keyword=\"\"\r\n                data-oxomi_keyword_filter_select=\"\"\r\n                data-oxomi_categories=\"\"\r\n                data-oxomi_types=\"\"\r\n                data-oxomi_brands=\"\"\r\n                data-oxomi_tags=\"\"\r\n                data-oxomi_document_id=\"10672080\"\r\n                data-oxomi_document_page=\"\"\r\n                data-oxomi_search=\"\"\r\n                data-oxomi_group_by_select=\"\"\r\n                data-oxomi_group_by_filter=\"\"\r\n                data-lang=\"de\"\r\n            >\r\n            <\/div>\n\n\n\t\t<\/div>\n\t\t\t\t\t<\/div>\n\n\t\n\n<\/div>\n<p><strong>AUSSSCHREIBUNGSTEXTE (Link zu ausschreiben.de)<\/strong><\/p>\n<p><a href=\"https:\/\/ausschreiben.de\/catalog\/limot\/catalogItem\/e591ba3e-9bb2-4190-8c60-ba6699e690aa\">Luftkanal-Set<\/a><\/p>\n\n\t\t<\/div>\n\t\t\t\t\t<\/div>\n\n\t\n\n<\/div>\n\n\t\t<\/div>\n\n\t\t\n<style>\n#section_2081775146 {\n  padding-top: 0px;\n  padding-bottom: 0px;\n}\n<\/style>\n\t<\/section>\n\t\n\t<section class=\"section section-space\" id=\"section_1531165657\">\n\t\t<div class=\"bg section-bg fill bg-fill  bg-loaded\" >\n\n\t\t\t\n\t\t\t\n\t\t\t\n\n\t\t<\/div>\n\n\t\t\n\n\t\t<div class=\"section-content relative\">\n\t\t\t\n\n<div class=\"row row-collapse align-middle align-right ventilation-system-overview\"  id=\"row-537156073\">\n\n\n\t<div id=\"col-69170290\" class=\"col medium-6 small-12 large-3\"  >\n\t\t\t\t<div class=\"col-inner\"  >\n\t\t\t\n\t\t\t\n\n\t<div id=\"text-3402124033\" class=\"text\">\n\t\t\n\n<p class=\"sub-headline\">Nicht das Richtige gefunden?<\/p>\n\t\t\n<style>\n#text-3402124033 {\n  text-align: center;\n}\n@media (min-width:550px) {\n  #text-3402124033 {\n    text-align: right;\n  }\n}\n<\/style>\n\t<\/div>\n\t\n\n\t\t<\/div>\n\t\t\t\t\t<\/div>\n\n\t\n\n\t<div id=\"col-107950738\" class=\"col medium-6 small-12 large-3\"  >\n\t\t\t\t<div class=\"col-inner text-center\"  >\n\t\t\t\n\t\t\t\n\n<a href=\"\/de\/lueftungssysteme\" target=\"_self\" class=\"button primary is-outline is-small\"  style=\"border-radius:10px;\">\n    <span>zur\u00fcck zur \u00dcbersicht<\/span>\n  <\/a>\n\n\n\n\t\t<\/div>\n\t\t\t\t\n<style>\n#col-107950738 > .col-inner {\n  padding: 0px 0px 0px 0px;\n  margin: 20px 0px 0px 0px;\n}\n@media (min-width:550px) {\n  #col-107950738 > .col-inner {\n    padding: 0px 0px 0px 30px;\n    margin: 0px 0px 0px 0px;\n  }\n}\n<\/style>\n\t<\/div>\n\n\t\n\n<\/div>\n\n\n\t\t<\/div>\n\n\t\t\n<style>\n#section_1531165657 {\n  padding-top: 0px;\n  padding-bottom: 0px;\n}\n<\/style>\n\t<\/section>\n\t\n\n","protected":false},"excerpt":{"rendered":"","protected":false},"author":7,"featured_media":0,"parent":3028,"menu_order":0,"comment_status":"closed","ping_status":"closed","template":"","meta":{"footnotes":""},"class_list":["post-42703","page","type-page","status-publish","hentry"],"acf":[],"yoast_head":"<!-- This site is optimized with the Yoast SEO plugin v27.3 - https:\/\/yoast.com\/product\/yoast-seo-wordpress\/ -->\n<title>Luftkanal-Set - LIMODOR<\/title>\n<meta name=\"robots\" content=\"noindex, follow, max-snippet:-1, max-image-preview:large, max-video-preview:-1\" \/>\n<meta property=\"og:locale\" content=\"de_DE\" \/>\n<meta property=\"og:type\" content=\"article\" \/>\n<meta property=\"og:title\" content=\"Luftkanal-Set - LIMODOR\" \/>\n<meta property=\"og:url\" content=\"https:\/\/limodor.dev-web.at\/de\/lueftungen\/lueftungssysteme\/zubehoer-ersatzteile\/luftkanal-set\/\" \/>\n<meta property=\"og:site_name\" content=\"Limodor DE\" \/>\n<meta property=\"article:modified_time\" content=\"2026-02-06T08:31:15+00:00\" \/>\n<meta name=\"twitter:card\" content=\"summary_large_image\" \/>\n<meta name=\"twitter:label1\" content=\"Gesch\u00e4tzte Lesezeit\" \/>\n\t<meta name=\"twitter:data1\" content=\"2\u00a0Minuten\" \/>\n<script type=\"application\/ld+json\" class=\"yoast-schema-graph\">{\"@context\":\"https:\\\/\\\/schema.org\",\"@graph\":[{\"@type\":\"WebPage\",\"@id\":\"https:\\\/\\\/limodor.dev-web.at\\\/de\\\/lueftungen\\\/lueftungssysteme\\\/zubehoer-ersatzteile\\\/luftkanal-set\\\/\",\"url\":\"https:\\\/\\\/limodor.dev-web.at\\\/de\\\/lueftungen\\\/lueftungssysteme\\\/zubehoer-ersatzteile\\\/luftkanal-set\\\/\",\"name\":\"Luftkanal-Set - LIMODOR\",\"isPartOf\":{\"@id\":\"https:\\\/\\\/limodor.dev-web.at\\\/de\\\/#website\"},\"datePublished\":\"2026-02-05T15:17:55+00:00\",\"dateModified\":\"2026-02-06T08:31:15+00:00\",\"breadcrumb\":{\"@id\":\"https:\\\/\\\/limodor.dev-web.at\\\/de\\\/lueftungen\\\/lueftungssysteme\\\/zubehoer-ersatzteile\\\/luftkanal-set\\\/#breadcrumb\"},\"inLanguage\":\"de\",\"potentialAction\":[{\"@type\":\"ReadAction\",\"target\":[\"https:\\\/\\\/limodor.dev-web.at\\\/de\\\/lueftungen\\\/lueftungssysteme\\\/zubehoer-ersatzteile\\\/luftkanal-set\\\/\"]}]},{\"@type\":\"BreadcrumbList\",\"@id\":\"https:\\\/\\\/limodor.dev-web.at\\\/de\\\/lueftungen\\\/lueftungssysteme\\\/zubehoer-ersatzteile\\\/luftkanal-set\\\/#breadcrumb\",\"itemListElement\":[{\"@type\":\"ListItem\",\"position\":1,\"name\":\"Startseite\",\"item\":\"https:\\\/\\\/limodor.dev-web.at\\\/de\\\/\"},{\"@type\":\"ListItem\",\"position\":2,\"name\":\"L\u00f6sungen\",\"item\":\"https:\\\/\\\/limodor.dev-web.at\\\/de\\\/lueftungen\\\/\"},{\"@type\":\"ListItem\",\"position\":3,\"name\":\"L\u00fcftungssysteme\",\"item\":\"https:\\\/\\\/limodor.dev-web.at\\\/de\\\/lueftungen\\\/lueftungssysteme\\\/\"},{\"@type\":\"ListItem\",\"position\":4,\"name\":\"Zubeh\u00f6r &amp; Ersatzteile\",\"item\":\"https:\\\/\\\/limodor.dev-web.at\\\/de\\\/lueftungen\\\/lueftungssysteme\\\/zubehoer-ersatzteile\\\/\"},{\"@type\":\"ListItem\",\"position\":5,\"name\":\"Luftkanal-Set\"}]},{\"@type\":\"WebSite\",\"@id\":\"https:\\\/\\\/limodor.dev-web.at\\\/de\\\/#website\",\"url\":\"https:\\\/\\\/limodor.dev-web.at\\\/de\\\/\",\"name\":\"Limodor DE\",\"description\":\"\",\"potentialAction\":[{\"@type\":\"SearchAction\",\"target\":{\"@type\":\"EntryPoint\",\"urlTemplate\":\"https:\\\/\\\/limodor.dev-web.at\\\/de\\\/?s={search_term_string}\"},\"query-input\":{\"@type\":\"PropertyValueSpecification\",\"valueRequired\":true,\"valueName\":\"search_term_string\"}}],\"inLanguage\":\"de\"}]}<\/script>\n<!-- \/ Yoast SEO plugin. -->","yoast_head_json":{"title":"Luftkanal-Set - LIMODOR","robots":{"index":"noindex","follow":"follow","max-snippet":"max-snippet:-1","max-image-preview":"max-image-preview:large","max-video-preview":"max-video-preview:-1"},"og_locale":"de_DE","og_type":"article","og_title":"Luftkanal-Set - LIMODOR","og_url":"https:\/\/limodor.dev-web.at\/de\/lueftungen\/lueftungssysteme\/zubehoer-ersatzteile\/luftkanal-set\/","og_site_name":"Limodor DE","article_modified_time":"2026-02-06T08:31:15+00:00","twitter_card":"summary_large_image","twitter_misc":{"Gesch\u00e4tzte Lesezeit":"2\u00a0Minuten"},"schema":{"@context":"https:\/\/schema.org","@graph":[{"@type":"WebPage","@id":"https:\/\/limodor.dev-web.at\/de\/lueftungen\/lueftungssysteme\/zubehoer-ersatzteile\/luftkanal-set\/","url":"https:\/\/limodor.dev-web.at\/de\/lueftungen\/lueftungssysteme\/zubehoer-ersatzteile\/luftkanal-set\/","name":"Luftkanal-Set - LIMODOR","isPartOf":{"@id":"https:\/\/limodor.dev-web.at\/de\/#website"},"datePublished":"2026-02-05T15:17:55+00:00","dateModified":"2026-02-06T08:31:15+00:00","breadcrumb":{"@id":"https:\/\/limodor.dev-web.at\/de\/lueftungen\/lueftungssysteme\/zubehoer-ersatzteile\/luftkanal-set\/#breadcrumb"},"inLanguage":"de","potentialAction":[{"@type":"ReadAction","target":["https:\/\/limodor.dev-web.at\/de\/lueftungen\/lueftungssysteme\/zubehoer-ersatzteile\/luftkanal-set\/"]}]},{"@type":"BreadcrumbList","@id":"https:\/\/limodor.dev-web.at\/de\/lueftungen\/lueftungssysteme\/zubehoer-ersatzteile\/luftkanal-set\/#breadcrumb","itemListElement":[{"@type":"ListItem","position":1,"name":"Startseite","item":"https:\/\/limodor.dev-web.at\/de\/"},{"@type":"ListItem","position":2,"name":"L\u00f6sungen","item":"https:\/\/limodor.dev-web.at\/de\/lueftungen\/"},{"@type":"ListItem","position":3,"name":"L\u00fcftungssysteme","item":"https:\/\/limodor.dev-web.at\/de\/lueftungen\/lueftungssysteme\/"},{"@type":"ListItem","position":4,"name":"Zubeh\u00f6r &amp; Ersatzteile","item":"https:\/\/limodor.dev-web.at\/de\/lueftungen\/lueftungssysteme\/zubehoer-ersatzteile\/"},{"@type":"ListItem","position":5,"name":"Luftkanal-Set"}]},{"@type":"WebSite","@id":"https:\/\/limodor.dev-web.at\/de\/#website","url":"https:\/\/limodor.dev-web.at\/de\/","name":"Limodor DE","description":"","potentialAction":[{"@type":"SearchAction","target":{"@type":"EntryPoint","urlTemplate":"https:\/\/limodor.dev-web.at\/de\/?s={search_term_string}"},"query-input":{"@type":"PropertyValueSpecification","valueRequired":true,"valueName":"search_term_string"}}],"inLanguage":"de"}]}},"_links":{"self":[{"href":"https:\/\/limodor.dev-web.at\/de\/wp-json\/wp\/v2\/pages\/42703","targetHints":{"allow":["GET"]}}],"collection":[{"href":"https:\/\/limodor.dev-web.at\/de\/wp-json\/wp\/v2\/pages"}],"about":[{"href":"https:\/\/limodor.dev-web.at\/de\/wp-json\/wp\/v2\/types\/page"}],"author":[{"embeddable":true,"href":"https:\/\/limodor.dev-web.at\/de\/wp-json\/wp\/v2\/users\/7"}],"replies":[{"embeddable":true,"href":"https:\/\/limodor.dev-web.at\/de\/wp-json\/wp\/v2\/comments?post=42703"}],"version-history":[{"count":21,"href":"https:\/\/limodor.dev-web.at\/de\/wp-json\/wp\/v2\/pages\/42703\/revisions"}],"predecessor-version":[{"id":42746,"href":"https:\/\/limodor.dev-web.at\/de\/wp-json\/wp\/v2\/pages\/42703\/revisions\/42746"}],"up":[{"embeddable":true,"href":"https:\/\/limodor.dev-web.at\/de\/wp-json\/wp\/v2\/pages\/3028"}],"wp:attachment":[{"href":"https:\/\/limodor.dev-web.at\/de\/wp-json\/wp\/v2\/media?parent=42703"}],"curies":[{"name":"wp","href":"https:\/\/api.w.org\/{rel}","templated":true}]}}