{"id":754,"date":"2023-08-21T09:23:56","date_gmt":"2023-08-21T07:23:56","guid":{"rendered":"https:\/\/limodor.dev-web.at\/de\/lueftungsglossar\/"},"modified":"2023-10-30T13:32:04","modified_gmt":"2023-10-30T12:32:04","slug":"lueftungsglossar","status":"publish","type":"page","link":"https:\/\/limodor.dev-web.at\/de\/lueftungsglossar\/","title":{"rendered":"L\u00fcftungsglossar"},"content":{"rendered":"\n\t<section class=\"section wave\" id=\"section_127632881\">\n\t\t<div class=\"bg section-bg fill bg-fill  \" >\n\n\t\t\t\n\t\t\t\n\t\t\t\n\n\t\t<\/div>\n\n\t\t\n\n\t\t<div class=\"section-content relative\">\n\t\t\t\n\n<div class=\"row row-small\"  id=\"row-1878386057\">\n\n\n\t<div id=\"col-191002408\" class=\"col small-12 large-12 col-hover-focus\"  >\n\t\t\t\t<div class=\"col-inner text-left text-shadow-5 dark\"  >\n\t\t\t\n\t\t\t\n\n<h1>L\u00fcftungsglossar<\/h1>\n\n\t\t<\/div>\n\t\t\t\t\t<\/div>\n\n\t\n\n\n<style>\n#row-1878386057 > .col > .col-inner {\n  border-radius: 28px;\n}\n<\/style>\n<\/div>\n\n\t\t<\/div>\n\n\t\t\n<style>\n#section_127632881 {\n  padding-top: 0px;\n  padding-bottom: 0px;\n  min-height: 50vh;\n}\n#section_127632881 .section-bg.bg-loaded {\n  background-image: url(https:\/\/limodor.dev-web.at\/de\/wp-content\/uploads\/sites\/2\/2023\/10\/Ensemble-Kuben-Prod-Verw.jpg);\n}\n#section_127632881 .section-bg {\n  background-position: 51% 59%;\n}\n@media (min-width:850px) {\n  #section_127632881 {\n    min-height: 50vh;\n  }\n}\n<\/style>\n\t<\/section>\n\t\n\t<section class=\"section section-space\" id=\"section_1174530301\">\n\t\t<div class=\"bg section-bg fill bg-fill  bg-loaded\" >\n\n\t\t\t\n\t\t\t\n\t\t\t\n\n\t\t<\/div>\n\n\t\t\n\n\t\t<div class=\"section-content relative\">\n\t\t\t\n\n<div class=\"row row-collapse align-center\"  id=\"row-1512836712\">\n\n\n\t<div id=\"col-776598152\" class=\"col medium-8 small-12 large-8\"  >\n\t\t\t\t<div class=\"col-inner text-center\"  >\n\t\t\t\n\t\t\t\n\n<h2>Von \u201eA\u201c wie Abluft bis \u201eZ\u201c wie Zuluft. Die wichtigsten Begriffe aus der L\u00fcftungstechnik<\/h2>\n\n\t\t<\/div>\n\t\t\t\t\n<style>\n#col-776598152 > .col-inner {\n  padding: 0px 20px 0px 20px;\n}\n<\/style>\n\t<\/div>\n\n\t\n\n<\/div>\n\n\t\t<\/div>\n\n\t\t\n<style>\n#section_1174530301 {\n  padding-top: 0px;\n  padding-bottom: 0px;\n}\n<\/style>\n\t<\/section>\n\t\n\t<section class=\"section\" id=\"section_595131112\">\n\t\t<div class=\"bg section-bg fill bg-fill  bg-loaded\" >\n\n\t\t\t\n\t\t\t\n\t\t\t\n\n\t\t<\/div>\n\n\t\t\n\n\t\t<div class=\"section-content relative\">\n\t\t\t\n\n<div class=\"row\"  id=\"row-2016276160\">\n\n\n\t<div id=\"col-1748990201\" class=\"col small-12 large-12\"  >\n\t\t\t\t<div class=\"col-inner\"  >\n\t\t\t\n\t\t\t\n\n<div class=\"glossary-container\"><div class=\"letters-container\"><div class=\"letter\" id=\"e5AnchorA\"><span>A<\/span><\/div><div class=\"letter\" id=\"e5AnchorB\"><span>B<\/span><\/div><div class=\"letter\" id=\"e5AnchorE\"><span>E<\/span><\/div><div class=\"letter\" id=\"e5AnchorF\"><span>F<\/span><\/div><div class=\"letter\" id=\"e5AnchorI\"><span>I<\/span><\/div><div class=\"letter\" id=\"e5AnchorL\"><span>L<\/span><\/div><div class=\"letter\" id=\"e5AnchorM\"><span>M<\/span><\/div><div class=\"letter\" id=\"e5AnchorN\"><span>N<\/span><\/div><div class=\"letter\" id=\"e5AnchorQ\"><span>Q<\/span><\/div><div class=\"letter\" id=\"e5AnchorS\"><span>S<\/span><\/div><div class=\"letter\" id=\"e5AnchorT\"><span>T<\/span><\/div><div class=\"letter\" id=\"e5AnchorW\"><span>W<\/span><\/div><div class=\"letter\" id=\"e5AnchorZ\"><span>Z<\/span><\/div><div class=\"letter\" id=\"e5Anchor\u00dc\"><span>\u00dc<\/span><\/div><\/div><div class=\"horizontal-break\"><\/div><div class=\"definitions-container\"><div class=\"definitionsByLetter\" data-letter=\"A\"><span class=\"definitions-header\">A<\/span><div class=\"definition-wrapper\"><div class=\"definition\"><span class=\"title\">Abluft<\/span><span class=\"description\">Die aus einem Raum (z.B. Bad, K\u00fcche oder Kochnische) entzogene Luft welche mittels Abl\u00fcfter, Ventilator oder Abluftventil ins Freie str\u00f6mt. Die in der Abluft enthaltene thermische Energie kann z.B. zur W\u00e4rmer\u00fcckgewinnung genutzt wird. <\/span><\/div><\/div><\/div><div class=\"definitionsByLetter\" data-letter=\"B\"><span class=\"definitions-header\">B<\/span><div class=\"definition-wrapper\"><div class=\"definition\"><span class=\"title\">Bedarfsl\u00fcftung<\/span><span class=\"description\">Entl\u00fcftungsanlage nach DIN 18017-3 f\u00fcr die Entl\u00fcftung von einzelnen innen-\/au\u00dfenliegenden Abluftr\u00e4ume. Sie k\u00f6nnen auch die L\u00fcftung von Wohn- und Aufenthaltsr\u00e4umen \u00fcbernehmen, wenn die entsprechenden Anforderungen eingehalten werden.<\/span><\/div><\/div><\/div><div class=\"definitionsByLetter\" data-letter=\"E\"><span class=\"definitions-header\">E<\/span><div class=\"definition-wrapper\"><div class=\"definition\"><span class=\"title\">Entfeuchten<\/span><span class=\"description\">Verringern der absoluten Luftfeuchtewerte durch einen Luftaustausch mit niedrigeren Feuchtewerten oder aktiven Entfeuchtungsger\u00e4ten.<\/span><\/div><\/div><\/div><div class=\"definitionsByLetter\" data-letter=\"F\"><span class=\"definitions-header\">F<\/span><div class=\"definition-wrapper\"><div class=\"definition\"><span class=\"title\">Fensterl\u00fcftung<\/span><span class=\"description\">Austausch von Raumluft gegen Aussenluft \u00fcber das \u00d6ffnen von Fenstern. Der kontrollierte Luftaustausch in Wohnungen oder R\u00e4umen ist bedingt durch nicht beeinflussbaren Antriebskr\u00e4ft wie z.B. Windrichtungen\/-geschwindigkeit nur eingeschr\u00e4nkt bzw. gar nicht m\u00f6glich.<\/span><\/div><div class=\"definition\"><span class=\"title\">Fortluft<\/span><span class=\"description\">Die ins Freie abgef\u00fchrte nicht mehr energetisch genutzte Luftmenge. Zuvor kann diese Luft (Definition = Abluft) jedoch z.B. mit einem Platten-W\u00e4rmetauscher Energie entzogen werden. <\/span><\/div><div class=\"definition\"><span class=\"title\">Fugenl\u00fcftung<\/span><span class=\"description\">Luftaustausch \u00fcber baulich bedingte Fugen, z.B. an Fenster und T\u00fcren, durch Wind- und Temperaturunterschiede.<\/span><\/div><\/div><\/div><div class=\"definitionsByLetter\" data-letter=\"I\"><span class=\"definitions-header\">I<\/span><div class=\"definition-wrapper\"><div class=\"definition\"><span class=\"title\">Infiltration<\/span><span class=\"description\">Luftvolumenstrom, der durch Undichtheiten an den \u00e4u\u00dferen Geb\u00e4udeh\u00fclleteilen (z.B. Fenster, Fugen, T\u00fcren, ...) bedingt durch Winddruck oder thermische Kr\u00e4fte in die Wohnung bzw. Raum ein- bzw. abstr\u00f6mt.<\/span><\/div><div class=\"definition\"><span class=\"title\">Intensivl\u00fcftung<\/span><span class=\"description\">Zeitweilige L\u00fcftung mit erh\u00f6htem Luftvolumenstrom zum Abbau von Lastspitzen durch Feuchtigkeits- oder Geruchsbel\u00e4stigung (Lastbetrieb).<\/span><\/div><\/div><\/div><div class=\"definitionsByLetter\" data-letter=\"L\"><span class=\"definitions-header\">L<\/span><div class=\"definition-wrapper\"><div class=\"definition\"><span class=\"title\">Luftdurchlass<\/span><span class=\"description\">Vorrichtung, durch die die Luft je nach Druckverh\u00e4ltniss zwischen den R\u00e4umen bzw. Innen\/Au\u00dfen ein-, \u00fcber- oder ausstr\u00f6men kann.<\/span><\/div><div class=\"definition\"><span class=\"title\">Luftfeuchte (relative Luftfeuchtgkeit)<\/span><span class=\"description\">Gewichtsverh\u00e4ltnis des momentan Wasserdampfgehaltes der Luft in \"% rF\". Gibt das S\u00e4ttigungsverh\u00e4ltnis der Luft, unter Ber\u00fccksichtigung der Temperatur an. \r\n<\/span><\/div><div class=\"definition\"><span class=\"title\">Luftvolumenstrom<\/span><span class=\"description\">Str\u00f6mung der von der RLT-Anlage gef\u00f6rderte Luft in m3\/h.<\/span><\/div><div class=\"definition\"><span class=\"title\">Luftwechsel<\/span><span class=\"description\">Luftvolumenstrom in m3\/h, bezogen auf das Volumen z.B. einer Wohnung, Nutzungseinheit bzw. eines Raumes in m3.<\/span><\/div><div class=\"definition\"><span class=\"title\">L\u00fcftung<\/span><span class=\"description\">Erneuerung der Raumluft durch den Austausch von Luft zwischen Au\u00dfen- und Innenr\u00e4umen in Wohnungen oder R\u00e4umen. Der h\u00e4ufigste Grund f\u00fcr das Be-\/Entl\u00fcften von R\u00e4umen ist die Abf\u00fchrung unerw\u00fcnschter Geruchststoffe oder Feuchtigkeiten aus der Innenraumluft. <\/span><\/div><\/div><\/div><div class=\"definitionsByLetter\" data-letter=\"M\"><span class=\"definitions-header\">M<\/span><div class=\"definition-wrapper\"><div class=\"definition\"><span class=\"title\">Mindest-Luftwechsel<\/span><span class=\"description\">Allgemeinen bezeichnet als den Luftaustausch in R\u00e4umen bzw. Wohnungen zur Sicherstellung des Raumklimas und des Geb\u00e4udeschutzes. Durch den Luftwechsel werden erh\u00f6hte Stoffkonzentrationen und Feuchtigkeitswerte begrenzt.<\/span><\/div><\/div><\/div><div class=\"definitionsByLetter\" data-letter=\"N\"><span class=\"definitions-header\">N<\/span><div class=\"definition-wrapper\"><div class=\"definition\"><span class=\"title\">Nennl\u00fcftung<\/span><span class=\"description\">Notwendige L\u00fcftung nach DIN 1946-6 zur Sicherstellung der gesundheitlichen Anforderungen, sowie des Bautenschutzes, bei Anwesenheit aller Nutzer (Normalbetrieb)<\/span><\/div><\/div><\/div><div class=\"definitionsByLetter\" data-letter=\"Q\"><span class=\"definitions-header\">Q<\/span><div class=\"definition-wrapper\"><div class=\"definition\"><span class=\"title\">Querl\u00fcftung<\/span><span class=\"description\">Freie L\u00fcftung durch \u00d6ffungen in der Geb\u00e4udeh\u00fclle (z.B. Fenster, Zu-\/Abluft\u00f6ffnung, nicht verschlossene Fugen, ... ) von einer Seite des Geb\u00e4udes\/Wohnung zu einer anderen. Vorwiegend durch Winddruck (Luv\/Lee) oder thermische Auftriebskr\u00e4fte hervorgerufen.<\/span><\/div><\/div><\/div><div class=\"definitionsByLetter\" data-letter=\"S\"><span class=\"definitions-header\">S<\/span><div class=\"definition-wrapper\"><div class=\"definition\"><span class=\"title\">Sto\u00dfl\u00fcftung<\/span><span class=\"description\">Kurzzeitiges \u00d6ffnen von Fenstern und\/oder T\u00fcren um einen erh\u00f6hten Luftvolumenstrom f\u00fcr den Abbau von Lastspitzen in der Wohnung zu erreichen. <\/span><\/div><\/div><\/div><div class=\"definitionsByLetter\" data-letter=\"T\"><span class=\"definitions-header\">T<\/span><div class=\"definition-wrapper\"><div class=\"definition\"><span class=\"title\">Taupunkt<\/span><span class=\"description\">Luftzustand, bei dem die Luft keinen Wasserdampf mehr aufnehmen kann (100 % relative Feuchtigkeit). Wird bei diesem Zustand die Lufttemperatur weiter gesenkt, kommt es zur Kondensation bzw. Schwitzwasserbildung.<\/span><\/div><\/div><\/div><div class=\"definitionsByLetter\" data-letter=\"W\"><span class=\"definitions-header\">W<\/span><div class=\"definition-wrapper\"><div class=\"definition\"><span class=\"title\">W\u00e4rmer\u00fcckgewinnung<\/span><span class=\"description\">Ma\u00dfnahme zur Wiedernutzung von thermischer Energie der Abluft.<\/span><\/div><div class=\"definition\"><span class=\"title\">W\u00e4rmetauscher<\/span><span class=\"description\">Bauteil zur R\u00fcckgewinnung von W\u00e4rme (teilweise auch Feuchte). F\u00fcr Wohnrauml\u00fcftungen werden vor allem Plattenw\u00e4rmetauscher und Rotationsw\u00e4rmetaucher eingesetzt.<\/span><\/div><\/div><\/div><div class=\"definitionsByLetter\" data-letter=\"Z\"><span class=\"definitions-header\">Z<\/span><div class=\"definition-wrapper\"><div class=\"definition\"><span class=\"title\">Zuluft<\/span><span class=\"description\">Die gesamte den R\u00e4umen zugef\u00fchrte, vorgew\u00e4rmte Luft [in m3\/h].<\/span><\/div><\/div><\/div><div class=\"definitionsByLetter\" data-letter=\"\u00dc\"><span class=\"definitions-header\">\u00dc<\/span><div class=\"definition-wrapper\"><div class=\"definition\"><span class=\"title\">\u00dcberstr\u00f6mbereich<\/span><span class=\"description\">Bereich zwischen den Zuluftr\u00e4umen und den Abluftr\u00e4umen, der von der Luft vom Zuluftdurchlass bis zum Abluftdurchlass durchstr\u00f6mt wird.<\/span><\/div><\/div><\/div><\/div><\/div>\n\n\n\t\t<\/div>\n\t\t\t\t\t<\/div>\n\n\t\n\n<\/div>\n\n\t\t<\/div>\n\n\t\t\n<style>\n#section_595131112 {\n  padding-top: 30px;\n  padding-bottom: 30px;\n}\n<\/style>\n\t<\/section>\n\t\n\n","protected":false},"excerpt":{"rendered":"","protected":false},"author":1,"featured_media":0,"parent":0,"menu_order":0,"comment_status":"closed","ping_status":"closed","template":"page-blank.php","meta":{"footnotes":""},"class_list":["post-754","page","type-page","status-publish","hentry"],"acf":[],"yoast_head":"<!-- This site is optimized with the Yoast SEO plugin v27.3 - https:\/\/yoast.com\/product\/yoast-seo-wordpress\/ -->\n<title>L\u00fcftungsglossar - LIMODOR<\/title>\n<meta name=\"robots\" content=\"noindex, follow, max-snippet:-1, max-image-preview:large, max-video-preview:-1\" \/>\n<meta property=\"og:locale\" content=\"de_DE\" \/>\n<meta property=\"og:type\" content=\"article\" \/>\n<meta property=\"og:title\" content=\"L\u00fcftungsglossar - LIMODOR\" \/>\n<meta property=\"og:url\" content=\"https:\/\/limodor.dev-web.at\/de\/lueftungsglossar\/\" \/>\n<meta property=\"og:site_name\" content=\"Limodor DE\" \/>\n<meta property=\"article:modified_time\" content=\"2023-10-30T12:32:04+00:00\" \/>\n<meta name=\"twitter:card\" content=\"summary_large_image\" \/>\n<meta name=\"twitter:label1\" content=\"Gesch\u00e4tzte Lesezeit\" \/>\n\t<meta name=\"twitter:data1\" content=\"1\u00a0Minute\" \/>\n<script type=\"application\/ld+json\" class=\"yoast-schema-graph\">{\"@context\":\"https:\\\/\\\/schema.org\",\"@graph\":[{\"@type\":\"WebPage\",\"@id\":\"https:\\\/\\\/limodor.dev-web.at\\\/de\\\/lueftungsglossar\\\/\",\"url\":\"https:\\\/\\\/limodor.dev-web.at\\\/de\\\/lueftungsglossar\\\/\",\"name\":\"L\u00fcftungsglossar - LIMODOR\",\"isPartOf\":{\"@id\":\"https:\\\/\\\/limodor.dev-web.at\\\/de\\\/#website\"},\"datePublished\":\"2023-08-21T07:23:56+00:00\",\"dateModified\":\"2023-10-30T12:32:04+00:00\",\"breadcrumb\":{\"@id\":\"https:\\\/\\\/limodor.dev-web.at\\\/de\\\/lueftungsglossar\\\/#breadcrumb\"},\"inLanguage\":\"de\",\"potentialAction\":[{\"@type\":\"ReadAction\",\"target\":[\"https:\\\/\\\/limodor.dev-web.at\\\/de\\\/lueftungsglossar\\\/\"]}]},{\"@type\":\"BreadcrumbList\",\"@id\":\"https:\\\/\\\/limodor.dev-web.at\\\/de\\\/lueftungsglossar\\\/#breadcrumb\",\"itemListElement\":[{\"@type\":\"ListItem\",\"position\":1,\"name\":\"Startseite\",\"item\":\"https:\\\/\\\/limodor.dev-web.at\\\/de\\\/\"},{\"@type\":\"ListItem\",\"position\":2,\"name\":\"L\u00fcftungsglossar\"}]},{\"@type\":\"WebSite\",\"@id\":\"https:\\\/\\\/limodor.dev-web.at\\\/de\\\/#website\",\"url\":\"https:\\\/\\\/limodor.dev-web.at\\\/de\\\/\",\"name\":\"Limodor DE\",\"description\":\"\",\"potentialAction\":[{\"@type\":\"SearchAction\",\"target\":{\"@type\":\"EntryPoint\",\"urlTemplate\":\"https:\\\/\\\/limodor.dev-web.at\\\/de\\\/?s={search_term_string}\"},\"query-input\":{\"@type\":\"PropertyValueSpecification\",\"valueRequired\":true,\"valueName\":\"search_term_string\"}}],\"inLanguage\":\"de\"}]}<\/script>\n<!-- \/ Yoast SEO plugin. -->","yoast_head_json":{"title":"L\u00fcftungsglossar - LIMODOR","robots":{"index":"noindex","follow":"follow","max-snippet":"max-snippet:-1","max-image-preview":"max-image-preview:large","max-video-preview":"max-video-preview:-1"},"og_locale":"de_DE","og_type":"article","og_title":"L\u00fcftungsglossar - LIMODOR","og_url":"https:\/\/limodor.dev-web.at\/de\/lueftungsglossar\/","og_site_name":"Limodor DE","article_modified_time":"2023-10-30T12:32:04+00:00","twitter_card":"summary_large_image","twitter_misc":{"Gesch\u00e4tzte Lesezeit":"1\u00a0Minute"},"schema":{"@context":"https:\/\/schema.org","@graph":[{"@type":"WebPage","@id":"https:\/\/limodor.dev-web.at\/de\/lueftungsglossar\/","url":"https:\/\/limodor.dev-web.at\/de\/lueftungsglossar\/","name":"L\u00fcftungsglossar - LIMODOR","isPartOf":{"@id":"https:\/\/limodor.dev-web.at\/de\/#website"},"datePublished":"2023-08-21T07:23:56+00:00","dateModified":"2023-10-30T12:32:04+00:00","breadcrumb":{"@id":"https:\/\/limodor.dev-web.at\/de\/lueftungsglossar\/#breadcrumb"},"inLanguage":"de","potentialAction":[{"@type":"ReadAction","target":["https:\/\/limodor.dev-web.at\/de\/lueftungsglossar\/"]}]},{"@type":"BreadcrumbList","@id":"https:\/\/limodor.dev-web.at\/de\/lueftungsglossar\/#breadcrumb","itemListElement":[{"@type":"ListItem","position":1,"name":"Startseite","item":"https:\/\/limodor.dev-web.at\/de\/"},{"@type":"ListItem","position":2,"name":"L\u00fcftungsglossar"}]},{"@type":"WebSite","@id":"https:\/\/limodor.dev-web.at\/de\/#website","url":"https:\/\/limodor.dev-web.at\/de\/","name":"Limodor DE","description":"","potentialAction":[{"@type":"SearchAction","target":{"@type":"EntryPoint","urlTemplate":"https:\/\/limodor.dev-web.at\/de\/?s={search_term_string}"},"query-input":{"@type":"PropertyValueSpecification","valueRequired":true,"valueName":"search_term_string"}}],"inLanguage":"de"}]}},"_links":{"self":[{"href":"https:\/\/limodor.dev-web.at\/de\/wp-json\/wp\/v2\/pages\/754","targetHints":{"allow":["GET"]}}],"collection":[{"href":"https:\/\/limodor.dev-web.at\/de\/wp-json\/wp\/v2\/pages"}],"about":[{"href":"https:\/\/limodor.dev-web.at\/de\/wp-json\/wp\/v2\/types\/page"}],"author":[{"embeddable":true,"href":"https:\/\/limodor.dev-web.at\/de\/wp-json\/wp\/v2\/users\/1"}],"replies":[{"embeddable":true,"href":"https:\/\/limodor.dev-web.at\/de\/wp-json\/wp\/v2\/comments?post=754"}],"version-history":[{"count":3,"href":"https:\/\/limodor.dev-web.at\/de\/wp-json\/wp\/v2\/pages\/754\/revisions"}],"predecessor-version":[{"id":7327,"href":"https:\/\/limodor.dev-web.at\/de\/wp-json\/wp\/v2\/pages\/754\/revisions\/7327"}],"wp:attachment":[{"href":"https:\/\/limodor.dev-web.at\/de\/wp-json\/wp\/v2\/media?parent=754"}],"curies":[{"name":"wp","href":"https:\/\/api.w.org\/{rel}","templated":true}]}}