{"id":8245,"date":"2023-11-22T09:03:59","date_gmt":"2023-11-22T08:03:59","guid":{"rendered":"https:\/\/www.limodor.com\/de\/?page_id=8245"},"modified":"2023-11-22T16:40:39","modified_gmt":"2023-11-22T15:40:39","slug":"absperrvorrichtung-serie-avr-rev-ed","status":"publish","type":"page","link":"https:\/\/limodor.dev-web.at\/de\/lueftungen\/lueftungssysteme\/zubehoer-ersatzteile\/rohreinbauteil\/absperrvorrichtung-serie-avr-rev-ed\/","title":{"rendered":"Absperrvorrichtung Serie AVR &amp; REV-ED"},"content":{"rendered":"\n\t<section class=\"section section-top-space\" id=\"section_2056255725\">\n\t\t<div class=\"bg section-bg fill bg-fill  bg-loaded\" >\n\n\t\t\t\n\t\t\t\n\t\t\t\n\n\t\t<\/div>\n\n\t\t\n\n\t\t<div class=\"section-content relative\">\n\t\t\t\n\n<div class=\"row\"  id=\"row-1336550475\">\n\n\n\t<div id=\"col-2043789108\" class=\"col small-12 large-12\"  >\n\t\t\t\t<div class=\"col-inner\"  >\n\t\t\t\n\t\t\t\n\n<div class=\"breadcrumbs-row\"><div class=\"breadcrumbs-container\"><div class=\"breadcrumb-element\"><a href=\"https:\/\/limodor.dev-web.at\/de\/lueftungen\/\"><span>L\u00f6sungen<\/span><\/a><div>><\/div><\/div><div class=\"breadcrumb-element\"><a href=\"https:\/\/limodor.dev-web.at\/de\/lueftungen\/lueftungssysteme\/\"><span>L\u00fcftungssysteme<\/span><\/a><div>><\/div><\/div><div class=\"breadcrumb-element\"><a href=\"https:\/\/limodor.dev-web.at\/de\/lueftungen\/lueftungssysteme\/zubehoer-ersatzteile\/\"><span>Zubeh\u00f6r &amp; Ersatzteile<\/span><\/a><div>><\/div><\/div><div class=\"breadcrumb-element\"><a href=\"https:\/\/limodor.dev-web.at\/de\/lueftungen\/lueftungssysteme\/zubehoer-ersatzteile\/rohreinbauteil\/\"><span>Rohreinbauteile<\/span><\/a><div>><\/div><\/div><div class=\"breadcrumb-element\"><a href=\"https:\/\/limodor.dev-web.at\/de\/lueftungen\/lueftungssysteme\/zubehoer-ersatzteile\/rohreinbauteil\/absperrvorrichtung-serie-avr-rev-ed\/\"><span>Absperrvorrichtung Serie AVR &amp; REV-ED<\/span><\/a><\/div><\/div><\/div>\n\n<h1>Absperrvorrichtung Serie AVR &amp;&nbsp;REV-ED<\/h1>\n<h4>Produktgruppe: Absperrvorrichtung Serie AVR &amp; REV-ED (DIN 18017)<\/h4>\n<div class=\"is-divider divider clearfix\" style=\"max-width:760px;background-color:rgb(197, 185, 138);\"><\/div>\n\n\n\t\t<\/div>\n\t\t\t\t\t<\/div>\n\n\t\n\n<\/div>\n<div class=\"row\"  id=\"row-1353404522\">\n\n\n\t<div id=\"col-1209613871\" class=\"col no-padding-bottom small-12 large-12\"  >\n\t\t\t\t<div class=\"col-inner\"  >\n\t\t\t\n\t\t\t\n\n<div class=\"row align-middle\"  id=\"row-2143403830\">\n\n\n\t<div id=\"col-1346190285\" class=\"col medium-6 small-12 large-6\"  >\n\t\t\t\t<div class=\"col-inner\"  >\n\t\t\t\n\t\t\t\n\n<h4><strong><span class=\"title font-weight-bold text-larger\">Absperrvorrichtung Serie AVR<\/span><\/strong><\/h4>\n<p><span class=\"title font-weight-bold text-larger\">Wartungsfreie Brandschutzklappe zum Einbau in L\u00fcftungsleitungen. Ausf\u00fchrung mit beidseitigem Rohranschlussstutzen. Zugelassen und klassifiziert f\u00fcr den Einbau in Schachtw\u00e4nde und Decken nach DIN18017(K30-K90).<br \/><\/span><\/p>\n<p>Absperrvorrichtung AVR80 (#<span class=\"addtext\">27080), <\/span>Anschluss-Nennweite: 80 mm<br \/>Absperrvorrichtung AVR100 (#<span class=\"addtext\">27100), <\/span>Anschluss-Nennweite: 100 mm<br \/>Absperrvorrichtung AVR125 (#<span class=\"addtext\">27125), <\/span>Anschluss-Nennweite: 125 mm<br \/>Absperrvorrichtung AVR140 (#<span class=\"addtext\">27140), <\/span>Anschluss-Nennweite: 140 mm<br \/>Absperrvorrichtung AVR160 (#<span class=\"addtext\">27160), <\/span>Anschluss-Nennweite: 160 mm<br \/>Absperrvorrichtung AVR180 (#<span class=\"addtext\">27180), <\/span>Anschluss-Nennweite: 180 mm<br \/>Absperrvorrichtung AVR200 (#<span class=\"addtext\">27200), <\/span>Anschluss-Nennweite: 200 mm<\/p>\n\n\t\t<\/div>\n\t\t\t\t\t<\/div>\n\n\t\n\n\t<div id=\"col-1059000421\" class=\"col medium-6 small-12 large-6\"  >\n\t\t\t\t<div class=\"col-inner\"  >\n\t\t\t\n\t\t\t\n\n\t<div class=\"img has-hover x md-x lg-x y md-y lg-y\" id=\"image_854198608\">\n\t\t\t\t\t\t\t\t<div class=\"img-inner image-cover dark\" style=\"padding-top:100%;\">\n\t\t\t<img loading=\"lazy\" decoding=\"async\" width=\"1020\" height=\"1020\" src=\"https:\/\/limodor.dev-web.at\/de\/wp-content\/uploads\/sites\/2\/2023\/11\/271ff_AVR-1024x1024.png\" class=\"attachment-large size-large\" alt=\"\" srcset=\"https:\/\/limodor.dev-web.at\/de\/wp-content\/uploads\/sites\/2\/2023\/11\/271ff_AVR-1024x1024.png 1024w, https:\/\/limodor.dev-web.at\/de\/wp-content\/uploads\/sites\/2\/2023\/11\/271ff_AVR-300x300.png 300w, https:\/\/limodor.dev-web.at\/de\/wp-content\/uploads\/sites\/2\/2023\/11\/271ff_AVR-150x150.png 150w, https:\/\/limodor.dev-web.at\/de\/wp-content\/uploads\/sites\/2\/2023\/11\/271ff_AVR-768x768.png 768w, https:\/\/limodor.dev-web.at\/de\/wp-content\/uploads\/sites\/2\/2023\/11\/271ff_AVR-247x247.png 247w, https:\/\/limodor.dev-web.at\/de\/wp-content\/uploads\/sites\/2\/2023\/11\/271ff_AVR-510x510.png 510w, https:\/\/limodor.dev-web.at\/de\/wp-content\/uploads\/sites\/2\/2023\/11\/271ff_AVR-100x100.png 100w, https:\/\/limodor.dev-web.at\/de\/wp-content\/uploads\/sites\/2\/2023\/11\/271ff_AVR.png 1181w\" sizes=\"auto, (max-width: 1020px) 100vw, 1020px\" \/>\t\t\t\t\t\t\n\t\t\t\t\t<\/div>\n\t\t\t\t\t\t\t\t\n<style>\n#image_854198608 {\n  width: 50%;\n}\n<\/style>\n\t<\/div>\n\t\n\n\n\t\t<\/div>\n\t\t\t\t\t<\/div>\n\n\t\n\n<\/div>\n\n\t\t<\/div>\n\t\t\t\t\t<\/div>\n\n\t\n\n<\/div>\n<div class=\"row\"  id=\"row-1162882438\">\n\n\n\t<div id=\"col-1937533352\" class=\"col no-padding-bottom small-12 large-12\"  >\n\t\t\t\t<div class=\"col-inner\"  >\n\t\t\t\n\t\t\t\n\n<div class=\"row align-middle\"  id=\"row-1475623326\">\n\n\n\t<div id=\"col-1119501368\" class=\"col medium-6 small-12 large-6\"  >\n\t\t\t\t<div class=\"col-inner\"  >\n\t\t\t\n\t\t\t\n\n<h4><span class=\"title font-weight-bold text-larger\">Revisonsenddeckel Serie REV-EDW<\/span><\/h4>\n<p><span class=\"title font-weight-bold text-larger\">Wartungsfreier Revisions-Enddeckel zum Einsetzen am Ende von senk-\/waagrechten L\u00fcftungsleitungen. Zugelassen und klassifiziert nach DIN18017 (K30-K90).<\/span><\/p>\n<p>Revisionsenddeckel REV-ED80 (#<span class=\"addtext\">28080), <\/span>Anschluss-Nennweite: 80 mm<br \/>Revisionsenddeckel REV-ED100 (#<span class=\"addtext\">28100), <\/span>Anschluss-Nennweite: 100 mm<br \/>Revisionsenddeckel REV-ED125 (#<span class=\"addtext\">28125), <\/span>Anschluss-Nennweite: 125 mm<br \/>Revisionsenddeckel REV-ED140 (#<span class=\"addtext\">28140), <\/span>Anschluss-Nennweite: 140 mm<br \/>Revisionsenddeckel REV-ED160 (#<span class=\"addtext\">28160), <\/span>Anschluss-Nennweite: 160 mm<br \/>Revisionsenddeckel REV-ED180 (#<span class=\"addtext\">28180), <\/span>Anschluss-Nennweite: 180 mm<br \/>Revisionsenddeckel REV-ED200 (#<span class=\"addtext\">28200), <\/span>Anschluss-Nennweite: 200 mm<\/p>\n\n\t\t<\/div>\n\t\t\t\t\t<\/div>\n\n\t\n\n\t<div id=\"col-281992251\" class=\"col medium-6 small-12 large-6\"  >\n\t\t\t\t<div class=\"col-inner\"  >\n\t\t\t\n\t\t\t\n\n\t<div class=\"img has-hover x md-x lg-x y md-y lg-y\" id=\"image_1235355249\">\n\t\t\t\t\t\t\t\t<div class=\"img-inner image-cover dark\" style=\"padding-top:100%;\">\n\t\t\t<img loading=\"lazy\" decoding=\"async\" width=\"1020\" height=\"1020\" src=\"https:\/\/limodor.dev-web.at\/de\/wp-content\/uploads\/sites\/2\/2023\/11\/281ff_REV-EDW-1024x1024.png\" class=\"attachment-large size-large\" alt=\"\" srcset=\"https:\/\/limodor.dev-web.at\/de\/wp-content\/uploads\/sites\/2\/2023\/11\/281ff_REV-EDW-1024x1024.png 1024w, https:\/\/limodor.dev-web.at\/de\/wp-content\/uploads\/sites\/2\/2023\/11\/281ff_REV-EDW-300x300.png 300w, https:\/\/limodor.dev-web.at\/de\/wp-content\/uploads\/sites\/2\/2023\/11\/281ff_REV-EDW-150x150.png 150w, https:\/\/limodor.dev-web.at\/de\/wp-content\/uploads\/sites\/2\/2023\/11\/281ff_REV-EDW-768x768.png 768w, https:\/\/limodor.dev-web.at\/de\/wp-content\/uploads\/sites\/2\/2023\/11\/281ff_REV-EDW-247x247.png 247w, https:\/\/limodor.dev-web.at\/de\/wp-content\/uploads\/sites\/2\/2023\/11\/281ff_REV-EDW-510x510.png 510w, https:\/\/limodor.dev-web.at\/de\/wp-content\/uploads\/sites\/2\/2023\/11\/281ff_REV-EDW-100x100.png 100w, https:\/\/limodor.dev-web.at\/de\/wp-content\/uploads\/sites\/2\/2023\/11\/281ff_REV-EDW.png 1181w\" sizes=\"auto, (max-width: 1020px) 100vw, 1020px\" \/>\t\t\t\t\t\t\n\t\t\t\t\t<\/div>\n\t\t\t\t\t\t\t\t\n<style>\n#image_1235355249 {\n  width: 50%;\n}\n<\/style>\n\t<\/div>\n\t\n\n\n\t\t<\/div>\n\t\t\t\t\t<\/div>\n\n\t\n\n<\/div>\n\n\t\t<\/div>\n\t\t\t\t\t<\/div>\n\n\t\n\n<\/div>\n\n\t\t<\/div>\n\n\t\t\n<style>\n#section_2056255725 {\n  padding-top: 0px;\n  padding-bottom: 0px;\n}\n<\/style>\n\t<\/section>\n\t\n\t<section class=\"section section-top-space\" id=\"section_1862747215\">\n\t\t<div class=\"bg section-bg fill bg-fill  bg-loaded\" >\n\n\t\t\t\n\t\t\t\n\t\t\t\n\n\t\t<\/div>\n\n\t\t\n\n\t\t<div class=\"section-content relative\">\n\t\t\t\n\n<div class=\"row\"  id=\"row-1740015255\">\n\n\n\t<div id=\"col-1471601655\" class=\"col small-12 large-12\"  >\n\t\t\t\t<div class=\"col-inner\"  >\n\t\t\t\n\t\t\t\n\n<h3>\nDatenbl\u00e4tter &amp; Anleitungen<br \/>\n<\/h3>\n\n\t\t<\/div>\n\t\t\t\t\t<\/div>\n\n\t\n\n<\/div>\n<div class=\"row\"  id=\"row-28771255\">\n\n\n\t<div id=\"col-1808137543\" class=\"col medium-4 small-12 large-4\"  >\n\t\t\t\t<div class=\"col-inner\"  >\n\t\t\t\n\t\t\t\n\n<div \r\n                id=\"e5-oxomi-770933967\" \r\n                class=\"e5-oxomi-output\" \r\n                data-portal-id=\"3000988\"\r\n                data-oxomi_type_select=\"selectOptionSingleDocument\"\r\n                data-oxomi_keyword=\"\"\r\n                data-oxomi_keyword_filter_select=\"\"\r\n                data-oxomi_categories=\"\"\r\n                data-oxomi_types=\"\"\r\n                data-oxomi_brands=\"\"\r\n                data-oxomi_tags=\"\"\r\n                data-oxomi_document_id=\"10486400\"\r\n                data-oxomi_document_page=\"\"\r\n                data-oxomi_search=\"\"\r\n                data-oxomi_group_by_select=\"\"\r\n                data-oxomi_group_by_filter=\"\"\r\n                data-lang=\"de\"\r\n            >\r\n            <\/div>\n\n\n\t\t<\/div>\n\t\t\t\t\t<\/div>\n\n\t\n\n\t<div id=\"col-1342827810\" class=\"col medium-4 small-12 large-4\"  >\n\t\t\t\t<div class=\"col-inner\"  >\n\t\t\t\n\t\t\t\n\n<div \r\n                id=\"e5-oxomi-9822551491\" \r\n                class=\"e5-oxomi-output\" \r\n                data-portal-id=\"3000988\"\r\n                data-oxomi_type_select=\"selectOptionSingleDocument\"\r\n                data-oxomi_keyword=\"\"\r\n                data-oxomi_keyword_filter_select=\"\"\r\n                data-oxomi_categories=\"\"\r\n                data-oxomi_types=\"\"\r\n                data-oxomi_brands=\"\"\r\n                data-oxomi_tags=\"\"\r\n                data-oxomi_document_id=\"10486353\"\r\n                data-oxomi_document_page=\"\"\r\n                data-oxomi_search=\"\"\r\n                data-oxomi_group_by_select=\"\"\r\n                data-oxomi_group_by_filter=\"\"\r\n                data-lang=\"de\"\r\n            >\r\n            <\/div>\n\n\n\t\t<\/div>\n\t\t\t\t\t<\/div>\n\n\t\n\n\t<div id=\"col-849582095\" class=\"col medium-4 small-12 large-4\"  >\n\t\t\t\t<div class=\"col-inner\"  >\n\t\t\t\n\t\t\t\n\n<div \r\n                id=\"e5-oxomi-4399305208\" \r\n                class=\"e5-oxomi-output\" \r\n                data-portal-id=\"3000988\"\r\n                data-oxomi_type_select=\"selectOptionSingleDocument\"\r\n                data-oxomi_keyword=\"\"\r\n                data-oxomi_keyword_filter_select=\"\"\r\n                data-oxomi_categories=\"\"\r\n                data-oxomi_types=\"\"\r\n                data-oxomi_brands=\"\"\r\n                data-oxomi_tags=\"\"\r\n                data-oxomi_document_id=\"10486286\"\r\n                data-oxomi_document_page=\"\"\r\n                data-oxomi_search=\"\"\r\n                data-oxomi_group_by_select=\"\"\r\n                data-oxomi_group_by_filter=\"\"\r\n                data-lang=\"de\"\r\n            >\r\n            <\/div>\n\n\n\t\t<\/div>\n\t\t\t\t\t<\/div>\n\n\t\n\n<\/div>\n<div class=\"row\"  id=\"row-1467358779\">\n\n\n\t<div id=\"col-490789081\" class=\"col no-padding-bottom small-12 large-12\"  >\n\t\t\t\t<div class=\"col-inner\"  >\n\t\t\t\n\t\t\t\n\n<p><strong>AUSSSCHREIBUNGSTEXTE (Link zu ausschreiben.de)<\/strong><\/p>\n<p><a href=\"https:\/\/ausschreiben.de\/integration\/v2\/catalog\/limot\/gaebid\/id1605?integrationKey=114e6eb1-6b3d-4602-92ab-9ab9ed24d6b7\" target=\"_blank\" rel=\"noopener\">Absperrvorrichtung Serie AVR<\/a><br \/><a href=\"https:\/\/ausschreiben.de\/integration\/v2\/catalog\/limot\/gaebid\/id1614?integrationKey=114e6eb1-6b3d-4602-92ab-9ab9ed24d6b7\">Revisions-Enddeckel Serie REV-ED<\/a><\/p>\n\n\t\t<\/div>\n\t\t\t\t\t<\/div>\n\n\t\n\n<\/div>\n\n\t\t<\/div>\n\n\t\t\n<style>\n#section_1862747215 {\n  padding-top: 0px;\n  padding-bottom: 0px;\n}\n<\/style>\n\t<\/section>\n\t\n\t<section class=\"section section-space\" id=\"section_63566010\">\n\t\t<div class=\"bg section-bg fill bg-fill  bg-loaded\" >\n\n\t\t\t\n\t\t\t\n\t\t\t\n\n\t\t<\/div>\n\n\t\t\n\n\t\t<div class=\"section-content relative\">\n\t\t\t\n\n<div class=\"row row-collapse align-middle align-right ventilation-system-overview\"  id=\"row-1645061569\">\n\n\n\t<div id=\"col-605893711\" class=\"col medium-6 small-12 large-3\"  >\n\t\t\t\t<div class=\"col-inner\"  >\n\t\t\t\n\t\t\t\n\n\t<div id=\"text-1264949300\" class=\"text\">\n\t\t\n\n<p class=\"sub-headline\">Nicht das Richtige gefunden?<\/p>\n\t\t\n<style>\n#text-1264949300 {\n  text-align: center;\n}\n@media (min-width:550px) {\n  #text-1264949300 {\n    text-align: right;\n  }\n}\n<\/style>\n\t<\/div>\n\t\n\n\t\t<\/div>\n\t\t\t\t\t<\/div>\n\n\t\n\n\t<div id=\"col-1389519750\" class=\"col medium-6 small-12 large-3\"  >\n\t\t\t\t<div class=\"col-inner text-center\"  >\n\t\t\t\n\t\t\t\n\n<a href=\"\/de\/lueftungssysteme\" target=\"_self\" class=\"button primary is-outline is-small\"  style=\"border-radius:10px;\">\n    <span>zur\u00fcck zur \u00dcbersicht<\/span>\n  <\/a>\n\n\n\n\t\t<\/div>\n\t\t\t\t\n<style>\n#col-1389519750 > .col-inner {\n  padding: 0px 0px 0px 0px;\n  margin: 20px 0px 0px 0px;\n}\n@media (min-width:550px) {\n  #col-1389519750 > .col-inner {\n    padding: 0px 0px 0px 30px;\n    margin: 0px 0px 0px 0px;\n  }\n}\n<\/style>\n\t<\/div>\n\n\t\n\n<\/div>\n\n\n\t\t<\/div>\n\n\t\t\n<style>\n#section_63566010 {\n  padding-top: 0px;\n  padding-bottom: 0px;\n}\n<\/style>\n\t<\/section>\n\t\n\n","protected":false},"excerpt":{"rendered":"","protected":false},"author":8,"featured_media":0,"parent":8274,"menu_order":0,"comment_status":"closed","ping_status":"closed","template":"","meta":{"footnotes":""},"class_list":["post-8245","page","type-page","status-publish","hentry"],"acf":[],"yoast_head":"<!-- This site is optimized with the Yoast SEO plugin v27.3 - https:\/\/yoast.com\/product\/yoast-seo-wordpress\/ -->\n<title>Absperrvorrichtung Serie AVR &amp; REV-ED - LIMODOR<\/title>\n<meta name=\"robots\" content=\"noindex, follow, max-snippet:-1, max-image-preview:large, max-video-preview:-1\" \/>\n<meta property=\"og:locale\" content=\"de_DE\" \/>\n<meta property=\"og:type\" content=\"article\" \/>\n<meta property=\"og:title\" content=\"Absperrvorrichtung Serie AVR &amp; REV-ED - LIMODOR\" \/>\n<meta property=\"og:url\" content=\"https:\/\/limodor.dev-web.at\/de\/lueftungen\/lueftungssysteme\/zubehoer-ersatzteile\/rohreinbauteil\/absperrvorrichtung-serie-avr-rev-ed\/\" \/>\n<meta property=\"og:site_name\" content=\"Limodor DE\" \/>\n<meta property=\"article:modified_time\" content=\"2023-11-22T15:40:39+00:00\" \/>\n<meta name=\"twitter:card\" content=\"summary_large_image\" \/>\n<meta name=\"twitter:label1\" content=\"Gesch\u00e4tzte Lesezeit\" \/>\n\t<meta name=\"twitter:data1\" content=\"2\u00a0Minuten\" \/>\n<script type=\"application\/ld+json\" class=\"yoast-schema-graph\">{\"@context\":\"https:\\\/\\\/schema.org\",\"@graph\":[{\"@type\":\"WebPage\",\"@id\":\"https:\\\/\\\/limodor.dev-web.at\\\/de\\\/lueftungen\\\/lueftungssysteme\\\/zubehoer-ersatzteile\\\/rohreinbauteil\\\/absperrvorrichtung-serie-avr-rev-ed\\\/\",\"url\":\"https:\\\/\\\/limodor.dev-web.at\\\/de\\\/lueftungen\\\/lueftungssysteme\\\/zubehoer-ersatzteile\\\/rohreinbauteil\\\/absperrvorrichtung-serie-avr-rev-ed\\\/\",\"name\":\"Absperrvorrichtung Serie AVR &amp; REV-ED - LIMODOR\",\"isPartOf\":{\"@id\":\"https:\\\/\\\/limodor.dev-web.at\\\/de\\\/#website\"},\"datePublished\":\"2023-11-22T08:03:59+00:00\",\"dateModified\":\"2023-11-22T15:40:39+00:00\",\"breadcrumb\":{\"@id\":\"https:\\\/\\\/limodor.dev-web.at\\\/de\\\/lueftungen\\\/lueftungssysteme\\\/zubehoer-ersatzteile\\\/rohreinbauteil\\\/absperrvorrichtung-serie-avr-rev-ed\\\/#breadcrumb\"},\"inLanguage\":\"de\",\"potentialAction\":[{\"@type\":\"ReadAction\",\"target\":[\"https:\\\/\\\/limodor.dev-web.at\\\/de\\\/lueftungen\\\/lueftungssysteme\\\/zubehoer-ersatzteile\\\/rohreinbauteil\\\/absperrvorrichtung-serie-avr-rev-ed\\\/\"]}]},{\"@type\":\"BreadcrumbList\",\"@id\":\"https:\\\/\\\/limodor.dev-web.at\\\/de\\\/lueftungen\\\/lueftungssysteme\\\/zubehoer-ersatzteile\\\/rohreinbauteil\\\/absperrvorrichtung-serie-avr-rev-ed\\\/#breadcrumb\",\"itemListElement\":[{\"@type\":\"ListItem\",\"position\":1,\"name\":\"Startseite\",\"item\":\"https:\\\/\\\/limodor.dev-web.at\\\/de\\\/\"},{\"@type\":\"ListItem\",\"position\":2,\"name\":\"L\u00f6sungen\",\"item\":\"https:\\\/\\\/limodor.dev-web.at\\\/de\\\/lueftungen\\\/\"},{\"@type\":\"ListItem\",\"position\":3,\"name\":\"L\u00fcftungssysteme\",\"item\":\"https:\\\/\\\/limodor.dev-web.at\\\/de\\\/lueftungen\\\/lueftungssysteme\\\/\"},{\"@type\":\"ListItem\",\"position\":4,\"name\":\"Zubeh\u00f6r &amp; Ersatzteile\",\"item\":\"https:\\\/\\\/limodor.dev-web.at\\\/de\\\/lueftungen\\\/lueftungssysteme\\\/zubehoer-ersatzteile\\\/\"},{\"@type\":\"ListItem\",\"position\":5,\"name\":\"Rohreinbauteile\",\"item\":\"https:\\\/\\\/limodor.dev-web.at\\\/de\\\/lueftungen\\\/lueftungssysteme\\\/zubehoer-ersatzteile\\\/rohreinbauteil\\\/\"},{\"@type\":\"ListItem\",\"position\":6,\"name\":\"Absperrvorrichtung Serie AVR &amp; REV-ED\"}]},{\"@type\":\"WebSite\",\"@id\":\"https:\\\/\\\/limodor.dev-web.at\\\/de\\\/#website\",\"url\":\"https:\\\/\\\/limodor.dev-web.at\\\/de\\\/\",\"name\":\"Limodor DE\",\"description\":\"\",\"potentialAction\":[{\"@type\":\"SearchAction\",\"target\":{\"@type\":\"EntryPoint\",\"urlTemplate\":\"https:\\\/\\\/limodor.dev-web.at\\\/de\\\/?s={search_term_string}\"},\"query-input\":{\"@type\":\"PropertyValueSpecification\",\"valueRequired\":true,\"valueName\":\"search_term_string\"}}],\"inLanguage\":\"de\"}]}<\/script>\n<!-- \/ Yoast SEO plugin. -->","yoast_head_json":{"title":"Absperrvorrichtung Serie AVR &amp; REV-ED - LIMODOR","robots":{"index":"noindex","follow":"follow","max-snippet":"max-snippet:-1","max-image-preview":"max-image-preview:large","max-video-preview":"max-video-preview:-1"},"og_locale":"de_DE","og_type":"article","og_title":"Absperrvorrichtung Serie AVR &amp; REV-ED - LIMODOR","og_url":"https:\/\/limodor.dev-web.at\/de\/lueftungen\/lueftungssysteme\/zubehoer-ersatzteile\/rohreinbauteil\/absperrvorrichtung-serie-avr-rev-ed\/","og_site_name":"Limodor DE","article_modified_time":"2023-11-22T15:40:39+00:00","twitter_card":"summary_large_image","twitter_misc":{"Gesch\u00e4tzte Lesezeit":"2\u00a0Minuten"},"schema":{"@context":"https:\/\/schema.org","@graph":[{"@type":"WebPage","@id":"https:\/\/limodor.dev-web.at\/de\/lueftungen\/lueftungssysteme\/zubehoer-ersatzteile\/rohreinbauteil\/absperrvorrichtung-serie-avr-rev-ed\/","url":"https:\/\/limodor.dev-web.at\/de\/lueftungen\/lueftungssysteme\/zubehoer-ersatzteile\/rohreinbauteil\/absperrvorrichtung-serie-avr-rev-ed\/","name":"Absperrvorrichtung Serie AVR &amp; REV-ED - LIMODOR","isPartOf":{"@id":"https:\/\/limodor.dev-web.at\/de\/#website"},"datePublished":"2023-11-22T08:03:59+00:00","dateModified":"2023-11-22T15:40:39+00:00","breadcrumb":{"@id":"https:\/\/limodor.dev-web.at\/de\/lueftungen\/lueftungssysteme\/zubehoer-ersatzteile\/rohreinbauteil\/absperrvorrichtung-serie-avr-rev-ed\/#breadcrumb"},"inLanguage":"de","potentialAction":[{"@type":"ReadAction","target":["https:\/\/limodor.dev-web.at\/de\/lueftungen\/lueftungssysteme\/zubehoer-ersatzteile\/rohreinbauteil\/absperrvorrichtung-serie-avr-rev-ed\/"]}]},{"@type":"BreadcrumbList","@id":"https:\/\/limodor.dev-web.at\/de\/lueftungen\/lueftungssysteme\/zubehoer-ersatzteile\/rohreinbauteil\/absperrvorrichtung-serie-avr-rev-ed\/#breadcrumb","itemListElement":[{"@type":"ListItem","position":1,"name":"Startseite","item":"https:\/\/limodor.dev-web.at\/de\/"},{"@type":"ListItem","position":2,"name":"L\u00f6sungen","item":"https:\/\/limodor.dev-web.at\/de\/lueftungen\/"},{"@type":"ListItem","position":3,"name":"L\u00fcftungssysteme","item":"https:\/\/limodor.dev-web.at\/de\/lueftungen\/lueftungssysteme\/"},{"@type":"ListItem","position":4,"name":"Zubeh\u00f6r &amp; Ersatzteile","item":"https:\/\/limodor.dev-web.at\/de\/lueftungen\/lueftungssysteme\/zubehoer-ersatzteile\/"},{"@type":"ListItem","position":5,"name":"Rohreinbauteile","item":"https:\/\/limodor.dev-web.at\/de\/lueftungen\/lueftungssysteme\/zubehoer-ersatzteile\/rohreinbauteil\/"},{"@type":"ListItem","position":6,"name":"Absperrvorrichtung Serie AVR &amp; REV-ED"}]},{"@type":"WebSite","@id":"https:\/\/limodor.dev-web.at\/de\/#website","url":"https:\/\/limodor.dev-web.at\/de\/","name":"Limodor DE","description":"","potentialAction":[{"@type":"SearchAction","target":{"@type":"EntryPoint","urlTemplate":"https:\/\/limodor.dev-web.at\/de\/?s={search_term_string}"},"query-input":{"@type":"PropertyValueSpecification","valueRequired":true,"valueName":"search_term_string"}}],"inLanguage":"de"}]}},"_links":{"self":[{"href":"https:\/\/limodor.dev-web.at\/de\/wp-json\/wp\/v2\/pages\/8245","targetHints":{"allow":["GET"]}}],"collection":[{"href":"https:\/\/limodor.dev-web.at\/de\/wp-json\/wp\/v2\/pages"}],"about":[{"href":"https:\/\/limodor.dev-web.at\/de\/wp-json\/wp\/v2\/types\/page"}],"author":[{"embeddable":true,"href":"https:\/\/limodor.dev-web.at\/de\/wp-json\/wp\/v2\/users\/8"}],"replies":[{"embeddable":true,"href":"https:\/\/limodor.dev-web.at\/de\/wp-json\/wp\/v2\/comments?post=8245"}],"version-history":[{"count":4,"href":"https:\/\/limodor.dev-web.at\/de\/wp-json\/wp\/v2\/pages\/8245\/revisions"}],"predecessor-version":[{"id":8339,"href":"https:\/\/limodor.dev-web.at\/de\/wp-json\/wp\/v2\/pages\/8245\/revisions\/8339"}],"up":[{"embeddable":true,"href":"https:\/\/limodor.dev-web.at\/de\/wp-json\/wp\/v2\/pages\/8274"}],"wp:attachment":[{"href":"https:\/\/limodor.dev-web.at\/de\/wp-json\/wp\/v2\/media?parent=8245"}],"curies":[{"name":"wp","href":"https:\/\/api.w.org\/{rel}","templated":true}]}}