{"id":8258,"date":"2023-11-22T09:03:05","date_gmt":"2023-11-22T08:03:05","guid":{"rendered":"https:\/\/www.limodor.com\/de\/?page_id=8258"},"modified":"2025-03-13T16:12:49","modified_gmt":"2025-03-13T15:12:49","slug":"steuerungen-fuer-ec-ventilatorboxen","status":"publish","type":"page","link":"https:\/\/limodor.dev-web.at\/de\/lueftungen\/lueftungssysteme\/zubehoer-ersatzteile\/steuerungen-extern\/steuerungen-fuer-ec-ventilatorboxen\/","title":{"rendered":"Steuerungen f\u00fcr EC-Ventilatorboxen"},"content":{"rendered":"\n\t<section class=\"section section-top-space\" id=\"section_1552445212\">\n\t\t<div class=\"bg section-bg fill bg-fill  bg-loaded\" >\n\n\t\t\t\n\t\t\t\n\t\t\t\n\n\t\t<\/div>\n\n\t\t\n\n\t\t<div class=\"section-content relative\">\n\t\t\t\n\n<div class=\"row\"  id=\"row-1874117731\">\n\n\n\t<div id=\"col-1250467820\" class=\"col small-12 large-12\"  >\n\t\t\t\t<div class=\"col-inner\"  >\n\t\t\t\n\t\t\t\n\n<div class=\"breadcrumbs-row\"><div class=\"breadcrumbs-container\"><div class=\"breadcrumb-element\"><a href=\"https:\/\/limodor.dev-web.at\/de\/lueftungen\/\"><span>L\u00f6sungen<\/span><\/a><div>><\/div><\/div><div class=\"breadcrumb-element\"><a href=\"https:\/\/limodor.dev-web.at\/de\/lueftungen\/lueftungssysteme\/\"><span>L\u00fcftungssysteme<\/span><\/a><div>><\/div><\/div><div class=\"breadcrumb-element\"><a href=\"https:\/\/limodor.dev-web.at\/de\/lueftungen\/lueftungssysteme\/zubehoer-ersatzteile\/\"><span>Zubeh\u00f6r &amp; Ersatzteile<\/span><\/a><div>><\/div><\/div><div class=\"breadcrumb-element\"><a href=\"https:\/\/limodor.dev-web.at\/de\/lueftungen\/lueftungssysteme\/zubehoer-ersatzteile\/steuerungen-extern\/\"><span>Steuerungen extern<\/span><\/a><div>><\/div><\/div><div class=\"breadcrumb-element\"><a href=\"https:\/\/limodor.dev-web.at\/de\/lueftungen\/lueftungssysteme\/zubehoer-ersatzteile\/steuerungen-extern\/steuerungen-fuer-ec-ventilatorboxen\/\"><span>Steuerungen f\u00fcr EC-Ventilatorboxen<\/span><\/a><\/div><\/div><\/div>\n\n<h1>Steuerungen (Drehzahlanpassung) f\u00fcr EC-Vetilatorboxen<\/h1>\n<h4>Ausgangsspannung max. 10VDC<\/h4>\n<div class=\"is-divider divider clearfix\" style=\"max-width:360px;background-color:rgb(197, 185, 138);\"><\/div>\n\n\n\t\t<\/div>\n\t\t\t\t\t<\/div>\n\n\t\n\n<\/div>\n<div class=\"row\"  id=\"row-411873079\">\n\n\n\t<div id=\"col-2138550828\" class=\"col no-padding-bottom small-12 large-12\"  >\n\t\t\t\t<div class=\"col-inner\"  >\n\t\t\t\n\t\t\t\n\n<div class=\"row align-middle\"  id=\"row-937241578\">\n\n\n\t<div id=\"col-812465780\" class=\"col medium-6 small-12 large-6\"  >\n\t\t\t\t<div class=\"col-inner\"  >\n\t\t\t\n\t\t\t\n\n<h4><span class=\"title font-weight-bold text-larger\">Steuerung AC\/EC10-2<\/span><\/h4>\n<p>Art.-Nr.: <span class=\"addtext\">99331<\/span><\/p>\n<div class=\"ng-tns-c2678926396-3\">\n<div class=\"w-100 h-100\">\n<div class=\"h-100 w-100 d-flex flex-fill\">\n<div id=\"htmlViewer\">\n<div id=\"scrollcontainer\" class=\"w-100 mb-4 ng-tns-c2678926396-75 scrollbox-autohover mheight-100\">\n<div class=\"ng-tns-c2678926396-75 scrollbox-content-autohover\">Schaltung von 4 Ventilatorstufen in Abh\u00e4ngigkeit von Priorit\u00e4ten.<br \/>Versorgungsspannung: 230VAC\/50Hz<br \/>Ausgangsspannung: max. 10VDC<br \/>Geh\u00e4useabma\u00dfe: 36x90x57 mm<br \/>Montageart: Hut-Profilschiene 35 mm<\/div>\n<\/div>\n<\/div>\n<\/div>\n<\/div>\n<\/div>\n\n\t\t<\/div>\n\t\t\t\t\t<\/div>\n\n\t\n\n\t<div id=\"col-915639500\" class=\"col medium-6 small-12 large-6\"  >\n\t\t\t\t<div class=\"col-inner\"  >\n\t\t\t\n\t\t\t\n\n\t<div class=\"img has-hover x md-x lg-x y md-y lg-y\" id=\"image_248535135\">\n\t\t\t\t\t\t\t\t<div class=\"img-inner image-cover dark\" style=\"padding-top:75%;\">\n\t\t\t<img loading=\"lazy\" decoding=\"async\" width=\"1020\" height=\"1020\" src=\"https:\/\/limodor.dev-web.at\/de\/wp-content\/uploads\/sites\/2\/2023\/11\/99330-9_Steuerung-Serie-EC_1-1024x1024.png\" class=\"attachment-large size-large\" alt=\"\" srcset=\"https:\/\/limodor.dev-web.at\/de\/wp-content\/uploads\/sites\/2\/2023\/11\/99330-9_Steuerung-Serie-EC_1-1024x1024.png 1024w, https:\/\/limodor.dev-web.at\/de\/wp-content\/uploads\/sites\/2\/2023\/11\/99330-9_Steuerung-Serie-EC_1-300x300.png 300w, https:\/\/limodor.dev-web.at\/de\/wp-content\/uploads\/sites\/2\/2023\/11\/99330-9_Steuerung-Serie-EC_1-150x150.png 150w, https:\/\/limodor.dev-web.at\/de\/wp-content\/uploads\/sites\/2\/2023\/11\/99330-9_Steuerung-Serie-EC_1-768x768.png 768w, https:\/\/limodor.dev-web.at\/de\/wp-content\/uploads\/sites\/2\/2023\/11\/99330-9_Steuerung-Serie-EC_1-247x247.png 247w, https:\/\/limodor.dev-web.at\/de\/wp-content\/uploads\/sites\/2\/2023\/11\/99330-9_Steuerung-Serie-EC_1-510x510.png 510w, https:\/\/limodor.dev-web.at\/de\/wp-content\/uploads\/sites\/2\/2023\/11\/99330-9_Steuerung-Serie-EC_1-100x100.png 100w, https:\/\/limodor.dev-web.at\/de\/wp-content\/uploads\/sites\/2\/2023\/11\/99330-9_Steuerung-Serie-EC_1.png 1181w\" sizes=\"auto, (max-width: 1020px) 100vw, 1020px\" \/>\t\t\t\t\t\t\n\t\t\t\t\t<\/div>\n\t\t\t\t\t\t\t\t\n<style>\n#image_248535135 {\n  width: 40%;\n}\n<\/style>\n\t<\/div>\n\t\n\n\n\t\t<\/div>\n\t\t\t\t\t<\/div>\n\n\t\n\n<\/div>\n<div class=\"is-divider divider clearfix\" style=\"max-width:1500px;background-color:rgb(197, 185, 138);\"><\/div>\n\n<div class=\"row align-middle\"  id=\"row-1248423117\">\n\n\n\t<div id=\"col-1221928620\" class=\"col medium-6 small-12 large-6\"  >\n\t\t\t\t<div class=\"col-inner\"  >\n\t\t\t\n\t\t\t\n\n<h4><span class=\"title font-weight-bold text-larger\">Steuerung AIRBASE Plus<\/span><\/h4>\n<p>Art.-Nr.:\u00a0<span class=\"addtext\">99356<\/span><\/p>\n<div class=\"ng-tns-c2678926396-3\">\n<div class=\"w-100 h-100\">\n<div class=\"h-100 w-100 d-flex flex-fill\">\n<div id=\"htmlViewer\">\n<p>Steuerung mit 2 getrennt regelbaren VDC-Ausg\u00e4ngen und Vorrangstufen f\u00fcr Schalteing\u00e4nge<br \/>Versorgungsspannung: 230VAC\/50Hz<br \/>Ausgangsspannung Ventilatoren: 3 &#8211; 10 VDC<br \/>Geh\u00e4useabma\u00dfe: 36x90x57 mm<\/p>\n<\/div>\n<\/div>\n<\/div>\n<\/div>\n\n\t\t<\/div>\n\t\t\t\t\t<\/div>\n\n\t\n\n\t<div id=\"col-696586815\" class=\"col medium-6 small-12 large-6\"  >\n\t\t\t\t<div class=\"col-inner\"  >\n\t\t\t\n\t\t\t\n\n\t<div class=\"img has-hover x md-x lg-x y md-y lg-y\" id=\"image_1706970236\">\n\t\t\t\t\t\t\t\t<div class=\"img-inner image-cover dark\" style=\"padding-top:75%;\">\n\t\t\t<img loading=\"lazy\" decoding=\"async\" width=\"1020\" height=\"1020\" src=\"https:\/\/limodor.dev-web.at\/de\/wp-content\/uploads\/sites\/2\/2023\/10\/99356_Steuerung-LimDry-LD10-2-1024x1024.png\" class=\"attachment-large size-large\" alt=\"\" srcset=\"https:\/\/limodor.dev-web.at\/de\/wp-content\/uploads\/sites\/2\/2023\/10\/99356_Steuerung-LimDry-LD10-2-1024x1024.png 1024w, https:\/\/limodor.dev-web.at\/de\/wp-content\/uploads\/sites\/2\/2023\/10\/99356_Steuerung-LimDry-LD10-2-300x300.png 300w, https:\/\/limodor.dev-web.at\/de\/wp-content\/uploads\/sites\/2\/2023\/10\/99356_Steuerung-LimDry-LD10-2-150x150.png 150w, https:\/\/limodor.dev-web.at\/de\/wp-content\/uploads\/sites\/2\/2023\/10\/99356_Steuerung-LimDry-LD10-2-768x768.png 768w, https:\/\/limodor.dev-web.at\/de\/wp-content\/uploads\/sites\/2\/2023\/10\/99356_Steuerung-LimDry-LD10-2-247x247.png 247w, https:\/\/limodor.dev-web.at\/de\/wp-content\/uploads\/sites\/2\/2023\/10\/99356_Steuerung-LimDry-LD10-2-510x510.png 510w, https:\/\/limodor.dev-web.at\/de\/wp-content\/uploads\/sites\/2\/2023\/10\/99356_Steuerung-LimDry-LD10-2-100x100.png 100w, https:\/\/limodor.dev-web.at\/de\/wp-content\/uploads\/sites\/2\/2023\/10\/99356_Steuerung-LimDry-LD10-2.png 1181w\" sizes=\"auto, (max-width: 1020px) 100vw, 1020px\" \/>\t\t\t\t\t\t\n\t\t\t\t\t<\/div>\n\t\t\t\t\t\t\t\t\n<style>\n#image_1706970236 {\n  width: 40%;\n}\n<\/style>\n\t<\/div>\n\t\n\n\n\t\t<\/div>\n\t\t\t\t\t<\/div>\n\n\t\n\n<\/div>\n<div class=\"is-divider divider clearfix\" style=\"max-width:1500px;background-color:rgb(197, 185, 138);\"><\/div>\n\n<div class=\"row align-middle\"  id=\"row-1939996263\">\n\n\n\t<div id=\"col-671552748\" class=\"col medium-6 small-12 large-6\"  >\n\t\t\t\t<div class=\"col-inner\"  >\n\t\t\t\n\t\t\t\n\n<h4><span class=\"title font-weight-bold text-larger\">Drehzahlregler MTV-1\/010<\/span><\/h4>\n<p>Art.-Nr.:&nbsp;<span class=\"addtext\">99614<\/span><\/p>\n<div class=\"ng-tns-c2678926396-3\">\n<div class=\"w-100 h-100\">\n<div class=\"h-100 w-100 d-flex flex-fill\">\n<div id=\"htmlViewer\">\n<div id=\"scrollcontainer\" class=\"w-100 mb-4 ng-tns-c2678926396-14 scrollbox-autohover mheight-100\">\n<div class=\"ng-tns-c2678926396-14 scrollbox-content-autohover\">Stufenloser Drehzahlregler<br \/>Versorgungsspannung: 230VAC\/50Hz<br \/>Ausgangsspannung: max. 10VDC<br \/>Montageort: Schalterdose (Aufputz)<\/div>\n<\/div>\n<\/div>\n<\/div>\n<\/div>\n<\/div>\n\n\t\t<\/div>\n\t\t\t\t\t<\/div>\n\n\t\n\n\t<div id=\"col-1389326895\" class=\"col medium-6 small-12 large-6\"  >\n\t\t\t\t<div class=\"col-inner\"  >\n\t\t\t\n\t\t\t\n\n\t<div class=\"img has-hover x md-x lg-x y md-y lg-y\" id=\"image_470584534\">\n\t\t\t\t\t\t\t\t<div class=\"img-inner image-cover dark\" style=\"padding-top:75%;\">\n\t\t\t<img loading=\"lazy\" decoding=\"async\" width=\"1020\" height=\"1020\" src=\"https:\/\/limodor.dev-web.at\/de\/wp-content\/uploads\/sites\/2\/2023\/11\/99614_Drehzahlregler_MTV-1010-1024x1024.png\" class=\"attachment-large size-large\" alt=\"\" srcset=\"https:\/\/limodor.dev-web.at\/de\/wp-content\/uploads\/sites\/2\/2023\/11\/99614_Drehzahlregler_MTV-1010-1024x1024.png 1024w, https:\/\/limodor.dev-web.at\/de\/wp-content\/uploads\/sites\/2\/2023\/11\/99614_Drehzahlregler_MTV-1010-300x300.png 300w, https:\/\/limodor.dev-web.at\/de\/wp-content\/uploads\/sites\/2\/2023\/11\/99614_Drehzahlregler_MTV-1010-150x150.png 150w, https:\/\/limodor.dev-web.at\/de\/wp-content\/uploads\/sites\/2\/2023\/11\/99614_Drehzahlregler_MTV-1010-768x768.png 768w, https:\/\/limodor.dev-web.at\/de\/wp-content\/uploads\/sites\/2\/2023\/11\/99614_Drehzahlregler_MTV-1010-247x247.png 247w, https:\/\/limodor.dev-web.at\/de\/wp-content\/uploads\/sites\/2\/2023\/11\/99614_Drehzahlregler_MTV-1010-510x510.png 510w, https:\/\/limodor.dev-web.at\/de\/wp-content\/uploads\/sites\/2\/2023\/11\/99614_Drehzahlregler_MTV-1010-100x100.png 100w, https:\/\/limodor.dev-web.at\/de\/wp-content\/uploads\/sites\/2\/2023\/11\/99614_Drehzahlregler_MTV-1010.png 1181w\" sizes=\"auto, (max-width: 1020px) 100vw, 1020px\" \/>\t\t\t\t\t\t\n\t\t\t\t\t<\/div>\n\t\t\t\t\t\t\t\t\n<style>\n#image_470584534 {\n  width: 40%;\n}\n<\/style>\n\t<\/div>\n\t\n\n\n\t\t<\/div>\n\t\t\t\t\t<\/div>\n\n\t\n\n<\/div>\n\n\t\t<\/div>\n\t\t\t\t\t<\/div>\n\n\t\n\n<\/div>\n\n\t\t<\/div>\n\n\t\t\n<style>\n#section_1552445212 {\n  padding-top: 0px;\n  padding-bottom: 0px;\n}\n<\/style>\n\t<\/section>\n\t\n\t<section class=\"section section-top-space\" id=\"section_163649144\">\n\t\t<div class=\"bg section-bg fill bg-fill  bg-loaded\" >\n\n\t\t\t\n\t\t\t\n\t\t\t\n\n\t\t<\/div>\n\n\t\t\n\n\t\t<div class=\"section-content relative\">\n\t\t\t\n\n<div class=\"row\"  id=\"row-698863970\">\n\n\n\t<div id=\"col-847847552\" class=\"col small-12 large-12\"  >\n\t\t\t\t<div class=\"col-inner\"  >\n\t\t\t\n\t\t\t\n\n<h3>\nDatenbl\u00e4tter &amp; Anleitungen<br \/>\n<\/h3>\n\n\t\t<\/div>\n\t\t\t\t\t<\/div>\n\n\t\n\n<\/div>\n<div class=\"row\"  id=\"row-887346693\">\n\n\n\t<div id=\"col-957554174\" class=\"col medium-4 small-12 large-4\"  >\n\t\t\t\t<div class=\"col-inner\"  >\n\t\t\t\n\t\t\t\n\n<div \r\n                id=\"e5-oxomi-529688253\" \r\n                class=\"e5-oxomi-output\" \r\n                data-portal-id=\"3000988\"\r\n                data-oxomi_type_select=\"selectOptionSingleDocument\"\r\n                data-oxomi_keyword=\"\"\r\n                data-oxomi_keyword_filter_select=\"\"\r\n                data-oxomi_categories=\"\"\r\n                data-oxomi_types=\"\"\r\n                data-oxomi_brands=\"\"\r\n                data-oxomi_tags=\"\"\r\n                data-oxomi_document_id=\"10484904\"\r\n                data-oxomi_document_page=\"\"\r\n                data-oxomi_search=\"\"\r\n                data-oxomi_group_by_select=\"\"\r\n                data-oxomi_group_by_filter=\"\"\r\n                data-lang=\"de\"\r\n            >\r\n            <\/div>\n\n\n\t\t<\/div>\n\t\t\t\t\t<\/div>\n\n\t\n\n\t<div id=\"col-1537277931\" class=\"col medium-4 small-12 large-4\"  >\n\t\t\t\t<div class=\"col-inner\"  >\n\t\t\t\n\t\t\t\n\n<div \r\n                id=\"e5-oxomi-7809852290\" \r\n                class=\"e5-oxomi-output\" \r\n                data-portal-id=\"3000988\"\r\n                data-oxomi_type_select=\"selectOptionSingleDocument\"\r\n                data-oxomi_keyword=\"\"\r\n                data-oxomi_keyword_filter_select=\"\"\r\n                data-oxomi_categories=\"\"\r\n                data-oxomi_types=\"\"\r\n                data-oxomi_brands=\"\"\r\n                data-oxomi_tags=\"\"\r\n                data-oxomi_document_id=\"10484952\"\r\n                data-oxomi_document_page=\"\"\r\n                data-oxomi_search=\"\"\r\n                data-oxomi_group_by_select=\"\"\r\n                data-oxomi_group_by_filter=\"\"\r\n                data-lang=\"de\"\r\n            >\r\n            <\/div>\n\n\n\t\t<\/div>\n\t\t\t\t\t<\/div>\n\n\t\n\n\t<div id=\"col-1031443896\" class=\"col medium-4 small-12 large-4\"  >\n\t\t\t\t<div class=\"col-inner\"  >\n\t\t\t\n\t\t\t\n\n<div \r\n                id=\"e5-oxomi-6308391664\" \r\n                class=\"e5-oxomi-output\" \r\n                data-portal-id=\"3000988\"\r\n                data-oxomi_type_select=\"selectOptionSingleDocument\"\r\n                data-oxomi_keyword=\"\"\r\n                data-oxomi_keyword_filter_select=\"\"\r\n                data-oxomi_categories=\"\"\r\n                data-oxomi_types=\"\"\r\n                data-oxomi_brands=\"\"\r\n                data-oxomi_tags=\"\"\r\n                data-oxomi_document_id=\"10484900\"\r\n                data-oxomi_document_page=\"\"\r\n                data-oxomi_search=\"\"\r\n                data-oxomi_group_by_select=\"\"\r\n                data-oxomi_group_by_filter=\"\"\r\n                data-lang=\"de\"\r\n            >\r\n            <\/div>\n\n\n\t\t<\/div>\n\t\t\t\t\t<\/div>\n\n\t\n\n<\/div>\n<div class=\"row\"  id=\"row-446427259\">\n\n\n\t<div id=\"col-1214083733\" class=\"col no-padding-bottom small-12 large-12\"  >\n\t\t\t\t<div class=\"col-inner\"  >\n\t\t\t\n\t\t\t\n\n<p><strong>AUSSSCHREIBUNGSTEXTE (Link zu ausschreiben.de)<\/strong><\/p>\n<p><a href=\"https:\/\/ausschreiben.de\/integration\/v2\/catalog\/limot\/gaebid\/id2126?integrationKey=114e6eb1-6b3d-4602-92ab-9ab9ed24d6b7\" target=\"_blank\" rel=\"noopener\">Externe Steuerungen (Regler 0-10VDC)<\/a><\/p>\n\n\t\t<\/div>\n\t\t\t\t\t<\/div>\n\n\t\n\n<\/div>\n\n\t\t<\/div>\n\n\t\t\n<style>\n#section_163649144 {\n  padding-top: 0px;\n  padding-bottom: 0px;\n}\n<\/style>\n\t<\/section>\n\t\n\t<section class=\"section section-space\" id=\"section_1049964870\">\n\t\t<div class=\"bg section-bg fill bg-fill  bg-loaded\" >\n\n\t\t\t\n\t\t\t\n\t\t\t\n\n\t\t<\/div>\n\n\t\t\n\n\t\t<div class=\"section-content relative\">\n\t\t\t\n\n<div class=\"row row-collapse align-middle align-right ventilation-system-overview\"  id=\"row-180932002\">\n\n\n\t<div id=\"col-194653867\" class=\"col medium-6 small-12 large-3\"  >\n\t\t\t\t<div class=\"col-inner\"  >\n\t\t\t\n\t\t\t\n\n\t<div id=\"text-4268912934\" class=\"text\">\n\t\t\n\n<p class=\"sub-headline\">Nicht das Richtige gefunden?<\/p>\n\t\t\n<style>\n#text-4268912934 {\n  text-align: center;\n}\n@media (min-width:550px) {\n  #text-4268912934 {\n    text-align: right;\n  }\n}\n<\/style>\n\t<\/div>\n\t\n\n\t\t<\/div>\n\t\t\t\t\t<\/div>\n\n\t\n\n\t<div id=\"col-974726957\" class=\"col medium-6 small-12 large-3\"  >\n\t\t\t\t<div class=\"col-inner text-center\"  >\n\t\t\t\n\t\t\t\n\n<a href=\"\/de\/lueftungssysteme\" target=\"_self\" class=\"button primary is-outline is-small\"  style=\"border-radius:10px;\">\n    <span>zur\u00fcck zur \u00dcbersicht<\/span>\n  <\/a>\n\n\n\n\t\t<\/div>\n\t\t\t\t\n<style>\n#col-974726957 > .col-inner {\n  padding: 0px 0px 0px 0px;\n  margin: 20px 0px 0px 0px;\n}\n@media (min-width:550px) {\n  #col-974726957 > .col-inner {\n    padding: 0px 0px 0px 30px;\n    margin: 0px 0px 0px 0px;\n  }\n}\n<\/style>\n\t<\/div>\n\n\t\n\n<\/div>\n\n\n\t\t<\/div>\n\n\t\t\n<style>\n#section_1049964870 {\n  padding-top: 0px;\n  padding-bottom: 0px;\n}\n<\/style>\n\t<\/section>\n\t\n\n","protected":false},"excerpt":{"rendered":"","protected":false},"author":8,"featured_media":0,"parent":8277,"menu_order":0,"comment_status":"closed","ping_status":"closed","template":"","meta":{"footnotes":""},"class_list":["post-8258","page","type-page","status-publish","hentry"],"acf":[],"yoast_head":"<!-- This site is optimized with the Yoast SEO plugin v27.3 - https:\/\/yoast.com\/product\/yoast-seo-wordpress\/ -->\n<title>Steuerungen f\u00fcr EC-Ventilatorboxen - LIMODOR<\/title>\n<meta name=\"robots\" content=\"noindex, follow, max-snippet:-1, max-image-preview:large, max-video-preview:-1\" \/>\n<meta property=\"og:locale\" content=\"de_DE\" \/>\n<meta property=\"og:type\" content=\"article\" \/>\n<meta property=\"og:title\" content=\"Steuerungen f\u00fcr EC-Ventilatorboxen - LIMODOR\" \/>\n<meta property=\"og:url\" content=\"https:\/\/limodor.dev-web.at\/de\/lueftungen\/lueftungssysteme\/zubehoer-ersatzteile\/steuerungen-extern\/steuerungen-fuer-ec-ventilatorboxen\/\" \/>\n<meta property=\"og:site_name\" content=\"Limodor DE\" \/>\n<meta property=\"article:modified_time\" content=\"2025-03-13T15:12:49+00:00\" \/>\n<meta name=\"twitter:card\" content=\"summary_large_image\" \/>\n<meta name=\"twitter:label1\" content=\"Gesch\u00e4tzte Lesezeit\" \/>\n\t<meta name=\"twitter:data1\" content=\"2\u00a0Minuten\" \/>\n<script type=\"application\/ld+json\" class=\"yoast-schema-graph\">{\"@context\":\"https:\\\/\\\/schema.org\",\"@graph\":[{\"@type\":\"WebPage\",\"@id\":\"https:\\\/\\\/limodor.dev-web.at\\\/de\\\/lueftungen\\\/lueftungssysteme\\\/zubehoer-ersatzteile\\\/steuerungen-extern\\\/steuerungen-fuer-ec-ventilatorboxen\\\/\",\"url\":\"https:\\\/\\\/limodor.dev-web.at\\\/de\\\/lueftungen\\\/lueftungssysteme\\\/zubehoer-ersatzteile\\\/steuerungen-extern\\\/steuerungen-fuer-ec-ventilatorboxen\\\/\",\"name\":\"Steuerungen f\u00fcr EC-Ventilatorboxen - LIMODOR\",\"isPartOf\":{\"@id\":\"https:\\\/\\\/limodor.dev-web.at\\\/de\\\/#website\"},\"datePublished\":\"2023-11-22T08:03:05+00:00\",\"dateModified\":\"2025-03-13T15:12:49+00:00\",\"breadcrumb\":{\"@id\":\"https:\\\/\\\/limodor.dev-web.at\\\/de\\\/lueftungen\\\/lueftungssysteme\\\/zubehoer-ersatzteile\\\/steuerungen-extern\\\/steuerungen-fuer-ec-ventilatorboxen\\\/#breadcrumb\"},\"inLanguage\":\"de\",\"potentialAction\":[{\"@type\":\"ReadAction\",\"target\":[\"https:\\\/\\\/limodor.dev-web.at\\\/de\\\/lueftungen\\\/lueftungssysteme\\\/zubehoer-ersatzteile\\\/steuerungen-extern\\\/steuerungen-fuer-ec-ventilatorboxen\\\/\"]}]},{\"@type\":\"BreadcrumbList\",\"@id\":\"https:\\\/\\\/limodor.dev-web.at\\\/de\\\/lueftungen\\\/lueftungssysteme\\\/zubehoer-ersatzteile\\\/steuerungen-extern\\\/steuerungen-fuer-ec-ventilatorboxen\\\/#breadcrumb\",\"itemListElement\":[{\"@type\":\"ListItem\",\"position\":1,\"name\":\"Startseite\",\"item\":\"https:\\\/\\\/limodor.dev-web.at\\\/de\\\/\"},{\"@type\":\"ListItem\",\"position\":2,\"name\":\"L\u00f6sungen\",\"item\":\"https:\\\/\\\/limodor.dev-web.at\\\/de\\\/lueftungen\\\/\"},{\"@type\":\"ListItem\",\"position\":3,\"name\":\"L\u00fcftungssysteme\",\"item\":\"https:\\\/\\\/limodor.dev-web.at\\\/de\\\/lueftungen\\\/lueftungssysteme\\\/\"},{\"@type\":\"ListItem\",\"position\":4,\"name\":\"Zubeh\u00f6r &amp; Ersatzteile\",\"item\":\"https:\\\/\\\/limodor.dev-web.at\\\/de\\\/lueftungen\\\/lueftungssysteme\\\/zubehoer-ersatzteile\\\/\"},{\"@type\":\"ListItem\",\"position\":5,\"name\":\"Steuerungen extern\",\"item\":\"https:\\\/\\\/limodor.dev-web.at\\\/de\\\/lueftungen\\\/lueftungssysteme\\\/zubehoer-ersatzteile\\\/steuerungen-extern\\\/\"},{\"@type\":\"ListItem\",\"position\":6,\"name\":\"Steuerungen f\u00fcr EC-Ventilatorboxen\"}]},{\"@type\":\"WebSite\",\"@id\":\"https:\\\/\\\/limodor.dev-web.at\\\/de\\\/#website\",\"url\":\"https:\\\/\\\/limodor.dev-web.at\\\/de\\\/\",\"name\":\"Limodor DE\",\"description\":\"\",\"potentialAction\":[{\"@type\":\"SearchAction\",\"target\":{\"@type\":\"EntryPoint\",\"urlTemplate\":\"https:\\\/\\\/limodor.dev-web.at\\\/de\\\/?s={search_term_string}\"},\"query-input\":{\"@type\":\"PropertyValueSpecification\",\"valueRequired\":true,\"valueName\":\"search_term_string\"}}],\"inLanguage\":\"de\"}]}<\/script>\n<!-- \/ Yoast SEO plugin. -->","yoast_head_json":{"title":"Steuerungen f\u00fcr EC-Ventilatorboxen - LIMODOR","robots":{"index":"noindex","follow":"follow","max-snippet":"max-snippet:-1","max-image-preview":"max-image-preview:large","max-video-preview":"max-video-preview:-1"},"og_locale":"de_DE","og_type":"article","og_title":"Steuerungen f\u00fcr EC-Ventilatorboxen - LIMODOR","og_url":"https:\/\/limodor.dev-web.at\/de\/lueftungen\/lueftungssysteme\/zubehoer-ersatzteile\/steuerungen-extern\/steuerungen-fuer-ec-ventilatorboxen\/","og_site_name":"Limodor DE","article_modified_time":"2025-03-13T15:12:49+00:00","twitter_card":"summary_large_image","twitter_misc":{"Gesch\u00e4tzte Lesezeit":"2\u00a0Minuten"},"schema":{"@context":"https:\/\/schema.org","@graph":[{"@type":"WebPage","@id":"https:\/\/limodor.dev-web.at\/de\/lueftungen\/lueftungssysteme\/zubehoer-ersatzteile\/steuerungen-extern\/steuerungen-fuer-ec-ventilatorboxen\/","url":"https:\/\/limodor.dev-web.at\/de\/lueftungen\/lueftungssysteme\/zubehoer-ersatzteile\/steuerungen-extern\/steuerungen-fuer-ec-ventilatorboxen\/","name":"Steuerungen f\u00fcr EC-Ventilatorboxen - LIMODOR","isPartOf":{"@id":"https:\/\/limodor.dev-web.at\/de\/#website"},"datePublished":"2023-11-22T08:03:05+00:00","dateModified":"2025-03-13T15:12:49+00:00","breadcrumb":{"@id":"https:\/\/limodor.dev-web.at\/de\/lueftungen\/lueftungssysteme\/zubehoer-ersatzteile\/steuerungen-extern\/steuerungen-fuer-ec-ventilatorboxen\/#breadcrumb"},"inLanguage":"de","potentialAction":[{"@type":"ReadAction","target":["https:\/\/limodor.dev-web.at\/de\/lueftungen\/lueftungssysteme\/zubehoer-ersatzteile\/steuerungen-extern\/steuerungen-fuer-ec-ventilatorboxen\/"]}]},{"@type":"BreadcrumbList","@id":"https:\/\/limodor.dev-web.at\/de\/lueftungen\/lueftungssysteme\/zubehoer-ersatzteile\/steuerungen-extern\/steuerungen-fuer-ec-ventilatorboxen\/#breadcrumb","itemListElement":[{"@type":"ListItem","position":1,"name":"Startseite","item":"https:\/\/limodor.dev-web.at\/de\/"},{"@type":"ListItem","position":2,"name":"L\u00f6sungen","item":"https:\/\/limodor.dev-web.at\/de\/lueftungen\/"},{"@type":"ListItem","position":3,"name":"L\u00fcftungssysteme","item":"https:\/\/limodor.dev-web.at\/de\/lueftungen\/lueftungssysteme\/"},{"@type":"ListItem","position":4,"name":"Zubeh\u00f6r &amp; Ersatzteile","item":"https:\/\/limodor.dev-web.at\/de\/lueftungen\/lueftungssysteme\/zubehoer-ersatzteile\/"},{"@type":"ListItem","position":5,"name":"Steuerungen extern","item":"https:\/\/limodor.dev-web.at\/de\/lueftungen\/lueftungssysteme\/zubehoer-ersatzteile\/steuerungen-extern\/"},{"@type":"ListItem","position":6,"name":"Steuerungen f\u00fcr EC-Ventilatorboxen"}]},{"@type":"WebSite","@id":"https:\/\/limodor.dev-web.at\/de\/#website","url":"https:\/\/limodor.dev-web.at\/de\/","name":"Limodor DE","description":"","potentialAction":[{"@type":"SearchAction","target":{"@type":"EntryPoint","urlTemplate":"https:\/\/limodor.dev-web.at\/de\/?s={search_term_string}"},"query-input":{"@type":"PropertyValueSpecification","valueRequired":true,"valueName":"search_term_string"}}],"inLanguage":"de"}]}},"_links":{"self":[{"href":"https:\/\/limodor.dev-web.at\/de\/wp-json\/wp\/v2\/pages\/8258","targetHints":{"allow":["GET"]}}],"collection":[{"href":"https:\/\/limodor.dev-web.at\/de\/wp-json\/wp\/v2\/pages"}],"about":[{"href":"https:\/\/limodor.dev-web.at\/de\/wp-json\/wp\/v2\/types\/page"}],"author":[{"embeddable":true,"href":"https:\/\/limodor.dev-web.at\/de\/wp-json\/wp\/v2\/users\/8"}],"replies":[{"embeddable":true,"href":"https:\/\/limodor.dev-web.at\/de\/wp-json\/wp\/v2\/comments?post=8258"}],"version-history":[{"count":7,"href":"https:\/\/limodor.dev-web.at\/de\/wp-json\/wp\/v2\/pages\/8258\/revisions"}],"predecessor-version":[{"id":29185,"href":"https:\/\/limodor.dev-web.at\/de\/wp-json\/wp\/v2\/pages\/8258\/revisions\/29185"}],"up":[{"embeddable":true,"href":"https:\/\/limodor.dev-web.at\/de\/wp-json\/wp\/v2\/pages\/8277"}],"wp:attachment":[{"href":"https:\/\/limodor.dev-web.at\/de\/wp-json\/wp\/v2\/media?parent=8258"}],"curies":[{"name":"wp","href":"https:\/\/api.w.org\/{rel}","templated":true}]}}