{"id":8882,"date":"2023-12-15T09:28:18","date_gmt":"2023-12-15T08:28:18","guid":{"rendered":"https:\/\/www.limodor.com\/de\/?page_id=8882"},"modified":"2023-12-15T09:54:29","modified_gmt":"2023-12-15T08:54:29","slug":"ueberstroemeinrichtung-serie-wdh","status":"publish","type":"page","link":"https:\/\/limodor.dev-web.at\/de\/lueftungen\/lueftungssysteme\/zubehoer-ersatzteile\/ueberstroemeinrichtung-serie-wdh\/","title":{"rendered":"\u00dcberstr\u00f6meinrichtung Serie WDH"},"content":{"rendered":"\n\t<section class=\"section section-top-space\" id=\"section_310348700\">\n\t\t<div class=\"bg section-bg fill bg-fill  bg-loaded\" >\n\n\t\t\t\n\t\t\t\n\t\t\t\n\n\t\t<\/div>\n\n\t\t\n\n\t\t<div class=\"section-content relative\">\n\t\t\t\n\n<div class=\"row\"  id=\"row-2042038967\">\n\n\n\t<div id=\"col-1128545891\" class=\"col small-12 large-12\"  >\n\t\t\t\t<div class=\"col-inner\"  >\n\t\t\t\n\t\t\t\n\n<div class=\"breadcrumbs-row\"><div class=\"breadcrumbs-container\"><div class=\"breadcrumb-element\"><a href=\"https:\/\/limodor.dev-web.at\/de\/lueftungen\/\"><span>L\u00f6sungen<\/span><\/a><div>><\/div><\/div><div class=\"breadcrumb-element\"><a href=\"https:\/\/limodor.dev-web.at\/de\/lueftungen\/lueftungssysteme\/\"><span>L\u00fcftungssysteme<\/span><\/a><div>><\/div><\/div><div class=\"breadcrumb-element\"><a href=\"https:\/\/limodor.dev-web.at\/de\/lueftungen\/lueftungssysteme\/zubehoer-ersatzteile\/\"><span>Zubeh\u00f6r &amp; Ersatzteile<\/span><\/a><div>><\/div><\/div><div class=\"breadcrumb-element\"><a href=\"https:\/\/limodor.dev-web.at\/de\/lueftungen\/lueftungssysteme\/zubehoer-ersatzteile\/ueberstroemeinrichtung-serie-wdh\/\"><span>\u00dcberstr\u00f6meinrichtung Serie WDH<\/span><\/a><\/div><\/div><\/div>\n\n<h1>\u00dcberstr\u00f6meinrichtungen Serie WDH<\/h1>\n<h4>Montageort\/-art: Innen-\/Zwischenw\u00e4nde, H\u00fclsenform: rund<\/h4>\n<div class=\"is-divider divider clearfix\" style=\"max-width:570px;background-color:rgb(197, 185, 138);\"><\/div>\n\n\n\t\t<\/div>\n\t\t\t\t\t<\/div>\n\n\t\n\n<\/div>\n<div class=\"row\"  id=\"row-1613910666\">\n\n\n\t<div id=\"col-2110513708\" class=\"col no-padding-bottom small-12 large-12\"  >\n\t\t\t\t<div class=\"col-inner\"  >\n\t\t\t\n\t\t\t\n\n<div class=\"row align-middle\"  id=\"row-8995363\">\n\n\n\t<div id=\"col-2050500795\" class=\"col medium-6 small-12 large-6\"  >\n\t\t\t\t<div class=\"col-inner\"  >\n\t\t\t\n\t\t\t\n\n<h4><span class=\"title font-weight-bold text-larger\">\u00dcberstr\u00f6meinrichtung WDH 100<br \/><\/span><\/h4>\n<p>Art.-Nr.: <span class=\"addtext\">98160<\/span><\/p>\n<div class=\"ng-tns-c2678926396-3\">\n<div class=\"w-100 h-100\">\n<div class=\"h-100 w-100 d-flex flex-fill\">\n<div id=\"htmlViewer\">\n<p>\u00dcberstr\u00f6meinrichtung f\u00fcr Wandst\u00e4rken bis 500 mm.<\/p>\n<h4><span class=\"title font-weight-bold text-larger\">bestehend aus:<\/span><\/h4>\n<p>Art.-Nr.: 98211<br \/>Wandh\u00fclse 100\/500<br \/>H\u00fclsenau\u00dfen-D: 104 mm, L = 500 mm<\/p>\n<div class=\"ng-tns-c2678926396-3\">\n<div class=\"w-100 h-100\">\n<div class=\"h-100 w-100 d-flex flex-fill\">\n<div id=\"htmlViewer\">\n<div id=\"scrollcontainer\" class=\"w-100 mb-4 ng-tns-c2678926396-14 scrollbox-autohover mheight-100\">\n<div class=\"ng-tns-c2678926396-14 scrollbox-content-autohover\">\n<div id=\"scrollcontainer\" class=\"w-100 mb-4 ng-tns-c2678926396-137 scrollbox-autohover mheight-100\">\n<div class=\"ng-tns-c2678926396-137 scrollbox-content-autohover\">\n<p>Art.-Nr.: 98221<br \/>Abdeckgitter mit Bodenplatte<br \/>(ben\u00f6tigte Menge f\u00fcr Montage: 2 Gitter)<\/p>\n<\/div>\n<\/div>\n<\/div>\n<\/div>\n<\/div>\n<\/div>\n<\/div>\n<\/div>\n<\/div>\n<\/div>\n<\/div>\n<\/div>\n\n\t\t<\/div>\n\t\t\t\t\t<\/div>\n\n\t\n\n\t<div id=\"col-1026669698\" class=\"col medium-6 small-12 large-6\"  >\n\t\t\t\t<div class=\"col-inner\"  >\n\t\t\t\n\t\t\t\n\n\t<div class=\"img has-hover x md-x lg-x y md-y lg-y\" id=\"image_1201786939\">\n\t\t\t\t\t\t\t\t<div class=\"img-inner image-cover dark\" style=\"padding-top:100%;\">\n\t\t\t<img loading=\"lazy\" decoding=\"async\" width=\"1020\" height=\"1020\" src=\"https:\/\/limodor.dev-web.at\/de\/wp-content\/uploads\/sites\/2\/2023\/12\/98160_Ueberstroemeinrichtung-WDH100_zerlegt-1024x1024.png\" class=\"attachment-large size-large\" alt=\"\" srcset=\"https:\/\/limodor.dev-web.at\/de\/wp-content\/uploads\/sites\/2\/2023\/12\/98160_Ueberstroemeinrichtung-WDH100_zerlegt-1024x1024.png 1024w, https:\/\/limodor.dev-web.at\/de\/wp-content\/uploads\/sites\/2\/2023\/12\/98160_Ueberstroemeinrichtung-WDH100_zerlegt-300x300.png 300w, https:\/\/limodor.dev-web.at\/de\/wp-content\/uploads\/sites\/2\/2023\/12\/98160_Ueberstroemeinrichtung-WDH100_zerlegt-150x150.png 150w, https:\/\/limodor.dev-web.at\/de\/wp-content\/uploads\/sites\/2\/2023\/12\/98160_Ueberstroemeinrichtung-WDH100_zerlegt-768x768.png 768w, https:\/\/limodor.dev-web.at\/de\/wp-content\/uploads\/sites\/2\/2023\/12\/98160_Ueberstroemeinrichtung-WDH100_zerlegt-247x247.png 247w, https:\/\/limodor.dev-web.at\/de\/wp-content\/uploads\/sites\/2\/2023\/12\/98160_Ueberstroemeinrichtung-WDH100_zerlegt-510x510.png 510w, https:\/\/limodor.dev-web.at\/de\/wp-content\/uploads\/sites\/2\/2023\/12\/98160_Ueberstroemeinrichtung-WDH100_zerlegt-100x100.png 100w, https:\/\/limodor.dev-web.at\/de\/wp-content\/uploads\/sites\/2\/2023\/12\/98160_Ueberstroemeinrichtung-WDH100_zerlegt.png 1181w\" sizes=\"auto, (max-width: 1020px) 100vw, 1020px\" \/>\t\t\t\t\t\t\n\t\t\t\t\t<\/div>\n\t\t\t\t\t\t\t\t\n<style>\n#image_1201786939 {\n  width: 50%;\n}\n<\/style>\n\t<\/div>\n\t\n\n\n\t\t<\/div>\n\t\t\t\t\t<\/div>\n\n\t\n\n<\/div>\n<div class=\"is-divider divider clearfix\" style=\"max-width:1500px;background-color:rgb(197, 185, 138);\"><\/div>\n\n<div class=\"row align-middle\"  id=\"row-105229988\">\n\n\n\t<div id=\"col-671427126\" class=\"col medium-6 small-12 large-6\"  >\n\t\t\t\t<div class=\"col-inner\"  >\n\t\t\t\n\t\t\t\n\n<h4><span class=\"title font-weight-bold text-larger\">\u00dcberstr\u00f6meinrichtung WDH 160<br \/><\/span><\/h4>\n<p>Art.-Nr.: <span class=\"addtext\">98165<\/span><\/p>\n<div class=\"ng-tns-c2678926396-3\">\n<div class=\"w-100 h-100\">\n<div class=\"h-100 w-100 d-flex flex-fill\">\n<div id=\"htmlViewer\">\n<p>Wie WDH 100, jedoch Wandh\u00fclse mit Durchmesser 160 mm.<\/p>\n<h4><span class=\"title font-weight-bold text-larger\">bestehend aus:<\/span><\/h4>\n<p>Art.-Nr.: 98212<br \/>Wandh\u00fclse 160\/500<br \/>H\u00fclsenau\u00dfen- : 1D60mm, L = 500 mm<\/p>\n<div class=\"ng-tns-c2678926396-3\">\n<div class=\"w-100 h-100\">\n<div class=\"h-100 w-100 d-flex flex-fill\">\n<div id=\"htmlViewer\">\n<div id=\"scrollcontainer\" class=\"w-100 mb-4 ng-tns-c2678926396-14 scrollbox-autohover mheight-100\">\n<div class=\"ng-tns-c2678926396-14 scrollbox-content-autohover\">\n<div id=\"scrollcontainer\" class=\"w-100 mb-4 ng-tns-c2678926396-137 scrollbox-autohover mheight-100\">\n<div class=\"ng-tns-c2678926396-137 scrollbox-content-autohover\">\n<p>Art.-Nr.: 98221<br \/>Abdeckgitter mit Bodenplatte<br \/>(ben\u00f6tigte Menge f\u00fcr Montage: 2 Gitter)<\/p>\n<\/div>\n<\/div>\n<\/div>\n<\/div>\n<\/div>\n<\/div>\n<\/div>\n<\/div>\n<\/div>\n<\/div>\n<\/div>\n<\/div>\n\n\t\t<\/div>\n\t\t\t\t\t<\/div>\n\n\t\n\n\t<div id=\"col-1584996694\" class=\"col medium-6 small-12 large-6\"  >\n\t\t\t\t<div class=\"col-inner\"  >\n\t\t\t\n\t\t\t\n\n\t<div class=\"img has-hover x md-x lg-x y md-y lg-y\" id=\"image_198993691\">\n\t\t\t\t\t\t\t\t<div class=\"img-inner image-cover dark\" style=\"padding-top:100%;\">\n\t\t\t<img loading=\"lazy\" decoding=\"async\" width=\"1020\" height=\"1020\" src=\"https:\/\/limodor.dev-web.at\/de\/wp-content\/uploads\/sites\/2\/2023\/12\/98165_Ueberstroemeinrichtung-WDH150_zerlegt-1024x1024.png\" class=\"attachment-large size-large\" alt=\"\" srcset=\"https:\/\/limodor.dev-web.at\/de\/wp-content\/uploads\/sites\/2\/2023\/12\/98165_Ueberstroemeinrichtung-WDH150_zerlegt-1024x1024.png 1024w, https:\/\/limodor.dev-web.at\/de\/wp-content\/uploads\/sites\/2\/2023\/12\/98165_Ueberstroemeinrichtung-WDH150_zerlegt-300x300.png 300w, https:\/\/limodor.dev-web.at\/de\/wp-content\/uploads\/sites\/2\/2023\/12\/98165_Ueberstroemeinrichtung-WDH150_zerlegt-150x150.png 150w, https:\/\/limodor.dev-web.at\/de\/wp-content\/uploads\/sites\/2\/2023\/12\/98165_Ueberstroemeinrichtung-WDH150_zerlegt-768x768.png 768w, https:\/\/limodor.dev-web.at\/de\/wp-content\/uploads\/sites\/2\/2023\/12\/98165_Ueberstroemeinrichtung-WDH150_zerlegt-247x247.png 247w, https:\/\/limodor.dev-web.at\/de\/wp-content\/uploads\/sites\/2\/2023\/12\/98165_Ueberstroemeinrichtung-WDH150_zerlegt-510x510.png 510w, https:\/\/limodor.dev-web.at\/de\/wp-content\/uploads\/sites\/2\/2023\/12\/98165_Ueberstroemeinrichtung-WDH150_zerlegt-100x100.png 100w, https:\/\/limodor.dev-web.at\/de\/wp-content\/uploads\/sites\/2\/2023\/12\/98165_Ueberstroemeinrichtung-WDH150_zerlegt.png 1181w\" sizes=\"auto, (max-width: 1020px) 100vw, 1020px\" \/>\t\t\t\t\t\t\n\t\t\t\t\t<\/div>\n\t\t\t\t\t\t\t\t\n<style>\n#image_198993691 {\n  width: 50%;\n}\n<\/style>\n\t<\/div>\n\t\n\n\n\t\t<\/div>\n\t\t\t\t\t<\/div>\n\n\t\n\n<\/div>\n<div class=\"is-divider divider clearfix\" style=\"max-width:1500px;background-color:rgb(197, 185, 138);\"><\/div>\n\n<div class=\"row align-middle\"  id=\"row-755904170\">\n\n\n\t<div id=\"col-1473689221\" class=\"col medium-6 small-12 large-6\"  >\n\t\t\t\t<div class=\"col-inner\"  >\n\t\t\t\n\t\t\t\n\n<h4><span class=\"title font-weight-bold text-larger\">\u00dcberstr\u00f6meinrichtung WDH-S 160<br \/><\/span><\/h4>\n<p>Art.-Nr.: <span class=\"addtext\">98170<\/span><\/p>\n<div class=\"ng-tns-c2678926396-3\">\n<div class=\"w-100 h-100\">\n<div class=\"h-100 w-100 d-flex flex-fill\">\n<div id=\"htmlViewer\">\n<div id=\"scrollcontainer\" class=\"w-100 mb-4 ng-tns-c2678926396-14 scrollbox-autohover mheight-100\">\n<div class=\"ng-tns-c2678926396-14 scrollbox-content-autohover\">\n<p>Schallged\u00e4mmte \u00dcberstr\u00f6meinrichtung mit D: 160 mm. F\u00fcr Wandst\u00e4rken bis 250 mm.<\/p>\n<h4><span class=\"title font-weight-bold text-larger\">bestehend aus:<\/span><\/h4>\n<p>Art.-Nr.: 98216<br \/>Wandh\u00fclse 160-S\/250<br \/>H\u00fclsenau\u00dfen- : 1D60mm, L = 250 mm<\/p>\n<div class=\"ng-tns-c2678926396-3\">\n<div class=\"w-100 h-100\">\n<div class=\"h-100 w-100 d-flex flex-fill\">\n<div id=\"htmlViewer\">\n<div id=\"scrollcontainer\" class=\"w-100 mb-4 ng-tns-c2678926396-14 scrollbox-autohover mheight-100\">\n<div class=\"ng-tns-c2678926396-14 scrollbox-content-autohover\">\n<div id=\"scrollcontainer\" class=\"w-100 mb-4 ng-tns-c2678926396-137 scrollbox-autohover mheight-100\">\n<div class=\"ng-tns-c2678926396-137 scrollbox-content-autohover\">\n<p>Art.-Nr.: 98221<br \/>Abdeckgitter mit Bodenplatte<br \/>(ben\u00f6tigte Menge f\u00fcr Montage: 2 Gitter)<\/p>\n<\/div>\n<\/div>\n<\/div>\n<\/div>\n<\/div>\n<\/div>\n<\/div>\n<\/div>\n<\/div>\n<\/div>\n<\/div>\n<\/div>\n<\/div>\n<\/div>\n\n\t\t<\/div>\n\t\t\t\t\t<\/div>\n\n\t\n\n\t<div id=\"col-1742806790\" class=\"col medium-6 small-12 large-6\"  >\n\t\t\t\t<div class=\"col-inner\"  >\n\t\t\t\n\t\t\t\n\n\t<div class=\"img has-hover x md-x lg-x y md-y lg-y\" id=\"image_243839181\">\n\t\t\t\t\t\t\t\t<div class=\"img-inner image-cover dark\" style=\"padding-top:100%;\">\n\t\t\t<img loading=\"lazy\" decoding=\"async\" width=\"1020\" height=\"1020\" src=\"https:\/\/limodor.dev-web.at\/de\/wp-content\/uploads\/sites\/2\/2023\/12\/98170_Ueberstroemeinrichtung-WDH-S-150_zerlegt-1024x1024.png\" class=\"attachment-large size-large\" alt=\"\" srcset=\"https:\/\/limodor.dev-web.at\/de\/wp-content\/uploads\/sites\/2\/2023\/12\/98170_Ueberstroemeinrichtung-WDH-S-150_zerlegt-1024x1024.png 1024w, https:\/\/limodor.dev-web.at\/de\/wp-content\/uploads\/sites\/2\/2023\/12\/98170_Ueberstroemeinrichtung-WDH-S-150_zerlegt-300x300.png 300w, https:\/\/limodor.dev-web.at\/de\/wp-content\/uploads\/sites\/2\/2023\/12\/98170_Ueberstroemeinrichtung-WDH-S-150_zerlegt-150x150.png 150w, https:\/\/limodor.dev-web.at\/de\/wp-content\/uploads\/sites\/2\/2023\/12\/98170_Ueberstroemeinrichtung-WDH-S-150_zerlegt-768x768.png 768w, https:\/\/limodor.dev-web.at\/de\/wp-content\/uploads\/sites\/2\/2023\/12\/98170_Ueberstroemeinrichtung-WDH-S-150_zerlegt-247x247.png 247w, https:\/\/limodor.dev-web.at\/de\/wp-content\/uploads\/sites\/2\/2023\/12\/98170_Ueberstroemeinrichtung-WDH-S-150_zerlegt-510x510.png 510w, https:\/\/limodor.dev-web.at\/de\/wp-content\/uploads\/sites\/2\/2023\/12\/98170_Ueberstroemeinrichtung-WDH-S-150_zerlegt-100x100.png 100w, https:\/\/limodor.dev-web.at\/de\/wp-content\/uploads\/sites\/2\/2023\/12\/98170_Ueberstroemeinrichtung-WDH-S-150_zerlegt.png 1181w\" sizes=\"auto, (max-width: 1020px) 100vw, 1020px\" \/>\t\t\t\t\t\t\n\t\t\t\t\t<\/div>\n\t\t\t\t\t\t\t\t\n<style>\n#image_243839181 {\n  width: 50%;\n}\n<\/style>\n\t<\/div>\n\t\n\n\n\t\t<\/div>\n\t\t\t\t\t<\/div>\n\n\t\n\n<\/div>\n<div class=\"is-divider divider clearfix\" style=\"max-width:1500px;background-color:rgb(197, 185, 138);\"><\/div>\n\n\n\t\t<\/div>\n\t\t\t\t\t<\/div>\n\n\t\n\n<\/div>\n\n\t\t<\/div>\n\n\t\t\n<style>\n#section_310348700 {\n  padding-top: 0px;\n  padding-bottom: 0px;\n}\n<\/style>\n\t<\/section>\n\t\n\t<section class=\"section\" id=\"section_1697764158\">\n\t\t<div class=\"bg section-bg fill bg-fill  bg-loaded\" >\n\n\t\t\t\n\t\t\t\n\t\t\t\n\n\t\t<\/div>\n\n\t\t\n\n\t\t<div class=\"section-content relative\">\n\t\t\t\n\n<div class=\"row\"  id=\"row-2075560718\">\n\n\n\t<div id=\"col-482424985\" class=\"col no-padding-bottom small-12 large-12\"  >\n\t\t\t\t<div class=\"col-inner\"  >\n\t\t\t\n\t\t\t\n\n<p><strong>AUSSSCHREIBUNGSTEXTE (Link zu ausschreiben.de)<\/strong><\/p>\n<p>\u00dcberstr\u00f6meinrichtung<\/p>\n\n\t\t<\/div>\n\t\t\t\t\t<\/div>\n\n\t\n\n<\/div>\n\n\t\t<\/div>\n\n\t\t\n<style>\n#section_1697764158 {\n  padding-top: 0px;\n  padding-bottom: 0px;\n}\n<\/style>\n\t<\/section>\n\t\n\t<section class=\"section section-space\" id=\"section_567082725\">\n\t\t<div class=\"bg section-bg fill bg-fill  bg-loaded\" >\n\n\t\t\t\n\t\t\t\n\t\t\t\n\n\t\t<\/div>\n\n\t\t\n\n\t\t<div class=\"section-content relative\">\n\t\t\t\n\n<div class=\"row row-collapse align-middle align-right ventilation-system-overview\"  id=\"row-1918549128\">\n\n\n\t<div id=\"col-99947335\" class=\"col medium-6 small-12 large-3\"  >\n\t\t\t\t<div class=\"col-inner\"  >\n\t\t\t\n\t\t\t\n\n\t<div id=\"text-354398324\" class=\"text\">\n\t\t\n\n<p class=\"sub-headline\">Nicht das Richtige gefunden?<\/p>\n\t\t\n<style>\n#text-354398324 {\n  text-align: center;\n}\n@media (min-width:550px) {\n  #text-354398324 {\n    text-align: right;\n  }\n}\n<\/style>\n\t<\/div>\n\t\n\n\t\t<\/div>\n\t\t\t\t\t<\/div>\n\n\t\n\n\t<div id=\"col-258051606\" class=\"col medium-6 small-12 large-3\"  >\n\t\t\t\t<div class=\"col-inner text-center\"  >\n\t\t\t\n\t\t\t\n\n<a href=\"\/de\/lueftungssysteme\" target=\"_self\" class=\"button primary is-outline is-small\"  style=\"border-radius:10px;\">\n    <span>zur\u00fcck zur \u00dcbersicht<\/span>\n  <\/a>\n\n\n\n\t\t<\/div>\n\t\t\t\t\n<style>\n#col-258051606 > .col-inner {\n  padding: 0px 0px 0px 0px;\n  margin: 20px 0px 0px 0px;\n}\n@media (min-width:550px) {\n  #col-258051606 > .col-inner {\n    padding: 0px 0px 0px 30px;\n    margin: 0px 0px 0px 0px;\n  }\n}\n<\/style>\n\t<\/div>\n\n\t\n\n<\/div>\n\n\n\t\t<\/div>\n\n\t\t\n<style>\n#section_567082725 {\n  padding-top: 0px;\n  padding-bottom: 0px;\n}\n<\/style>\n\t<\/section>\n\t\n\n","protected":false},"excerpt":{"rendered":"","protected":false},"author":8,"featured_media":0,"parent":3028,"menu_order":0,"comment_status":"closed","ping_status":"closed","template":"","meta":{"footnotes":""},"class_list":["post-8882","page","type-page","status-publish","hentry"],"acf":[],"yoast_head":"<!-- This site is optimized with the Yoast SEO plugin v27.3 - https:\/\/yoast.com\/product\/yoast-seo-wordpress\/ -->\n<title>\u00dcberstr\u00f6meinrichtung Serie WDH - LIMODOR<\/title>\n<meta name=\"robots\" content=\"noindex, follow, max-snippet:-1, max-image-preview:large, max-video-preview:-1\" \/>\n<meta property=\"og:locale\" content=\"de_DE\" \/>\n<meta property=\"og:type\" content=\"article\" \/>\n<meta property=\"og:title\" content=\"\u00dcberstr\u00f6meinrichtung Serie WDH - LIMODOR\" \/>\n<meta property=\"og:url\" content=\"https:\/\/limodor.dev-web.at\/de\/lueftungen\/lueftungssysteme\/zubehoer-ersatzteile\/ueberstroemeinrichtung-serie-wdh\/\" \/>\n<meta property=\"og:site_name\" content=\"Limodor DE\" \/>\n<meta property=\"article:modified_time\" content=\"2023-12-15T08:54:29+00:00\" \/>\n<meta name=\"twitter:card\" content=\"summary_large_image\" \/>\n<meta name=\"twitter:label1\" content=\"Gesch\u00e4tzte Lesezeit\" \/>\n\t<meta name=\"twitter:data1\" content=\"2\u00a0Minuten\" \/>\n<script type=\"application\/ld+json\" class=\"yoast-schema-graph\">{\"@context\":\"https:\\\/\\\/schema.org\",\"@graph\":[{\"@type\":\"WebPage\",\"@id\":\"https:\\\/\\\/limodor.dev-web.at\\\/de\\\/lueftungen\\\/lueftungssysteme\\\/zubehoer-ersatzteile\\\/ueberstroemeinrichtung-serie-wdh\\\/\",\"url\":\"https:\\\/\\\/limodor.dev-web.at\\\/de\\\/lueftungen\\\/lueftungssysteme\\\/zubehoer-ersatzteile\\\/ueberstroemeinrichtung-serie-wdh\\\/\",\"name\":\"\u00dcberstr\u00f6meinrichtung Serie WDH - LIMODOR\",\"isPartOf\":{\"@id\":\"https:\\\/\\\/limodor.dev-web.at\\\/de\\\/#website\"},\"datePublished\":\"2023-12-15T08:28:18+00:00\",\"dateModified\":\"2023-12-15T08:54:29+00:00\",\"breadcrumb\":{\"@id\":\"https:\\\/\\\/limodor.dev-web.at\\\/de\\\/lueftungen\\\/lueftungssysteme\\\/zubehoer-ersatzteile\\\/ueberstroemeinrichtung-serie-wdh\\\/#breadcrumb\"},\"inLanguage\":\"de\",\"potentialAction\":[{\"@type\":\"ReadAction\",\"target\":[\"https:\\\/\\\/limodor.dev-web.at\\\/de\\\/lueftungen\\\/lueftungssysteme\\\/zubehoer-ersatzteile\\\/ueberstroemeinrichtung-serie-wdh\\\/\"]}]},{\"@type\":\"BreadcrumbList\",\"@id\":\"https:\\\/\\\/limodor.dev-web.at\\\/de\\\/lueftungen\\\/lueftungssysteme\\\/zubehoer-ersatzteile\\\/ueberstroemeinrichtung-serie-wdh\\\/#breadcrumb\",\"itemListElement\":[{\"@type\":\"ListItem\",\"position\":1,\"name\":\"Startseite\",\"item\":\"https:\\\/\\\/limodor.dev-web.at\\\/de\\\/\"},{\"@type\":\"ListItem\",\"position\":2,\"name\":\"L\u00f6sungen\",\"item\":\"https:\\\/\\\/limodor.dev-web.at\\\/de\\\/lueftungen\\\/\"},{\"@type\":\"ListItem\",\"position\":3,\"name\":\"L\u00fcftungssysteme\",\"item\":\"https:\\\/\\\/limodor.dev-web.at\\\/de\\\/lueftungen\\\/lueftungssysteme\\\/\"},{\"@type\":\"ListItem\",\"position\":4,\"name\":\"Zubeh\u00f6r &amp; Ersatzteile\",\"item\":\"https:\\\/\\\/limodor.dev-web.at\\\/de\\\/lueftungen\\\/lueftungssysteme\\\/zubehoer-ersatzteile\\\/\"},{\"@type\":\"ListItem\",\"position\":5,\"name\":\"\u00dcberstr\u00f6meinrichtung Serie WDH\"}]},{\"@type\":\"WebSite\",\"@id\":\"https:\\\/\\\/limodor.dev-web.at\\\/de\\\/#website\",\"url\":\"https:\\\/\\\/limodor.dev-web.at\\\/de\\\/\",\"name\":\"Limodor DE\",\"description\":\"\",\"potentialAction\":[{\"@type\":\"SearchAction\",\"target\":{\"@type\":\"EntryPoint\",\"urlTemplate\":\"https:\\\/\\\/limodor.dev-web.at\\\/de\\\/?s={search_term_string}\"},\"query-input\":{\"@type\":\"PropertyValueSpecification\",\"valueRequired\":true,\"valueName\":\"search_term_string\"}}],\"inLanguage\":\"de\"}]}<\/script>\n<!-- \/ Yoast SEO plugin. -->","yoast_head_json":{"title":"\u00dcberstr\u00f6meinrichtung Serie WDH - LIMODOR","robots":{"index":"noindex","follow":"follow","max-snippet":"max-snippet:-1","max-image-preview":"max-image-preview:large","max-video-preview":"max-video-preview:-1"},"og_locale":"de_DE","og_type":"article","og_title":"\u00dcberstr\u00f6meinrichtung Serie WDH - LIMODOR","og_url":"https:\/\/limodor.dev-web.at\/de\/lueftungen\/lueftungssysteme\/zubehoer-ersatzteile\/ueberstroemeinrichtung-serie-wdh\/","og_site_name":"Limodor DE","article_modified_time":"2023-12-15T08:54:29+00:00","twitter_card":"summary_large_image","twitter_misc":{"Gesch\u00e4tzte Lesezeit":"2\u00a0Minuten"},"schema":{"@context":"https:\/\/schema.org","@graph":[{"@type":"WebPage","@id":"https:\/\/limodor.dev-web.at\/de\/lueftungen\/lueftungssysteme\/zubehoer-ersatzteile\/ueberstroemeinrichtung-serie-wdh\/","url":"https:\/\/limodor.dev-web.at\/de\/lueftungen\/lueftungssysteme\/zubehoer-ersatzteile\/ueberstroemeinrichtung-serie-wdh\/","name":"\u00dcberstr\u00f6meinrichtung Serie WDH - LIMODOR","isPartOf":{"@id":"https:\/\/limodor.dev-web.at\/de\/#website"},"datePublished":"2023-12-15T08:28:18+00:00","dateModified":"2023-12-15T08:54:29+00:00","breadcrumb":{"@id":"https:\/\/limodor.dev-web.at\/de\/lueftungen\/lueftungssysteme\/zubehoer-ersatzteile\/ueberstroemeinrichtung-serie-wdh\/#breadcrumb"},"inLanguage":"de","potentialAction":[{"@type":"ReadAction","target":["https:\/\/limodor.dev-web.at\/de\/lueftungen\/lueftungssysteme\/zubehoer-ersatzteile\/ueberstroemeinrichtung-serie-wdh\/"]}]},{"@type":"BreadcrumbList","@id":"https:\/\/limodor.dev-web.at\/de\/lueftungen\/lueftungssysteme\/zubehoer-ersatzteile\/ueberstroemeinrichtung-serie-wdh\/#breadcrumb","itemListElement":[{"@type":"ListItem","position":1,"name":"Startseite","item":"https:\/\/limodor.dev-web.at\/de\/"},{"@type":"ListItem","position":2,"name":"L\u00f6sungen","item":"https:\/\/limodor.dev-web.at\/de\/lueftungen\/"},{"@type":"ListItem","position":3,"name":"L\u00fcftungssysteme","item":"https:\/\/limodor.dev-web.at\/de\/lueftungen\/lueftungssysteme\/"},{"@type":"ListItem","position":4,"name":"Zubeh\u00f6r &amp; Ersatzteile","item":"https:\/\/limodor.dev-web.at\/de\/lueftungen\/lueftungssysteme\/zubehoer-ersatzteile\/"},{"@type":"ListItem","position":5,"name":"\u00dcberstr\u00f6meinrichtung Serie WDH"}]},{"@type":"WebSite","@id":"https:\/\/limodor.dev-web.at\/de\/#website","url":"https:\/\/limodor.dev-web.at\/de\/","name":"Limodor DE","description":"","potentialAction":[{"@type":"SearchAction","target":{"@type":"EntryPoint","urlTemplate":"https:\/\/limodor.dev-web.at\/de\/?s={search_term_string}"},"query-input":{"@type":"PropertyValueSpecification","valueRequired":true,"valueName":"search_term_string"}}],"inLanguage":"de"}]}},"_links":{"self":[{"href":"https:\/\/limodor.dev-web.at\/de\/wp-json\/wp\/v2\/pages\/8882","targetHints":{"allow":["GET"]}}],"collection":[{"href":"https:\/\/limodor.dev-web.at\/de\/wp-json\/wp\/v2\/pages"}],"about":[{"href":"https:\/\/limodor.dev-web.at\/de\/wp-json\/wp\/v2\/types\/page"}],"author":[{"embeddable":true,"href":"https:\/\/limodor.dev-web.at\/de\/wp-json\/wp\/v2\/users\/8"}],"replies":[{"embeddable":true,"href":"https:\/\/limodor.dev-web.at\/de\/wp-json\/wp\/v2\/comments?post=8882"}],"version-history":[{"count":10,"href":"https:\/\/limodor.dev-web.at\/de\/wp-json\/wp\/v2\/pages\/8882\/revisions"}],"predecessor-version":[{"id":8902,"href":"https:\/\/limodor.dev-web.at\/de\/wp-json\/wp\/v2\/pages\/8882\/revisions\/8902"}],"up":[{"embeddable":true,"href":"https:\/\/limodor.dev-web.at\/de\/wp-json\/wp\/v2\/pages\/3028"}],"wp:attachment":[{"href":"https:\/\/limodor.dev-web.at\/de\/wp-json\/wp\/v2\/media?parent=8882"}],"curies":[{"name":"wp","href":"https:\/\/api.w.org\/{rel}","templated":true}]}}