{"id":964,"date":"2023-07-13T16:22:32","date_gmt":"2023-07-13T14:22:32","guid":{"rendered":"https:\/\/limodor.dev-web.at\/de\/wissenswertes\/"},"modified":"2023-10-25T01:18:43","modified_gmt":"2023-10-24T23:18:43","slug":"wissenswertes","status":"publish","type":"page","link":"https:\/\/limodor.dev-web.at\/de\/wissenswertes\/","title":{"rendered":"Wissenswertes"},"content":{"rendered":"\n\t<section class=\"section wave\" id=\"section_1241234118\">\n\t\t<div class=\"bg section-bg fill bg-fill  \" >\n\n\t\t\t\n\t\t\t\n\t\t\t\n\n\t\t<\/div>\n\n\t\t\n\n\t\t<div class=\"section-content relative\">\n\t\t\t\n\n\n\t\t<\/div>\n\n\t\t\n<style>\n#section_1241234118 {\n  padding-top: 0px;\n  padding-bottom: 0px;\n  min-height: 75vh;\n}\n#section_1241234118 .section-bg.bg-loaded {\n  background-image: url(https:\/\/limodor.dev-web.at\/de\/wp-content\/uploads\/sites\/2\/2023\/10\/Realsituation_7-2.jpg);\n}\n#section_1241234118 .section-bg {\n  background-position: 31% 28%;\n}\n<\/style>\n\t<\/section>\n\t\n\t<section class=\"section section-space\" id=\"section_1203923110\">\n\t\t<div class=\"bg section-bg fill bg-fill  bg-loaded\" >\n\n\t\t\t\n\t\t\t\n\t\t\t\n\n\t\t<\/div>\n\n\t\t\n\n\t\t<div class=\"section-content relative\">\n\t\t\t\n\n<div class=\"row row-collapse align-center\"  id=\"row-220999091\">\n\n\n\t<div id=\"col-865180259\" class=\"col medium-8 small-12 large-8\"  >\n\t\t\t\t<div class=\"col-inner text-center\"  >\n\t\t\t\n\t\t\t\n\n<h1>Wissenswertes<\/h1>\n<p>Alle LIMODOR-Produkte sind einfach zu bedienen und leicht einzubauen. Das garantiert frische Luft f\u00fcr alle ohne gro\u00dfen Aufwand. Alle Antworten auf FAQ\u00b4s, Trends und L\u00f6sungen der Zukunft gibt es hier.<\/p>\n\n\t\t<\/div>\n\t\t\t\t\t<\/div>\n\n\t\n\n<\/div>\n\n\t\t<\/div>\n\n\t\t\n<style>\n#section_1203923110 {\n  padding-top: 0px;\n  padding-bottom: 0px;\n}\n<\/style>\n\t<\/section>\n\t\n\t<section class=\"section section-space\" id=\"section_1228502626\">\n\t\t<div class=\"bg section-bg fill bg-fill  bg-loaded\" >\n\n\t\t\t\n\t\t\t\n\t\t\t\n\n\t\t<\/div>\n\n\t\t\n\n\t\t<div class=\"section-content relative\">\n\t\t\t\n\n<div class=\"row row-collapse align-middle\"  id=\"row-482015889\">\n\n\n\t<div id=\"col-1477819560\" class=\"col medium-6 small-12 large-6\"  >\n\t\t\t\t<div class=\"col-inner\"  >\n\t\t\t\n\t\t\t\n\n<h3>FAQ<\/h3>\n<p>Alle Antworten zu unseren bew\u00e4hrten L\u00fcftungsl\u00f6sungen, Systemen und unserem Service auf einem Blick.<\/p>\n<a href=\"\/de\/faq\/\" target=\"_self\" class=\"button primary is-outline\"  style=\"border-radius:10px;\">\n    <span>mehr erfahren<\/span>\n  <\/a>\n\n\n\n\t\t<\/div>\n\t\t\t\t\n<style>\n#col-1477819560 > .col-inner {\n  padding: 20px 15px 0px 15px;\n}\n@media (min-width:550px) {\n  #col-1477819560 > .col-inner {\n    padding: 0px 40px 0px 0px;\n  }\n}\n<\/style>\n\t<\/div>\n\n\t\n\n\t<div id=\"col-331736746\" class=\"col medium-6 small-12 large-6 medium-col-first\"  >\n\t\t\t\t<div class=\"col-inner\"  >\n\t\t\t\n\t\t\t\n\n\t<div class=\"img has-hover rounded-edges x md-x lg-x y md-y lg-y\" id=\"image_878444986\">\n\t\t\t\t\t\t\t\t<div class=\"img-inner image-cover dark\" style=\"padding-top:56.25%;\">\n\t\t\t<img loading=\"lazy\" decoding=\"async\" width=\"2560\" height=\"1707\" src=\"https:\/\/limodor.dev-web.at\/de\/wp-content\/uploads\/sites\/2\/2023\/09\/Limodor_Header_Home-scaled.jpg\" class=\"attachment-original size-original\" alt=\"\" srcset=\"https:\/\/limodor.dev-web.at\/de\/wp-content\/uploads\/sites\/2\/2023\/09\/Limodor_Header_Home-scaled.jpg 2560w, https:\/\/limodor.dev-web.at\/de\/wp-content\/uploads\/sites\/2\/2023\/09\/Limodor_Header_Home-300x200.jpg 300w, https:\/\/limodor.dev-web.at\/de\/wp-content\/uploads\/sites\/2\/2023\/09\/Limodor_Header_Home-1024x683.jpg 1024w, https:\/\/limodor.dev-web.at\/de\/wp-content\/uploads\/sites\/2\/2023\/09\/Limodor_Header_Home-768x512.jpg 768w, https:\/\/limodor.dev-web.at\/de\/wp-content\/uploads\/sites\/2\/2023\/09\/Limodor_Header_Home-1536x1024.jpg 1536w, https:\/\/limodor.dev-web.at\/de\/wp-content\/uploads\/sites\/2\/2023\/09\/Limodor_Header_Home-2048x1365.jpg 2048w, https:\/\/limodor.dev-web.at\/de\/wp-content\/uploads\/sites\/2\/2023\/09\/Limodor_Header_Home-510x340.jpg 510w\" sizes=\"auto, (max-width: 2560px) 100vw, 2560px\" \/>\t\t\t\t\t\t\n\t\t\t\t\t<\/div>\n\t\t\t\t\t\t\t\t\n<style>\n#image_878444986 {\n  width: 100%;\n}\n<\/style>\n\t<\/div>\n\t\n\n\n\t\t<\/div>\n\t\t\t\t\t<\/div>\n\n\t\n\n<\/div>\n\n\t\t<\/div>\n\n\t\t\n<style>\n#section_1228502626 {\n  padding-top: 0px;\n  padding-bottom: 0px;\n}\n<\/style>\n\t<\/section>\n\t\n\t<section class=\"section\" id=\"section_197672996\">\n\t\t<div class=\"bg section-bg fill bg-fill  bg-loaded\" >\n\n\t\t\t\n\t\t\t\n\t\t\t\n\n\t\t<\/div>\n\n\t\t\n\n\t\t<div class=\"section-content relative\">\n\t\t\t\n\n<div class=\"row row-collapse row-full-width\"  id=\"row-198254045\">\n\n\n\t<div id=\"col-759775529\" class=\"col medium-8 small-12 large-8\"  >\n\t\t\t\t<div class=\"col-inner\"  >\n\t\t\t\n\t\t\t\n\n<div class=\"e5-news-slider-container\"><div class=\"e5-slider-elements owl-carousel owl-theme\"><div class=\"e5-slider-element-container\"><div class=\"e5-slider-element\"><div class=\"e5-slider-img\"><a href=\"https:\/\/limodor.dev-web.at\/de\/2025\/10\/27\/energiespartipps-fuer-die-kalte-jahreszeit\/\"><div class=\"slider-img\" style=\"background-image: url(https:\/\/limodor.dev-web.at\/de\/wp-content\/uploads\/sites\/2\/2025\/10\/shutterstock_2176704975-min-scaled.jpg);\"><\/div><\/a><\/div><div class=\"e5-slider-content\"><div class=\"e5-slider-title\"><span>Energiespartipps f\u00fcr die kalte Jahreszeit<\/span><\/div><div class=\"e5-slider-text\"><span>In der kalten Jahreszeit steigt oft der Energieverbrauch, doch schon kleine Ma\u00df...<\/span><\/div><div class=\"e5-slider-button\"><a class=\"button primary is-outline\" href=\"https:\/\/limodor.dev-web.at\/de\/2025\/10\/27\/energiespartipps-fuer-die-kalte-jahreszeit\/\"><span>Mehr lesen<\/span><\/a><\/div><\/div><\/div><\/div><div class=\"e5-slider-element-container\"><div class=\"e5-slider-element\"><div class=\"e5-slider-img\"><a href=\"https:\/\/limodor.dev-web.at\/de\/2025\/04\/29\/gesundes-kellerklima-im-sommer\/\"><div class=\"slider-img\" style=\"background-image: url(https:\/\/limodor.dev-web.at\/de\/wp-content\/uploads\/sites\/2\/2025\/04\/Titelbild_1.png);\"><\/div><\/a><\/div><div class=\"e5-slider-content\"><div class=\"e5-slider-title\"><span>Gesundes Kellerklima im Sommer<\/span><\/div><div class=\"e5-slider-text\"><span>Mit den ersten warmen Tagen w\u00e4chst oft der Wunsch, den Keller gr\u00fcndlich zu l\u00fc...<\/span><\/div><div class=\"e5-slider-button\"><a class=\"button primary is-outline\" href=\"https:\/\/limodor.dev-web.at\/de\/2025\/04\/29\/gesundes-kellerklima-im-sommer\/\"><span>Mehr lesen<\/span><\/a><\/div><\/div><\/div><\/div><div class=\"e5-slider-element-container\"><div class=\"e5-slider-element\"><div class=\"e5-slider-img\"><a href=\"https:\/\/limodor.dev-web.at\/de\/2025\/04\/18\/frische-luft-ohne-husten-und-rinnender-nase\/\"><div class=\"slider-img\" style=\"background-image: url(https:\/\/limodor.dev-web.at\/de\/wp-content\/uploads\/sites\/2\/2025\/04\/thumb-Foto-Pollenallergie.jpg);\"><\/div><\/a><\/div><div class=\"e5-slider-content\"><div class=\"e5-slider-title\"><span>Frische Luft ohne Husten und rinnender Nase<\/span><\/div><div class=\"e5-slider-text\"><span>L\u00fcfter von Limodor schaffen durch die verschiedenen Filtersysteme ein Raumklima...<\/span><\/div><div class=\"e5-slider-button\"><a class=\"button primary is-outline\" href=\"https:\/\/limodor.dev-web.at\/de\/2025\/04\/18\/frische-luft-ohne-husten-und-rinnender-nase\/\"><span>Mehr lesen<\/span><\/a><\/div><\/div><\/div><\/div><div class=\"e5-slider-element-container\"><div class=\"e5-slider-element\"><div class=\"e5-slider-img\"><a href=\"https:\/\/limodor.dev-web.at\/de\/2025\/03\/25\/ish\/\"><div class=\"slider-img\" style=\"background-image: url(https:\/\/limodor.dev-web.at\/de\/wp-content\/uploads\/sites\/2\/2025\/03\/Limodor-Messestand-ISH.jpg);\"><\/div><\/a><\/div><div class=\"e5-slider-content\"><div class=\"e5-slider-title\"><span>Das war die ISH 2025<\/span><\/div><div class=\"e5-slider-text\"><span>Unser R\u00fcckblick f\u00fcr die ISH Messe - die weltgr\u00f6\u00dfte Messe f\u00fcr Sanit\u00e4r, Heiz...<\/span><\/div><div class=\"e5-slider-button\"><a class=\"button primary is-outline\" href=\"https:\/\/limodor.dev-web.at\/de\/2025\/03\/25\/ish\/\"><span>Mehr lesen<\/span><\/a><\/div><\/div><\/div><\/div><div class=\"e5-slider-element-container\"><div class=\"e5-slider-element\"><div class=\"e5-slider-img\"><a href=\"https:\/\/limodor.dev-web.at\/de\/2025\/03\/17\/natuerlich-innovativ-limodor-one\/\"><div class=\"slider-img\" style=\"background-image: url(https:\/\/limodor.dev-web.at\/de\/wp-content\/uploads\/sites\/2\/2025\/03\/LimodorOne-News.jpg);\"><\/div><\/a><\/div><div class=\"e5-slider-content\"><div class=\"e5-slider-title\"><span>LIMODOR ONE<\/span><\/div><div class=\"e5-slider-text\"><span>Der neue LIMODOR ONE macht\nInstallation und Betrieb so\neinfach wie nie....<\/span><\/div><div class=\"e5-slider-button\"><a class=\"button primary is-outline\" href=\"https:\/\/limodor.dev-web.at\/de\/2025\/03\/17\/natuerlich-innovativ-limodor-one\/\"><span>Mehr lesen<\/span><\/a><\/div><\/div><\/div><\/div><div class=\"e5-slider-element-container\"><div class=\"e5-slider-element\"><div class=\"e5-slider-img\"><a href=\"https:\/\/limodor.dev-web.at\/de\/2023\/10\/11\/husten-oder-durchatmen-wohlfuehlfaktor-saubere-luft\/\"><div class=\"slider-img\" style=\"background-image: url(https:\/\/limodor.dev-web.at\/de\/wp-content\/uploads\/sites\/2\/2023\/10\/Staub-scaled.jpg);\"><\/div><\/a><\/div><div class=\"e5-slider-content\"><div class=\"e5-slider-title\"><span>Husten oder durchatmen? Wohlf\u00fchlfaktor saubere Luft<\/span><\/div><div class=\"e5-slider-text\"><span>Saubere Luft enth\u00e4lt 78 % Stickstoff, 21 % Sauerstoff, 0,9% Argon und...<\/span><\/div><div class=\"e5-slider-button\"><a class=\"button primary is-outline\" href=\"https:\/\/limodor.dev-web.at\/de\/2023\/10\/11\/husten-oder-durchatmen-wohlfuehlfaktor-saubere-luft\/\"><span>Mehr lesen<\/span><\/a><\/div><\/div><\/div><\/div><div class=\"e5-slider-element-container\"><div class=\"e5-slider-element\"><div class=\"e5-slider-img\"><a href=\"https:\/\/limodor.dev-web.at\/de\/2023\/10\/10\/husten-oder-durchatmen-passende-feuchte\/\"><div class=\"slider-img\" style=\"background-image: url(https:\/\/limodor.dev-web.at\/de\/wp-content\/uploads\/sites\/2\/2023\/10\/Hygrometer-scaled.jpg);\"><\/div><\/a><\/div><div class=\"e5-slider-content\"><div class=\"e5-slider-title\"><span>Husten oder durchatmen? Wohlf\u00fchlfaktor Luftfeuchtigkeit<\/span><\/div><div class=\"e5-slider-text\"><span>Zu hohe Luftfeuchtigkeit empfinden wir als dr\u00fcckend. Zudem ist sie hygienisch...<\/span><\/div><div class=\"e5-slider-button\"><a class=\"button primary is-outline\" href=\"https:\/\/limodor.dev-web.at\/de\/2023\/10\/10\/husten-oder-durchatmen-passende-feuchte\/\"><span>Mehr lesen<\/span><\/a><\/div><\/div><\/div><\/div><div class=\"e5-slider-element-container\"><div class=\"e5-slider-element\"><div class=\"e5-slider-img\"><a href=\"https:\/\/limodor.dev-web.at\/de\/2023\/10\/05\/hustest-du-noch-oder-atmest-du-schon-durch\/\"><div class=\"slider-img\" style=\"background-image: url(https:\/\/limodor.dev-web.at\/de\/wp-content\/uploads\/sites\/2\/2023\/10\/Thermometer.jpg);\"><\/div><\/a><\/div><div class=\"e5-slider-content\"><div class=\"e5-slider-title\"><span>Husten oder Durchatmen? Wohlf\u00fchlfaktor Raumtemperatur<\/span><\/div><div class=\"e5-slider-text\"><span>\u201eEher k\u00fchler als zu warm\u201c lautet meist eine einfache Faustformel. Die wahrg...<\/span><\/div><div class=\"e5-slider-button\"><a class=\"button primary is-outline\" href=\"https:\/\/limodor.dev-web.at\/de\/2023\/10\/05\/hustest-du-noch-oder-atmest-du-schon-durch\/\"><span>Mehr lesen<\/span><\/a><\/div><\/div><\/div><\/div><div class=\"e5-slider-element-container\"><div class=\"e5-slider-element\"><div class=\"e5-slider-img\"><a href=\"https:\/\/limodor.dev-web.at\/de\/2022\/11\/16\/news-beitrag-5\/\"><div class=\"slider-img\" style=\"background-image: url(https:\/\/limodor.dev-web.at\/de\/wp-content\/uploads\/sites\/2\/2023\/08\/csm_Kampagne_Herbst_2022_AdobeStock_320824429_22bb828887.jpeg.webp);\"><\/div><\/a><\/div><div class=\"e5-slider-content\"><div class=\"e5-slider-title\"><span>L\u00fcften und Energiesparen<\/span><\/div><div class=\"e5-slider-text\"><span>Was sorgt optimal f\u00fcr Frischluft und spart dabei maximal Energie? Wir haben rec...<\/span><\/div><div class=\"e5-slider-button\"><a class=\"button primary is-outline\" href=\"https:\/\/limodor.dev-web.at\/de\/2022\/11\/16\/news-beitrag-5\/\"><span>Mehr lesen<\/span><\/a><\/div><\/div><\/div><\/div><div class=\"e5-slider-element-container\"><div class=\"e5-slider-element\"><div class=\"e5-slider-img\"><a href=\"https:\/\/limodor.dev-web.at\/de\/2021\/09\/28\/sos-aus-dem-untergeschoss\/\"><div class=\"slider-img\" style=\"background-image: url(https:\/\/limodor.dev-web.at\/de\/wp-content\/uploads\/sites\/2\/2023\/08\/csm_Blog-Coverbild_f4521ce246.jpg.webp);\"><\/div><\/a><\/div><div class=\"e5-slider-content\"><div class=\"e5-slider-title\"><span>SOS aus dem Untergescho\u00df<\/span><\/div><div class=\"e5-slider-text\"><span>Alle Jahre wieder und keiner wei\u00df warum: Urpl\u00f6tzlich beginnt der Schimmel im K...<\/span><\/div><div class=\"e5-slider-button\"><a class=\"button primary is-outline\" href=\"https:\/\/limodor.dev-web.at\/de\/2021\/09\/28\/sos-aus-dem-untergeschoss\/\"><span>Mehr lesen<\/span><\/a><\/div><\/div><\/div><\/div><\/div><div class=\"e5-slider-navigation\"><img decoding=\"async\" alt=\"Pfeil links\" class=\"arrow-left\" src=\"https:\/\/limodor.dev-web.at\/de\/wp-content\/mu-plugins\/limodor\/images\/right-arrow.svg\" \/><img decoding=\"async\" alt=\"Pfeil rechts\" class=\"arrow-right\" src=\"https:\/\/limodor.dev-web.at\/de\/wp-content\/mu-plugins\/limodor\/images\/right-arrow.svg\" \/><\/div><\/div>\n\n\n\t\t<\/div>\n\t\t\t\t\t<\/div>\n\n\t\n\n\t<div id=\"col-274288720\" class=\"col medium-4 small-12 large-4 small-col-first\"  >\n\t\t\t\t<div class=\"col-inner\"  >\n\t\t\t\n\t\t\t\n\n<h2>News<\/h2>\n<p>Ob smarte Innovationen, Trend, Produktneuheit, Interessantes aus dem LIMODOR-Team \u2013 alles kurz und knackig hier zu finden.<\/p>\n<a href=\"\/de\/news\/\" target=\"_self\" class=\"button primary is-outline\"  style=\"border-radius:10px;\">\n    <span>mehr lesen<\/span>\n  <\/a>\n\n\n\n\t\t<\/div>\n\t\t\t\t\n<style>\n#col-274288720 > .col-inner {\n  padding: 0px 20px 0px 20px;\n  margin: 0px 0px 35px 0px;\n}\n@media (min-width:550px) {\n  #col-274288720 > .col-inner {\n    padding: 0px 50px 0px 40px;\n  }\n}\n@media (min-width:850px) {\n  #col-274288720 > .col-inner {\n    padding: 0px 60px 0px 60px;\n  }\n}\n<\/style>\n\t<\/div>\n\n\t\n\n<\/div>\n\n\t\t<\/div>\n\n\t\t\n<style>\n#section_197672996 {\n  padding-top: 30px;\n  padding-bottom: 30px;\n}\n<\/style>\n\t<\/section>\n\t\n\n","protected":false},"excerpt":{"rendered":"","protected":false},"author":1,"featured_media":0,"parent":0,"menu_order":0,"comment_status":"closed","ping_status":"closed","template":"page-blank.php","meta":{"footnotes":""},"class_list":["post-964","page","type-page","status-publish","hentry"],"acf":[],"yoast_head":"<!-- This site is optimized with the Yoast SEO plugin v27.3 - https:\/\/yoast.com\/product\/yoast-seo-wordpress\/ -->\n<title>Wissenswertes - LIMODOR<\/title>\n<meta name=\"robots\" content=\"noindex, follow, max-snippet:-1, max-image-preview:large, max-video-preview:-1\" \/>\n<meta property=\"og:locale\" content=\"de_DE\" \/>\n<meta property=\"og:type\" content=\"article\" \/>\n<meta property=\"og:title\" content=\"Wissenswertes - LIMODOR\" \/>\n<meta property=\"og:url\" content=\"https:\/\/limodor.dev-web.at\/de\/wissenswertes\/\" \/>\n<meta property=\"og:site_name\" content=\"Limodor DE\" \/>\n<meta property=\"article:modified_time\" content=\"2023-10-24T23:18:43+00:00\" \/>\n<meta name=\"twitter:card\" content=\"summary_large_image\" \/>\n<meta name=\"twitter:label1\" content=\"Gesch\u00e4tzte Lesezeit\" \/>\n\t<meta name=\"twitter:data1\" content=\"2\u00a0Minuten\" \/>\n<script type=\"application\/ld+json\" class=\"yoast-schema-graph\">{\"@context\":\"https:\\\/\\\/schema.org\",\"@graph\":[{\"@type\":\"WebPage\",\"@id\":\"https:\\\/\\\/limodor.dev-web.at\\\/de\\\/wissenswertes\\\/\",\"url\":\"https:\\\/\\\/limodor.dev-web.at\\\/de\\\/wissenswertes\\\/\",\"name\":\"Wissenswertes - LIMODOR\",\"isPartOf\":{\"@id\":\"https:\\\/\\\/limodor.dev-web.at\\\/de\\\/#website\"},\"datePublished\":\"2023-07-13T14:22:32+00:00\",\"dateModified\":\"2023-10-24T23:18:43+00:00\",\"breadcrumb\":{\"@id\":\"https:\\\/\\\/limodor.dev-web.at\\\/de\\\/wissenswertes\\\/#breadcrumb\"},\"inLanguage\":\"de\",\"potentialAction\":[{\"@type\":\"ReadAction\",\"target\":[\"https:\\\/\\\/limodor.dev-web.at\\\/de\\\/wissenswertes\\\/\"]}]},{\"@type\":\"BreadcrumbList\",\"@id\":\"https:\\\/\\\/limodor.dev-web.at\\\/de\\\/wissenswertes\\\/#breadcrumb\",\"itemListElement\":[{\"@type\":\"ListItem\",\"position\":1,\"name\":\"Startseite\",\"item\":\"https:\\\/\\\/limodor.dev-web.at\\\/de\\\/\"},{\"@type\":\"ListItem\",\"position\":2,\"name\":\"Wissenswertes\"}]},{\"@type\":\"WebSite\",\"@id\":\"https:\\\/\\\/limodor.dev-web.at\\\/de\\\/#website\",\"url\":\"https:\\\/\\\/limodor.dev-web.at\\\/de\\\/\",\"name\":\"Limodor DE\",\"description\":\"\",\"potentialAction\":[{\"@type\":\"SearchAction\",\"target\":{\"@type\":\"EntryPoint\",\"urlTemplate\":\"https:\\\/\\\/limodor.dev-web.at\\\/de\\\/?s={search_term_string}\"},\"query-input\":{\"@type\":\"PropertyValueSpecification\",\"valueRequired\":true,\"valueName\":\"search_term_string\"}}],\"inLanguage\":\"de\"}]}<\/script>\n<!-- \/ Yoast SEO plugin. -->","yoast_head_json":{"title":"Wissenswertes - LIMODOR","robots":{"index":"noindex","follow":"follow","max-snippet":"max-snippet:-1","max-image-preview":"max-image-preview:large","max-video-preview":"max-video-preview:-1"},"og_locale":"de_DE","og_type":"article","og_title":"Wissenswertes - LIMODOR","og_url":"https:\/\/limodor.dev-web.at\/de\/wissenswertes\/","og_site_name":"Limodor DE","article_modified_time":"2023-10-24T23:18:43+00:00","twitter_card":"summary_large_image","twitter_misc":{"Gesch\u00e4tzte Lesezeit":"2\u00a0Minuten"},"schema":{"@context":"https:\/\/schema.org","@graph":[{"@type":"WebPage","@id":"https:\/\/limodor.dev-web.at\/de\/wissenswertes\/","url":"https:\/\/limodor.dev-web.at\/de\/wissenswertes\/","name":"Wissenswertes - LIMODOR","isPartOf":{"@id":"https:\/\/limodor.dev-web.at\/de\/#website"},"datePublished":"2023-07-13T14:22:32+00:00","dateModified":"2023-10-24T23:18:43+00:00","breadcrumb":{"@id":"https:\/\/limodor.dev-web.at\/de\/wissenswertes\/#breadcrumb"},"inLanguage":"de","potentialAction":[{"@type":"ReadAction","target":["https:\/\/limodor.dev-web.at\/de\/wissenswertes\/"]}]},{"@type":"BreadcrumbList","@id":"https:\/\/limodor.dev-web.at\/de\/wissenswertes\/#breadcrumb","itemListElement":[{"@type":"ListItem","position":1,"name":"Startseite","item":"https:\/\/limodor.dev-web.at\/de\/"},{"@type":"ListItem","position":2,"name":"Wissenswertes"}]},{"@type":"WebSite","@id":"https:\/\/limodor.dev-web.at\/de\/#website","url":"https:\/\/limodor.dev-web.at\/de\/","name":"Limodor DE","description":"","potentialAction":[{"@type":"SearchAction","target":{"@type":"EntryPoint","urlTemplate":"https:\/\/limodor.dev-web.at\/de\/?s={search_term_string}"},"query-input":{"@type":"PropertyValueSpecification","valueRequired":true,"valueName":"search_term_string"}}],"inLanguage":"de"}]}},"_links":{"self":[{"href":"https:\/\/limodor.dev-web.at\/de\/wp-json\/wp\/v2\/pages\/964","targetHints":{"allow":["GET"]}}],"collection":[{"href":"https:\/\/limodor.dev-web.at\/de\/wp-json\/wp\/v2\/pages"}],"about":[{"href":"https:\/\/limodor.dev-web.at\/de\/wp-json\/wp\/v2\/types\/page"}],"author":[{"embeddable":true,"href":"https:\/\/limodor.dev-web.at\/de\/wp-json\/wp\/v2\/users\/1"}],"replies":[{"embeddable":true,"href":"https:\/\/limodor.dev-web.at\/de\/wp-json\/wp\/v2\/comments?post=964"}],"version-history":[{"count":0,"href":"https:\/\/limodor.dev-web.at\/de\/wp-json\/wp\/v2\/pages\/964\/revisions"}],"wp:attachment":[{"href":"https:\/\/limodor.dev-web.at\/de\/wp-json\/wp\/v2\/media?parent=964"}],"curies":[{"name":"wp","href":"https:\/\/api.w.org\/{rel}","templated":true}]}}