{"id":32599,"date":"2025-04-03T17:15:13","date_gmt":"2025-04-03T15:15:13","guid":{"rendered":"https:\/\/www.limodor.com\/de\/?post_type=product&#038;p=32599"},"modified":"2026-04-17T19:02:37","modified_gmt":"2026-04-17T17:02:37","slug":"lueftereinsatz-airvital-prime","status":"publish","type":"product","link":"https:\/\/limodor.dev-web.at\/de\/produkt\/lueftereinsatz-airvital-prime\/","title":{"rendered":"L\u00fcftereinsatz AirVital Prime"},"content":{"rendered":"","protected":false},"excerpt":{"rendered":"<p>L\u00fcftereinsatz f\u00fcr Unterputzkasten AirVital Prime mit einer W\u00e4rmer\u00fcckgewinnung von bis zu 94 % (Messwerte nach DIN 13141-8), 75% W\u00e4rmebereitstellungsgrad am Referenzvolumenstrom 45 m3\/h, SEV-Klasse A (SEV-Wert -35,3 kWh\/(m2xa) in Verbindung mit integrierten Temperatur- und Feuchtesensor. Integrierte Sommerl\u00fcftungsfunktion mit Zeitfunktion (Timerfunktion), Wochenzeitprogramm, Bedienung \u00fcber kostenfreie Mobil-App oder Multifunktionsfernbedienung (Zubeh\u00f6r), Betriebsstundenz\u00e4hler, permanente Funktions\u00fcberwachung mit St\u00f6rmeldeanzeige, automatische Kondensatentleerung \u00fcber Fortluftrohr, Filterwechselanzeige, Frostschutzsicherung und Luftklappensteuerung. Filter der Filterklasse ePM10 65% f\u00fcr Zu- und Abluft. Optional h\u00f6here Zuluft-Filterklassen ePM10 85% (Zubeh\u00f6r) erh\u00e4ltlich.<\/p>\n","protected":false},"featured_media":32600,"template":"","meta":[],"product_brand":[],"product_cat":[21,138],"product_tag":[],"class_list":{"0":"post-32599","1":"product","2":"type-product","3":"status-publish","4":"has-post-thumbnail","6":"product_cat-produktbezeichnung","7":"product_cat-airvital-prime","9":"first","10":"instock","11":"taxable","12":"shipping-taxable","13":"purchasable","14":"product-type-simple"},"acf":[],"yoast_head":"<!-- This site is optimized with the Yoast SEO plugin v27.3 - https:\/\/yoast.com\/product\/yoast-seo-wordpress\/ -->\n<title>L\u00fcftereinsatz AirVital Prime - LIMODOR<\/title>\n<meta name=\"robots\" content=\"noindex, follow, max-snippet:-1, max-image-preview:large, max-video-preview:-1\" \/>\n<meta property=\"og:locale\" content=\"de_DE\" \/>\n<meta property=\"og:type\" content=\"article\" \/>\n<meta property=\"og:title\" content=\"L\u00fcftereinsatz AirVital Prime - LIMODOR\" \/>\n<meta property=\"og:description\" content=\"L\u00fcftereinsatz f\u00fcr Unterputzkasten AirVital Prime mit einer W\u00e4rmer\u00fcckgewinnung von bis zu 94 % (Messwerte nach DIN 13141-8), 75% W\u00e4rmebereitstellungsgrad am Referenzvolumenstrom 45 m3\/h, SEV-Klasse A (SEV-Wert -35,3 kWh\/(m2xa) in Verbindung mit integrierten Temperatur- und Feuchtesensor. Integrierte Sommerl\u00fcftungsfunktion mit Zeitfunktion (Timerfunktion), Wochenzeitprogramm, Bedienung \u00fcber kostenfreie Mobil-App oder Multifunktionsfernbedienung (Zubeh\u00f6r), Betriebsstundenz\u00e4hler, permanente Funktions\u00fcberwachung mit St\u00f6rmeldeanzeige, automatische Kondensatentleerung \u00fcber Fortluftrohr, Filterwechselanzeige, Frostschutzsicherung und Luftklappensteuerung. Filter der Filterklasse ePM10 65% f\u00fcr Zu- und Abluft. Optional h\u00f6here Zuluft-Filterklassen ePM10 85% (Zubeh\u00f6r) erh\u00e4ltlich.\" \/>\n<meta property=\"og:url\" content=\"https:\/\/limodor.dev-web.at\/de\/produkt\/lueftereinsatz-airvital-prime\/\" \/>\n<meta property=\"og:site_name\" content=\"Limodor DE\" \/>\n<meta property=\"article:modified_time\" content=\"2026-04-17T17:02:37+00:00\" \/>\n<meta property=\"og:image\" content=\"https:\/\/limodor.dev-web.at\/de\/wp-content\/uploads\/sites\/2\/2025\/04\/DE38072_Luefereinsatz-AirVital-Prime.png\" \/>\n\t<meta property=\"og:image:width\" content=\"1181\" \/>\n\t<meta property=\"og:image:height\" content=\"1181\" \/>\n\t<meta property=\"og:image:type\" content=\"image\/png\" \/>\n<meta name=\"twitter:card\" content=\"summary_large_image\" \/>\n<meta name=\"twitter:label1\" content=\"Gesch\u00e4tzte Lesezeit\" \/>\n\t<meta name=\"twitter:data1\" content=\"1\u00a0Minute\" \/>\n<script type=\"application\/ld+json\" class=\"yoast-schema-graph\">{\"@context\":\"https:\\\/\\\/schema.org\",\"@graph\":[{\"@type\":\"WebPage\",\"@id\":\"https:\\\/\\\/limodor.dev-web.at\\\/de\\\/produkt\\\/lueftereinsatz-airvital-prime\\\/\",\"url\":\"https:\\\/\\\/limodor.dev-web.at\\\/de\\\/produkt\\\/lueftereinsatz-airvital-prime\\\/\",\"name\":\"L\u00fcftereinsatz AirVital Prime - LIMODOR\",\"isPartOf\":{\"@id\":\"https:\\\/\\\/limodor.dev-web.at\\\/de\\\/#website\"},\"primaryImageOfPage\":{\"@id\":\"https:\\\/\\\/limodor.dev-web.at\\\/de\\\/produkt\\\/lueftereinsatz-airvital-prime\\\/#primaryimage\"},\"image\":{\"@id\":\"https:\\\/\\\/limodor.dev-web.at\\\/de\\\/produkt\\\/lueftereinsatz-airvital-prime\\\/#primaryimage\"},\"thumbnailUrl\":\"https:\\\/\\\/limodor.dev-web.at\\\/de\\\/wp-content\\\/uploads\\\/sites\\\/2\\\/2025\\\/04\\\/DE38072_Luefereinsatz-AirVital-Prime.png\",\"datePublished\":\"2025-04-03T15:15:13+00:00\",\"dateModified\":\"2026-04-17T17:02:37+00:00\",\"breadcrumb\":{\"@id\":\"https:\\\/\\\/limodor.dev-web.at\\\/de\\\/produkt\\\/lueftereinsatz-airvital-prime\\\/#breadcrumb\"},\"inLanguage\":\"de\",\"potentialAction\":[{\"@type\":\"ReadAction\",\"target\":[\"https:\\\/\\\/limodor.dev-web.at\\\/de\\\/produkt\\\/lueftereinsatz-airvital-prime\\\/\"]}]},{\"@type\":\"ImageObject\",\"inLanguage\":\"de\",\"@id\":\"https:\\\/\\\/limodor.dev-web.at\\\/de\\\/produkt\\\/lueftereinsatz-airvital-prime\\\/#primaryimage\",\"url\":\"https:\\\/\\\/limodor.dev-web.at\\\/de\\\/wp-content\\\/uploads\\\/sites\\\/2\\\/2025\\\/04\\\/DE38072_Luefereinsatz-AirVital-Prime.png\",\"contentUrl\":\"https:\\\/\\\/limodor.dev-web.at\\\/de\\\/wp-content\\\/uploads\\\/sites\\\/2\\\/2025\\\/04\\\/DE38072_Luefereinsatz-AirVital-Prime.png\",\"width\":1181,\"height\":1181},{\"@type\":\"BreadcrumbList\",\"@id\":\"https:\\\/\\\/limodor.dev-web.at\\\/de\\\/produkt\\\/lueftereinsatz-airvital-prime\\\/#breadcrumb\",\"itemListElement\":[{\"@type\":\"ListItem\",\"position\":1,\"name\":\"Startseite\",\"item\":\"https:\\\/\\\/limodor.dev-web.at\\\/de\\\/\"},{\"@type\":\"ListItem\",\"position\":2,\"name\":\"Shop\",\"item\":\"https:\\\/\\\/limodor.dev-web.at\\\/de\\\/shop\\\/\"},{\"@type\":\"ListItem\",\"position\":3,\"name\":\"L\u00fcftereinsatz AirVital Prime\"}]},{\"@type\":\"WebSite\",\"@id\":\"https:\\\/\\\/limodor.dev-web.at\\\/de\\\/#website\",\"url\":\"https:\\\/\\\/limodor.dev-web.at\\\/de\\\/\",\"name\":\"Limodor DE\",\"description\":\"\",\"potentialAction\":[{\"@type\":\"SearchAction\",\"target\":{\"@type\":\"EntryPoint\",\"urlTemplate\":\"https:\\\/\\\/limodor.dev-web.at\\\/de\\\/?s={search_term_string}\"},\"query-input\":{\"@type\":\"PropertyValueSpecification\",\"valueRequired\":true,\"valueName\":\"search_term_string\"}}],\"inLanguage\":\"de\"}]}<\/script>\n<!-- \/ Yoast SEO plugin. -->","yoast_head_json":{"title":"L\u00fcftereinsatz AirVital Prime - LIMODOR","robots":{"index":"noindex","follow":"follow","max-snippet":"max-snippet:-1","max-image-preview":"max-image-preview:large","max-video-preview":"max-video-preview:-1"},"og_locale":"de_DE","og_type":"article","og_title":"L\u00fcftereinsatz AirVital Prime - LIMODOR","og_description":"L\u00fcftereinsatz f\u00fcr Unterputzkasten AirVital Prime mit einer W\u00e4rmer\u00fcckgewinnung von bis zu 94 % (Messwerte nach DIN 13141-8), 75% W\u00e4rmebereitstellungsgrad am Referenzvolumenstrom 45 m3\/h, SEV-Klasse A (SEV-Wert -35,3 kWh\/(m2xa) in Verbindung mit integrierten Temperatur- und Feuchtesensor. Integrierte Sommerl\u00fcftungsfunktion mit Zeitfunktion (Timerfunktion), Wochenzeitprogramm, Bedienung \u00fcber kostenfreie Mobil-App oder Multifunktionsfernbedienung (Zubeh\u00f6r), Betriebsstundenz\u00e4hler, permanente Funktions\u00fcberwachung mit St\u00f6rmeldeanzeige, automatische Kondensatentleerung \u00fcber Fortluftrohr, Filterwechselanzeige, Frostschutzsicherung und Luftklappensteuerung. Filter der Filterklasse ePM10 65% f\u00fcr Zu- und Abluft. Optional h\u00f6here Zuluft-Filterklassen ePM10 85% (Zubeh\u00f6r) erh\u00e4ltlich.","og_url":"https:\/\/limodor.dev-web.at\/de\/produkt\/lueftereinsatz-airvital-prime\/","og_site_name":"Limodor DE","article_modified_time":"2026-04-17T17:02:37+00:00","og_image":[{"width":1181,"height":1181,"url":"https:\/\/limodor.dev-web.at\/de\/wp-content\/uploads\/sites\/2\/2025\/04\/DE38072_Luefereinsatz-AirVital-Prime.png","type":"image\/png"}],"twitter_card":"summary_large_image","twitter_misc":{"Gesch\u00e4tzte Lesezeit":"1\u00a0Minute"},"schema":{"@context":"https:\/\/schema.org","@graph":[{"@type":"WebPage","@id":"https:\/\/limodor.dev-web.at\/de\/produkt\/lueftereinsatz-airvital-prime\/","url":"https:\/\/limodor.dev-web.at\/de\/produkt\/lueftereinsatz-airvital-prime\/","name":"L\u00fcftereinsatz AirVital Prime - LIMODOR","isPartOf":{"@id":"https:\/\/limodor.dev-web.at\/de\/#website"},"primaryImageOfPage":{"@id":"https:\/\/limodor.dev-web.at\/de\/produkt\/lueftereinsatz-airvital-prime\/#primaryimage"},"image":{"@id":"https:\/\/limodor.dev-web.at\/de\/produkt\/lueftereinsatz-airvital-prime\/#primaryimage"},"thumbnailUrl":"https:\/\/limodor.dev-web.at\/de\/wp-content\/uploads\/sites\/2\/2025\/04\/DE38072_Luefereinsatz-AirVital-Prime.png","datePublished":"2025-04-03T15:15:13+00:00","dateModified":"2026-04-17T17:02:37+00:00","breadcrumb":{"@id":"https:\/\/limodor.dev-web.at\/de\/produkt\/lueftereinsatz-airvital-prime\/#breadcrumb"},"inLanguage":"de","potentialAction":[{"@type":"ReadAction","target":["https:\/\/limodor.dev-web.at\/de\/produkt\/lueftereinsatz-airvital-prime\/"]}]},{"@type":"ImageObject","inLanguage":"de","@id":"https:\/\/limodor.dev-web.at\/de\/produkt\/lueftereinsatz-airvital-prime\/#primaryimage","url":"https:\/\/limodor.dev-web.at\/de\/wp-content\/uploads\/sites\/2\/2025\/04\/DE38072_Luefereinsatz-AirVital-Prime.png","contentUrl":"https:\/\/limodor.dev-web.at\/de\/wp-content\/uploads\/sites\/2\/2025\/04\/DE38072_Luefereinsatz-AirVital-Prime.png","width":1181,"height":1181},{"@type":"BreadcrumbList","@id":"https:\/\/limodor.dev-web.at\/de\/produkt\/lueftereinsatz-airvital-prime\/#breadcrumb","itemListElement":[{"@type":"ListItem","position":1,"name":"Startseite","item":"https:\/\/limodor.dev-web.at\/de\/"},{"@type":"ListItem","position":2,"name":"Shop","item":"https:\/\/limodor.dev-web.at\/de\/shop\/"},{"@type":"ListItem","position":3,"name":"L\u00fcftereinsatz AirVital Prime"}]},{"@type":"WebSite","@id":"https:\/\/limodor.dev-web.at\/de\/#website","url":"https:\/\/limodor.dev-web.at\/de\/","name":"Limodor DE","description":"","potentialAction":[{"@type":"SearchAction","target":{"@type":"EntryPoint","urlTemplate":"https:\/\/limodor.dev-web.at\/de\/?s={search_term_string}"},"query-input":{"@type":"PropertyValueSpecification","valueRequired":true,"valueName":"search_term_string"}}],"inLanguage":"de"}]}},"_links":{"self":[{"href":"https:\/\/limodor.dev-web.at\/de\/wp-json\/wp\/v2\/product\/32599","targetHints":{"allow":["GET"]}}],"collection":[{"href":"https:\/\/limodor.dev-web.at\/de\/wp-json\/wp\/v2\/product"}],"about":[{"href":"https:\/\/limodor.dev-web.at\/de\/wp-json\/wp\/v2\/types\/product"}],"wp:featuredmedia":[{"embeddable":true,"href":"https:\/\/limodor.dev-web.at\/de\/wp-json\/wp\/v2\/media\/32600"}],"wp:attachment":[{"href":"https:\/\/limodor.dev-web.at\/de\/wp-json\/wp\/v2\/media?parent=32599"}],"wp:term":[{"taxonomy":"product_brand","embeddable":true,"href":"https:\/\/limodor.dev-web.at\/de\/wp-json\/wp\/v2\/product_brand?post=32599"},{"taxonomy":"product_cat","embeddable":true,"href":"https:\/\/limodor.dev-web.at\/de\/wp-json\/wp\/v2\/product_cat?post=32599"},{"taxonomy":"product_tag","embeddable":true,"href":"https:\/\/limodor.dev-web.at\/de\/wp-json\/wp\/v2\/product_tag?post=32599"}],"curies":[{"name":"wp","href":"https:\/\/api.w.org\/{rel}","templated":true}]}}