{"id":32734,"date":"2025-04-03T17:16:09","date_gmt":"2025-04-03T15:16:09","guid":{"rendered":"https:\/\/www.limodor.com\/de\/?post_type=product&#038;p=32734"},"modified":"2026-04-17T14:02:58","modified_gmt":"2026-04-17T12:02:58","slug":"rueckschlagklappe-lf","status":"publish","type":"product","link":"https:\/\/limodor.dev-web.at\/de\/produkt\/rueckschlagklappe-lf\/","title":{"rendered":"R\u00fcckschlagklappe LF"},"content":{"rendered":"","protected":false},"excerpt":{"rendered":"<p>R\u00fcckschlagklappe mit Feder f\u00fcr alle K\u00e4sten Serie ELF und LF.<\/p>\n","protected":false},"featured_media":32735,"template":"","meta":[],"product_brand":[],"product_cat":[93,83,21,106,105],"product_tag":[],"class_list":{"0":"post-32734","1":"product","2":"type-product","3":"status-publish","4":"has-post-thumbnail","6":"product_cat-gehaeuseteile","7":"product_cat-produktart","8":"product_cat-produktbezeichnung","9":"product_cat-limodor-elf","10":"product_cat-limodor-lf","12":"first","13":"instock","14":"taxable","15":"shipping-taxable","16":"purchasable","17":"product-type-simple"},"acf":[],"yoast_head":"<!-- This site is optimized with the Yoast SEO plugin v27.3 - https:\/\/yoast.com\/product\/yoast-seo-wordpress\/ -->\n<title>R\u00fcckschlagklappe LF - LIMODOR<\/title>\n<meta name=\"robots\" content=\"noindex, follow, max-snippet:-1, max-image-preview:large, max-video-preview:-1\" \/>\n<meta property=\"og:locale\" content=\"de_DE\" \/>\n<meta property=\"og:type\" content=\"article\" \/>\n<meta property=\"og:title\" content=\"R\u00fcckschlagklappe LF - LIMODOR\" \/>\n<meta property=\"og:description\" content=\"R\u00fcckschlagklappe mit Feder f\u00fcr alle K\u00e4sten Serie ELF und LF.\" \/>\n<meta property=\"og:url\" content=\"https:\/\/limodor.dev-web.at\/de\/produkt\/rueckschlagklappe-lf\/\" \/>\n<meta property=\"og:site_name\" content=\"Limodor DE\" \/>\n<meta property=\"article:modified_time\" content=\"2026-04-17T12:02:58+00:00\" \/>\n<meta property=\"og:image\" content=\"https:\/\/limodor.dev-web.at\/de\/wp-content\/uploads\/sites\/2\/2025\/04\/DE79002_RK-LF.png\" \/>\n\t<meta property=\"og:image:width\" content=\"1181\" \/>\n\t<meta property=\"og:image:height\" content=\"1181\" \/>\n\t<meta property=\"og:image:type\" content=\"image\/png\" \/>\n<meta name=\"twitter:card\" content=\"summary_large_image\" \/>\n<meta name=\"twitter:label1\" content=\"Gesch\u00e4tzte Lesezeit\" \/>\n\t<meta name=\"twitter:data1\" content=\"1\u00a0Minute\" \/>\n<script type=\"application\/ld+json\" class=\"yoast-schema-graph\">{\"@context\":\"https:\\\/\\\/schema.org\",\"@graph\":[{\"@type\":\"WebPage\",\"@id\":\"https:\\\/\\\/limodor.dev-web.at\\\/de\\\/produkt\\\/rueckschlagklappe-lf\\\/\",\"url\":\"https:\\\/\\\/limodor.dev-web.at\\\/de\\\/produkt\\\/rueckschlagklappe-lf\\\/\",\"name\":\"R\u00fcckschlagklappe LF - LIMODOR\",\"isPartOf\":{\"@id\":\"https:\\\/\\\/limodor.dev-web.at\\\/de\\\/#website\"},\"primaryImageOfPage\":{\"@id\":\"https:\\\/\\\/limodor.dev-web.at\\\/de\\\/produkt\\\/rueckschlagklappe-lf\\\/#primaryimage\"},\"image\":{\"@id\":\"https:\\\/\\\/limodor.dev-web.at\\\/de\\\/produkt\\\/rueckschlagklappe-lf\\\/#primaryimage\"},\"thumbnailUrl\":\"https:\\\/\\\/limodor.dev-web.at\\\/de\\\/wp-content\\\/uploads\\\/sites\\\/2\\\/2025\\\/04\\\/DE79002_RK-LF.png\",\"datePublished\":\"2025-04-03T15:16:09+00:00\",\"dateModified\":\"2026-04-17T12:02:58+00:00\",\"breadcrumb\":{\"@id\":\"https:\\\/\\\/limodor.dev-web.at\\\/de\\\/produkt\\\/rueckschlagklappe-lf\\\/#breadcrumb\"},\"inLanguage\":\"de\",\"potentialAction\":[{\"@type\":\"ReadAction\",\"target\":[\"https:\\\/\\\/limodor.dev-web.at\\\/de\\\/produkt\\\/rueckschlagklappe-lf\\\/\"]}]},{\"@type\":\"ImageObject\",\"inLanguage\":\"de\",\"@id\":\"https:\\\/\\\/limodor.dev-web.at\\\/de\\\/produkt\\\/rueckschlagklappe-lf\\\/#primaryimage\",\"url\":\"https:\\\/\\\/limodor.dev-web.at\\\/de\\\/wp-content\\\/uploads\\\/sites\\\/2\\\/2025\\\/04\\\/DE79002_RK-LF.png\",\"contentUrl\":\"https:\\\/\\\/limodor.dev-web.at\\\/de\\\/wp-content\\\/uploads\\\/sites\\\/2\\\/2025\\\/04\\\/DE79002_RK-LF.png\",\"width\":1181,\"height\":1181},{\"@type\":\"BreadcrumbList\",\"@id\":\"https:\\\/\\\/limodor.dev-web.at\\\/de\\\/produkt\\\/rueckschlagklappe-lf\\\/#breadcrumb\",\"itemListElement\":[{\"@type\":\"ListItem\",\"position\":1,\"name\":\"Startseite\",\"item\":\"https:\\\/\\\/limodor.dev-web.at\\\/de\\\/\"},{\"@type\":\"ListItem\",\"position\":2,\"name\":\"Shop\",\"item\":\"https:\\\/\\\/limodor.dev-web.at\\\/de\\\/shop\\\/\"},{\"@type\":\"ListItem\",\"position\":3,\"name\":\"R\u00fcckschlagklappe LF\"}]},{\"@type\":\"WebSite\",\"@id\":\"https:\\\/\\\/limodor.dev-web.at\\\/de\\\/#website\",\"url\":\"https:\\\/\\\/limodor.dev-web.at\\\/de\\\/\",\"name\":\"Limodor DE\",\"description\":\"\",\"potentialAction\":[{\"@type\":\"SearchAction\",\"target\":{\"@type\":\"EntryPoint\",\"urlTemplate\":\"https:\\\/\\\/limodor.dev-web.at\\\/de\\\/?s={search_term_string}\"},\"query-input\":{\"@type\":\"PropertyValueSpecification\",\"valueRequired\":true,\"valueName\":\"search_term_string\"}}],\"inLanguage\":\"de\"}]}<\/script>\n<!-- \/ Yoast SEO plugin. -->","yoast_head_json":{"title":"R\u00fcckschlagklappe LF - LIMODOR","robots":{"index":"noindex","follow":"follow","max-snippet":"max-snippet:-1","max-image-preview":"max-image-preview:large","max-video-preview":"max-video-preview:-1"},"og_locale":"de_DE","og_type":"article","og_title":"R\u00fcckschlagklappe LF - LIMODOR","og_description":"R\u00fcckschlagklappe mit Feder f\u00fcr alle K\u00e4sten Serie ELF und LF.","og_url":"https:\/\/limodor.dev-web.at\/de\/produkt\/rueckschlagklappe-lf\/","og_site_name":"Limodor DE","article_modified_time":"2026-04-17T12:02:58+00:00","og_image":[{"width":1181,"height":1181,"url":"https:\/\/limodor.dev-web.at\/de\/wp-content\/uploads\/sites\/2\/2025\/04\/DE79002_RK-LF.png","type":"image\/png"}],"twitter_card":"summary_large_image","twitter_misc":{"Gesch\u00e4tzte Lesezeit":"1\u00a0Minute"},"schema":{"@context":"https:\/\/schema.org","@graph":[{"@type":"WebPage","@id":"https:\/\/limodor.dev-web.at\/de\/produkt\/rueckschlagklappe-lf\/","url":"https:\/\/limodor.dev-web.at\/de\/produkt\/rueckschlagklappe-lf\/","name":"R\u00fcckschlagklappe LF - LIMODOR","isPartOf":{"@id":"https:\/\/limodor.dev-web.at\/de\/#website"},"primaryImageOfPage":{"@id":"https:\/\/limodor.dev-web.at\/de\/produkt\/rueckschlagklappe-lf\/#primaryimage"},"image":{"@id":"https:\/\/limodor.dev-web.at\/de\/produkt\/rueckschlagklappe-lf\/#primaryimage"},"thumbnailUrl":"https:\/\/limodor.dev-web.at\/de\/wp-content\/uploads\/sites\/2\/2025\/04\/DE79002_RK-LF.png","datePublished":"2025-04-03T15:16:09+00:00","dateModified":"2026-04-17T12:02:58+00:00","breadcrumb":{"@id":"https:\/\/limodor.dev-web.at\/de\/produkt\/rueckschlagklappe-lf\/#breadcrumb"},"inLanguage":"de","potentialAction":[{"@type":"ReadAction","target":["https:\/\/limodor.dev-web.at\/de\/produkt\/rueckschlagklappe-lf\/"]}]},{"@type":"ImageObject","inLanguage":"de","@id":"https:\/\/limodor.dev-web.at\/de\/produkt\/rueckschlagklappe-lf\/#primaryimage","url":"https:\/\/limodor.dev-web.at\/de\/wp-content\/uploads\/sites\/2\/2025\/04\/DE79002_RK-LF.png","contentUrl":"https:\/\/limodor.dev-web.at\/de\/wp-content\/uploads\/sites\/2\/2025\/04\/DE79002_RK-LF.png","width":1181,"height":1181},{"@type":"BreadcrumbList","@id":"https:\/\/limodor.dev-web.at\/de\/produkt\/rueckschlagklappe-lf\/#breadcrumb","itemListElement":[{"@type":"ListItem","position":1,"name":"Startseite","item":"https:\/\/limodor.dev-web.at\/de\/"},{"@type":"ListItem","position":2,"name":"Shop","item":"https:\/\/limodor.dev-web.at\/de\/shop\/"},{"@type":"ListItem","position":3,"name":"R\u00fcckschlagklappe LF"}]},{"@type":"WebSite","@id":"https:\/\/limodor.dev-web.at\/de\/#website","url":"https:\/\/limodor.dev-web.at\/de\/","name":"Limodor DE","description":"","potentialAction":[{"@type":"SearchAction","target":{"@type":"EntryPoint","urlTemplate":"https:\/\/limodor.dev-web.at\/de\/?s={search_term_string}"},"query-input":{"@type":"PropertyValueSpecification","valueRequired":true,"valueName":"search_term_string"}}],"inLanguage":"de"}]}},"_links":{"self":[{"href":"https:\/\/limodor.dev-web.at\/de\/wp-json\/wp\/v2\/product\/32734","targetHints":{"allow":["GET"]}}],"collection":[{"href":"https:\/\/limodor.dev-web.at\/de\/wp-json\/wp\/v2\/product"}],"about":[{"href":"https:\/\/limodor.dev-web.at\/de\/wp-json\/wp\/v2\/types\/product"}],"wp:featuredmedia":[{"embeddable":true,"href":"https:\/\/limodor.dev-web.at\/de\/wp-json\/wp\/v2\/media\/32735"}],"wp:attachment":[{"href":"https:\/\/limodor.dev-web.at\/de\/wp-json\/wp\/v2\/media?parent=32734"}],"wp:term":[{"taxonomy":"product_brand","embeddable":true,"href":"https:\/\/limodor.dev-web.at\/de\/wp-json\/wp\/v2\/product_brand?post=32734"},{"taxonomy":"product_cat","embeddable":true,"href":"https:\/\/limodor.dev-web.at\/de\/wp-json\/wp\/v2\/product_cat?post=32734"},{"taxonomy":"product_tag","embeddable":true,"href":"https:\/\/limodor.dev-web.at\/de\/wp-json\/wp\/v2\/product_tag?post=32734"}],"curies":[{"name":"wp","href":"https:\/\/api.w.org\/{rel}","templated":true}]}}