{"id":32929,"date":"2025-04-03T17:17:33","date_gmt":"2025-04-03T15:17:33","guid":{"rendered":"https:\/\/www.limodor.com\/de\/?post_type=product&#038;p=32929"},"modified":"2026-04-17T18:04:32","modified_gmt":"2026-04-17T16:04:32","slug":"aironova-ald-s160-d-160mm-mit-schalldaemmung","status":"publish","type":"product","link":"https:\/\/limodor.dev-web.at\/de\/produkt\/aironova-ald-s160-d-160mm-mit-schalldaemmung\/","title":{"rendered":"AIRONOVA ALD-S160"},"content":{"rendered":"","protected":false},"excerpt":{"rendered":"<p>Schalld\u00e4mmende Zulufteinrichtung f\u00fcr den Wandeinbau. Bestehend aus einem wei\u00dfen Kunststoffgeh\u00e4use (Farbe wei\u00df, \u00e4hnlich RAL9016) mit seitlichen Luftauslasslamellen, Regulierplatte, gro\u00dffl\u00e4chigem Filter (Filterklasse ISO Coarse >45%), Wandh\u00fclse mit melaminharzgetr\u00e4nktem Schalld\u00e4mmeinsatz und schlagregensicherem Abdeckgitter mit Bodenplatte. Die Luftmenge kann mittels der Regulierplatte stufenlos eingestellt werden. Die Stellung der Regulierplatte wird seitlich am Geh\u00e4use optisch angezeigt. Die Schalld\u00e4mmung, bezogen auf eine Eigenfl\u00e4che von 0,0180 m\u00b2 und einer Einbaul\u00e4nge von 450 mm betr\u00e4gt 19dB(A).<\/p>\n","protected":false},"featured_media":32930,"template":"","meta":[],"product_brand":[],"product_cat":[85,21,135],"product_tag":[],"class_list":{"0":"post-32929","1":"product","2":"type-product","3":"status-publish","4":"has-post-thumbnail","6":"product_cat-sonstiges-zubehoer","7":"product_cat-produktbezeichnung","8":"product_cat-limodor-ald","10":"first","11":"instock","12":"taxable","13":"shipping-taxable","14":"purchasable","15":"product-type-simple"},"acf":[],"yoast_head":"<!-- This site is optimized with the Yoast SEO plugin v27.3 - https:\/\/yoast.com\/product\/yoast-seo-wordpress\/ -->\n<title>AIRONOVA ALD-S160 - LIMODOR<\/title>\n<meta name=\"robots\" content=\"noindex, follow, max-snippet:-1, max-image-preview:large, max-video-preview:-1\" \/>\n<meta property=\"og:locale\" content=\"de_DE\" \/>\n<meta property=\"og:type\" content=\"article\" \/>\n<meta property=\"og:title\" content=\"AIRONOVA ALD-S160 - LIMODOR\" \/>\n<meta property=\"og:description\" content=\"Schalld\u00e4mmende Zulufteinrichtung f\u00fcr den Wandeinbau. Bestehend aus einem wei\u00dfen Kunststoffgeh\u00e4use (Farbe wei\u00df, \u00e4hnlich RAL9016) mit seitlichen Luftauslasslamellen, Regulierplatte, gro\u00dffl\u00e4chigem Filter (Filterklasse ISO Coarse &gt;45%), Wandh\u00fclse mit melaminharzgetr\u00e4nktem Schalld\u00e4mmeinsatz und schlagregensicherem Abdeckgitter mit Bodenplatte. Die Luftmenge kann mittels der Regulierplatte stufenlos eingestellt werden. Die Stellung der Regulierplatte wird seitlich am Geh\u00e4use optisch angezeigt. Die Schalld\u00e4mmung, bezogen auf eine Eigenfl\u00e4che von 0,0180 m\u00b2 und einer Einbaul\u00e4nge von 450 mm betr\u00e4gt 19dB(A).\" \/>\n<meta property=\"og:url\" content=\"https:\/\/limodor.dev-web.at\/de\/produkt\/aironova-ald-s160-d-160mm-mit-schalldaemmung\/\" \/>\n<meta property=\"og:site_name\" content=\"Limodor DE\" \/>\n<meta property=\"article:modified_time\" content=\"2026-04-17T16:04:32+00:00\" \/>\n<meta property=\"og:image\" content=\"https:\/\/limodor.dev-web.at\/de\/wp-content\/uploads\/sites\/2\/2025\/04\/DE98250_Aussenwandluftdurchlass_ALD-S160_zerlegt.png\" \/>\n\t<meta property=\"og:image:width\" content=\"1181\" \/>\n\t<meta property=\"og:image:height\" content=\"1181\" \/>\n\t<meta property=\"og:image:type\" content=\"image\/png\" \/>\n<meta name=\"twitter:card\" content=\"summary_large_image\" \/>\n<meta name=\"twitter:label1\" content=\"Gesch\u00e4tzte Lesezeit\" \/>\n\t<meta name=\"twitter:data1\" content=\"1\u00a0Minute\" \/>\n<script type=\"application\/ld+json\" class=\"yoast-schema-graph\">{\"@context\":\"https:\\\/\\\/schema.org\",\"@graph\":[{\"@type\":\"WebPage\",\"@id\":\"https:\\\/\\\/limodor.dev-web.at\\\/de\\\/produkt\\\/aironova-ald-s160-d-160mm-mit-schalldaemmung\\\/\",\"url\":\"https:\\\/\\\/limodor.dev-web.at\\\/de\\\/produkt\\\/aironova-ald-s160-d-160mm-mit-schalldaemmung\\\/\",\"name\":\"AIRONOVA ALD-S160 - LIMODOR\",\"isPartOf\":{\"@id\":\"https:\\\/\\\/limodor.dev-web.at\\\/de\\\/#website\"},\"primaryImageOfPage\":{\"@id\":\"https:\\\/\\\/limodor.dev-web.at\\\/de\\\/produkt\\\/aironova-ald-s160-d-160mm-mit-schalldaemmung\\\/#primaryimage\"},\"image\":{\"@id\":\"https:\\\/\\\/limodor.dev-web.at\\\/de\\\/produkt\\\/aironova-ald-s160-d-160mm-mit-schalldaemmung\\\/#primaryimage\"},\"thumbnailUrl\":\"https:\\\/\\\/limodor.dev-web.at\\\/de\\\/wp-content\\\/uploads\\\/sites\\\/2\\\/2025\\\/04\\\/DE98250_Aussenwandluftdurchlass_ALD-S160_zerlegt.png\",\"datePublished\":\"2025-04-03T15:17:33+00:00\",\"dateModified\":\"2026-04-17T16:04:32+00:00\",\"breadcrumb\":{\"@id\":\"https:\\\/\\\/limodor.dev-web.at\\\/de\\\/produkt\\\/aironova-ald-s160-d-160mm-mit-schalldaemmung\\\/#breadcrumb\"},\"inLanguage\":\"de\",\"potentialAction\":[{\"@type\":\"ReadAction\",\"target\":[\"https:\\\/\\\/limodor.dev-web.at\\\/de\\\/produkt\\\/aironova-ald-s160-d-160mm-mit-schalldaemmung\\\/\"]}]},{\"@type\":\"ImageObject\",\"inLanguage\":\"de\",\"@id\":\"https:\\\/\\\/limodor.dev-web.at\\\/de\\\/produkt\\\/aironova-ald-s160-d-160mm-mit-schalldaemmung\\\/#primaryimage\",\"url\":\"https:\\\/\\\/limodor.dev-web.at\\\/de\\\/wp-content\\\/uploads\\\/sites\\\/2\\\/2025\\\/04\\\/DE98250_Aussenwandluftdurchlass_ALD-S160_zerlegt.png\",\"contentUrl\":\"https:\\\/\\\/limodor.dev-web.at\\\/de\\\/wp-content\\\/uploads\\\/sites\\\/2\\\/2025\\\/04\\\/DE98250_Aussenwandluftdurchlass_ALD-S160_zerlegt.png\",\"width\":1181,\"height\":1181},{\"@type\":\"BreadcrumbList\",\"@id\":\"https:\\\/\\\/limodor.dev-web.at\\\/de\\\/produkt\\\/aironova-ald-s160-d-160mm-mit-schalldaemmung\\\/#breadcrumb\",\"itemListElement\":[{\"@type\":\"ListItem\",\"position\":1,\"name\":\"Startseite\",\"item\":\"https:\\\/\\\/limodor.dev-web.at\\\/de\\\/\"},{\"@type\":\"ListItem\",\"position\":2,\"name\":\"Shop\",\"item\":\"https:\\\/\\\/limodor.dev-web.at\\\/de\\\/shop\\\/\"},{\"@type\":\"ListItem\",\"position\":3,\"name\":\"AIRONOVA ALD-S160\"}]},{\"@type\":\"WebSite\",\"@id\":\"https:\\\/\\\/limodor.dev-web.at\\\/de\\\/#website\",\"url\":\"https:\\\/\\\/limodor.dev-web.at\\\/de\\\/\",\"name\":\"Limodor DE\",\"description\":\"\",\"potentialAction\":[{\"@type\":\"SearchAction\",\"target\":{\"@type\":\"EntryPoint\",\"urlTemplate\":\"https:\\\/\\\/limodor.dev-web.at\\\/de\\\/?s={search_term_string}\"},\"query-input\":{\"@type\":\"PropertyValueSpecification\",\"valueRequired\":true,\"valueName\":\"search_term_string\"}}],\"inLanguage\":\"de\"}]}<\/script>\n<!-- \/ Yoast SEO plugin. -->","yoast_head_json":{"title":"AIRONOVA ALD-S160 - LIMODOR","robots":{"index":"noindex","follow":"follow","max-snippet":"max-snippet:-1","max-image-preview":"max-image-preview:large","max-video-preview":"max-video-preview:-1"},"og_locale":"de_DE","og_type":"article","og_title":"AIRONOVA ALD-S160 - LIMODOR","og_description":"Schalld\u00e4mmende Zulufteinrichtung f\u00fcr den Wandeinbau. Bestehend aus einem wei\u00dfen Kunststoffgeh\u00e4use (Farbe wei\u00df, \u00e4hnlich RAL9016) mit seitlichen Luftauslasslamellen, Regulierplatte, gro\u00dffl\u00e4chigem Filter (Filterklasse ISO Coarse >45%), Wandh\u00fclse mit melaminharzgetr\u00e4nktem Schalld\u00e4mmeinsatz und schlagregensicherem Abdeckgitter mit Bodenplatte. Die Luftmenge kann mittels der Regulierplatte stufenlos eingestellt werden. Die Stellung der Regulierplatte wird seitlich am Geh\u00e4use optisch angezeigt. Die Schalld\u00e4mmung, bezogen auf eine Eigenfl\u00e4che von 0,0180 m\u00b2 und einer Einbaul\u00e4nge von 450 mm betr\u00e4gt 19dB(A).","og_url":"https:\/\/limodor.dev-web.at\/de\/produkt\/aironova-ald-s160-d-160mm-mit-schalldaemmung\/","og_site_name":"Limodor DE","article_modified_time":"2026-04-17T16:04:32+00:00","og_image":[{"width":1181,"height":1181,"url":"https:\/\/limodor.dev-web.at\/de\/wp-content\/uploads\/sites\/2\/2025\/04\/DE98250_Aussenwandluftdurchlass_ALD-S160_zerlegt.png","type":"image\/png"}],"twitter_card":"summary_large_image","twitter_misc":{"Gesch\u00e4tzte Lesezeit":"1\u00a0Minute"},"schema":{"@context":"https:\/\/schema.org","@graph":[{"@type":"WebPage","@id":"https:\/\/limodor.dev-web.at\/de\/produkt\/aironova-ald-s160-d-160mm-mit-schalldaemmung\/","url":"https:\/\/limodor.dev-web.at\/de\/produkt\/aironova-ald-s160-d-160mm-mit-schalldaemmung\/","name":"AIRONOVA ALD-S160 - LIMODOR","isPartOf":{"@id":"https:\/\/limodor.dev-web.at\/de\/#website"},"primaryImageOfPage":{"@id":"https:\/\/limodor.dev-web.at\/de\/produkt\/aironova-ald-s160-d-160mm-mit-schalldaemmung\/#primaryimage"},"image":{"@id":"https:\/\/limodor.dev-web.at\/de\/produkt\/aironova-ald-s160-d-160mm-mit-schalldaemmung\/#primaryimage"},"thumbnailUrl":"https:\/\/limodor.dev-web.at\/de\/wp-content\/uploads\/sites\/2\/2025\/04\/DE98250_Aussenwandluftdurchlass_ALD-S160_zerlegt.png","datePublished":"2025-04-03T15:17:33+00:00","dateModified":"2026-04-17T16:04:32+00:00","breadcrumb":{"@id":"https:\/\/limodor.dev-web.at\/de\/produkt\/aironova-ald-s160-d-160mm-mit-schalldaemmung\/#breadcrumb"},"inLanguage":"de","potentialAction":[{"@type":"ReadAction","target":["https:\/\/limodor.dev-web.at\/de\/produkt\/aironova-ald-s160-d-160mm-mit-schalldaemmung\/"]}]},{"@type":"ImageObject","inLanguage":"de","@id":"https:\/\/limodor.dev-web.at\/de\/produkt\/aironova-ald-s160-d-160mm-mit-schalldaemmung\/#primaryimage","url":"https:\/\/limodor.dev-web.at\/de\/wp-content\/uploads\/sites\/2\/2025\/04\/DE98250_Aussenwandluftdurchlass_ALD-S160_zerlegt.png","contentUrl":"https:\/\/limodor.dev-web.at\/de\/wp-content\/uploads\/sites\/2\/2025\/04\/DE98250_Aussenwandluftdurchlass_ALD-S160_zerlegt.png","width":1181,"height":1181},{"@type":"BreadcrumbList","@id":"https:\/\/limodor.dev-web.at\/de\/produkt\/aironova-ald-s160-d-160mm-mit-schalldaemmung\/#breadcrumb","itemListElement":[{"@type":"ListItem","position":1,"name":"Startseite","item":"https:\/\/limodor.dev-web.at\/de\/"},{"@type":"ListItem","position":2,"name":"Shop","item":"https:\/\/limodor.dev-web.at\/de\/shop\/"},{"@type":"ListItem","position":3,"name":"AIRONOVA ALD-S160"}]},{"@type":"WebSite","@id":"https:\/\/limodor.dev-web.at\/de\/#website","url":"https:\/\/limodor.dev-web.at\/de\/","name":"Limodor DE","description":"","potentialAction":[{"@type":"SearchAction","target":{"@type":"EntryPoint","urlTemplate":"https:\/\/limodor.dev-web.at\/de\/?s={search_term_string}"},"query-input":{"@type":"PropertyValueSpecification","valueRequired":true,"valueName":"search_term_string"}}],"inLanguage":"de"}]}},"_links":{"self":[{"href":"https:\/\/limodor.dev-web.at\/de\/wp-json\/wp\/v2\/product\/32929","targetHints":{"allow":["GET"]}}],"collection":[{"href":"https:\/\/limodor.dev-web.at\/de\/wp-json\/wp\/v2\/product"}],"about":[{"href":"https:\/\/limodor.dev-web.at\/de\/wp-json\/wp\/v2\/types\/product"}],"wp:featuredmedia":[{"embeddable":true,"href":"https:\/\/limodor.dev-web.at\/de\/wp-json\/wp\/v2\/media\/32930"}],"wp:attachment":[{"href":"https:\/\/limodor.dev-web.at\/de\/wp-json\/wp\/v2\/media?parent=32929"}],"wp:term":[{"taxonomy":"product_brand","embeddable":true,"href":"https:\/\/limodor.dev-web.at\/de\/wp-json\/wp\/v2\/product_brand?post=32929"},{"taxonomy":"product_cat","embeddable":true,"href":"https:\/\/limodor.dev-web.at\/de\/wp-json\/wp\/v2\/product_cat?post=32929"},{"taxonomy":"product_tag","embeddable":true,"href":"https:\/\/limodor.dev-web.at\/de\/wp-json\/wp\/v2\/product_tag?post=32929"}],"curies":[{"name":"wp","href":"https:\/\/api.w.org\/{rel}","templated":true}]}}