{"id":32950,"date":"2025-04-03T17:17:43","date_gmt":"2025-04-03T15:17:43","guid":{"rendered":"https:\/\/www.limodor.com\/de\/?post_type=product&#038;p=32950"},"modified":"2026-04-17T18:04:35","modified_gmt":"2026-04-17T16:04:35","slug":"fassadenelement-fs160-215x50-fuer-wandluefter-airodor","status":"publish","type":"product","link":"https:\/\/limodor.dev-web.at\/de\/produkt\/fassadenelement-fs160-215x50-fuer-wandluefter-airodor\/","title":{"rendered":"Fassadenelement FS160\/215&#215;50"},"content":{"rendered":"","protected":false},"excerpt":{"rendered":"<p>Das Fassadenelement FS160\/215&#215;50 aus Kunststoff dient, in Verbindung mit dem Wandl\u00fcfter Serie AIRODOR (Zubeh\u00f6r), als An-\/Abstr\u00f6m\u00f6ffnung \u00fcber die seitliche Fensterlaibung. Das k\u00fcrzbare Fassadenelement besteht aus mehreren Kanalformteilen und wird direkt auf der Au\u00dfenwand in die W\u00e4rmed\u00e4mmung integriert. Durch die Montage hinter der D\u00e4mmung bleibt eine einheitliche Fassadenfront erhalten. Das Au\u00dfengitter mit Insektenschutz (Zubeh\u00f6r) wird an einem Kanalendst\u00fcck angebracht.<\/p>\n","protected":false},"featured_media":32951,"template":"","meta":[],"product_brand":[],"product_cat":[85,21,103],"product_tag":[],"class_list":{"0":"post-32950","1":"product","2":"type-product","3":"status-publish","4":"has-post-thumbnail","6":"product_cat-sonstiges-zubehoer","7":"product_cat-produktbezeichnung","8":"product_cat-airodor","10":"first","11":"instock","12":"taxable","13":"shipping-taxable","14":"purchasable","15":"product-type-simple"},"acf":[],"yoast_head":"<!-- This site is optimized with the Yoast SEO plugin v27.3 - https:\/\/yoast.com\/product\/yoast-seo-wordpress\/ -->\n<title>Fassadenelement FS160\/215x50 - LIMODOR<\/title>\n<meta name=\"robots\" content=\"noindex, follow, max-snippet:-1, max-image-preview:large, max-video-preview:-1\" \/>\n<meta property=\"og:locale\" content=\"de_DE\" \/>\n<meta property=\"og:type\" content=\"article\" \/>\n<meta property=\"og:title\" content=\"Fassadenelement FS160\/215x50 - LIMODOR\" \/>\n<meta property=\"og:description\" content=\"Das Fassadenelement FS160\/215x50 aus Kunststoff dient, in Verbindung mit dem Wandl\u00fcfter Serie AIRODOR (Zubeh\u00f6r), als An-\/Abstr\u00f6m\u00f6ffnung \u00fcber die seitliche Fensterlaibung. Das k\u00fcrzbare Fassadenelement besteht aus mehreren Kanalformteilen und wird direkt auf der Au\u00dfenwand in die W\u00e4rmed\u00e4mmung integriert. Durch die Montage hinter der D\u00e4mmung bleibt eine einheitliche Fassadenfront erhalten. Das Au\u00dfengitter mit Insektenschutz (Zubeh\u00f6r) wird an einem Kanalendst\u00fcck angebracht.\" \/>\n<meta property=\"og:url\" content=\"https:\/\/limodor.dev-web.at\/de\/produkt\/fassadenelement-fs160-215x50-fuer-wandluefter-airodor\/\" \/>\n<meta property=\"og:site_name\" content=\"Limodor DE\" \/>\n<meta property=\"article:modified_time\" content=\"2026-04-17T16:04:35+00:00\" \/>\n<meta property=\"og:image\" content=\"https:\/\/limodor.dev-web.at\/de\/wp-content\/uploads\/sites\/2\/2025\/04\/DE98273_Fassadenelement-FS160-215-50.png\" \/>\n\t<meta property=\"og:image:width\" content=\"1181\" \/>\n\t<meta property=\"og:image:height\" content=\"1181\" \/>\n\t<meta property=\"og:image:type\" content=\"image\/png\" \/>\n<meta name=\"twitter:card\" content=\"summary_large_image\" \/>\n<meta name=\"twitter:label1\" content=\"Gesch\u00e4tzte Lesezeit\" \/>\n\t<meta name=\"twitter:data1\" content=\"1\u00a0Minute\" \/>\n<script type=\"application\/ld+json\" class=\"yoast-schema-graph\">{\"@context\":\"https:\\\/\\\/schema.org\",\"@graph\":[{\"@type\":\"WebPage\",\"@id\":\"https:\\\/\\\/limodor.dev-web.at\\\/de\\\/produkt\\\/fassadenelement-fs160-215x50-fuer-wandluefter-airodor\\\/\",\"url\":\"https:\\\/\\\/limodor.dev-web.at\\\/de\\\/produkt\\\/fassadenelement-fs160-215x50-fuer-wandluefter-airodor\\\/\",\"name\":\"Fassadenelement FS160\\\/215x50 - LIMODOR\",\"isPartOf\":{\"@id\":\"https:\\\/\\\/limodor.dev-web.at\\\/de\\\/#website\"},\"primaryImageOfPage\":{\"@id\":\"https:\\\/\\\/limodor.dev-web.at\\\/de\\\/produkt\\\/fassadenelement-fs160-215x50-fuer-wandluefter-airodor\\\/#primaryimage\"},\"image\":{\"@id\":\"https:\\\/\\\/limodor.dev-web.at\\\/de\\\/produkt\\\/fassadenelement-fs160-215x50-fuer-wandluefter-airodor\\\/#primaryimage\"},\"thumbnailUrl\":\"https:\\\/\\\/limodor.dev-web.at\\\/de\\\/wp-content\\\/uploads\\\/sites\\\/2\\\/2025\\\/04\\\/DE98273_Fassadenelement-FS160-215-50.png\",\"datePublished\":\"2025-04-03T15:17:43+00:00\",\"dateModified\":\"2026-04-17T16:04:35+00:00\",\"breadcrumb\":{\"@id\":\"https:\\\/\\\/limodor.dev-web.at\\\/de\\\/produkt\\\/fassadenelement-fs160-215x50-fuer-wandluefter-airodor\\\/#breadcrumb\"},\"inLanguage\":\"de\",\"potentialAction\":[{\"@type\":\"ReadAction\",\"target\":[\"https:\\\/\\\/limodor.dev-web.at\\\/de\\\/produkt\\\/fassadenelement-fs160-215x50-fuer-wandluefter-airodor\\\/\"]}]},{\"@type\":\"ImageObject\",\"inLanguage\":\"de\",\"@id\":\"https:\\\/\\\/limodor.dev-web.at\\\/de\\\/produkt\\\/fassadenelement-fs160-215x50-fuer-wandluefter-airodor\\\/#primaryimage\",\"url\":\"https:\\\/\\\/limodor.dev-web.at\\\/de\\\/wp-content\\\/uploads\\\/sites\\\/2\\\/2025\\\/04\\\/DE98273_Fassadenelement-FS160-215-50.png\",\"contentUrl\":\"https:\\\/\\\/limodor.dev-web.at\\\/de\\\/wp-content\\\/uploads\\\/sites\\\/2\\\/2025\\\/04\\\/DE98273_Fassadenelement-FS160-215-50.png\",\"width\":1181,\"height\":1181},{\"@type\":\"BreadcrumbList\",\"@id\":\"https:\\\/\\\/limodor.dev-web.at\\\/de\\\/produkt\\\/fassadenelement-fs160-215x50-fuer-wandluefter-airodor\\\/#breadcrumb\",\"itemListElement\":[{\"@type\":\"ListItem\",\"position\":1,\"name\":\"Startseite\",\"item\":\"https:\\\/\\\/limodor.dev-web.at\\\/de\\\/\"},{\"@type\":\"ListItem\",\"position\":2,\"name\":\"Shop\",\"item\":\"https:\\\/\\\/limodor.dev-web.at\\\/de\\\/shop\\\/\"},{\"@type\":\"ListItem\",\"position\":3,\"name\":\"Fassadenelement FS160\\\/215&#215;50\"}]},{\"@type\":\"WebSite\",\"@id\":\"https:\\\/\\\/limodor.dev-web.at\\\/de\\\/#website\",\"url\":\"https:\\\/\\\/limodor.dev-web.at\\\/de\\\/\",\"name\":\"Limodor DE\",\"description\":\"\",\"potentialAction\":[{\"@type\":\"SearchAction\",\"target\":{\"@type\":\"EntryPoint\",\"urlTemplate\":\"https:\\\/\\\/limodor.dev-web.at\\\/de\\\/?s={search_term_string}\"},\"query-input\":{\"@type\":\"PropertyValueSpecification\",\"valueRequired\":true,\"valueName\":\"search_term_string\"}}],\"inLanguage\":\"de\"}]}<\/script>\n<!-- \/ Yoast SEO plugin. -->","yoast_head_json":{"title":"Fassadenelement FS160\/215x50 - LIMODOR","robots":{"index":"noindex","follow":"follow","max-snippet":"max-snippet:-1","max-image-preview":"max-image-preview:large","max-video-preview":"max-video-preview:-1"},"og_locale":"de_DE","og_type":"article","og_title":"Fassadenelement FS160\/215x50 - LIMODOR","og_description":"Das Fassadenelement FS160\/215x50 aus Kunststoff dient, in Verbindung mit dem Wandl\u00fcfter Serie AIRODOR (Zubeh\u00f6r), als An-\/Abstr\u00f6m\u00f6ffnung \u00fcber die seitliche Fensterlaibung. Das k\u00fcrzbare Fassadenelement besteht aus mehreren Kanalformteilen und wird direkt auf der Au\u00dfenwand in die W\u00e4rmed\u00e4mmung integriert. Durch die Montage hinter der D\u00e4mmung bleibt eine einheitliche Fassadenfront erhalten. Das Au\u00dfengitter mit Insektenschutz (Zubeh\u00f6r) wird an einem Kanalendst\u00fcck angebracht.","og_url":"https:\/\/limodor.dev-web.at\/de\/produkt\/fassadenelement-fs160-215x50-fuer-wandluefter-airodor\/","og_site_name":"Limodor DE","article_modified_time":"2026-04-17T16:04:35+00:00","og_image":[{"width":1181,"height":1181,"url":"https:\/\/limodor.dev-web.at\/de\/wp-content\/uploads\/sites\/2\/2025\/04\/DE98273_Fassadenelement-FS160-215-50.png","type":"image\/png"}],"twitter_card":"summary_large_image","twitter_misc":{"Gesch\u00e4tzte Lesezeit":"1\u00a0Minute"},"schema":{"@context":"https:\/\/schema.org","@graph":[{"@type":"WebPage","@id":"https:\/\/limodor.dev-web.at\/de\/produkt\/fassadenelement-fs160-215x50-fuer-wandluefter-airodor\/","url":"https:\/\/limodor.dev-web.at\/de\/produkt\/fassadenelement-fs160-215x50-fuer-wandluefter-airodor\/","name":"Fassadenelement FS160\/215x50 - LIMODOR","isPartOf":{"@id":"https:\/\/limodor.dev-web.at\/de\/#website"},"primaryImageOfPage":{"@id":"https:\/\/limodor.dev-web.at\/de\/produkt\/fassadenelement-fs160-215x50-fuer-wandluefter-airodor\/#primaryimage"},"image":{"@id":"https:\/\/limodor.dev-web.at\/de\/produkt\/fassadenelement-fs160-215x50-fuer-wandluefter-airodor\/#primaryimage"},"thumbnailUrl":"https:\/\/limodor.dev-web.at\/de\/wp-content\/uploads\/sites\/2\/2025\/04\/DE98273_Fassadenelement-FS160-215-50.png","datePublished":"2025-04-03T15:17:43+00:00","dateModified":"2026-04-17T16:04:35+00:00","breadcrumb":{"@id":"https:\/\/limodor.dev-web.at\/de\/produkt\/fassadenelement-fs160-215x50-fuer-wandluefter-airodor\/#breadcrumb"},"inLanguage":"de","potentialAction":[{"@type":"ReadAction","target":["https:\/\/limodor.dev-web.at\/de\/produkt\/fassadenelement-fs160-215x50-fuer-wandluefter-airodor\/"]}]},{"@type":"ImageObject","inLanguage":"de","@id":"https:\/\/limodor.dev-web.at\/de\/produkt\/fassadenelement-fs160-215x50-fuer-wandluefter-airodor\/#primaryimage","url":"https:\/\/limodor.dev-web.at\/de\/wp-content\/uploads\/sites\/2\/2025\/04\/DE98273_Fassadenelement-FS160-215-50.png","contentUrl":"https:\/\/limodor.dev-web.at\/de\/wp-content\/uploads\/sites\/2\/2025\/04\/DE98273_Fassadenelement-FS160-215-50.png","width":1181,"height":1181},{"@type":"BreadcrumbList","@id":"https:\/\/limodor.dev-web.at\/de\/produkt\/fassadenelement-fs160-215x50-fuer-wandluefter-airodor\/#breadcrumb","itemListElement":[{"@type":"ListItem","position":1,"name":"Startseite","item":"https:\/\/limodor.dev-web.at\/de\/"},{"@type":"ListItem","position":2,"name":"Shop","item":"https:\/\/limodor.dev-web.at\/de\/shop\/"},{"@type":"ListItem","position":3,"name":"Fassadenelement FS160\/215&#215;50"}]},{"@type":"WebSite","@id":"https:\/\/limodor.dev-web.at\/de\/#website","url":"https:\/\/limodor.dev-web.at\/de\/","name":"Limodor DE","description":"","potentialAction":[{"@type":"SearchAction","target":{"@type":"EntryPoint","urlTemplate":"https:\/\/limodor.dev-web.at\/de\/?s={search_term_string}"},"query-input":{"@type":"PropertyValueSpecification","valueRequired":true,"valueName":"search_term_string"}}],"inLanguage":"de"}]}},"_links":{"self":[{"href":"https:\/\/limodor.dev-web.at\/de\/wp-json\/wp\/v2\/product\/32950","targetHints":{"allow":["GET"]}}],"collection":[{"href":"https:\/\/limodor.dev-web.at\/de\/wp-json\/wp\/v2\/product"}],"about":[{"href":"https:\/\/limodor.dev-web.at\/de\/wp-json\/wp\/v2\/types\/product"}],"wp:featuredmedia":[{"embeddable":true,"href":"https:\/\/limodor.dev-web.at\/de\/wp-json\/wp\/v2\/media\/32951"}],"wp:attachment":[{"href":"https:\/\/limodor.dev-web.at\/de\/wp-json\/wp\/v2\/media?parent=32950"}],"wp:term":[{"taxonomy":"product_brand","embeddable":true,"href":"https:\/\/limodor.dev-web.at\/de\/wp-json\/wp\/v2\/product_brand?post=32950"},{"taxonomy":"product_cat","embeddable":true,"href":"https:\/\/limodor.dev-web.at\/de\/wp-json\/wp\/v2\/product_cat?post=32950"},{"taxonomy":"product_tag","embeddable":true,"href":"https:\/\/limodor.dev-web.at\/de\/wp-json\/wp\/v2\/product_tag?post=32950"}],"curies":[{"name":"wp","href":"https:\/\/api.w.org\/{rel}","templated":true}]}}