{"id":33004,"date":"2025-04-03T17:18:07","date_gmt":"2025-04-03T15:18:07","guid":{"rendered":"https:\/\/www.limodor.com\/de\/?post_type=product&#038;p=33004"},"modified":"2026-04-17T16:04:04","modified_gmt":"2026-04-17T14:04:04","slug":"leistungsteil-ecom100-15n-15-100-m3-h-fuer-serie-ecom","status":"publish","type":"product","link":"https:\/\/limodor.dev-web.at\/de\/produkt\/leistungsteil-ecom100-15n-15-100-m3-h-fuer-serie-ecom\/","title":{"rendered":"Leistungsteil ECom100..15N"},"content":{"rendered":"","protected":false},"excerpt":{"rendered":"<p>Codierbares Leistungsteil (Motorsteuerung) f\u00fcr den Einbau und der Verwendung in einem Gebl\u00e4se ECom. Getrennte Einstellm\u00f6glichkeiten des Voll-\/Teillast-Volumenstrom (100, 60, 40 oder 30 m3\/h \/ 40, 30, 20 oder 15m3\/h). Zeitvorgaben f\u00fcr den Nachlauf mit R\u00fcckstellfunktion, der Einschaltverz\u00f6gerung, sowie ein Intervallbetrieb in Teillastbetrieb, sind w\u00e4hlbar. Eine integrierte laufzeitabh\u00e4ngige Filterwechselanzeige ist standardm\u00e4\u00dfig on board. Steckkontakte am Leistungsteil erm\u00f6glichen eine Aufr\u00fcstung der Gebl\u00e4seeinheit mit Erweiterungs-  und\/oder Zusatzplatine (z.B. Feuchteregler C-FR, Zubeh\u00f6r). Werkseitige Voreinstellung\/Codierung des Gebl\u00e4ses: Voll-\/Teillastvolumenstrom, 60\/30 m3\/h, Nachlaufzeit 16 Minuten.<\/p>\n","protected":false},"featured_media":33005,"template":"","meta":[],"product_brand":[],"product_cat":[92,83,21,86],"product_tag":[],"class_list":{"0":"post-33004","1":"product","2":"type-product","3":"status-publish","4":"has-post-thumbnail","6":"product_cat-geblaeseteile","7":"product_cat-produktart","8":"product_cat-produktbezeichnung","9":"product_cat-limodor-ecom","11":"first","12":"instock","13":"taxable","14":"shipping-taxable","15":"purchasable","16":"product-type-simple"},"acf":[],"yoast_head":"<!-- This site is optimized with the Yoast SEO plugin v27.3 - https:\/\/yoast.com\/product\/yoast-seo-wordpress\/ -->\n<title>Leistungsteil ECom100..15N - LIMODOR<\/title>\n<meta name=\"robots\" content=\"noindex, follow, max-snippet:-1, max-image-preview:large, max-video-preview:-1\" \/>\n<meta property=\"og:locale\" content=\"de_DE\" \/>\n<meta property=\"og:type\" content=\"article\" \/>\n<meta property=\"og:title\" content=\"Leistungsteil ECom100..15N - LIMODOR\" \/>\n<meta property=\"og:description\" content=\"Codierbares Leistungsteil (Motorsteuerung) f\u00fcr den Einbau und der Verwendung in einem Gebl\u00e4se ECom. Getrennte Einstellm\u00f6glichkeiten des Voll-\/Teillast-Volumenstrom (100, 60, 40 oder 30 m3\/h \/ 40, 30, 20 oder 15m3\/h). Zeitvorgaben f\u00fcr den Nachlauf mit R\u00fcckstellfunktion, der Einschaltverz\u00f6gerung, sowie ein Intervallbetrieb in Teillastbetrieb, sind w\u00e4hlbar. Eine integrierte laufzeitabh\u00e4ngige Filterwechselanzeige ist standardm\u00e4\u00dfig on board. Steckkontakte am Leistungsteil erm\u00f6glichen eine Aufr\u00fcstung der Gebl\u00e4seeinheit mit Erweiterungs- und\/oder Zusatzplatine (z.B. Feuchteregler C-FR, Zubeh\u00f6r). Werkseitige Voreinstellung\/Codierung des Gebl\u00e4ses: Voll-\/Teillastvolumenstrom, 60\/30 m3\/h, Nachlaufzeit 16 Minuten.\" \/>\n<meta property=\"og:url\" content=\"https:\/\/limodor.dev-web.at\/de\/produkt\/leistungsteil-ecom100-15n-15-100-m3-h-fuer-serie-ecom\/\" \/>\n<meta property=\"og:site_name\" content=\"Limodor DE\" \/>\n<meta property=\"article:modified_time\" content=\"2026-04-17T14:04:04+00:00\" \/>\n<meta property=\"og:image\" content=\"https:\/\/limodor.dev-web.at\/de\/wp-content\/uploads\/sites\/2\/2025\/04\/DE99017_Leistungsteil_ECom100-15N.png\" \/>\n\t<meta property=\"og:image:width\" content=\"1181\" \/>\n\t<meta property=\"og:image:height\" content=\"1181\" \/>\n\t<meta property=\"og:image:type\" content=\"image\/png\" \/>\n<meta name=\"twitter:card\" content=\"summary_large_image\" \/>\n<meta name=\"twitter:label1\" content=\"Gesch\u00e4tzte Lesezeit\" \/>\n\t<meta name=\"twitter:data1\" content=\"1\u00a0Minute\" \/>\n<script type=\"application\/ld+json\" class=\"yoast-schema-graph\">{\"@context\":\"https:\\\/\\\/schema.org\",\"@graph\":[{\"@type\":\"WebPage\",\"@id\":\"https:\\\/\\\/limodor.dev-web.at\\\/de\\\/produkt\\\/leistungsteil-ecom100-15n-15-100-m3-h-fuer-serie-ecom\\\/\",\"url\":\"https:\\\/\\\/limodor.dev-web.at\\\/de\\\/produkt\\\/leistungsteil-ecom100-15n-15-100-m3-h-fuer-serie-ecom\\\/\",\"name\":\"Leistungsteil ECom100..15N - LIMODOR\",\"isPartOf\":{\"@id\":\"https:\\\/\\\/limodor.dev-web.at\\\/de\\\/#website\"},\"primaryImageOfPage\":{\"@id\":\"https:\\\/\\\/limodor.dev-web.at\\\/de\\\/produkt\\\/leistungsteil-ecom100-15n-15-100-m3-h-fuer-serie-ecom\\\/#primaryimage\"},\"image\":{\"@id\":\"https:\\\/\\\/limodor.dev-web.at\\\/de\\\/produkt\\\/leistungsteil-ecom100-15n-15-100-m3-h-fuer-serie-ecom\\\/#primaryimage\"},\"thumbnailUrl\":\"https:\\\/\\\/limodor.dev-web.at\\\/de\\\/wp-content\\\/uploads\\\/sites\\\/2\\\/2025\\\/04\\\/DE99017_Leistungsteil_ECom100-15N.png\",\"datePublished\":\"2025-04-03T15:18:07+00:00\",\"dateModified\":\"2026-04-17T14:04:04+00:00\",\"breadcrumb\":{\"@id\":\"https:\\\/\\\/limodor.dev-web.at\\\/de\\\/produkt\\\/leistungsteil-ecom100-15n-15-100-m3-h-fuer-serie-ecom\\\/#breadcrumb\"},\"inLanguage\":\"de\",\"potentialAction\":[{\"@type\":\"ReadAction\",\"target\":[\"https:\\\/\\\/limodor.dev-web.at\\\/de\\\/produkt\\\/leistungsteil-ecom100-15n-15-100-m3-h-fuer-serie-ecom\\\/\"]}]},{\"@type\":\"ImageObject\",\"inLanguage\":\"de\",\"@id\":\"https:\\\/\\\/limodor.dev-web.at\\\/de\\\/produkt\\\/leistungsteil-ecom100-15n-15-100-m3-h-fuer-serie-ecom\\\/#primaryimage\",\"url\":\"https:\\\/\\\/limodor.dev-web.at\\\/de\\\/wp-content\\\/uploads\\\/sites\\\/2\\\/2025\\\/04\\\/DE99017_Leistungsteil_ECom100-15N.png\",\"contentUrl\":\"https:\\\/\\\/limodor.dev-web.at\\\/de\\\/wp-content\\\/uploads\\\/sites\\\/2\\\/2025\\\/04\\\/DE99017_Leistungsteil_ECom100-15N.png\",\"width\":1181,\"height\":1181},{\"@type\":\"BreadcrumbList\",\"@id\":\"https:\\\/\\\/limodor.dev-web.at\\\/de\\\/produkt\\\/leistungsteil-ecom100-15n-15-100-m3-h-fuer-serie-ecom\\\/#breadcrumb\",\"itemListElement\":[{\"@type\":\"ListItem\",\"position\":1,\"name\":\"Startseite\",\"item\":\"https:\\\/\\\/limodor.dev-web.at\\\/de\\\/\"},{\"@type\":\"ListItem\",\"position\":2,\"name\":\"Shop\",\"item\":\"https:\\\/\\\/limodor.dev-web.at\\\/de\\\/shop\\\/\"},{\"@type\":\"ListItem\",\"position\":3,\"name\":\"Leistungsteil ECom100..15N\"}]},{\"@type\":\"WebSite\",\"@id\":\"https:\\\/\\\/limodor.dev-web.at\\\/de\\\/#website\",\"url\":\"https:\\\/\\\/limodor.dev-web.at\\\/de\\\/\",\"name\":\"Limodor DE\",\"description\":\"\",\"potentialAction\":[{\"@type\":\"SearchAction\",\"target\":{\"@type\":\"EntryPoint\",\"urlTemplate\":\"https:\\\/\\\/limodor.dev-web.at\\\/de\\\/?s={search_term_string}\"},\"query-input\":{\"@type\":\"PropertyValueSpecification\",\"valueRequired\":true,\"valueName\":\"search_term_string\"}}],\"inLanguage\":\"de\"}]}<\/script>\n<!-- \/ Yoast SEO plugin. -->","yoast_head_json":{"title":"Leistungsteil ECom100..15N - LIMODOR","robots":{"index":"noindex","follow":"follow","max-snippet":"max-snippet:-1","max-image-preview":"max-image-preview:large","max-video-preview":"max-video-preview:-1"},"og_locale":"de_DE","og_type":"article","og_title":"Leistungsteil ECom100..15N - LIMODOR","og_description":"Codierbares Leistungsteil (Motorsteuerung) f\u00fcr den Einbau und der Verwendung in einem Gebl\u00e4se ECom. Getrennte Einstellm\u00f6glichkeiten des Voll-\/Teillast-Volumenstrom (100, 60, 40 oder 30 m3\/h \/ 40, 30, 20 oder 15m3\/h). Zeitvorgaben f\u00fcr den Nachlauf mit R\u00fcckstellfunktion, der Einschaltverz\u00f6gerung, sowie ein Intervallbetrieb in Teillastbetrieb, sind w\u00e4hlbar. Eine integrierte laufzeitabh\u00e4ngige Filterwechselanzeige ist standardm\u00e4\u00dfig on board. Steckkontakte am Leistungsteil erm\u00f6glichen eine Aufr\u00fcstung der Gebl\u00e4seeinheit mit Erweiterungs- und\/oder Zusatzplatine (z.B. Feuchteregler C-FR, Zubeh\u00f6r). Werkseitige Voreinstellung\/Codierung des Gebl\u00e4ses: Voll-\/Teillastvolumenstrom, 60\/30 m3\/h, Nachlaufzeit 16 Minuten.","og_url":"https:\/\/limodor.dev-web.at\/de\/produkt\/leistungsteil-ecom100-15n-15-100-m3-h-fuer-serie-ecom\/","og_site_name":"Limodor DE","article_modified_time":"2026-04-17T14:04:04+00:00","og_image":[{"width":1181,"height":1181,"url":"https:\/\/limodor.dev-web.at\/de\/wp-content\/uploads\/sites\/2\/2025\/04\/DE99017_Leistungsteil_ECom100-15N.png","type":"image\/png"}],"twitter_card":"summary_large_image","twitter_misc":{"Gesch\u00e4tzte Lesezeit":"1\u00a0Minute"},"schema":{"@context":"https:\/\/schema.org","@graph":[{"@type":"WebPage","@id":"https:\/\/limodor.dev-web.at\/de\/produkt\/leistungsteil-ecom100-15n-15-100-m3-h-fuer-serie-ecom\/","url":"https:\/\/limodor.dev-web.at\/de\/produkt\/leistungsteil-ecom100-15n-15-100-m3-h-fuer-serie-ecom\/","name":"Leistungsteil ECom100..15N - LIMODOR","isPartOf":{"@id":"https:\/\/limodor.dev-web.at\/de\/#website"},"primaryImageOfPage":{"@id":"https:\/\/limodor.dev-web.at\/de\/produkt\/leistungsteil-ecom100-15n-15-100-m3-h-fuer-serie-ecom\/#primaryimage"},"image":{"@id":"https:\/\/limodor.dev-web.at\/de\/produkt\/leistungsteil-ecom100-15n-15-100-m3-h-fuer-serie-ecom\/#primaryimage"},"thumbnailUrl":"https:\/\/limodor.dev-web.at\/de\/wp-content\/uploads\/sites\/2\/2025\/04\/DE99017_Leistungsteil_ECom100-15N.png","datePublished":"2025-04-03T15:18:07+00:00","dateModified":"2026-04-17T14:04:04+00:00","breadcrumb":{"@id":"https:\/\/limodor.dev-web.at\/de\/produkt\/leistungsteil-ecom100-15n-15-100-m3-h-fuer-serie-ecom\/#breadcrumb"},"inLanguage":"de","potentialAction":[{"@type":"ReadAction","target":["https:\/\/limodor.dev-web.at\/de\/produkt\/leistungsteil-ecom100-15n-15-100-m3-h-fuer-serie-ecom\/"]}]},{"@type":"ImageObject","inLanguage":"de","@id":"https:\/\/limodor.dev-web.at\/de\/produkt\/leistungsteil-ecom100-15n-15-100-m3-h-fuer-serie-ecom\/#primaryimage","url":"https:\/\/limodor.dev-web.at\/de\/wp-content\/uploads\/sites\/2\/2025\/04\/DE99017_Leistungsteil_ECom100-15N.png","contentUrl":"https:\/\/limodor.dev-web.at\/de\/wp-content\/uploads\/sites\/2\/2025\/04\/DE99017_Leistungsteil_ECom100-15N.png","width":1181,"height":1181},{"@type":"BreadcrumbList","@id":"https:\/\/limodor.dev-web.at\/de\/produkt\/leistungsteil-ecom100-15n-15-100-m3-h-fuer-serie-ecom\/#breadcrumb","itemListElement":[{"@type":"ListItem","position":1,"name":"Startseite","item":"https:\/\/limodor.dev-web.at\/de\/"},{"@type":"ListItem","position":2,"name":"Shop","item":"https:\/\/limodor.dev-web.at\/de\/shop\/"},{"@type":"ListItem","position":3,"name":"Leistungsteil ECom100..15N"}]},{"@type":"WebSite","@id":"https:\/\/limodor.dev-web.at\/de\/#website","url":"https:\/\/limodor.dev-web.at\/de\/","name":"Limodor DE","description":"","potentialAction":[{"@type":"SearchAction","target":{"@type":"EntryPoint","urlTemplate":"https:\/\/limodor.dev-web.at\/de\/?s={search_term_string}"},"query-input":{"@type":"PropertyValueSpecification","valueRequired":true,"valueName":"search_term_string"}}],"inLanguage":"de"}]}},"_links":{"self":[{"href":"https:\/\/limodor.dev-web.at\/de\/wp-json\/wp\/v2\/product\/33004","targetHints":{"allow":["GET"]}}],"collection":[{"href":"https:\/\/limodor.dev-web.at\/de\/wp-json\/wp\/v2\/product"}],"about":[{"href":"https:\/\/limodor.dev-web.at\/de\/wp-json\/wp\/v2\/types\/product"}],"wp:featuredmedia":[{"embeddable":true,"href":"https:\/\/limodor.dev-web.at\/de\/wp-json\/wp\/v2\/media\/33005"}],"wp:attachment":[{"href":"https:\/\/limodor.dev-web.at\/de\/wp-json\/wp\/v2\/media?parent=33004"}],"wp:term":[{"taxonomy":"product_brand","embeddable":true,"href":"https:\/\/limodor.dev-web.at\/de\/wp-json\/wp\/v2\/product_brand?post=33004"},{"taxonomy":"product_cat","embeddable":true,"href":"https:\/\/limodor.dev-web.at\/de\/wp-json\/wp\/v2\/product_cat?post=33004"},{"taxonomy":"product_tag","embeddable":true,"href":"https:\/\/limodor.dev-web.at\/de\/wp-json\/wp\/v2\/product_tag?post=33004"}],"curies":[{"name":"wp","href":"https:\/\/api.w.org\/{rel}","templated":true}]}}