{"id":33040,"date":"2025-04-03T17:18:22","date_gmt":"2025-04-03T15:18:22","guid":{"rendered":"https:\/\/www.limodor.com\/de\/?post_type=product&#038;p=33040"},"modified":"2026-04-17T19:03:00","modified_gmt":"2026-04-17T17:03:00","slug":"buseingang-ec-tz-zusatzmodul-fuer-serie-ecom","status":"publish","type":"product","link":"https:\/\/limodor.dev-web.at\/de\/produkt\/buseingang-ec-tz-zusatzmodul-fuer-serie-ecom\/","title":{"rendered":"Buseingang EC-TZ"},"content":{"rendered":"","protected":false},"excerpt":{"rendered":"<p>Buseingang EC-TZ zur Nutzung eines potenzialfreien Eingangssignales (24 bis 230VAC) an Klemme 3 und 4 des L\u00fcftungsger\u00e4tes zur Schaltung eines Ger\u00e4tevolumenstromes (1-Kanal-Betrieb) bzw. in Kombination mit einem Fernsteuermodul LFS1 (Zubeh\u00f6r) zur Schaltung von bis zu 4 Funktionen (4-Kanal-Betrieb) in Abh\u00e4ngigkeit von Priorit\u00e4ten. Die Kanalauswahl (1 oder 4-Kanal-Betrieb) wird automatisch vom Modul erkannt. Codierm\u00f6glichkeit der Vorrangschaltung, Volumenstromauswahl bei 1-Kanal-Betrieb und Eingangsempfindlichkeit. Codierbare Stummschaltung bei Spannungsaufschaltung\/-abschaltung.<\/p>\n","protected":false},"featured_media":33041,"template":"","meta":[],"product_brand":[],"product_cat":[84,21,86],"product_tag":[],"class_list":{"0":"post-33040","1":"product","2":"type-product","3":"status-publish","4":"has-post-thumbnail","6":"product_cat-steuerungen","7":"product_cat-produktbezeichnung","8":"product_cat-limodor-ecom","10":"first","11":"instock","12":"taxable","13":"shipping-taxable","14":"purchasable","15":"product-type-simple"},"acf":[],"yoast_head":"<!-- This site is optimized with the Yoast SEO plugin v27.3 - https:\/\/yoast.com\/product\/yoast-seo-wordpress\/ -->\n<title>Buseingang EC-TZ - LIMODOR<\/title>\n<meta name=\"robots\" content=\"noindex, follow, max-snippet:-1, max-image-preview:large, max-video-preview:-1\" \/>\n<meta property=\"og:locale\" content=\"de_DE\" \/>\n<meta property=\"og:type\" content=\"article\" \/>\n<meta property=\"og:title\" content=\"Buseingang EC-TZ - LIMODOR\" \/>\n<meta property=\"og:description\" content=\"Buseingang EC-TZ zur Nutzung eines potenzialfreien Eingangssignales (24 bis 230VAC) an Klemme 3 und 4 des L\u00fcftungsger\u00e4tes zur Schaltung eines Ger\u00e4tevolumenstromes (1-Kanal-Betrieb) bzw. in Kombination mit einem Fernsteuermodul LFS1 (Zubeh\u00f6r) zur Schaltung von bis zu 4 Funktionen (4-Kanal-Betrieb) in Abh\u00e4ngigkeit von Priorit\u00e4ten. Die Kanalauswahl (1 oder 4-Kanal-Betrieb) wird automatisch vom Modul erkannt. Codierm\u00f6glichkeit der Vorrangschaltung, Volumenstromauswahl bei 1-Kanal-Betrieb und Eingangsempfindlichkeit. Codierbare Stummschaltung bei Spannungsaufschaltung\/-abschaltung.\" \/>\n<meta property=\"og:url\" content=\"https:\/\/limodor.dev-web.at\/de\/produkt\/buseingang-ec-tz-zusatzmodul-fuer-serie-ecom\/\" \/>\n<meta property=\"og:site_name\" content=\"Limodor DE\" \/>\n<meta property=\"article:modified_time\" content=\"2026-04-17T17:03:00+00:00\" \/>\n<meta property=\"og:image\" content=\"https:\/\/limodor.dev-web.at\/de\/wp-content\/uploads\/sites\/2\/2025\/04\/DE99122_Buseingang_EC-TZ.png\" \/>\n\t<meta property=\"og:image:width\" content=\"1181\" \/>\n\t<meta property=\"og:image:height\" content=\"1181\" \/>\n\t<meta property=\"og:image:type\" content=\"image\/png\" \/>\n<meta name=\"twitter:card\" content=\"summary_large_image\" \/>\n<meta name=\"twitter:label1\" content=\"Gesch\u00e4tzte Lesezeit\" \/>\n\t<meta name=\"twitter:data1\" content=\"1\u00a0Minute\" \/>\n<script type=\"application\/ld+json\" class=\"yoast-schema-graph\">{\"@context\":\"https:\\\/\\\/schema.org\",\"@graph\":[{\"@type\":\"WebPage\",\"@id\":\"https:\\\/\\\/limodor.dev-web.at\\\/de\\\/produkt\\\/buseingang-ec-tz-zusatzmodul-fuer-serie-ecom\\\/\",\"url\":\"https:\\\/\\\/limodor.dev-web.at\\\/de\\\/produkt\\\/buseingang-ec-tz-zusatzmodul-fuer-serie-ecom\\\/\",\"name\":\"Buseingang EC-TZ - LIMODOR\",\"isPartOf\":{\"@id\":\"https:\\\/\\\/limodor.dev-web.at\\\/de\\\/#website\"},\"primaryImageOfPage\":{\"@id\":\"https:\\\/\\\/limodor.dev-web.at\\\/de\\\/produkt\\\/buseingang-ec-tz-zusatzmodul-fuer-serie-ecom\\\/#primaryimage\"},\"image\":{\"@id\":\"https:\\\/\\\/limodor.dev-web.at\\\/de\\\/produkt\\\/buseingang-ec-tz-zusatzmodul-fuer-serie-ecom\\\/#primaryimage\"},\"thumbnailUrl\":\"https:\\\/\\\/limodor.dev-web.at\\\/de\\\/wp-content\\\/uploads\\\/sites\\\/2\\\/2025\\\/04\\\/DE99122_Buseingang_EC-TZ.png\",\"datePublished\":\"2025-04-03T15:18:22+00:00\",\"dateModified\":\"2026-04-17T17:03:00+00:00\",\"breadcrumb\":{\"@id\":\"https:\\\/\\\/limodor.dev-web.at\\\/de\\\/produkt\\\/buseingang-ec-tz-zusatzmodul-fuer-serie-ecom\\\/#breadcrumb\"},\"inLanguage\":\"de\",\"potentialAction\":[{\"@type\":\"ReadAction\",\"target\":[\"https:\\\/\\\/limodor.dev-web.at\\\/de\\\/produkt\\\/buseingang-ec-tz-zusatzmodul-fuer-serie-ecom\\\/\"]}]},{\"@type\":\"ImageObject\",\"inLanguage\":\"de\",\"@id\":\"https:\\\/\\\/limodor.dev-web.at\\\/de\\\/produkt\\\/buseingang-ec-tz-zusatzmodul-fuer-serie-ecom\\\/#primaryimage\",\"url\":\"https:\\\/\\\/limodor.dev-web.at\\\/de\\\/wp-content\\\/uploads\\\/sites\\\/2\\\/2025\\\/04\\\/DE99122_Buseingang_EC-TZ.png\",\"contentUrl\":\"https:\\\/\\\/limodor.dev-web.at\\\/de\\\/wp-content\\\/uploads\\\/sites\\\/2\\\/2025\\\/04\\\/DE99122_Buseingang_EC-TZ.png\",\"width\":1181,\"height\":1181},{\"@type\":\"BreadcrumbList\",\"@id\":\"https:\\\/\\\/limodor.dev-web.at\\\/de\\\/produkt\\\/buseingang-ec-tz-zusatzmodul-fuer-serie-ecom\\\/#breadcrumb\",\"itemListElement\":[{\"@type\":\"ListItem\",\"position\":1,\"name\":\"Startseite\",\"item\":\"https:\\\/\\\/limodor.dev-web.at\\\/de\\\/\"},{\"@type\":\"ListItem\",\"position\":2,\"name\":\"Shop\",\"item\":\"https:\\\/\\\/limodor.dev-web.at\\\/de\\\/shop\\\/\"},{\"@type\":\"ListItem\",\"position\":3,\"name\":\"Buseingang EC-TZ\"}]},{\"@type\":\"WebSite\",\"@id\":\"https:\\\/\\\/limodor.dev-web.at\\\/de\\\/#website\",\"url\":\"https:\\\/\\\/limodor.dev-web.at\\\/de\\\/\",\"name\":\"Limodor DE\",\"description\":\"\",\"potentialAction\":[{\"@type\":\"SearchAction\",\"target\":{\"@type\":\"EntryPoint\",\"urlTemplate\":\"https:\\\/\\\/limodor.dev-web.at\\\/de\\\/?s={search_term_string}\"},\"query-input\":{\"@type\":\"PropertyValueSpecification\",\"valueRequired\":true,\"valueName\":\"search_term_string\"}}],\"inLanguage\":\"de\"}]}<\/script>\n<!-- \/ Yoast SEO plugin. -->","yoast_head_json":{"title":"Buseingang EC-TZ - LIMODOR","robots":{"index":"noindex","follow":"follow","max-snippet":"max-snippet:-1","max-image-preview":"max-image-preview:large","max-video-preview":"max-video-preview:-1"},"og_locale":"de_DE","og_type":"article","og_title":"Buseingang EC-TZ - LIMODOR","og_description":"Buseingang EC-TZ zur Nutzung eines potenzialfreien Eingangssignales (24 bis 230VAC) an Klemme 3 und 4 des L\u00fcftungsger\u00e4tes zur Schaltung eines Ger\u00e4tevolumenstromes (1-Kanal-Betrieb) bzw. in Kombination mit einem Fernsteuermodul LFS1 (Zubeh\u00f6r) zur Schaltung von bis zu 4 Funktionen (4-Kanal-Betrieb) in Abh\u00e4ngigkeit von Priorit\u00e4ten. Die Kanalauswahl (1 oder 4-Kanal-Betrieb) wird automatisch vom Modul erkannt. Codierm\u00f6glichkeit der Vorrangschaltung, Volumenstromauswahl bei 1-Kanal-Betrieb und Eingangsempfindlichkeit. Codierbare Stummschaltung bei Spannungsaufschaltung\/-abschaltung.","og_url":"https:\/\/limodor.dev-web.at\/de\/produkt\/buseingang-ec-tz-zusatzmodul-fuer-serie-ecom\/","og_site_name":"Limodor DE","article_modified_time":"2026-04-17T17:03:00+00:00","og_image":[{"width":1181,"height":1181,"url":"https:\/\/limodor.dev-web.at\/de\/wp-content\/uploads\/sites\/2\/2025\/04\/DE99122_Buseingang_EC-TZ.png","type":"image\/png"}],"twitter_card":"summary_large_image","twitter_misc":{"Gesch\u00e4tzte Lesezeit":"1\u00a0Minute"},"schema":{"@context":"https:\/\/schema.org","@graph":[{"@type":"WebPage","@id":"https:\/\/limodor.dev-web.at\/de\/produkt\/buseingang-ec-tz-zusatzmodul-fuer-serie-ecom\/","url":"https:\/\/limodor.dev-web.at\/de\/produkt\/buseingang-ec-tz-zusatzmodul-fuer-serie-ecom\/","name":"Buseingang EC-TZ - LIMODOR","isPartOf":{"@id":"https:\/\/limodor.dev-web.at\/de\/#website"},"primaryImageOfPage":{"@id":"https:\/\/limodor.dev-web.at\/de\/produkt\/buseingang-ec-tz-zusatzmodul-fuer-serie-ecom\/#primaryimage"},"image":{"@id":"https:\/\/limodor.dev-web.at\/de\/produkt\/buseingang-ec-tz-zusatzmodul-fuer-serie-ecom\/#primaryimage"},"thumbnailUrl":"https:\/\/limodor.dev-web.at\/de\/wp-content\/uploads\/sites\/2\/2025\/04\/DE99122_Buseingang_EC-TZ.png","datePublished":"2025-04-03T15:18:22+00:00","dateModified":"2026-04-17T17:03:00+00:00","breadcrumb":{"@id":"https:\/\/limodor.dev-web.at\/de\/produkt\/buseingang-ec-tz-zusatzmodul-fuer-serie-ecom\/#breadcrumb"},"inLanguage":"de","potentialAction":[{"@type":"ReadAction","target":["https:\/\/limodor.dev-web.at\/de\/produkt\/buseingang-ec-tz-zusatzmodul-fuer-serie-ecom\/"]}]},{"@type":"ImageObject","inLanguage":"de","@id":"https:\/\/limodor.dev-web.at\/de\/produkt\/buseingang-ec-tz-zusatzmodul-fuer-serie-ecom\/#primaryimage","url":"https:\/\/limodor.dev-web.at\/de\/wp-content\/uploads\/sites\/2\/2025\/04\/DE99122_Buseingang_EC-TZ.png","contentUrl":"https:\/\/limodor.dev-web.at\/de\/wp-content\/uploads\/sites\/2\/2025\/04\/DE99122_Buseingang_EC-TZ.png","width":1181,"height":1181},{"@type":"BreadcrumbList","@id":"https:\/\/limodor.dev-web.at\/de\/produkt\/buseingang-ec-tz-zusatzmodul-fuer-serie-ecom\/#breadcrumb","itemListElement":[{"@type":"ListItem","position":1,"name":"Startseite","item":"https:\/\/limodor.dev-web.at\/de\/"},{"@type":"ListItem","position":2,"name":"Shop","item":"https:\/\/limodor.dev-web.at\/de\/shop\/"},{"@type":"ListItem","position":3,"name":"Buseingang EC-TZ"}]},{"@type":"WebSite","@id":"https:\/\/limodor.dev-web.at\/de\/#website","url":"https:\/\/limodor.dev-web.at\/de\/","name":"Limodor DE","description":"","potentialAction":[{"@type":"SearchAction","target":{"@type":"EntryPoint","urlTemplate":"https:\/\/limodor.dev-web.at\/de\/?s={search_term_string}"},"query-input":{"@type":"PropertyValueSpecification","valueRequired":true,"valueName":"search_term_string"}}],"inLanguage":"de"}]}},"_links":{"self":[{"href":"https:\/\/limodor.dev-web.at\/de\/wp-json\/wp\/v2\/product\/33040","targetHints":{"allow":["GET"]}}],"collection":[{"href":"https:\/\/limodor.dev-web.at\/de\/wp-json\/wp\/v2\/product"}],"about":[{"href":"https:\/\/limodor.dev-web.at\/de\/wp-json\/wp\/v2\/types\/product"}],"wp:featuredmedia":[{"embeddable":true,"href":"https:\/\/limodor.dev-web.at\/de\/wp-json\/wp\/v2\/media\/33041"}],"wp:attachment":[{"href":"https:\/\/limodor.dev-web.at\/de\/wp-json\/wp\/v2\/media?parent=33040"}],"wp:term":[{"taxonomy":"product_brand","embeddable":true,"href":"https:\/\/limodor.dev-web.at\/de\/wp-json\/wp\/v2\/product_brand?post=33040"},{"taxonomy":"product_cat","embeddable":true,"href":"https:\/\/limodor.dev-web.at\/de\/wp-json\/wp\/v2\/product_cat?post=33040"},{"taxonomy":"product_tag","embeddable":true,"href":"https:\/\/limodor.dev-web.at\/de\/wp-json\/wp\/v2\/product_tag?post=33040"}],"curies":[{"name":"wp","href":"https:\/\/api.w.org\/{rel}","templated":true}]}}