{"id":38439,"date":"2025-08-12T14:10:55","date_gmt":"2025-08-12T12:10:55","guid":{"rendered":"https:\/\/www.limodor.com\/de\/?post_type=product&#038;p=38439"},"modified":"2026-04-17T14:02:40","modified_gmt":"2026-04-17T12:02:40","slug":"wandluefter-airodor-basic-mit-deckel-airodor-dbad-basic","status":"publish","type":"product","link":"https:\/\/limodor.dev-web.at\/de\/produkt\/wandluefter-airodor-basic-mit-deckel-airodor-dbad-basic\/","title":{"rendered":"Wandl\u00fcfter AIRODOR Plus"},"content":{"rendered":"","protected":false},"excerpt":{"rendered":"<p>Runder Wandl\u00fcfter mit reversierendem Zu-\/Abluftbetrieb und innenliegendem Keramikspeicher sowie Au\u00dfen-\/Abluftfilter (Filterklasse: ISO COARSE >45%). Der Filterwechsel, sowie die Entnahme aller Wandl\u00fcfter-Innenteile, ist ohne Werkzeug durchf\u00fchrbar. Die Einbauh\u00fclse (Durchmesser: 160 mm) ist f\u00fcr Wandst\u00e4rken von 260 bis 500 mm geeignet. Die Liefereinheit besteht aus einer runden Einbauh\u00fclse mit Kabelanschlusskasten und Putzdeckel, dem Keramikspeicher mit Fliegengitter und Au\u00dfenluftfilter, einem Gebl\u00e4semotor Airodor Plus mit Abluftfilter, einem Deckel Airodor-dB mit integrierter Steuerung AD-Basic als Innenblende und einem Wetterschutzgitter Airodor. Ansteuerung der L\u00fcfterstufen \u00fcber Taster mit LED-Anzeige und w\u00e4hlbare Programmfunktionen -Silent- oder -Taktzeitreduziert- \u00fcber Temperaturdifferenzmessung. Spannungsversorgung 230 VAC\/50Hz. Ansteuerung f\u00fcr aktive Zuluftversorgung f\u00fcr Abl\u00fcfter nach DIN 18017-3, m\u00f6glich. Schallangaben abh\u00e4ngig vom Ger\u00e4teaufbau und L\u00e4nge der Einbauh\u00fclse.<\/p>\n","protected":false},"featured_media":38440,"template":"","meta":[],"product_brand":[],"product_cat":[21,103],"product_tag":[153,152],"class_list":{"0":"post-38439","1":"product","2":"type-product","3":"status-publish","4":"has-post-thumbnail","6":"product_cat-produktbezeichnung","7":"product_cat-airodor","8":"product_tag-airodor","9":"product_tag-wandluefter","11":"first","12":"instock","13":"taxable","14":"shipping-taxable","15":"purchasable","16":"product-type-simple"},"acf":[],"yoast_head":"<!-- This site is optimized with the Yoast SEO plugin v27.3 - https:\/\/yoast.com\/product\/yoast-seo-wordpress\/ -->\n<title>Wandl\u00fcfter AIRODOR Plus - LIMODOR<\/title>\n<meta name=\"robots\" content=\"noindex, follow, max-snippet:-1, max-image-preview:large, max-video-preview:-1\" \/>\n<meta property=\"og:locale\" content=\"de_DE\" \/>\n<meta property=\"og:type\" content=\"article\" \/>\n<meta property=\"og:title\" content=\"Wandl\u00fcfter AIRODOR Plus - LIMODOR\" \/>\n<meta property=\"og:description\" content=\"Runder Wandl\u00fcfter mit reversierendem Zu-\/Abluftbetrieb und innenliegendem Keramikspeicher sowie Au\u00dfen-\/Abluftfilter (Filterklasse: ISO COARSE &gt;45%). Der Filterwechsel, sowie die Entnahme aller Wandl\u00fcfter-Innenteile, ist ohne Werkzeug durchf\u00fchrbar. Die Einbauh\u00fclse (Durchmesser: 160 mm) ist f\u00fcr Wandst\u00e4rken von 260 bis 500 mm geeignet. Die Liefereinheit besteht aus einer runden Einbauh\u00fclse mit Kabelanschlusskasten und Putzdeckel, dem Keramikspeicher mit Fliegengitter und Au\u00dfenluftfilter, einem Gebl\u00e4semotor Airodor Plus mit Abluftfilter, einem Deckel Airodor-dB mit integrierter Steuerung AD-Basic als Innenblende und einem Wetterschutzgitter Airodor. Ansteuerung der L\u00fcfterstufen \u00fcber Taster mit LED-Anzeige und w\u00e4hlbare Programmfunktionen -Silent- oder -Taktzeitreduziert- \u00fcber Temperaturdifferenzmessung. Spannungsversorgung 230 VAC\/50Hz. Ansteuerung f\u00fcr aktive Zuluftversorgung f\u00fcr Abl\u00fcfter nach DIN 18017-3, m\u00f6glich. Schallangaben abh\u00e4ngig vom Ger\u00e4teaufbau und L\u00e4nge der Einbauh\u00fclse.\" \/>\n<meta property=\"og:url\" content=\"https:\/\/limodor.dev-web.at\/de\/produkt\/wandluefter-airodor-basic-mit-deckel-airodor-dbad-basic\/\" \/>\n<meta property=\"og:site_name\" content=\"Limodor DE\" \/>\n<meta property=\"article:modified_time\" content=\"2026-04-17T12:02:40+00:00\" \/>\n<meta property=\"og:image\" content=\"https:\/\/limodor.dev-web.at\/de\/wp-content\/uploads\/sites\/2\/2025\/08\/DE38010_Wandluefter_Airodor_Plus_Deckel-dB_AD-Basic.png\" \/>\n\t<meta property=\"og:image:width\" content=\"1181\" \/>\n\t<meta property=\"og:image:height\" content=\"1181\" \/>\n\t<meta property=\"og:image:type\" content=\"image\/png\" \/>\n<meta name=\"twitter:card\" content=\"summary_large_image\" \/>\n<meta name=\"twitter:label1\" content=\"Gesch\u00e4tzte Lesezeit\" \/>\n\t<meta name=\"twitter:data1\" content=\"1\u00a0Minute\" \/>\n<script type=\"application\/ld+json\" class=\"yoast-schema-graph\">{\"@context\":\"https:\\\/\\\/schema.org\",\"@graph\":[{\"@type\":\"WebPage\",\"@id\":\"https:\\\/\\\/limodor.dev-web.at\\\/de\\\/produkt\\\/wandluefter-airodor-basic-mit-deckel-airodor-dbad-basic\\\/\",\"url\":\"https:\\\/\\\/limodor.dev-web.at\\\/de\\\/produkt\\\/wandluefter-airodor-basic-mit-deckel-airodor-dbad-basic\\\/\",\"name\":\"Wandl\u00fcfter AIRODOR Plus - LIMODOR\",\"isPartOf\":{\"@id\":\"https:\\\/\\\/limodor.dev-web.at\\\/de\\\/#website\"},\"primaryImageOfPage\":{\"@id\":\"https:\\\/\\\/limodor.dev-web.at\\\/de\\\/produkt\\\/wandluefter-airodor-basic-mit-deckel-airodor-dbad-basic\\\/#primaryimage\"},\"image\":{\"@id\":\"https:\\\/\\\/limodor.dev-web.at\\\/de\\\/produkt\\\/wandluefter-airodor-basic-mit-deckel-airodor-dbad-basic\\\/#primaryimage\"},\"thumbnailUrl\":\"https:\\\/\\\/limodor.dev-web.at\\\/de\\\/wp-content\\\/uploads\\\/sites\\\/2\\\/2025\\\/08\\\/DE38010_Wandluefter_Airodor_Plus_Deckel-dB_AD-Basic.png\",\"datePublished\":\"2025-08-12T12:10:55+00:00\",\"dateModified\":\"2026-04-17T12:02:40+00:00\",\"breadcrumb\":{\"@id\":\"https:\\\/\\\/limodor.dev-web.at\\\/de\\\/produkt\\\/wandluefter-airodor-basic-mit-deckel-airodor-dbad-basic\\\/#breadcrumb\"},\"inLanguage\":\"de\",\"potentialAction\":[{\"@type\":\"ReadAction\",\"target\":[\"https:\\\/\\\/limodor.dev-web.at\\\/de\\\/produkt\\\/wandluefter-airodor-basic-mit-deckel-airodor-dbad-basic\\\/\"]}]},{\"@type\":\"ImageObject\",\"inLanguage\":\"de\",\"@id\":\"https:\\\/\\\/limodor.dev-web.at\\\/de\\\/produkt\\\/wandluefter-airodor-basic-mit-deckel-airodor-dbad-basic\\\/#primaryimage\",\"url\":\"https:\\\/\\\/limodor.dev-web.at\\\/de\\\/wp-content\\\/uploads\\\/sites\\\/2\\\/2025\\\/08\\\/DE38010_Wandluefter_Airodor_Plus_Deckel-dB_AD-Basic.png\",\"contentUrl\":\"https:\\\/\\\/limodor.dev-web.at\\\/de\\\/wp-content\\\/uploads\\\/sites\\\/2\\\/2025\\\/08\\\/DE38010_Wandluefter_Airodor_Plus_Deckel-dB_AD-Basic.png\",\"width\":1181,\"height\":1181},{\"@type\":\"BreadcrumbList\",\"@id\":\"https:\\\/\\\/limodor.dev-web.at\\\/de\\\/produkt\\\/wandluefter-airodor-basic-mit-deckel-airodor-dbad-basic\\\/#breadcrumb\",\"itemListElement\":[{\"@type\":\"ListItem\",\"position\":1,\"name\":\"Startseite\",\"item\":\"https:\\\/\\\/limodor.dev-web.at\\\/de\\\/\"},{\"@type\":\"ListItem\",\"position\":2,\"name\":\"Shop\",\"item\":\"https:\\\/\\\/limodor.dev-web.at\\\/de\\\/shop\\\/\"},{\"@type\":\"ListItem\",\"position\":3,\"name\":\"Wandl\u00fcfter AIRODOR Plus\"}]},{\"@type\":\"WebSite\",\"@id\":\"https:\\\/\\\/limodor.dev-web.at\\\/de\\\/#website\",\"url\":\"https:\\\/\\\/limodor.dev-web.at\\\/de\\\/\",\"name\":\"Limodor DE\",\"description\":\"\",\"potentialAction\":[{\"@type\":\"SearchAction\",\"target\":{\"@type\":\"EntryPoint\",\"urlTemplate\":\"https:\\\/\\\/limodor.dev-web.at\\\/de\\\/?s={search_term_string}\"},\"query-input\":{\"@type\":\"PropertyValueSpecification\",\"valueRequired\":true,\"valueName\":\"search_term_string\"}}],\"inLanguage\":\"de\"}]}<\/script>\n<!-- \/ Yoast SEO plugin. -->","yoast_head_json":{"title":"Wandl\u00fcfter AIRODOR Plus - LIMODOR","robots":{"index":"noindex","follow":"follow","max-snippet":"max-snippet:-1","max-image-preview":"max-image-preview:large","max-video-preview":"max-video-preview:-1"},"og_locale":"de_DE","og_type":"article","og_title":"Wandl\u00fcfter AIRODOR Plus - LIMODOR","og_description":"Runder Wandl\u00fcfter mit reversierendem Zu-\/Abluftbetrieb und innenliegendem Keramikspeicher sowie Au\u00dfen-\/Abluftfilter (Filterklasse: ISO COARSE >45%). Der Filterwechsel, sowie die Entnahme aller Wandl\u00fcfter-Innenteile, ist ohne Werkzeug durchf\u00fchrbar. Die Einbauh\u00fclse (Durchmesser: 160 mm) ist f\u00fcr Wandst\u00e4rken von 260 bis 500 mm geeignet. Die Liefereinheit besteht aus einer runden Einbauh\u00fclse mit Kabelanschlusskasten und Putzdeckel, dem Keramikspeicher mit Fliegengitter und Au\u00dfenluftfilter, einem Gebl\u00e4semotor Airodor Plus mit Abluftfilter, einem Deckel Airodor-dB mit integrierter Steuerung AD-Basic als Innenblende und einem Wetterschutzgitter Airodor. Ansteuerung der L\u00fcfterstufen \u00fcber Taster mit LED-Anzeige und w\u00e4hlbare Programmfunktionen -Silent- oder -Taktzeitreduziert- \u00fcber Temperaturdifferenzmessung. Spannungsversorgung 230 VAC\/50Hz. Ansteuerung f\u00fcr aktive Zuluftversorgung f\u00fcr Abl\u00fcfter nach DIN 18017-3, m\u00f6glich. Schallangaben abh\u00e4ngig vom Ger\u00e4teaufbau und L\u00e4nge der Einbauh\u00fclse.","og_url":"https:\/\/limodor.dev-web.at\/de\/produkt\/wandluefter-airodor-basic-mit-deckel-airodor-dbad-basic\/","og_site_name":"Limodor DE","article_modified_time":"2026-04-17T12:02:40+00:00","og_image":[{"width":1181,"height":1181,"url":"https:\/\/limodor.dev-web.at\/de\/wp-content\/uploads\/sites\/2\/2025\/08\/DE38010_Wandluefter_Airodor_Plus_Deckel-dB_AD-Basic.png","type":"image\/png"}],"twitter_card":"summary_large_image","twitter_misc":{"Gesch\u00e4tzte Lesezeit":"1\u00a0Minute"},"schema":{"@context":"https:\/\/schema.org","@graph":[{"@type":"WebPage","@id":"https:\/\/limodor.dev-web.at\/de\/produkt\/wandluefter-airodor-basic-mit-deckel-airodor-dbad-basic\/","url":"https:\/\/limodor.dev-web.at\/de\/produkt\/wandluefter-airodor-basic-mit-deckel-airodor-dbad-basic\/","name":"Wandl\u00fcfter AIRODOR Plus - LIMODOR","isPartOf":{"@id":"https:\/\/limodor.dev-web.at\/de\/#website"},"primaryImageOfPage":{"@id":"https:\/\/limodor.dev-web.at\/de\/produkt\/wandluefter-airodor-basic-mit-deckel-airodor-dbad-basic\/#primaryimage"},"image":{"@id":"https:\/\/limodor.dev-web.at\/de\/produkt\/wandluefter-airodor-basic-mit-deckel-airodor-dbad-basic\/#primaryimage"},"thumbnailUrl":"https:\/\/limodor.dev-web.at\/de\/wp-content\/uploads\/sites\/2\/2025\/08\/DE38010_Wandluefter_Airodor_Plus_Deckel-dB_AD-Basic.png","datePublished":"2025-08-12T12:10:55+00:00","dateModified":"2026-04-17T12:02:40+00:00","breadcrumb":{"@id":"https:\/\/limodor.dev-web.at\/de\/produkt\/wandluefter-airodor-basic-mit-deckel-airodor-dbad-basic\/#breadcrumb"},"inLanguage":"de","potentialAction":[{"@type":"ReadAction","target":["https:\/\/limodor.dev-web.at\/de\/produkt\/wandluefter-airodor-basic-mit-deckel-airodor-dbad-basic\/"]}]},{"@type":"ImageObject","inLanguage":"de","@id":"https:\/\/limodor.dev-web.at\/de\/produkt\/wandluefter-airodor-basic-mit-deckel-airodor-dbad-basic\/#primaryimage","url":"https:\/\/limodor.dev-web.at\/de\/wp-content\/uploads\/sites\/2\/2025\/08\/DE38010_Wandluefter_Airodor_Plus_Deckel-dB_AD-Basic.png","contentUrl":"https:\/\/limodor.dev-web.at\/de\/wp-content\/uploads\/sites\/2\/2025\/08\/DE38010_Wandluefter_Airodor_Plus_Deckel-dB_AD-Basic.png","width":1181,"height":1181},{"@type":"BreadcrumbList","@id":"https:\/\/limodor.dev-web.at\/de\/produkt\/wandluefter-airodor-basic-mit-deckel-airodor-dbad-basic\/#breadcrumb","itemListElement":[{"@type":"ListItem","position":1,"name":"Startseite","item":"https:\/\/limodor.dev-web.at\/de\/"},{"@type":"ListItem","position":2,"name":"Shop","item":"https:\/\/limodor.dev-web.at\/de\/shop\/"},{"@type":"ListItem","position":3,"name":"Wandl\u00fcfter AIRODOR Plus"}]},{"@type":"WebSite","@id":"https:\/\/limodor.dev-web.at\/de\/#website","url":"https:\/\/limodor.dev-web.at\/de\/","name":"Limodor DE","description":"","potentialAction":[{"@type":"SearchAction","target":{"@type":"EntryPoint","urlTemplate":"https:\/\/limodor.dev-web.at\/de\/?s={search_term_string}"},"query-input":{"@type":"PropertyValueSpecification","valueRequired":true,"valueName":"search_term_string"}}],"inLanguage":"de"}]}},"_links":{"self":[{"href":"https:\/\/limodor.dev-web.at\/de\/wp-json\/wp\/v2\/product\/38439","targetHints":{"allow":["GET"]}}],"collection":[{"href":"https:\/\/limodor.dev-web.at\/de\/wp-json\/wp\/v2\/product"}],"about":[{"href":"https:\/\/limodor.dev-web.at\/de\/wp-json\/wp\/v2\/types\/product"}],"wp:featuredmedia":[{"embeddable":true,"href":"https:\/\/limodor.dev-web.at\/de\/wp-json\/wp\/v2\/media\/38440"}],"wp:attachment":[{"href":"https:\/\/limodor.dev-web.at\/de\/wp-json\/wp\/v2\/media?parent=38439"}],"wp:term":[{"taxonomy":"product_brand","embeddable":true,"href":"https:\/\/limodor.dev-web.at\/de\/wp-json\/wp\/v2\/product_brand?post=38439"},{"taxonomy":"product_cat","embeddable":true,"href":"https:\/\/limodor.dev-web.at\/de\/wp-json\/wp\/v2\/product_cat?post=38439"},{"taxonomy":"product_tag","embeddable":true,"href":"https:\/\/limodor.dev-web.at\/de\/wp-json\/wp\/v2\/product_tag?post=38439"}],"curies":[{"name":"wp","href":"https:\/\/api.w.org\/{rel}","templated":true}]}}