{"id":38529,"date":"2025-08-12T16:10:44","date_gmt":"2025-08-12T14:10:44","guid":{"rendered":"https:\/\/www.limodor.com\/de\/?post_type=product&#038;p=38529"},"modified":"2026-04-17T16:03:06","modified_gmt":"2026-04-17T14:03:06","slug":"axialventilator-limax-100-th-mit-nachlauf-und-hygrostat","status":"publish","type":"product","link":"https:\/\/limodor.dev-web.at\/de\/produkt\/axialventilator-limax-100-th-mit-nachlauf-und-hygrostat\/","title":{"rendered":"Axialventilator LIMAX 100 TH"},"content":{"rendered":"","protected":false},"excerpt":{"rendered":"<p>Axialventilator mit Design-Glasblende. Einbau in runden Rohren mit einem lichten Querschnitt von 100 mm. Betriebsweise \u00fcber handels\u00fcbliche Ein-\/Ausschalter. Intelligent programmierbarer Kleinraumventilator mit codierbaren Nachlauf-\/ und Einschaltverz\u00f6gerungszeiten. W\u00e4hlbarer Einschaltpunkt f\u00fcr Luftfeuchtewerten von 60 &#8211; 90%rF. Ein integrierter Intervallbetrieb erm\u00f6glicht weiterhin eine automatische\/zeitabh\u00e4ngige Zuschaltung des Ventilators. Anmerkung: Der Ventilator ist auch f\u00fcr kurze Rohrl\u00e4ngen (mind. 90 mm) vorgesehen. Das Rohrende auf der Fassade (Au\u00dfenwand) ist immer gegen Eindringen von Wasser zu sch\u00fctzen.<\/p>\n","protected":false},"featured_media":38530,"template":"","meta":[],"product_brand":[],"product_cat":[21,139],"product_tag":[],"class_list":{"0":"post-38529","1":"product","2":"type-product","3":"status-publish","4":"has-post-thumbnail","6":"product_cat-produktbezeichnung","7":"product_cat-limax","9":"first","10":"instock","11":"taxable","12":"shipping-taxable","13":"purchasable","14":"product-type-simple"},"acf":[],"yoast_head":"<!-- This site is optimized with the Yoast SEO plugin v27.3 - https:\/\/yoast.com\/product\/yoast-seo-wordpress\/ -->\n<title>Axialventilator LIMAX 100 TH - LIMODOR<\/title>\n<meta name=\"robots\" content=\"noindex, follow, max-snippet:-1, max-image-preview:large, max-video-preview:-1\" \/>\n<meta property=\"og:locale\" content=\"de_DE\" \/>\n<meta property=\"og:type\" content=\"article\" \/>\n<meta property=\"og:title\" content=\"Axialventilator LIMAX 100 TH - LIMODOR\" \/>\n<meta property=\"og:description\" content=\"Axialventilator mit Design-Glasblende. Einbau in runden Rohren mit einem lichten Querschnitt von 100 mm. Betriebsweise \u00fcber handels\u00fcbliche Ein-\/Ausschalter. Intelligent programmierbarer Kleinraumventilator mit codierbaren Nachlauf-\/ und Einschaltverz\u00f6gerungszeiten. W\u00e4hlbarer Einschaltpunkt f\u00fcr Luftfeuchtewerten von 60 - 90%rF. Ein integrierter Intervallbetrieb erm\u00f6glicht weiterhin eine automatische\/zeitabh\u00e4ngige Zuschaltung des Ventilators. Anmerkung: Der Ventilator ist auch f\u00fcr kurze Rohrl\u00e4ngen (mind. 90 mm) vorgesehen. Das Rohrende auf der Fassade (Au\u00dfenwand) ist immer gegen Eindringen von Wasser zu sch\u00fctzen.\" \/>\n<meta property=\"og:url\" content=\"https:\/\/limodor.dev-web.at\/de\/produkt\/axialventilator-limax-100-th-mit-nachlauf-und-hygrostat\/\" \/>\n<meta property=\"og:site_name\" content=\"Limodor DE\" \/>\n<meta property=\"article:modified_time\" content=\"2026-04-17T14:03:06+00:00\" \/>\n<meta property=\"og:image\" content=\"https:\/\/limodor.dev-web.at\/de\/wp-content\/uploads\/sites\/2\/2025\/08\/DE00963-4_LIMAX100.png\" \/>\n\t<meta property=\"og:image:width\" content=\"1181\" \/>\n\t<meta property=\"og:image:height\" content=\"1181\" \/>\n\t<meta property=\"og:image:type\" content=\"image\/png\" \/>\n<meta name=\"twitter:card\" content=\"summary_large_image\" \/>\n<meta name=\"twitter:label1\" content=\"Gesch\u00e4tzte Lesezeit\" \/>\n\t<meta name=\"twitter:data1\" content=\"1\u00a0Minute\" \/>\n<script type=\"application\/ld+json\" class=\"yoast-schema-graph\">{\"@context\":\"https:\\\/\\\/schema.org\",\"@graph\":[{\"@type\":\"WebPage\",\"@id\":\"https:\\\/\\\/limodor.dev-web.at\\\/de\\\/produkt\\\/axialventilator-limax-100-th-mit-nachlauf-und-hygrostat\\\/\",\"url\":\"https:\\\/\\\/limodor.dev-web.at\\\/de\\\/produkt\\\/axialventilator-limax-100-th-mit-nachlauf-und-hygrostat\\\/\",\"name\":\"Axialventilator LIMAX 100 TH - LIMODOR\",\"isPartOf\":{\"@id\":\"https:\\\/\\\/limodor.dev-web.at\\\/de\\\/#website\"},\"primaryImageOfPage\":{\"@id\":\"https:\\\/\\\/limodor.dev-web.at\\\/de\\\/produkt\\\/axialventilator-limax-100-th-mit-nachlauf-und-hygrostat\\\/#primaryimage\"},\"image\":{\"@id\":\"https:\\\/\\\/limodor.dev-web.at\\\/de\\\/produkt\\\/axialventilator-limax-100-th-mit-nachlauf-und-hygrostat\\\/#primaryimage\"},\"thumbnailUrl\":\"https:\\\/\\\/limodor.dev-web.at\\\/de\\\/wp-content\\\/uploads\\\/sites\\\/2\\\/2025\\\/08\\\/DE00963-4_LIMAX100.png\",\"datePublished\":\"2025-08-12T14:10:44+00:00\",\"dateModified\":\"2026-04-17T14:03:06+00:00\",\"breadcrumb\":{\"@id\":\"https:\\\/\\\/limodor.dev-web.at\\\/de\\\/produkt\\\/axialventilator-limax-100-th-mit-nachlauf-und-hygrostat\\\/#breadcrumb\"},\"inLanguage\":\"de\",\"potentialAction\":[{\"@type\":\"ReadAction\",\"target\":[\"https:\\\/\\\/limodor.dev-web.at\\\/de\\\/produkt\\\/axialventilator-limax-100-th-mit-nachlauf-und-hygrostat\\\/\"]}]},{\"@type\":\"ImageObject\",\"inLanguage\":\"de\",\"@id\":\"https:\\\/\\\/limodor.dev-web.at\\\/de\\\/produkt\\\/axialventilator-limax-100-th-mit-nachlauf-und-hygrostat\\\/#primaryimage\",\"url\":\"https:\\\/\\\/limodor.dev-web.at\\\/de\\\/wp-content\\\/uploads\\\/sites\\\/2\\\/2025\\\/08\\\/DE00963-4_LIMAX100.png\",\"contentUrl\":\"https:\\\/\\\/limodor.dev-web.at\\\/de\\\/wp-content\\\/uploads\\\/sites\\\/2\\\/2025\\\/08\\\/DE00963-4_LIMAX100.png\",\"width\":1181,\"height\":1181},{\"@type\":\"BreadcrumbList\",\"@id\":\"https:\\\/\\\/limodor.dev-web.at\\\/de\\\/produkt\\\/axialventilator-limax-100-th-mit-nachlauf-und-hygrostat\\\/#breadcrumb\",\"itemListElement\":[{\"@type\":\"ListItem\",\"position\":1,\"name\":\"Startseite\",\"item\":\"https:\\\/\\\/limodor.dev-web.at\\\/de\\\/\"},{\"@type\":\"ListItem\",\"position\":2,\"name\":\"Shop\",\"item\":\"https:\\\/\\\/limodor.dev-web.at\\\/de\\\/shop\\\/\"},{\"@type\":\"ListItem\",\"position\":3,\"name\":\"Axialventilator LIMAX 100 TH\"}]},{\"@type\":\"WebSite\",\"@id\":\"https:\\\/\\\/limodor.dev-web.at\\\/de\\\/#website\",\"url\":\"https:\\\/\\\/limodor.dev-web.at\\\/de\\\/\",\"name\":\"Limodor DE\",\"description\":\"\",\"potentialAction\":[{\"@type\":\"SearchAction\",\"target\":{\"@type\":\"EntryPoint\",\"urlTemplate\":\"https:\\\/\\\/limodor.dev-web.at\\\/de\\\/?s={search_term_string}\"},\"query-input\":{\"@type\":\"PropertyValueSpecification\",\"valueRequired\":true,\"valueName\":\"search_term_string\"}}],\"inLanguage\":\"de\"}]}<\/script>\n<!-- \/ Yoast SEO plugin. -->","yoast_head_json":{"title":"Axialventilator LIMAX 100 TH - LIMODOR","robots":{"index":"noindex","follow":"follow","max-snippet":"max-snippet:-1","max-image-preview":"max-image-preview:large","max-video-preview":"max-video-preview:-1"},"og_locale":"de_DE","og_type":"article","og_title":"Axialventilator LIMAX 100 TH - LIMODOR","og_description":"Axialventilator mit Design-Glasblende. Einbau in runden Rohren mit einem lichten Querschnitt von 100 mm. Betriebsweise \u00fcber handels\u00fcbliche Ein-\/Ausschalter. Intelligent programmierbarer Kleinraumventilator mit codierbaren Nachlauf-\/ und Einschaltverz\u00f6gerungszeiten. W\u00e4hlbarer Einschaltpunkt f\u00fcr Luftfeuchtewerten von 60 - 90%rF. Ein integrierter Intervallbetrieb erm\u00f6glicht weiterhin eine automatische\/zeitabh\u00e4ngige Zuschaltung des Ventilators. Anmerkung: Der Ventilator ist auch f\u00fcr kurze Rohrl\u00e4ngen (mind. 90 mm) vorgesehen. Das Rohrende auf der Fassade (Au\u00dfenwand) ist immer gegen Eindringen von Wasser zu sch\u00fctzen.","og_url":"https:\/\/limodor.dev-web.at\/de\/produkt\/axialventilator-limax-100-th-mit-nachlauf-und-hygrostat\/","og_site_name":"Limodor DE","article_modified_time":"2026-04-17T14:03:06+00:00","og_image":[{"width":1181,"height":1181,"url":"https:\/\/limodor.dev-web.at\/de\/wp-content\/uploads\/sites\/2\/2025\/08\/DE00963-4_LIMAX100.png","type":"image\/png"}],"twitter_card":"summary_large_image","twitter_misc":{"Gesch\u00e4tzte Lesezeit":"1\u00a0Minute"},"schema":{"@context":"https:\/\/schema.org","@graph":[{"@type":"WebPage","@id":"https:\/\/limodor.dev-web.at\/de\/produkt\/axialventilator-limax-100-th-mit-nachlauf-und-hygrostat\/","url":"https:\/\/limodor.dev-web.at\/de\/produkt\/axialventilator-limax-100-th-mit-nachlauf-und-hygrostat\/","name":"Axialventilator LIMAX 100 TH - LIMODOR","isPartOf":{"@id":"https:\/\/limodor.dev-web.at\/de\/#website"},"primaryImageOfPage":{"@id":"https:\/\/limodor.dev-web.at\/de\/produkt\/axialventilator-limax-100-th-mit-nachlauf-und-hygrostat\/#primaryimage"},"image":{"@id":"https:\/\/limodor.dev-web.at\/de\/produkt\/axialventilator-limax-100-th-mit-nachlauf-und-hygrostat\/#primaryimage"},"thumbnailUrl":"https:\/\/limodor.dev-web.at\/de\/wp-content\/uploads\/sites\/2\/2025\/08\/DE00963-4_LIMAX100.png","datePublished":"2025-08-12T14:10:44+00:00","dateModified":"2026-04-17T14:03:06+00:00","breadcrumb":{"@id":"https:\/\/limodor.dev-web.at\/de\/produkt\/axialventilator-limax-100-th-mit-nachlauf-und-hygrostat\/#breadcrumb"},"inLanguage":"de","potentialAction":[{"@type":"ReadAction","target":["https:\/\/limodor.dev-web.at\/de\/produkt\/axialventilator-limax-100-th-mit-nachlauf-und-hygrostat\/"]}]},{"@type":"ImageObject","inLanguage":"de","@id":"https:\/\/limodor.dev-web.at\/de\/produkt\/axialventilator-limax-100-th-mit-nachlauf-und-hygrostat\/#primaryimage","url":"https:\/\/limodor.dev-web.at\/de\/wp-content\/uploads\/sites\/2\/2025\/08\/DE00963-4_LIMAX100.png","contentUrl":"https:\/\/limodor.dev-web.at\/de\/wp-content\/uploads\/sites\/2\/2025\/08\/DE00963-4_LIMAX100.png","width":1181,"height":1181},{"@type":"BreadcrumbList","@id":"https:\/\/limodor.dev-web.at\/de\/produkt\/axialventilator-limax-100-th-mit-nachlauf-und-hygrostat\/#breadcrumb","itemListElement":[{"@type":"ListItem","position":1,"name":"Startseite","item":"https:\/\/limodor.dev-web.at\/de\/"},{"@type":"ListItem","position":2,"name":"Shop","item":"https:\/\/limodor.dev-web.at\/de\/shop\/"},{"@type":"ListItem","position":3,"name":"Axialventilator LIMAX 100 TH"}]},{"@type":"WebSite","@id":"https:\/\/limodor.dev-web.at\/de\/#website","url":"https:\/\/limodor.dev-web.at\/de\/","name":"Limodor DE","description":"","potentialAction":[{"@type":"SearchAction","target":{"@type":"EntryPoint","urlTemplate":"https:\/\/limodor.dev-web.at\/de\/?s={search_term_string}"},"query-input":{"@type":"PropertyValueSpecification","valueRequired":true,"valueName":"search_term_string"}}],"inLanguage":"de"}]}},"_links":{"self":[{"href":"https:\/\/limodor.dev-web.at\/de\/wp-json\/wp\/v2\/product\/38529","targetHints":{"allow":["GET"]}}],"collection":[{"href":"https:\/\/limodor.dev-web.at\/de\/wp-json\/wp\/v2\/product"}],"about":[{"href":"https:\/\/limodor.dev-web.at\/de\/wp-json\/wp\/v2\/types\/product"}],"wp:featuredmedia":[{"embeddable":true,"href":"https:\/\/limodor.dev-web.at\/de\/wp-json\/wp\/v2\/media\/38530"}],"wp:attachment":[{"href":"https:\/\/limodor.dev-web.at\/de\/wp-json\/wp\/v2\/media?parent=38529"}],"wp:term":[{"taxonomy":"product_brand","embeddable":true,"href":"https:\/\/limodor.dev-web.at\/de\/wp-json\/wp\/v2\/product_brand?post=38529"},{"taxonomy":"product_cat","embeddable":true,"href":"https:\/\/limodor.dev-web.at\/de\/wp-json\/wp\/v2\/product_cat?post=38529"},{"taxonomy":"product_tag","embeddable":true,"href":"https:\/\/limodor.dev-web.at\/de\/wp-json\/wp\/v2\/product_tag?post=38529"}],"curies":[{"name":"wp","href":"https:\/\/api.w.org\/{rel}","templated":true}]}}